{"id":76628,"date":"2025-12-31T21:17:21","date_gmt":"2025-12-31T21:17:21","guid":{"rendered":"https:\/\/sothebysrealty.me\/?page_id=76628"},"modified":"2026-01-20T19:43:48","modified_gmt":"2026-01-20T19:43:48","slug":"why-montenegro","status":"publish","type":"page","link":"https:\/\/sothebysrealty.me\/tr\/neden-karadag\/","title":{"rendered":"Neden Karada\u011f?"},"content":{"rendered":"<div data-elementor-type=\"wp-page\" data-elementor-id=\"76628\" class=\"elementor elementor-76628\" data-elementor-post-type=\"page\">\n\t\t\t\t<div class=\"elementor-element elementor-element-592b46e e-flex e-con-boxed e-con e-parent\" data-id=\"592b46e\" data-element_type=\"container\" data-e-type=\"container\">\n\t\t\t\t\t<div class=\"e-con-inner\">\n\t\t\t\t<div class=\"elementor-element elementor-element-e4e87d5 elementor-widget elementor-widget-heading\" data-id=\"e4e87d5\" data-element_type=\"widget\" data-e-type=\"widget\" data-widget_type=\"heading.default\">\n\t\t\t\t<div class=\"elementor-widget-container\">\n\t\t\t\t\t<h1 class=\"elementor-heading-title elementor-size-default\">Neden Karada\u011f?<\/h1>\t\t\t\t<\/div>\n\t\t\t\t<\/div>\n\t\t<div class=\"elementor-element elementor-element-65d704c e-con-full e-flex e-con e-child\" data-id=\"65d704c\" data-element_type=\"container\" data-e-type=\"container\" data-settings=\"{&quot;background_background&quot;:&quot;video&quot;,&quot;background_video_link&quot;:&quot;https:\\\/\\\/www.sothebysrealty.me\\\/wp-content\\\/themes\\\/sothebys\\\/images\\\/montenegro_cut.mp4&quot;,&quot;background_play_on_mobile&quot;:&quot;yes&quot;}\">\n\t\t<div class=\"elementor-background-video-container\">\n\t\t\t\t\t\t\t<video class=\"elementor-background-video-hosted\" role=\"presentation\" autoplay muted playsinline loop><\/video>\n\t\t\t\t\t<\/div>\t\t<\/div>\n\t\t\t\t<div class=\"elementor-element elementor-element-6d452c1 elementor-widget elementor-widget-text-editor\" data-id=\"6d452c1\" data-element_type=\"widget\" data-e-type=\"widget\" data-widget_type=\"text-editor.default\">\n\t\t\t\t<div class=\"elementor-widget-container\">\n\t\t\t\t\t\t\t\t\t<p>Karada\u011f, a\u00e7\u0131k\u00e7a tan\u0131mlanm\u0131\u015f temelleri olan kompakt bir pazard\u0131r: <strong>s\u0131n\u0131rl\u0131 k\u0131y\u0131 arz\u0131,<\/strong><br \/><strong>artan uluslararas\u0131 talep ve az say\u0131daki b\u00fcy\u00fck \u00f6l\u00e7ekli geli\u015fmeler<\/strong><br \/><strong>konut ve konaklama ama\u00e7l\u0131 gayrimenkullerin standard\u0131n\u0131 \u00f6nemli \u00f6l\u00e7\u00fcde y\u00fckseltmi\u015ftir.<\/strong> Bu fakt\u00f6rler<br \/>\u00fclkeyi ikinci bir ev arayan al\u0131c\u0131lar i\u00e7in g\u00fcvenilir bir destinasyon olarak konumland\u0131rm\u0131\u015ft\u0131r,<br \/>yat\u0131r\u0131m f\u0131rsatlar\u0131 veya ki\u015fisel kullan\u0131m ve kira gelirinin bir kombinasyonu.<\/p>\t\t\t\t\t\t\t\t<\/div>\n\t\t\t\t<\/div>\n\t\t\t\t<div class=\"elementor-element elementor-element-ecf09db elementor-widget elementor-widget-heading\" data-id=\"ecf09db\" data-element_type=\"widget\" data-e-type=\"widget\" data-widget_type=\"heading.default\">\n\t\t\t\t<div class=\"elementor-widget-container\">\n\t\t\t\t\t<h2 class=\"elementor-heading-title elementor-size-default\">S\u0131n\u0131rl\u0131 Arz ve Konumla Tan\u0131mlanan Bir Pazar<\/h2>\t\t\t\t<\/div>\n\t\t\t\t<\/div>\n\t\t\t\t<div class=\"elementor-element elementor-element-eb41f1d elementor-widget elementor-widget-image\" data-id=\"eb41f1d\" data-element_type=\"widget\" data-e-type=\"widget\" data-widget_type=\"image.default\">\n\t\t\t\t<div class=\"elementor-widget-container\">\n\t\t\t\t\t\t\t\t\t\t\t\t\t\t\t<img decoding=\"async\" width=\"1200\" height=\"628\" src=\"https:\/\/sothebysrealty.me\/wp-content\/uploads\/2026\/01\/Digitalni-nomadi-Crna-Gora-5.png\" class=\"attachment-full size-full wp-image-77289\" alt=\"\" srcset=\"https:\/\/sothebysrealty.me\/wp-content\/uploads\/2026\/01\/Digitalni-nomadi-Crna-Gora-5.png 1200w, https:\/\/sothebysrealty.me\/wp-content\/uploads\/2026\/01\/Digitalni-nomadi-Crna-Gora-5-300x157.png 300w, https:\/\/sothebysrealty.me\/wp-content\/uploads\/2026\/01\/Digitalni-nomadi-Crna-Gora-5-1024x536.png 1024w, https:\/\/sothebysrealty.me\/wp-content\/uploads\/2026\/01\/Digitalni-nomadi-Crna-Gora-5-768x402.png 768w, https:\/\/sothebysrealty.me\/wp-content\/uploads\/2026\/01\/Digitalni-nomadi-Crna-Gora-5-18x9.png 18w\" sizes=\"(max-width: 1200px) 100vw, 1200px\" title=\"\">\t\t\t\t\t\t\t\t\t\t\t\t\t\t\t<\/div>\n\t\t\t\t<\/div>\n\t\t\t\t<div class=\"elementor-element elementor-element-48b2946 elementor-widget elementor-widget-text-editor\" data-id=\"48b2946\" data-element_type=\"widget\" data-e-type=\"widget\" data-widget_type=\"text-editor.default\">\n\t\t\t\t<div class=\"elementor-widget-container\">\n\t\t\t\t\t\t\t\t\t<p>Karada\u011f'\u0131n k\u0131y\u0131 \u015feridi co\u011frafi olarak s\u0131n\u0131rl\u0131d\u0131r, talep ise Karada\u011f'\u0131n \u00e7evresinde yo\u011funla\u015fmaya devam etmektedir.<br \/>yerle\u015fik ve geli\u015fmekte olan ana konumlar. Emlak piyasas\u0131 i\u00e7in bu durum \u015fu sonu\u00e7lar\u0131 do\u011furmaktad\u0131r:<\/p><ul><li>birinci s\u0131n\u0131f k\u0131y\u0131 b\u00f6lgelerinde s\u0131n\u0131rl\u0131 arz<\/li><li>iyi konumland\u0131r\u0131lm\u0131\u015f konut m\u00fclklerine s\u00fcrekli ilgi<\/li><li>prime ve prime olmayan konumlar aras\u0131nda net bir ayr\u0131m yap\u0131lmas\u0131<\/li><\/ul><p>Yerle\u015fik k\u0131y\u0131 destinasyonlar\u0131ndaki m\u00fclkler tarihsel olarak daha fazla dayan\u0131kl\u0131l\u0131k g\u00f6stermi\u015f ve uzun<br \/>vadeli de\u011fer korumas\u0131.<\/p>\t\t\t\t\t\t\t\t<\/div>\n\t\t\t\t<\/div>\n\t\t\t\t\t<\/div>\n\t\t\t\t<\/div>\n\t\t<div class=\"elementor-element elementor-element-1f185fa e-flex e-con-boxed e-con e-parent\" data-id=\"1f185fa\" data-element_type=\"container\" data-e-type=\"container\">\n\t\t\t\t\t<div class=\"e-con-inner\">\n\t\t\t\t<div class=\"elementor-element elementor-element-e818d45 elementor-widget elementor-widget-heading\" data-id=\"e818d45\" data-element_type=\"widget\" data-e-type=\"widget\" data-widget_type=\"heading.default\">\n\t\t\t\t<div class=\"elementor-widget-container\">\n\t\t\t\t\t<h2 class=\"elementor-heading-title elementor-size-default\">Pazar\u0131 \u015eekillendiren D\u00f6n\u00fcm Noktas\u0131 Geli\u015fmeler<\/h2>\t\t\t\t<\/div>\n\t\t\t\t<\/div>\n\t\t\t\t<div class=\"elementor-element elementor-element-034306a elementor-widget elementor-widget-image\" data-id=\"034306a\" data-element_type=\"widget\" data-e-type=\"widget\" data-widget_type=\"image.default\">\n\t\t\t\t<div class=\"elementor-widget-container\">\n\t\t\t\t\t\t\t\t\t\t\t\t\t\t\t<img decoding=\"async\" width=\"1200\" height=\"628\" src=\"https:\/\/sothebysrealty.me\/wp-content\/uploads\/2026\/01\/Digitalni-nomadi-Crna-Gora-2.png\" class=\"attachment-full size-full wp-image-77283\" alt=\"\" srcset=\"https:\/\/sothebysrealty.me\/wp-content\/uploads\/2026\/01\/Digitalni-nomadi-Crna-Gora-2.png 1200w, https:\/\/sothebysrealty.me\/wp-content\/uploads\/2026\/01\/Digitalni-nomadi-Crna-Gora-2-300x157.png 300w, https:\/\/sothebysrealty.me\/wp-content\/uploads\/2026\/01\/Digitalni-nomadi-Crna-Gora-2-1024x536.png 1024w, https:\/\/sothebysrealty.me\/wp-content\/uploads\/2026\/01\/Digitalni-nomadi-Crna-Gora-2-768x402.png 768w, https:\/\/sothebysrealty.me\/wp-content\/uploads\/2026\/01\/Digitalni-nomadi-Crna-Gora-2-18x9.png 18w\" sizes=\"(max-width: 1200px) 100vw, 1200px\" title=\"\">\t\t\t\t\t\t\t\t\t\t\t\t\t\t\t<\/div>\n\t\t\t\t<\/div>\n\t\t\t\t<div class=\"elementor-element elementor-element-0dc42ff elementor-widget elementor-widget-text-editor\" data-id=\"0dc42ff\" data-element_type=\"widget\" data-e-type=\"widget\" data-widget_type=\"text-editor.default\">\n\t\t\t\t<div class=\"elementor-widget-container\">\n\t\t\t\t\t\t\t\t\t<p>Belirli say\u0131da master planl\u0131 projenin geli\u015ftirilmesi, a\u015fa\u011f\u0131daki konularda merkezi bir rol oynam\u0131\u015ft\u0131r<br \/>Karada\u011f'\u0131n uluslararas\u0131 konumu. <strong><a href=\"https:\/\/sothebysrealty.me\/tr\/porto-montenegro\/\">Porto Montenegro<\/a>, <a href=\"https:\/\/sothebysrealty.me\/tr\/lustica-koyu\/\">Lu\u0161tica K\u00f6rfezi<\/a>, ve <a href=\"https:\/\/sothebysrealty.me\/tr\/portonovi\/\">Portonovi<\/a><\/strong> var<br \/>kalite, altyap\u0131 ve uzun vadeli s\u00fcrd\u00fcr\u00fclebilirlik a\u00e7\u0131s\u0131ndan yeni \u00f6l\u00e7\u00fctler belirlemi\u015ftir.<\/p><p>Bu geli\u015fmeler \u015funlar\u0131 getirmi\u015ftir:<\/p><ul><li>uluslararas\u0131 kabul g\u00f6rm\u00fc\u015f in\u015faat ve tasar\u0131m standartlar\u0131<\/li><li>profesyonel destinasyon ve m\u00fclk y\u00f6netimi<\/li><li>marinalar, konaklama, perakende ve sa\u011fl\u0131kl\u0131 ya\u015fam\u0131 birle\u015ftiren entegre ya\u015fam tarz\u0131 konseptleri<\/li><li>uluslararas\u0131 al\u0131c\u0131lar i\u00e7in daha fazla \u015feffafl\u0131k ve g\u00fcven.<\/li><\/ul><p>Sonu\u00e7 olarak Karada\u011f, Avrupa ve Birle\u015fik Devletler'den al\u0131c\u0131lar i\u00e7in giderek daha eri\u015filebilir hale geldi.<br \/>Krall\u0131k, Orta Do\u011fu ve Kuzey Amerika.<\/p>\t\t\t\t\t\t\t\t<\/div>\n\t\t\t\t<\/div>\n\t\t\t\t<div class=\"elementor-element elementor-element-d593c86 elementor-widget elementor-widget-heading\" data-id=\"d593c86\" data-element_type=\"widget\" data-e-type=\"widget\" data-widget_type=\"heading.default\">\n\t\t\t\t<div class=\"elementor-widget-container\">\n\t\t\t\t\t<h2 class=\"elementor-heading-title elementor-size-default\">K\u00fcresel A\u011f\u0131rlama Markalar\u0131n\u0131n Varl\u0131\u011f\u0131<\/h2>\t\t\t\t<\/div>\n\t\t\t\t<\/div>\n\t\t\t\t<div class=\"elementor-element elementor-element-81815c3 elementor-widget elementor-widget-image\" data-id=\"81815c3\" data-element_type=\"widget\" data-e-type=\"widget\" data-widget_type=\"image.default\">\n\t\t\t\t<div class=\"elementor-widget-container\">\n\t\t\t\t\t\t\t\t\t\t\t\t\t\t\t<img decoding=\"async\" width=\"1441\" height=\"1080\" src=\"https:\/\/sothebysrealty.me\/wp-content\/uploads\/2025\/02\/0-min.jpg\" class=\"attachment-full size-full wp-image-65463\" alt=\"Lustica Bay Waterfront Serviced Penthouse Chedi\" srcset=\"https:\/\/sothebysrealty.me\/wp-content\/uploads\/2025\/02\/0-min.jpg 1441w, https:\/\/sothebysrealty.me\/wp-content\/uploads\/2025\/02\/0-min-300x225.jpg 300w, https:\/\/sothebysrealty.me\/wp-content\/uploads\/2025\/02\/0-min-1024x767.jpg 1024w, https:\/\/sothebysrealty.me\/wp-content\/uploads\/2025\/02\/0-min-768x576.jpg 768w\" sizes=\"(max-width: 1441px) 100vw, 1441px\" title=\"\">\t\t\t\t\t\t\t\t\t\t\t\t\t\t\t<\/div>\n\t\t\t\t<\/div>\n\t\t\t\t<div class=\"elementor-element elementor-element-37754d5 elementor-widget elementor-widget-text-editor\" data-id=\"37754d5\" data-element_type=\"widget\" data-e-type=\"widget\" data-widget_type=\"text-editor.default\">\n\t\t\t\t<div class=\"elementor-widget-container\">\n\t\t\t\t\t\t\t\t\t<p>\u00d6nde gelen uluslararas\u0131 otel i\u015fletmecilerinin varl\u0131\u011f\u0131 Karada\u011f'\u0131n konumunu daha da g\u00fc\u00e7lendiriyor<br \/>geli\u015fmekte olan l\u00fcks bir destinasyondur. Yerle\u015fik markalar \u015funlard\u0131r:<\/p><ul><li><a href=\"https:\/\/www.aman.com\/resorts\/aman-sveti-stefan\" target=\"_blank\" rel=\"noopener\"><strong>Aman (Sveti Stefan)<\/strong><\/a><\/li><li><a href=\"https:\/\/www.oneandonlyresorts.com\/portonovi\" target=\"_blank\" rel=\"noopener\"><strong>One&amp;Only Portonovi<\/strong><\/a><\/li><li><a href=\"https:\/\/www.guestreservations.com\/\" target=\"_blank\" rel=\"noopener\"><strong>Regent Porto Montenegro<\/strong><\/a><\/li><li><a href=\"https:\/\/www.sirohotels.com\/montenegro\/boka-place\" target=\"_blank\" rel=\"noopener\"><strong>SIRO (Boka Place)<\/strong><\/a><\/li><li><a href=\"https:\/\/www.chedilusticabay.com\/\" target=\"_blank\" rel=\"noopener\"><strong>Chedi Lu\u0161tica Koyu<\/strong><\/a><\/li><li><a href=\"https:\/\/www.ihgplc.com\/our-brands\/crowne-plaza\" target=\"_blank\" rel=\"noopener\"><strong>Crowne Plaza<\/strong><\/a><\/li><li><a href=\"https:\/\/movenpick.accor.com\/\" target=\"_blank\" rel=\"noopener\"><strong>M\u00f6venpick<\/strong><\/a><\/li><li><a href=\"https:\/\/swissotelkolasin.com\/\" target=\"_blank\" rel=\"noopener\"><strong>Swiss\u00f4tel (Resort Kola\u0161in)<\/strong><\/a><\/li><li><a href=\"https:\/\/swissotelkolasin.com\/\" target=\"_blank\" rel=\"noopener\"><strong>Hyatt Regency<\/strong><\/a><\/li><li><a href=\"https:\/\/www.iberostar.com\/\" target=\"_blank\" rel=\"noopener\"><strong>Iberostar Hotels &amp; Resorts<\/strong><\/a><\/li><\/ul><p>Buna ek olarak, di\u011fer k\u00fcresel konaklama markalar\u0131n\u0131n geli\u015finin duyurulmas\u0131 ve yeni<br \/>karma kullan\u0131ml\u0131 projelerin s\u00fcrekli b\u00fcy\u00fcmeyi desteklemesi, destinasyonun g\u00f6r\u00fcn\u00fcrl\u00fc\u011f\u00fcn\u00fc art\u0131rmas\u0131 ve<br \/>premium konut segmentini b\u00fcy\u00fctmek.<\/p>\t\t\t\t\t\t\t\t<\/div>\n\t\t\t\t<\/div>\n\t\t\t\t<div class=\"elementor-element elementor-element-2c5a59e elementor-widget elementor-widget-heading\" data-id=\"2c5a59e\" data-element_type=\"widget\" data-e-type=\"widget\" data-widget_type=\"heading.default\">\n\t\t\t\t<div class=\"elementor-widget-container\">\n\t\t\t\t\t<h2 class=\"elementor-heading-title elementor-size-default\">\u0130klim, Eri\u015filebilirlik ve Y\u0131l Boyu Ba\u011flant\u0131<\/h2>\t\t\t\t<\/div>\n\t\t\t\t<\/div>\n\t\t\t\t<div class=\"elementor-element elementor-element-7adf006 elementor-widget elementor-widget-image\" data-id=\"7adf006\" data-element_type=\"widget\" data-e-type=\"widget\" data-widget_type=\"image.default\">\n\t\t\t\t<div class=\"elementor-widget-container\">\n\t\t\t\t\t\t\t\t\t\t\t\t\t\t\t<img decoding=\"async\" width=\"1200\" height=\"628\" src=\"https:\/\/sothebysrealty.me\/wp-content\/uploads\/2026\/01\/Digitalni-nomadi-Crna-Gora-4.png\" class=\"attachment-full size-full wp-image-77288\" alt=\"\" srcset=\"https:\/\/sothebysrealty.me\/wp-content\/uploads\/2026\/01\/Digitalni-nomadi-Crna-Gora-4.png 1200w, https:\/\/sothebysrealty.me\/wp-content\/uploads\/2026\/01\/Digitalni-nomadi-Crna-Gora-4-300x157.png 300w, https:\/\/sothebysrealty.me\/wp-content\/uploads\/2026\/01\/Digitalni-nomadi-Crna-Gora-4-1024x536.png 1024w, https:\/\/sothebysrealty.me\/wp-content\/uploads\/2026\/01\/Digitalni-nomadi-Crna-Gora-4-768x402.png 768w, https:\/\/sothebysrealty.me\/wp-content\/uploads\/2026\/01\/Digitalni-nomadi-Crna-Gora-4-18x9.png 18w\" sizes=\"(max-width: 1200px) 100vw, 1200px\" title=\"\">\t\t\t\t\t\t\t\t\t\t\t\t\t\t\t<\/div>\n\t\t\t\t<\/div>\n\t\t\t\t<div class=\"elementor-element elementor-element-a262fc0 elementor-widget elementor-widget-text-editor\" data-id=\"a262fc0\" data-element_type=\"widget\" data-e-type=\"widget\" data-widget_type=\"text-editor.default\">\n\t\t\t\t<div class=\"elementor-widget-container\">\n\t\t\t\t\t\t\t\t\t<p>Karada\u011f'\u0131n avantaj\u0131 <strong>Akdeniz iklimi<\/strong> sahil boyunca, uzun yazlar ve<br \/>K\u0131\u015flar\u0131n \u0131l\u0131man ge\u00e7mesi, konutlar\u0131n y\u0131l boyunca kullan\u0131m\u0131n\u0131 desteklemektedir.<\/p><p>\u00dclkeye iki \u00fclke taraf\u0131ndan hizmet verilmektedir <strong>Tivat ve Podgorica uluslararas\u0131 havalimanlar\u0131<\/strong> mevsimsel ve<br \/>B\u00fcy\u00fck Avrupa \u015fehirlerine y\u0131l boyunca u\u00e7u\u015f ba\u011flant\u0131lar\u0131. U\u00e7u\u015f s\u0131kl\u0131\u011f\u0131 \u00f6nemli \u00f6l\u00e7\u00fcde art\u0131yor<br \/>Yaz sezonu boyunca, en yo\u011fun k\u0131y\u0131 talebine uygun olarak.<\/p><p>K\u0131y\u0131 cazibesine ek olarak, Karada\u011f farkl\u0131 bir deneyim sunar <strong>KI\u015e MEVS\u0130M\u0130<\/strong>, yerle\u015fik<\/p><p>nispeten k\u0131sa bir s\u00fcr\u00fc\u015f mesafesindeki da\u011f tatil k\u00f6yleri ve kayak merkezleri, y\u0131l boyunca<br \/>yuvarlak turizm ve daha geni\u015f talep istikrar\u0131.<\/p>\t\t\t\t\t\t\t\t<\/div>\n\t\t\t\t<\/div>\n\t\t\t\t<div class=\"elementor-element elementor-element-669dedd elementor-widget elementor-widget-heading\" data-id=\"669dedd\" data-element_type=\"widget\" data-e-type=\"widget\" data-widget_type=\"heading.default\">\n\t\t\t\t<div class=\"elementor-widget-container\">\n\t\t\t\t\t<h2 class=\"elementor-heading-title elementor-size-default\">Mali, Vergi ve M\u00fclkiyet \u00c7er\u00e7evesi<\/h2>\t\t\t\t<\/div>\n\t\t\t\t<\/div>\n\t\t\t\t<div class=\"elementor-element elementor-element-d953a23 elementor-widget elementor-widget-text-editor\" data-id=\"d953a23\" data-element_type=\"widget\" data-e-type=\"widget\" data-widget_type=\"text-editor.default\">\n\t\t\t\t<div class=\"elementor-widget-container\">\n\t\t\t\t\t\t\t\t\t<p>Karada\u011f, m\u00fclk sahipli\u011fi i\u00e7in a\u00e7\u0131k ve rekabet\u00e7i bir \u00e7er\u00e7eve sunmakta olup, nispeten<br \/>\u0131l\u0131ml\u0131 vergi yap\u0131s\u0131.<\/p><p>\u00d6nemli hususlar \u015funlard\u0131r:<\/p><ul><li><strong>M\u00fclk transfer vergisi<\/strong> genellikle 3% ile 6% aras\u0131nda de\u011fi\u015fen kademeli bir \u00f6l\u00e7ekte uygulan\u0131r,<br \/>\u00f6zellik de\u011ferine ba\u011fl\u0131 olarak<\/li><li><strong>Y\u0131ll\u0131k emlak vergisi<\/strong> konum, b\u00fcy\u00fckl\u00fck ve de\u011ferlendirilen de\u011fere ba\u011fl\u0131 olarak d\u00fc\u015f\u00fck bir oranda<\/li><li>Standart yasal d\u00fczenlemelere tabi olmak kayd\u0131yla, konut ama\u00e7l\u0131 gayrimenkullerin yabanc\u0131 m\u00fclkiyetine ili\u015fkin herhangi bir k\u0131s\u0131tlama bulunmamaktad\u0131r.<br \/>durum tespi\u0307ti\u0307<\/li><li><strong>Miras veya servet vergisi yok<\/strong> m\u00fclk sahipli\u011fi ile ilgili<\/li><li>Karada\u011f'da rekabet\u00e7i ve artan oranl\u0131 bir vergi sistemi uygulanmaktad\u0131r.<br \/>hem kurumsal hem de ki\u015fisel gelir i\u00e7in 9% ile 15% aras\u0131nda de\u011fi\u015fmektedir.<\/li><li>Standart <strong>De\u011fer<\/strong><\/li><\/ul><p><strong>Katma De\u011fer Vergisi (KDV) 21%'dir<\/strong>.<br \/>Karada\u011f ayn\u0131 zamanda bir <strong>d\u00fcz ki\u015fisel gelir vergisi sistemi<\/strong>, al\u0131c\u0131lar i\u00e7in uygun olabilecek<br \/>ta\u015f\u0131nmay\u0131 veya uzun vadeli yap\u0131land\u0131rmay\u0131 d\u00fc\u015f\u00fcn\u00fcyor.<\/p>\t\t\t\t\t\t\t\t<\/div>\n\t\t\t\t<\/div>\n\t\t\t\t<div class=\"elementor-element elementor-element-007da80 elementor-widget elementor-widget-heading\" data-id=\"007da80\" data-element_type=\"widget\" data-e-type=\"widget\" data-widget_type=\"heading.default\">\n\t\t\t\t<div class=\"elementor-widget-container\">\n\t\t\t\t\t<h2 class=\"elementor-heading-title elementor-size-default\">\u0130stikrar ve Uzun Vadeli G\u00f6r\u00fcn\u00fcm<\/h2>\t\t\t\t<\/div>\n\t\t\t\t<\/div>\n\t\t\t\t<div class=\"elementor-element elementor-element-e9d788a elementor-widget elementor-widget-image\" data-id=\"e9d788a\" data-element_type=\"widget\" data-e-type=\"widget\" data-widget_type=\"image.default\">\n\t\t\t\t<div class=\"elementor-widget-container\">\n\t\t\t\t\t\t\t\t\t\t\t\t\t\t\t<img decoding=\"async\" width=\"1200\" height=\"628\" src=\"https:\/\/sothebysrealty.me\/wp-content\/uploads\/2026\/01\/Digitalni-nomadi-Crna-Gora-3.png\" class=\"attachment-full size-full wp-image-77284\" alt=\"\" srcset=\"https:\/\/sothebysrealty.me\/wp-content\/uploads\/2026\/01\/Digitalni-nomadi-Crna-Gora-3.png 1200w, https:\/\/sothebysrealty.me\/wp-content\/uploads\/2026\/01\/Digitalni-nomadi-Crna-Gora-3-300x157.png 300w, https:\/\/sothebysrealty.me\/wp-content\/uploads\/2026\/01\/Digitalni-nomadi-Crna-Gora-3-1024x536.png 1024w, https:\/\/sothebysrealty.me\/wp-content\/uploads\/2026\/01\/Digitalni-nomadi-Crna-Gora-3-768x402.png 768w, https:\/\/sothebysrealty.me\/wp-content\/uploads\/2026\/01\/Digitalni-nomadi-Crna-Gora-3-18x9.png 18w\" sizes=\"(max-width: 1200px) 100vw, 1200px\" title=\"\">\t\t\t\t\t\t\t\t\t\t\t\t\t\t\t<\/div>\n\t\t\t\t<\/div>\n\t\t\t\t<div class=\"elementor-element elementor-element-174e752 elementor-widget elementor-widget-text-editor\" data-id=\"174e752\" data-element_type=\"widget\" data-e-type=\"widget\" data-widget_type=\"text-editor.default\">\n\t\t\t\t<div class=\"elementor-widget-container\">\n\t\t\t\t\t\t\t\t\t<p>Karada\u011f bir <strong>NATO \u00fcye \u00fclkesi<\/strong> ve bir <strong>AB kat\u0131l\u0131m \u00fclkesi<\/strong>, istikrarl\u0131 bir<br \/>makroekonomik ortam ve a\u00e7\u0131k\u00e7a tan\u0131mlanm\u0131\u015f uzun vadeli bir entegrasyon yolu. Bu \u015funlar\u0131 sa\u011flar<br \/>uzun vadeli m\u00fclk sahibi olmay\u0131 d\u00fc\u015f\u00fcnen uluslararas\u0131 al\u0131c\u0131lar i\u00e7in ek g\u00fcven veya<br \/>sermaye tahsisi.<\/p><p><strong>SEPA Entegrasyonu<\/strong><\/p><p>Karada\u011f'\u0131n SEPA'ya kat\u0131l\u0131m\u0131, avro \u00f6demelerini ve s\u0131n\u0131r \u00f6tesi transferleri basitle\u015ftirmektedir,<br \/>verimli m\u00fclk i\u015flemlerini ve devam eden m\u00fclk sahipli\u011fini desteklemek.<\/p>\t\t\t\t\t\t\t\t<\/div>\n\t\t\t\t<\/div>\n\t\t\t\t<div class=\"elementor-element elementor-element-6d71a2c elementor-widget elementor-widget-heading\" data-id=\"6d71a2c\" data-element_type=\"widget\" data-e-type=\"widget\" data-widget_type=\"heading.default\">\n\t\t\t\t<div class=\"elementor-widget-container\">\n\t\t\t\t\t<h2 class=\"elementor-heading-title elementor-size-default\">\u0130kamet Hususlar\u0131<\/h2>\t\t\t\t<\/div>\n\t\t\t\t<\/div>\n\t\t\t\t<div class=\"elementor-element elementor-element-335d5e7 elementor-widget elementor-widget-text-editor\" data-id=\"335d5e7\" data-element_type=\"widget\" data-e-type=\"widget\" data-widget_type=\"text-editor.default\">\n\t\t\t\t<div class=\"elementor-widget-container\">\n\t\t\t\t\t\t\t\t\t<p>Karada\u011f'da m\u00fclk sahibi olmak \u015funlar\u0131 destekleyebilir <strong>oturma i\u0307zni\u0307 ba\u015fvurulari<\/strong>, tabi<br \/>ge\u00e7erli d\u00fczenlemeler. Bu, geni\u015fletilmi\u015f uygulama i\u00e7in daha fazla esneklik arayan al\u0131c\u0131lar i\u00e7in uygun olabilir<br \/>kalmas\u0131 ya da \u00fclkede uzun s\u00fcreli varl\u0131k g\u00f6stermesi.<\/p>\t\t\t\t\t\t\t\t<\/div>\n\t\t\t\t<\/div>\n\t\t\t\t<div class=\"elementor-element elementor-element-3580a0c elementor-widget elementor-widget-heading\" data-id=\"3580a0c\" data-element_type=\"widget\" data-e-type=\"widget\" data-widget_type=\"heading.default\">\n\t\t\t\t<div class=\"elementor-widget-container\">\n\t\t\t\t\t<h2 class=\"elementor-heading-title elementor-size-default\">Yerel Uzmanl\u0131\u011f\u0131n De\u011feri<\/h2>\t\t\t\t<\/div>\n\t\t\t\t<\/div>\n\t\t\t\t<div class=\"elementor-element elementor-element-2dafb05 elementor-widget elementor-widget-text-editor\" data-id=\"2dafb05\" data-element_type=\"widget\" data-e-type=\"widget\" data-widget_type=\"text-editor.default\">\n\t\t\t\t<div class=\"elementor-widget-container\">\n\t\t\t\t\t\t\t\t\t<p>Uluslararas\u0131 bir pazarda m\u00fclk sat\u0131n almak bilin\u00e7li karar vermeyi ve g\u00fcvenilir olmay\u0131 gerektirir<br \/>Yerel i\u00e7g\u00f6r\u00fc. Rol\u00fcm\u00fcz, pazar bilgisi, yap\u0131land\u0131r\u0131lm\u0131\u015f rehberlik ve a\u015fa\u011f\u0131dakilere eri\u015fim sa\u011flamakt\u0131r<br \/>Uluslararas\u0131 standartlar\u0131 kar\u015f\u0131layan, \u00f6zenle se\u00e7ilmi\u015f \u00f6zellikler<br \/>sat\u0131n alma s\u00fcreci ve \u00f6tesi.<\/p>\t\t\t\t\t\t\t\t<\/div>\n\t\t\t\t<\/div>\n\t\t\t\t\t<\/div>\n\t\t\t\t<\/div>\n\t\t\t\t<\/div>","protected":false},"excerpt":{"rendered":"<p>Why Montenegro? Montenegro is a compact market with clearly defined fundamentals: limited coastal supply,increasing international demand, and a small number of large-scale developments thathave significantly [&hellip;]<\/p>\n","protected":false},"author":12,"featured_media":0,"parent":0,"menu_order":0,"comment_status":"closed","ping_status":"closed","template":"elementor_header_footer","meta":{"_acf_changed":false,"_joinchat":[],"footnotes":""},"class_list":["post-76628","page","type-page","status-publish","hentry"],"acf":[],"_links":{"self":[{"href":"https:\/\/sothebysrealty.me\/tr\/wp-json\/wp\/v2\/pages\/76628","targetHints":{"allow":["GET"]}}],"collection":[{"href":"https:\/\/sothebysrealty.me\/tr\/wp-json\/wp\/v2\/pages"}],"about":[{"href":"https:\/\/sothebysrealty.me\/tr\/wp-json\/wp\/v2\/types\/page"}],"author":[{"embeddable":true,"href":"https:\/\/sothebysrealty.me\/tr\/wp-json\/wp\/v2\/users\/12"}],"replies":[{"embeddable":true,"href":"https:\/\/sothebysrealty.me\/tr\/wp-json\/wp\/v2\/comments?post=76628"}],"version-history":[{"count":5,"href":"https:\/\/sothebysrealty.me\/tr\/wp-json\/wp\/v2\/pages\/76628\/revisions"}],"predecessor-version":[{"id":78093,"href":"https:\/\/sothebysrealty.me\/tr\/wp-json\/wp\/v2\/pages\/76628\/revisions\/78093"}],"wp:attachment":[{"href":"https:\/\/sothebysrealty.me\/tr\/wp-json\/wp\/v2\/media?parent=76628"}],"curies":[{"name":"wp","href":"https:\/\/api.w.org\/{rel}","templated":true}]}}