{"id":75,"date":"2020-06-04T14:29:15","date_gmt":"2020-06-04T14:29:15","guid":{"rendered":"https:\/\/sothebys.wp1.smartweb.rs\/?page_id=75"},"modified":"2026-04-13T11:08:09","modified_gmt":"2026-04-13T11:08:09","slug":"montenegro-real-estate-sale","status":"publish","type":"page","link":"https:\/\/sothebysrealty.me\/tr\/montenegro-gayri\u0307menkul-satisi\/","title":{"rendered":"Montenegro Emlak Sat\u0131\u015f\u0131"},"content":{"rendered":"<div data-elementor-type=\"wp-page\" data-elementor-id=\"75\" class=\"elementor elementor-75\" data-elementor-post-type=\"page\">\n\t\t\t\t<div class=\"elementor-element elementor-element-7d9d64b5 e-flex e-con-boxed e-con e-parent\" data-id=\"7d9d64b5\" data-element_type=\"container\" data-e-type=\"container\">\n\t\t\t\t\t<div class=\"e-con-inner\">\n\t\t\t\t<div class=\"elementor-element elementor-element-21a7e1d2 elementor-widget elementor-widget-text-editor\" data-id=\"21a7e1d2\" data-element_type=\"widget\" data-e-type=\"widget\" data-widget_type=\"text-editor.default\">\n\t\t\t\t<div class=\"elementor-widget-container\">\n\t\t\t\t\t\t\t\t\t<h2 data-start=\"267\" data-end=\"321\">Karada\u011f'da Hayalinizdeki Evi Ke\u015ffedin<\/h2><p data-start=\"323\" data-end=\"908\">Karada\u011f gayrimenkulleri g\u00fcn\u00fcm\u00fcz\u00fcn uluslararas\u0131 emlak piyasas\u0131ndaki en dikkat \u00e7ekici f\u0131rsatlardan birini sunmaktad\u0131r - Adriyatik boyunca bir cennet par\u00e7as\u0131na sahip olma \u015fans\u0131. Nefes kesen sahil \u015feridi, b\u00fcy\u00fcleyici eski \u015fehirleri ve Akdeniz s\u0131cakl\u0131\u011f\u0131n\u0131 Balkan otantikli\u011fiyle harmanlayan k\u00fclt\u00fcr\u00fcyle Karada\u011f, d\u00fcnyan\u0131n d\u00f6rt bir yan\u0131ndan gelen se\u00e7ici al\u0131c\u0131lar i\u00e7in g\u00f6zde bir yer haline gelmi\u015ftir. Vizyonunuz ister hareketli bir marinaya bakan modern bir daire ister do\u011frudan plaj eri\u015fimi olan geni\u015f bir villa olsun, bu pazar l\u00fcks, konfor ve yat\u0131r\u0131m potansiyelini bir araya getiren se\u00e7enekler sunmaktad\u0131r.<\/p><h3 data-start=\"910\" data-end=\"950\">Neden Karada\u011f Gayrimenkul\u00fcn\u00fc Se\u00e7melisiniz?<\/h3><p data-start=\"952\" data-end=\"1399\">Son on y\u0131lda Karada\u011f, Avrupa'n\u0131n en heyecan verici emlak piyasalar\u0131ndan birine d\u00f6n\u00fc\u015ft\u00fc. Al\u0131c\u0131lar, da\u011flar\u0131n turkuaz sular\u0131n \u00fczerinde dramatik bir \u015fekilde y\u00fckseldi\u011fi ve pitoresk k\u00f6ylerin l\u00fcks geli\u015fmelerin yan\u0131nda yer ald\u0131\u011f\u0131 \u00e7arp\u0131c\u0131 co\u011frafyas\u0131na \u00e7ekiliyor. \u00dclkenin b\u00fcy\u00fck Avrupa \u015fehirlerine sadece k\u0131sa bir u\u00e7u\u015f mesafesindeki stratejik konumu, onu tatil evleri, kal\u0131c\u0131 konutlar veya yat\u0131r\u0131m ama\u00e7l\u0131 gayrimenkuller i\u00e7in cazip bir se\u00e7enek haline getirmektedir.<\/p><p data-start=\"1401\" data-end=\"1803\">Karada\u011f gayrimenkullerine olan talep, h\u00fck\u00fcmetin yat\u0131r\u0131m yanl\u0131s\u0131 politikalar\u0131 ve \u00fclkenin l\u00fcks bir seyahat destinasyonu olarak artan pop\u00fclaritesi ile desteklenerek h\u0131zla artm\u0131\u015ft\u0131r. Yat\u0131r\u0131mc\u0131lar g\u00fc\u00e7l\u00fc de\u011fer kazanma potansiyelinin fark\u0131ndayken, ev sahipleri de ya\u015fam tarz\u0131ndan ayn\u0131 derecede etkileniyor: el de\u011fmemi\u015f plajlar, birinci s\u0131n\u0131f marinalar, canl\u0131 gece hayat\u0131 ve ke\u015fif i\u00e7in sonsuz f\u0131rsatlar.<\/p><h3 data-start=\"1805\" data-end=\"1841\">Daireler, Villalar ve \u00d6tesi<\/h3><p data-start=\"1843\" data-end=\"1992\">Karada\u011f gayrimenkulleri, her al\u0131c\u0131n\u0131n kendi ihtiya\u00e7lar\u0131n\u0131 ve isteklerini yans\u0131tan bir \u015fey bulabilmesini sa\u011flayan \u00e7ok \u00e7e\u015fitli m\u00fclkler sunar.<\/p><ul data-start=\"1994\" data-end=\"3306\"><li data-start=\"1994\" data-end=\"2492\"><p data-start=\"1996\" data-end=\"2492\"><strong data-start=\"1996\" data-end=\"2030\">Montenegro Sat\u0131l\u0131k Daireler<\/strong><br data-start=\"2030\" data-end=\"2033\" \/>\u015e\u0131k ve modern daireler Budva, Kotor ve Tivat gibi ba\u015fl\u0131ca sahil kasabalar\u0131nda bulunabilir. Bu konutlar\u0131n \u00e7o\u011fu, konsiyerj hizmetleri, sa\u011fl\u0131kl\u0131 ya\u015fam tesisleri ve do\u011frudan marina eri\u015fimi ile tamamlanan l\u00fcks geli\u015fmeler i\u00e7inde yer almaktad\u0131r. Rahatl\u0131k, stil ve kilitle ve b\u0131rak ya\u015fam tarz\u0131 arayan al\u0131c\u0131lar i\u00e7in \u00f6zellikle caziptirler. Daireler ayr\u0131ca k\u0131sa s\u00fcreli veya sezonluk kiralamayla ilgilenen yat\u0131r\u0131mc\u0131lar i\u00e7in m\u00fckemmel bir kiralama potansiyeli sunmaktad\u0131r.<\/p><\/li><li data-start=\"2494\" data-end=\"2955\"><p data-start=\"2496\" data-end=\"2955\"><strong data-start=\"2496\" data-end=\"2526\">Montenegro Sat\u0131l\u0131k Villalar<\/strong><br data-start=\"2526\" data-end=\"2529\" \/>Alan ve mahremiyet isteyenler i\u00e7in, <a href=\"https:\/\/sothebysrealty.me\/tr\/otanti\u0307k-tas-vi\u0307lla-lepetane\/\">Karada\u011f'daki villalar en \u00fcst d\u00fczey l\u00fcks\u00fc sunuyor<\/a>. Bu m\u00fclkler genellikle geni\u015f teraslara, \u00f6zel havuzlara, peyzajl\u0131 bah\u00e7elere ve Adriyatik veya Kotor K\u00f6rfezi'nin panoramik manzaras\u0131na sahiptir. Villalar, Lu\u0161tica Yar\u0131madas\u0131, Sveti Stefan veya Budva'n\u0131n yukar\u0131s\u0131ndaki yama\u00e7 k\u00f6yleri gibi se\u00e7kin yerle\u015fim b\u00f6lgelerinde bulunabilir ve k\u00fclt\u00fcrel ve sosyal olanaklara yak\u0131n kal\u0131rken huzur sunar.<\/p><\/li><li data-start=\"2957\" data-end=\"3306\"><p data-start=\"2959\" data-end=\"3306\"><strong data-start=\"2959\" data-end=\"2993\">Benzersiz ve Tarihi M\u00fclkler<\/strong><br data-start=\"2993\" data-end=\"2996\" \/>Karada\u011f'\u0131n cazibesi ayn\u0131 zamanda miras\u0131nda da yatmaktad\u0131r. <a href=\"https:\/\/sothebysrealty.me\/tr\/tari\u0307hi\u0307-tas-vi\u0307lla-prcanj-kotor\/\">Restore edilmi\u015f ta\u015f evler<\/a> Perast ve Kotor gibi UNESCO taraf\u0131ndan koruma alt\u0131na al\u0131nm\u0131\u015f \u015fehirlerde, y\u00fczy\u0131llard\u0131r s\u00fcregelen Venedik etkisini yans\u0131tan mimarileriyle al\u0131c\u0131lar\u0131n tarihi ilk elden deneyimlemelerine olanak sa\u011flamaktad\u0131r. Bu m\u00fclkler, otantik karakteri modern konforla harmanlayan nadir m\u00fccevherlerdir.<\/p><\/li><li data-start=\"2957\" data-end=\"3306\"><p data-start=\"4398\" data-end=\"4488\">Karada\u011f'\u0131n her b\u00f6lgesi, ev sahipleri ve yat\u0131r\u0131mc\u0131lar i\u00e7in kendine \u00f6zg\u00fc avantajlar sunuyor.<\/p><ul data-start=\"4490\" data-end=\"5332\"><li data-start=\"4490\" data-end=\"4704\"><p data-start=\"4492\" data-end=\"4704\"><strong data-start=\"4492\" data-end=\"4508\">Kotor K\u00f6rfezi<\/strong>: Kotor ve Perast gibi orta\u00e7a\u011f kasabalar\u0131yla UNESCO D\u00fcnya Miras\u0131 listesinde yer alan bu koy, genellikle Norve\u00e7'in fiyortlar\u0131yla kar\u015f\u0131la\u015ft\u0131r\u0131lmaktad\u0131r. Buradaki evler nefes kesici do\u011fal manzaray\u0131 tarihi cazibeyle birle\u015ftirmektedir.<\/p><\/li><li data-start=\"4705\" data-end=\"4937\"><p data-start=\"4707\" data-end=\"4937\"><strong data-start=\"4707\" data-end=\"4724\">Budva Rivieras\u0131<\/strong>: Kumlu plajlar\u0131 ve canl\u0131 atmosferiyle bilinen Budva, hem modern daireler hem de yama\u00e7 villalar\u0131 sunmaktad\u0131r. Gece hayat\u0131, marinalar\u0131 ve k\u00fclt\u00fcrel festivalleri buray\u0131 canl\u0131 bir ya\u015fam tarz\u0131ndan ho\u015flananlar i\u00e7in ideal k\u0131lmaktad\u0131r.<\/p><\/li><li data-start=\"4938\" data-end=\"5161\"><p data-start=\"4940\" data-end=\"5161\"><strong data-start=\"4940\" data-end=\"4970\">Tivat ve Porto Montenegro<\/strong>: Bu b\u00f6lge Karada\u011f'\u0131n modern l\u00fcks merkezi haline gelmi\u015ftir. <a href=\"https:\/\/sothebysrealty.me\/tr\/portonovi-marina-2bdr-dai\u0307re\/\"><strong>Porto Montenegro<\/strong><\/a> Yat sahiplerini ve \u00fcst d\u00fczey al\u0131c\u0131lar\u0131 cezbeden marinada \u015f\u0131k daireler, \u00e7at\u0131 katlar\u0131 ve su kenar\u0131nda villalar talep g\u00f6rmektedir.<\/p><\/li><li data-start=\"5162\" data-end=\"5332\"><p data-start=\"5164\" data-end=\"5332\"><strong data-start=\"5164\" data-end=\"5185\">Lu\u0161tica Yar\u0131madas\u0131<\/strong>: Modern konfordan \u00f6d\u00fcn vermeden huzur arayanlar i\u00e7in ideal, bozulmam\u0131\u015f plajlar\u0131 ve yeni l\u00fcks geli\u015fmeleriyle huzurlu bir s\u0131\u011f\u0131nak.<\/p><\/li><\/ul><\/li><\/ul><h3 data-start=\"3308\" data-end=\"3346\">Karada\u011f'\u0131n Ya\u015fam Tarz\u0131 Faydalar\u0131<\/h3><p data-start=\"3348\" data-end=\"3739\">Karada\u011f'da m\u00fclk sahibi olmak, tu\u011fla ve harca yat\u0131r\u0131m yapmaktan \u00e7ok daha fazlas\u0131 anlam\u0131na gelir - benzersiz bir ya\u015fam tarz\u0131na davettir. \u00dclkenin \u0131l\u0131man Akdeniz iklimi, \u0131l\u0131k yazlar ve yumu\u015fak k\u0131\u015flar sa\u011flayarak y\u0131l boyunca ya\u015fam i\u00e7in m\u00fckemmel hale getirir. Mutfa\u011f\u0131 da bir ba\u015fka \u00f6nemli \u00f6zelliktir: taze yakalanm\u0131\u015f deniz \u00fcr\u00fcnleri, yerel pazarlardan organik \u00fcr\u00fcnler ve Karada\u011f'\u0131n b\u00fcy\u00fcyen \u00fcz\u00fcm ba\u011flar\u0131ndan \u015faraplar.<\/p><p data-start=\"3741\" data-end=\"4061\">A\u00e7\u0131k hava merakl\u0131lar\u0131 i\u00e7in Karada\u011f, Adriyatik'te yelkencilikten Durmitor Ulusal Park\u0131'nda y\u00fcr\u00fcy\u00fc\u015fe veya k\u0131\u015f aylar\u0131nda kuzeyde kayak yapmaya kadar \u00e7e\u015fitli aktiviteler sunmaktad\u0131r. Y\u0131l boyunca ger\u00e7ekle\u015fen m\u00fczik festivalleri, sanat sergileri ve geleneksel kutlamalarla \u00fclkenin k\u00fclt\u00fcrel takvimi de ayn\u0131 derecede zengindir.<\/p><p data-start=\"4063\" data-end=\"4279\">Bir di\u011fer \u00f6nemli husus ise huzur ve g\u00fcvenlik duygusudur. Karada\u011f, misafirperver topluluklar\u0131, rahat ya\u015fam tarz\u0131 ve g\u00fcvenli ortam\u0131yla biliniyor ve bu da buray\u0131 \u00f6zellikle aileler ve emekliler i\u00e7in cazip k\u0131l\u0131yor.<\/p><h3 data-start=\"4281\" data-end=\"4307\">Yat\u0131r\u0131m Potansiyeli<\/h3><p data-start=\"4309\" data-end=\"4655\">Karada\u011f'da sat\u0131l\u0131k daire ve villalar sadece ya\u015fam tarz\u0131 sat\u0131n almak i\u00e7in de\u011fil, ayn\u0131 zamanda sa\u011flam yat\u0131r\u0131mlar i\u00e7in de uygundur. Gayrimenkul piyasas\u0131, b\u00fcy\u00fcyen turizm ve altyap\u0131 geli\u015fimi ile desteklenerek de\u011fer kazanmaya devam etmektedir. \u00d6zellikle k\u0131y\u0131 kentlerinde \u00fcst d\u00fczey kiralama talebi g\u00fc\u00e7l\u00fcd\u00fcr ve al\u0131c\u0131lara cazip getiri potansiyeli sunmaktad\u0131r.<\/p><p data-start=\"4657\" data-end=\"4945\">Ayr\u0131ca Karada\u011f, yat\u0131r\u0131mc\u0131 g\u00fcvenini art\u0131rmaya ba\u015flayan bir fakt\u00f6r olarak Avrupa Birli\u011fi \u00fcyeli\u011fi yolunda ilerleme kaydetmektedir. Portf\u00f6ylerini uluslararas\u0131 emlak ile \u00e7e\u015fitlendirmek isteyenler i\u00e7in Karada\u011f hem istikrar hem de b\u00fcy\u00fcme sunan bir pazar\u0131 temsil etmektedir.<\/p><h3 data-start=\"4947\" data-end=\"4992\">Yolun Her Ad\u0131m\u0131nda Uzmanlar Taraf\u0131ndan Y\u00f6nlendirilirsiniz<\/h3><p data-start=\"4994\" data-end=\"5344\">Yabanc\u0131 bir \u00fclkede emlak piyasas\u0131nda gezinmek uzmanl\u0131k ve g\u00fcven gerektirir. Bizim ekibimiz <a href=\"https:\/\/share.google\/8f6e3v0Vzja4pJZES\" target=\"_blank\" rel=\"noopener\">Sotheby's Realty<\/a> Karada\u011f emlak yolculu\u011funun her a\u015famas\u0131nda m\u00fc\u015fterilere rehberlik etme konusunda uzmanla\u015fm\u0131\u015ft\u0131r. \u0130lk aramadan m\u00fclk incelemelerine, m\u00fczakerelere ve son kapan\u0131\u015fa kadar, hedeflerinize g\u00f6re uyarlanm\u0131\u015f kesintisiz ve \u015feffaf hizmet sunuyoruz.<\/p><p data-start=\"5346\" data-end=\"5728\">Ayr\u0131ca, bir ev sat\u0131n alman\u0131n i\u015flemden daha fazlas\u0131 oldu\u011funu, Karada\u011f'daki ya\u015fam vizyonunuzu yans\u0131tan bir m\u00fclk bulmakla ilgili oldu\u011funu anl\u0131yoruz. Dan\u0131\u015fmanlar\u0131m\u0131z, ister mevsimlik konaklamalar i\u00e7in bir sahil dairesi, ister y\u0131l boyunca ya\u015famak i\u00e7in bir aile villas\u0131 veya uzun vadeli yat\u0131r\u0131m potansiyeline sahip bir miras m\u00fclk\u00fc ar\u0131yor olun, ya\u015fam tarz\u0131n\u0131z\u0131 anlamak i\u00e7in zaman ay\u0131r\u0131r.<\/p><h3 data-start=\"5730\" data-end=\"5754\">Yolculu\u011funuza Ba\u015flay\u0131n<\/h3><p data-start=\"5756\" data-end=\"6128\">Karada\u011f, her biri g\u00fczellik, konfor ve f\u0131rsat\u0131n bir kar\u0131\u015f\u0131m\u0131n\u0131 vaat eden \u00e7e\u015fitli ev se\u00e7enekleri sunar. Hayaliniz ister Adriyatik'e bakan bir balkondan g\u00fcn bat\u0131m\u0131n\u0131n keyfini \u00e7\u0131karmak, ister \u00f6zel bah\u00e7eli bir villada toplant\u0131lara ev sahipli\u011fi yapmak ya da tarihi bir ta\u015f evin zamans\u0131z atmosferine kendinizi kapt\u0131rmak olsun, Karada\u011f gayrimenkulleri bu vizyonu hayata ge\u00e7irebilir.<\/p><p data-start=\"6130\" data-end=\"6294\">Uzmanlar\u0131m\u0131z, Sotheby's Realty'nin d\u00fcnya \u00e7ap\u0131nda tan\u0131nd\u0131\u011f\u0131 bilgi, takdir ve e\u015fsiz hizmet sunarak size her ad\u0131mda yard\u0131mc\u0131 olmaya haz\u0131rd\u0131r.<\/p><hr data-start=\"6296\" data-end=\"6299\" \/><p data-start=\"6301\" data-end=\"6558\"><strong data-start=\"6301\" data-end=\"6556\">Yolculu\u011funuza bug\u00fcn ba\u015flay\u0131n ve Karada\u011f'\u0131n sundu\u011fu en iyi gayrimenkulleri ke\u015ffedin. Bu ola\u011fan\u00fcst\u00fc destinasyondaki daireleri, villalar\u0131 ve benzersiz m\u00fclkleri ke\u015ffetmek i\u00e7in ekibimizle ileti\u015fime ge\u00e7in ve Adriyatik'te hayalinizdeki evi bulman\u0131za yard\u0131mc\u0131 olmam\u0131za izin verin.<\/strong><\/p>\t\t\t\t\t\t\t\t<\/div>\n\t\t\t\t<\/div>\n\t\t\t\t\t<\/div>\n\t\t\t\t<\/div>\n\t\t\t\t<\/div>","protected":false},"excerpt":{"rendered":"<p>Discover Your Dream Home in Montenegro Real Estate Montenegro real estate offers one of the most remarkable opportunities in today\u2019s international property market\u2014a chance to [&hellip;]<\/p>\n","protected":false},"author":2,"featured_media":74563,"parent":0,"menu_order":0,"comment_status":"closed","ping_status":"closed","template":"template-sale.php","meta":{"_acf_changed":false,"_joinchat":[],"footnotes":""},"class_list":["post-75","page","type-page","status-publish","has-post-thumbnail","hentry"],"acf":[],"_links":{"self":[{"href":"https:\/\/sothebysrealty.me\/tr\/wp-json\/wp\/v2\/pages\/75","targetHints":{"allow":["GET"]}}],"collection":[{"href":"https:\/\/sothebysrealty.me\/tr\/wp-json\/wp\/v2\/pages"}],"about":[{"href":"https:\/\/sothebysrealty.me\/tr\/wp-json\/wp\/v2\/types\/page"}],"author":[{"embeddable":true,"href":"https:\/\/sothebysrealty.me\/tr\/wp-json\/wp\/v2\/users\/2"}],"replies":[{"embeddable":true,"href":"https:\/\/sothebysrealty.me\/tr\/wp-json\/wp\/v2\/comments?post=75"}],"version-history":[{"count":5,"href":"https:\/\/sothebysrealty.me\/tr\/wp-json\/wp\/v2\/pages\/75\/revisions"}],"predecessor-version":[{"id":79379,"href":"https:\/\/sothebysrealty.me\/tr\/wp-json\/wp\/v2\/pages\/75\/revisions\/79379"}],"wp:featuredmedia":[{"embeddable":true,"href":"https:\/\/sothebysrealty.me\/tr\/wp-json\/wp\/v2\/media\/74563"}],"wp:attachment":[{"href":"https:\/\/sothebysrealty.me\/tr\/wp-json\/wp\/v2\/media?parent=75"}],"curies":[{"name":"wp","href":"https:\/\/api.w.org\/{rel}","templated":true}]}}