{"id":68860,"date":"2025-06-03T08:36:14","date_gmt":"2025-06-03T08:36:14","guid":{"rendered":"https:\/\/sothebysrealty.me\/?page_id=68860"},"modified":"2026-04-13T11:20:48","modified_gmt":"2026-04-13T11:20:48","slug":"portonovi","status":"publish","type":"page","link":"https:\/\/sothebysrealty.me\/tr\/portonovi\/","title":{"rendered":"Portonovi"},"content":{"rendered":"<div data-elementor-type=\"wp-page\" data-elementor-id=\"68860\" class=\"elementor elementor-68860\" data-elementor-post-type=\"page\">\n\t\t\t\t<div class=\"elementor-element elementor-element-1ed84d7 e-flex e-con-boxed e-con e-parent\" data-id=\"1ed84d7\" data-element_type=\"container\" data-e-type=\"container\">\n\t\t\t\t\t<div class=\"e-con-inner\">\n\t\t\t\t<div class=\"elementor-element elementor-element-e03fe14 elementor-widget elementor-widget-text-editor\" data-id=\"e03fe14\" data-element_type=\"widget\" data-e-type=\"widget\" data-widget_type=\"text-editor.default\">\n\t\t\t\t<div class=\"elementor-widget-container\">\n\t\t\t\t\t\t\t\t\t<p>Montenegro'nun Portonovi b\u00f6lgesinde l\u00fcks konutlar\u0131 ke\u015ffedin. Bu se\u00e7kin sahil toplulu\u011fu, marina, kaliteli restoranlar, butikler ve y\u0131l boyunca tam zamanl\u0131 ya\u015fam veya yat\u0131r\u0131m i\u00e7in olanaklar sunan daireler, \u00e7at\u0131 katlar\u0131, marina cepheli konutlar ve villalar sunmaktad\u0131r.<\/p>\t\t\t\t\t\t\t\t<\/div>\n\t\t\t\t<\/div>\n\t\t\t\t\t<\/div>\n\t\t\t\t<\/div>\n\t\t<div class=\"elementor-element elementor-element-e96b10f e-flex e-con-boxed e-con e-parent\" data-id=\"e96b10f\" data-element_type=\"container\" data-e-type=\"container\">\n\t\t\t\t\t<div class=\"e-con-inner\">\n\t\t\t\t<div class=\"elementor-element elementor-element-4d053c9e elementor-widget elementor-widget-text-editor\" data-id=\"4d053c9e\" data-element_type=\"widget\" data-e-type=\"widget\" data-widget_type=\"text-editor.default\">\n\t\t\t\t<div class=\"elementor-widget-container\">\n\t\t\t\t\t\t\t\t\t<p>Portonovi, Kotor K\u00f6rfezi'nin giri\u015finde l\u00fcks yat liman\u0131 ya\u015fam tarz\u0131 sunan, Karada\u011f'\u0131n en \u00f6zel sahil destinasyonlar\u0131ndan biridir. Premium konutlar\u0131, rafine mimarisi ve d\u00fcnya standartlar\u0131ndaki imkanlar\u0131yla tan\u0131nan Portonovi, birinci s\u0131n\u0131f bir sahil konumunda konfor, g\u00fcvenlik ve uzun vadeli de\u011fer arayan uluslararas\u0131 al\u0131c\u0131lar\u0131 \u00e7ekmektedir.<\/p><p>\u00dcst d\u00fczey bir ikinci ev, deniz kenar\u0131nda bir ya\u015fam tarz\u0131 veya \u00fclkenin en iyi konumland\u0131r\u0131lm\u0131\u015f topluluklar\u0131ndan birinde premium bir yat\u0131r\u0131m hedefliyorsan\u0131z, Portonovi ilk tercihiniz olacakt\u0131r.<\/p><h2>Al\u0131c\u0131lar Neden Portonovi'yi Se\u00e7iyor?<\/h2><p>Portonovi, l\u00fcks, gizlilik ve her \u015feyin \u00fcst d\u00fczeyde tasarland\u0131\u011f\u0131 \u201ctam\u201d bir ortam isteyen al\u0131c\u0131lar i\u00e7in \u00f6ne \u00e7\u0131k\u0131yor.<\/p><p>Al\u0131c\u0131lar\u0131n Portonovi'yi tercih etmesinin yayg\u0131n nedenleri \u015funlard\u0131r:<\/p><p>\u2022 Kotor K\u00f6rfezi b\u00f6lgesinde prestijli bir sahil adresi<\/p><p>\u2022 L\u00fcks altyap\u0131, zarif kamusal alanlar ve rafine bir atmosfer<br \/>\u2022 \u0130kinci konut sahipleri ve yat ya\u015fam tarz\u0131 m\u00fc\u015fterileri i\u00e7in g\u00fc\u00e7l\u00fc cazibe<br \/>\u2022 Eski sahil pazar\u0131n\u0131n \u00e7o\u011funa k\u0131yasla y\u00fcksek kaliteli in\u015faat<br \/>\u2022 Uluslararas\u0131 sahiplik i\u00e7in ideal, g\u00fcvenli ve iyi y\u00f6netilen bir ortam<br \/>\u2022 Konfor ve hizmet odakl\u0131 premium bir topluluk hissi<\/p><p>E\u011fer karma\u015fa olmadan \u00fcst d\u00fczey bir ya\u015fam sunan, zahmetsiz l\u00fcks bir ev istiyorsan\u0131z Portonovi \u00f6zellikle cazip.<\/p><h2>Portonovi'de Mevcut Gayrimenkul Tipleri<\/h2><p>Portonovi, genellikle kaliteli daireler ve l\u00fcks konutlara odaklanan, modern sahil ya\u015fam\u0131 i\u00e7in tasarlanm\u0131\u015f birinci s\u0131n\u0131f evler sunmaktad\u0131r.<\/p><h3>Sahil Hatt\u0131 Apartman Daireleri ve Marina Tarz\u0131 Konutlar<\/h3><p>Portonovi'deki l\u00fcks apartmanlar en \u00e7ok talep edilen kesimdir ve genellikle \u015funlar\u0131 i\u00e7erir:<\/p><p>\u2022 modern a\u00e7\u0131k plan d\u00fczenlemeler<br \/>\u2022 teraslar ve deniz manzaralar\u0131<br \/>\u2022 premium bina hizmetleri ve bak\u0131ml\u0131 \u00e7evreler<br \/>\u2022 sahildeki y\u00fcr\u00fcy\u00fc\u015f yollar\u0131na ve olanaklara kolay eri\u015fim<\/p><p>Bu evler, az bak\u0131m gerektiren ve g\u00fc\u00e7l\u00fc ya\u015fam de\u011feri arayan al\u0131c\u0131lar i\u00e7in idealdir.<\/p><h3>Ya\u015fam Tarz\u0131 ve Yat\u0131r\u0131m \u0130\u00e7in L\u00fcks Konutlar<\/h3><p>Portonovi ayr\u0131ca \u015funlar\u0131 arayan al\u0131c\u0131lar i\u00e7in de caziptir:<\/p><p>\u2022 \u00fcst d\u00fczey aile ya\u015fam\u0131<br \/>\u2022 m\u00fckemmel hizmetlere sahip g\u00fcvenli bir sahil \u00fcss\u00fc<br \/>\u2022 \u201cKilitlenip \u00e7\u0131k\u0131labilecek\u201d bir m\u00fclk se\u00e7ene\u011fi<br \/>\u2022 premium kiralama potansiyeli (birim tipine ve mevsime ba\u011fl\u0131 olarak)<\/p><p>Buradaki do\u011fru ev de\u011ferlidir \u00e7\u00fcnk\u00fc piyasa a\u00e7\u0131k\u00e7a \u00fcst segmentte konumlanm\u0131\u015ft\u0131r.<\/p><h2>Portonovi Ya\u015fam Tarz\u0131 \u2014 Burada Ya\u015famak Nas\u0131l Bir \u015eey?<\/h2><p>Portonovi sakin, zarif ve konforlu k\u0131y\u0131 ya\u015fam\u0131 i\u00e7in tasarlanm\u0131\u015ft\u0131r. Bir\u00e7ok sahip buray\u0131 tercih ediyor \u00e7\u00fcnk\u00fc:<\/p><p>\u2022 temiz, modern, uluslararas\u0131 bir ortam<br \/>\u2022 y\u00fcr\u00fcnebilir sahil \u015feritleri<br \/>\u2022 \u00fcst d\u00fczey yemek ve ya\u015fam tarz\u0131 hizmetleri<br \/>\u2022 gizlilik ve iyi y\u00f6netilen bir topluluk hissi<\/p><p>Daha sakin, daha rafine bir atmosferi tercih eden ancak yine de l\u00fcks isteyen al\u0131c\u0131lar i\u00e7in g\u00fc\u00e7l\u00fc bir se\u00e7enektir.<\/p><h2>Portonovi \u0130yi Bir Yat\u0131r\u0131m m\u0131?<\/h2><p>Portonovi genellikle uzun vadeli \u00fcst d\u00fczey bir varl\u0131k olarak g\u00f6r\u00fcl\u00fcyor \u00e7\u00fcnk\u00fc \u015funlar\u0131 birle\u015ftiriyor:<\/p><p>\u2022 \u00f6n cepheli birinci s\u0131n\u0131f sahil konumu<br \/>\u2022 l\u00fcks d\u00fczeyde topluluk kimli\u011fi<br \/>\u2022 ya\u015fam tarz\u0131 ve uluslararas\u0131 al\u0131c\u0131lardan devam eden talep<br \/>\u2022 premium kiralamalar ve sat\u0131\u015f likiditesi i\u00e7in g\u00fc\u00e7l\u00fc talep (do\u011fru m\u00fclkler i\u00e7in)<\/p><p>Herhangi bir l\u00fcks al\u0131mda oldu\u011fu gibi, yat\u0131r\u0131m performans\u0131 b\u00fcy\u00fck \u00f6l\u00e7\u00fcde \u015funlara ba\u011fl\u0131d\u0131r:<\/p><p>\u2022 tam birim konumu<br \/>\u2022 su kenar\u0131na yak\u0131nl\u0131k ve manzara<br \/>\u2022 d\u00fczen kalitesi ve uzun vadeli cazibe<br \/>\u2022 otopark ve bina hizmetleri<\/p><p>Ak\u0131ll\u0131ca sat\u0131n almak istiyorsan\u0131z, etiketten ziyade zamans\u0131z d\u00fczenlere ve \u00fcst\u00fcn konumland\u0131rmaya odaklan\u0131n.<\/p><h2>Portonovi - Porto Montenegro (H\u0131zl\u0131 Kar\u015f\u0131la\u015ft\u0131rma)<\/h2><p>Hem Portonovi hem de Porto Montenegro \u00fcst d\u00fczey l\u00fcks pazarlar\u0131d\u0131r ancak ya\u015fam tarzlar\u0131 farkl\u0131 hissettirir.<\/p><p>Portonovi \u015funlar\u0131 istiyorsan\u0131z idealdir:<\/p><p>\u2022 daha sakin, daha \u00f6zel bir l\u00fcks atmosfer<br \/>\u2022  l\u00fcks sahil ya\u015fam\u0131 ve ayr\u0131cal\u0131k<br \/>\u2022 rahat bir tempo ve birinci s\u0131n\u0131f ortam<\/p><p>Porto Montenegro \u015funlar\u0131 istiyorsan\u0131z idealdir:<\/p><p>\u2022 daha fazla kentsel enerji ve sosyal ortam<br \/>\u2022 Tivat'ta daha g\u00fc\u00e7l\u00fc \u201cmarina \u015fehir\u201d ya\u015fam tarz\u0131<br \/>\u2022 y\u0131l boyunca daha geni\u015f etkinlik<\/p><p>Bir\u00e7ok al\u0131c\u0131 her ikisini de k\u0131sa listeye al\u0131r ve ard\u0131ndan atmosfer, g\u00fcnl\u00fck ya\u015fam d\u00fczeni ve ki\u015fisel tercihlere g\u00f6re karar verir.<\/p><h2>Portonovi'de Sat\u0131n Almadan \u00d6nce Nelere Dikkat Etmelisiniz?<\/h2><p>Premium projelerde bile ak\u0131ll\u0131 al\u0131c\u0131lar sat\u0131n almadan \u00f6nce \u00f6nemli ayr\u0131nt\u0131lar\u0131 teyit etmelidir:<\/p><p>\u2022 topluluk i\u00e7indeki tam mikro konum<br \/>\u2022 hatlar\u0131 ve gelecekteki yak\u0131ndaki geli\u015fmeleri g\u00f6r\u00fcnt\u00fcleyin<br \/>\u2022 park ve depolama imkan\u0131<br \/>\u2022 mobilya ve sat\u0131\u015fa nelerin dahil oldu\u011fu<br \/>\u2022 sahiplik belgeleri ve sat\u0131n alma yap\u0131s\u0131<br \/>\u2022 kira y\u00f6netimi potansiyeli (yat\u0131r\u0131m odakl\u0131ysa)<\/p><p>L\u00fcks bir al\u0131\u015fveri\u015f heyecan verici hissettirmeli - ancak ayn\u0131 zamanda temiz, g\u00fcvenli ve stratejik olmal\u0131d\u0131r.<\/p><h2>Portonovi \u0130lanlar\u0131n\u0131 Ke\u015ffedin<\/h2><p>Mevcut Portonovi kiral\u0131k m\u00fclklerimize g\u00f6z at\u0131n ve b\u00fct\u00e7enize ve ya\u015fam tarz\u0131 hedeflerinize g\u00f6re \u00f6zel bir k\u0131sa liste isteyin.<\/p><p>Daha h\u0131zl\u0131 bir se\u00e7im s\u00fcreci istiyorsan\u0131z, bize \u015funu s\u00f6yleyin:<\/p><p>\u2022 Hedef b\u00fct\u00e7e aral\u0131\u011f\u0131n\u0131z<br \/>\u2022 Tercih edilen yatak odas\u0131 say\u0131s\u0131 ve m\u00fclk tipi<br \/>\u2022 Vazge\u00e7ilmezler (sahil kenar\u0131, deniz manzaras\u0131, teras, otopark)<br \/>\u2022 bunun ya\u015famay\u0131 m\u0131, yat\u0131r\u0131m yapmay\u0131 m\u0131, yoksa her ikisini birden mi ama\u00e7lad\u0131\u011f\u0131<\/p><p>En uygun se\u00e7eneklerin derlenmi\u015f bir listesini g\u00f6nderece\u011fiz ve g\u00f6r\u00fc\u015fmeleri verimli bir \u015fekilde ayarlayaca\u011f\u0131z.<\/p><p>Portonovi'de Ayr\u0131cal\u0131kl\u0131 M\u00fclklerin Kilidini A\u00e7\u0131n \u2014 <a href=\"https:\/\/share.google\/S6Lubp1nMhsvVWnRK\" target=\"_blank\" rel=\"noopener\">Sotheby's Porto Montenegro Ofisi ile ileti\u015fime ge\u00e7in<\/a><\/p>\t\t\t\t\t\t\t\t<\/div>\n\t\t\t\t<\/div>\n\t\t\t\t<div class=\"elementor-element elementor-element-f0610ee elementor-widget elementor-widget-heading\" data-id=\"f0610ee\" data-element_type=\"widget\" data-e-type=\"widget\" data-widget_type=\"heading.default\">\n\t\t\t\t<div class=\"elementor-widget-container\">\n\t\t\t\t\t<h2 class=\"elementor-heading-title elementor-size-default\">Portonovi - L\u00fcks Gayrimenkul SSS<\/h2>\t\t\t\t<\/div>\n\t\t\t\t<\/div>\n\t\t\t\t<div class=\"elementor-element elementor-element-aecb524 elementor-widget elementor-widget-n-accordion\" data-id=\"aecb524\" data-element_type=\"widget\" data-e-type=\"widget\" data-settings=\"{&quot;default_state&quot;:&quot;expanded&quot;,&quot;max_items_expended&quot;:&quot;one&quot;,&quot;n_accordion_animation_duration&quot;:{&quot;unit&quot;:&quot;ms&quot;,&quot;size&quot;:400,&quot;sizes&quot;:[]}}\" data-widget_type=\"nested-accordion.default\">\n\t\t\t\t<div class=\"elementor-widget-container\">\n\t\t\t\t\t\t\t<div class=\"e-n-accordion\" aria-label=\"Akordeon. Ba\u011flant\u0131lar\u0131 Enter veya Bo\u015fluk tu\u015fuyla a\u00e7\u0131n, Escape tu\u015fuyla kapat\u0131n ve Ok Tu\u015flar\u0131yla gezinin\">\n\t\t\t\t\t\t<details id=\"e-n-accordion-item-1830\" class=\"e-n-accordion-item\" open>\n\t\t\t\t<summary class=\"e-n-accordion-item-title\" data-accordion-index=\"1\" tabindex=\"0\" aria-expanded=\"true\" aria-controls=\"e-n-accordion-item-1830\" >\n\t\t\t\t\t<span class='e-n-accordion-item-title-header'><h3 class=\"e-n-accordion-item-title-text\"> Portonovi'yi bir m\u00fclk i\u00e7in neden se\u00e7melisiniz? <\/h3><\/span>\n\t\t\t\t\t\t\t<span class='e-n-accordion-item-title-icon'>\n\t\t\t<span class='e-opened' ><svg aria-hidden=\"true\" class=\"e-font-icon-svg e-fas-minus\" viewbox=\"0 0 448 512\" xmlns=\"http:\/\/www.w3.org\/2000\/svg\"><path d=\"M416 208H32c-17.67 0-32 14.33-32 32v32c0 17.67 14.33 32 32 32h384c17.67 0 32-14.33 32-32v-32c0-17.67-14.33-32-32-32z\"><\/path><\/svg><\/span>\n\t\t\t<span class='e-closed'><svg aria-hidden=\"true\" class=\"e-font-icon-svg e-fas-plus\" viewbox=\"0 0 448 512\" xmlns=\"http:\/\/www.w3.org\/2000\/svg\"><path d=\"M416 208H272V64c0-17.67-14.33-32-32-32h-32c-17.67 0-32 14.33-32 32v144H32c-17.67 0-32 14.33-32 32v32c0 17.67 14.33 32 32 32h144v144c0 17.67 14.33 32 32 32h32c17.67 0 32-14.33 32-32V304h144c17.67 0 32-14.33 32-32v-32c0-17.67-14.33-32-32-32z\"><\/path><\/svg><\/span>\n\t\t<\/span>\n\n\t\t\t\t\t\t<\/summary>\n\t\t\t\t<div role=\"region\" aria-labelledby=\"e-n-accordion-item-1830\" class=\"elementor-element elementor-element-98d6257 e-con-full e-flex e-con e-child\" data-id=\"98d6257\" data-element_type=\"container\" data-e-type=\"container\">\n\t\t\t\t<div class=\"elementor-element elementor-element-470b53b elementor-widget elementor-widget-text-editor\" data-id=\"470b53b\" data-element_type=\"widget\" data-e-type=\"widget\" data-widget_type=\"text-editor.default\">\n\t\t\t\t<div class=\"elementor-widget-container\">\n\t\t\t\t\t\t\t\t\t<p>Portonovi, Karada\u011f'\u0131n Kotor K\u00f6rfezi giri\u015finde yer alan se\u00e7kin bir sahil yerle\u015fim b\u00f6lgesidir. D\u00fcnya standartlar\u0131nda bir marina ile l\u00fcks rezidanslar\u0131, gurme restoranlar\u0131, butikleri ve suya do\u011frudan eri\u015fimi bir araya getirerek, tam zamanl\u0131 sakinler, ikinci konut sahipleri ve yat\u0131r\u0131mc\u0131lar i\u00e7in eksiksiz bir \u00fcst d\u00fczey ya\u015fam tarz\u0131 sunmaktad\u0131r.<\/p>\t\t\t\t\t\t\t\t<\/div>\n\t\t\t\t<\/div>\n\t\t\t\t<\/div>\n\t\t\t\t\t<\/details>\n\t\t\t\t\t\t<details id=\"e-n-accordion-item-1831\" class=\"e-n-accordion-item\" >\n\t\t\t\t<summary class=\"e-n-accordion-item-title\" data-accordion-index=\"2\" tabindex=\"-1\" aria-expanded=\"false\" aria-controls=\"e-n-accordion-item-1831\" >\n\t\t\t\t\t<span class='e-n-accordion-item-title-header'><h3 class=\"e-n-accordion-item-title-text\"> Portonovi'de ne t\u00fcr m\u00fclkler sat\u0131n alabilirim? <\/h3><\/span>\n\t\t\t\t\t\t\t<span class='e-n-accordion-item-title-icon'>\n\t\t\t<span class='e-opened' ><svg aria-hidden=\"true\" class=\"e-font-icon-svg e-fas-minus\" viewbox=\"0 0 448 512\" xmlns=\"http:\/\/www.w3.org\/2000\/svg\"><path d=\"M416 208H32c-17.67 0-32 14.33-32 32v32c0 17.67 14.33 32 32 32h384c17.67 0 32-14.33 32-32v-32c0-17.67-14.33-32-32-32z\"><\/path><\/svg><\/span>\n\t\t\t<span class='e-closed'><svg aria-hidden=\"true\" class=\"e-font-icon-svg e-fas-plus\" viewbox=\"0 0 448 512\" xmlns=\"http:\/\/www.w3.org\/2000\/svg\"><path d=\"M416 208H272V64c0-17.67-14.33-32-32-32h-32c-17.67 0-32 14.33-32 32v144H32c-17.67 0-32 14.33-32 32v32c0 17.67 14.33 32 32 32h144v144c0 17.67 14.33 32 32 32h32c17.67 0 32-14.33 32-32V304h144c17.67 0 32-14.33 32-32v-32c0-17.67-14.33-32-32-32z\"><\/path><\/svg><\/span>\n\t\t<\/span>\n\n\t\t\t\t\t\t<\/summary>\n\t\t\t\t<div role=\"region\" aria-labelledby=\"e-n-accordion-item-1831\" class=\"elementor-element elementor-element-32d4e7b e-con-full e-flex e-con e-child\" data-id=\"32d4e7b\" data-element_type=\"container\" data-e-type=\"container\">\n\t\t\t\t<div class=\"elementor-element elementor-element-3e775f0 elementor-widget elementor-widget-text-editor\" data-id=\"3e775f0\" data-element_type=\"widget\" data-e-type=\"widget\" data-widget_type=\"text-editor.default\">\n\t\t\t\t<div class=\"elementor-widget-container\">\n\t\t\t\t\t\t\t\t\t<p>Portonovi \u015funlar\u0131 i\u00e7eren l\u00fcks emlak se\u00e7enekleri sunmaktad\u0131r:<\/p><ul><li>Panoramik manzaral\u0131 modern daireler ve \u00e7at\u0131 katlar\u0131<\/li><li>Marina cepheli konutlar ve dubleks daireler<\/li><li>\u00d6zel villalar<\/li><\/ul><p>Bir\u00e7ok m\u00fclkte y\u00fcksek kaliteli kaplamalar, k\u00f6rfez manzaral\u0131 teraslar veya bah\u00e7eler ile marinan\u0131n ve topluluk olanaklar\u0131n\u0131n yak\u0131nl\u0131\u011f\u0131 bulunmaktad\u0131r.<\/p>\t\t\t\t\t\t\t\t<\/div>\n\t\t\t\t<\/div>\n\t\t\t\t<\/div>\n\t\t\t\t\t<\/details>\n\t\t\t\t\t\t<details id=\"e-n-accordion-item-1832\" class=\"e-n-accordion-item\" >\n\t\t\t\t<summary class=\"e-n-accordion-item-title\" data-accordion-index=\"3\" tabindex=\"-1\" aria-expanded=\"false\" aria-controls=\"e-n-accordion-item-1832\" >\n\t\t\t\t\t<span class='e-n-accordion-item-title-header'><h3 class=\"e-n-accordion-item-title-text\"> Portonovi iyi bir yat\u0131r\u0131m yeri midir? <\/h3><\/span>\n\t\t\t\t\t\t\t<span class='e-n-accordion-item-title-icon'>\n\t\t\t<span class='e-opened' ><svg aria-hidden=\"true\" class=\"e-font-icon-svg e-fas-minus\" viewbox=\"0 0 448 512\" xmlns=\"http:\/\/www.w3.org\/2000\/svg\"><path d=\"M416 208H32c-17.67 0-32 14.33-32 32v32c0 17.67 14.33 32 32 32h384c17.67 0 32-14.33 32-32v-32c0-17.67-14.33-32-32-32z\"><\/path><\/svg><\/span>\n\t\t\t<span class='e-closed'><svg aria-hidden=\"true\" class=\"e-font-icon-svg e-fas-plus\" viewbox=\"0 0 448 512\" xmlns=\"http:\/\/www.w3.org\/2000\/svg\"><path d=\"M416 208H272V64c0-17.67-14.33-32-32-32h-32c-17.67 0-32 14.33-32 32v144H32c-17.67 0-32 14.33-32 32v32c0 17.67 14.33 32 32 32h144v144c0 17.67 14.33 32 32 32h32c17.67 0 32-14.33 32-32V304h144c17.67 0 32-14.33 32-32v-32c0-17.67-14.33-32-32-32z\"><\/path><\/svg><\/span>\n\t\t<\/span>\n\n\t\t\t\t\t\t<\/summary>\n\t\t\t\t<div role=\"region\" aria-labelledby=\"e-n-accordion-item-1832\" class=\"elementor-element elementor-element-21c9ba8 e-con-full e-flex e-con e-child\" data-id=\"21c9ba8\" data-element_type=\"container\" data-e-type=\"container\">\n\t\t\t\t<div class=\"elementor-element elementor-element-e234965 elementor-widget elementor-widget-text-editor\" data-id=\"e234965\" data-element_type=\"widget\" data-e-type=\"widget\" data-widget_type=\"text-editor.default\">\n\t\t\t\t<div class=\"elementor-widget-container\">\n\t\t\t\t\t\t\t\t\t<p>Evet. Portonovi'nin s\u0131n\u0131rl\u0131 say\u0131da \u00fcst d\u00fczey konutu, Adriyatik'teki birinci s\u0131n\u0131f konumu ve uluslararas\u0131 al\u0131c\u0131lara hitap etmesi, ki\u015fisel kullan\u0131m veya uzun vadeli yat\u0131r\u0131m i\u00e7in cazip bir se\u00e7enek haline getiriyor. Toplulu\u011fun se\u00e7kinli\u011fi ve y\u00fcksek kaliteli altyap\u0131s\u0131, sermaye de\u011fer art\u0131\u015f\u0131 ve kira geliri potansiyelini destekliyor.<\/p>\t\t\t\t\t\t\t\t<\/div>\n\t\t\t\t<\/div>\n\t\t\t\t<\/div>\n\t\t\t\t\t<\/details>\n\t\t\t\t\t\t<details id=\"e-n-accordion-item-1833\" class=\"e-n-accordion-item\" >\n\t\t\t\t<summary class=\"e-n-accordion-item-title\" data-accordion-index=\"4\" tabindex=\"-1\" aria-expanded=\"false\" aria-controls=\"e-n-accordion-item-1833\" >\n\t\t\t\t\t<span class='e-n-accordion-item-title-header'><h3 class=\"e-n-accordion-item-title-text\"> Portonovi'de m\u00fclk\u00fcm\u00fc kiraya verebilir miyim? <\/h3><\/span>\n\t\t\t\t\t\t\t<span class='e-n-accordion-item-title-icon'>\n\t\t\t<span class='e-opened' ><svg aria-hidden=\"true\" class=\"e-font-icon-svg e-fas-minus\" viewbox=\"0 0 448 512\" xmlns=\"http:\/\/www.w3.org\/2000\/svg\"><path d=\"M416 208H32c-17.67 0-32 14.33-32 32v32c0 17.67 14.33 32 32 32h384c17.67 0 32-14.33 32-32v-32c0-17.67-14.33-32-32-32z\"><\/path><\/svg><\/span>\n\t\t\t<span class='e-closed'><svg aria-hidden=\"true\" class=\"e-font-icon-svg e-fas-plus\" viewbox=\"0 0 448 512\" xmlns=\"http:\/\/www.w3.org\/2000\/svg\"><path d=\"M416 208H272V64c0-17.67-14.33-32-32-32h-32c-17.67 0-32 14.33-32 32v144H32c-17.67 0-32 14.33-32 32v32c0 17.67 14.33 32 32 32h144v144c0 17.67 14.33 32 32 32h32c17.67 0 32-14.33 32-32V304h144c17.67 0 32-14.33 32-32v-32c0-17.67-14.33-32-32-32z\"><\/path><\/svg><\/span>\n\t\t<\/span>\n\n\t\t\t\t\t\t<\/summary>\n\t\t\t\t<div role=\"region\" aria-labelledby=\"e-n-accordion-item-1833\" class=\"elementor-element elementor-element-ee0c30f e-con-full e-flex e-con e-child\" data-id=\"ee0c30f\" data-element_type=\"container\" data-e-type=\"container\">\n\t\t\t\t<div class=\"elementor-element elementor-element-3e9e4f9 elementor-widget elementor-widget-text-editor\" data-id=\"3e9e4f9\" data-element_type=\"widget\" data-e-type=\"widget\" data-widget_type=\"text-editor.default\">\n\t\t\t\t<div class=\"elementor-widget-container\">\n\t\t\t\t\t\t\t\t\t<p>Kesinlikle. Portonovi'deki kiral\u0131k m\u00fclklere olan talep marina ya\u015fam tarz\u0131 ve se\u00e7kin konumu nedeniyle g\u00fc\u00e7l\u00fcd\u00fcr. Sahipler k\u0131sa veya uzun vadeli kiralamalar\u0131 tercih edebilirler ve biz de kira potansiyeli, kirac\u0131 bulma ve yerel d\u00fczenlemelere uyumluluk konusunda rehberlik sa\u011fl\u0131yoruz.<\/p>\t\t\t\t\t\t\t\t<\/div>\n\t\t\t\t<\/div>\n\t\t\t\t<\/div>\n\t\t\t\t\t<\/details>\n\t\t\t\t\t\t<details id=\"e-n-accordion-item-1834\" class=\"e-n-accordion-item\" >\n\t\t\t\t<summary class=\"e-n-accordion-item-title\" data-accordion-index=\"5\" tabindex=\"-1\" aria-expanded=\"false\" aria-controls=\"e-n-accordion-item-1834\" >\n\t\t\t\t\t<span class='e-n-accordion-item-title-header'><h3 class=\"e-n-accordion-item-title-text\"> Portonovi, y\u0131l boyunca ya\u015famaya uygun mu? <\/h3><\/span>\n\t\t\t\t\t\t\t<span class='e-n-accordion-item-title-icon'>\n\t\t\t<span class='e-opened' ><svg aria-hidden=\"true\" class=\"e-font-icon-svg e-fas-minus\" viewbox=\"0 0 448 512\" xmlns=\"http:\/\/www.w3.org\/2000\/svg\"><path d=\"M416 208H32c-17.67 0-32 14.33-32 32v32c0 17.67 14.33 32 32 32h384c17.67 0 32-14.33 32-32v-32c0-17.67-14.33-32-32-32z\"><\/path><\/svg><\/span>\n\t\t\t<span class='e-closed'><svg aria-hidden=\"true\" class=\"e-font-icon-svg e-fas-plus\" viewbox=\"0 0 448 512\" xmlns=\"http:\/\/www.w3.org\/2000\/svg\"><path d=\"M416 208H272V64c0-17.67-14.33-32-32-32h-32c-17.67 0-32 14.33-32 32v144H32c-17.67 0-32 14.33-32 32v32c0 17.67 14.33 32 32 32h144v144c0 17.67 14.33 32 32 32h32c17.67 0 32-14.33 32-32V304h144c17.67 0 32-14.33 32-32v-32c0-17.67-14.33-32-32-32z\"><\/path><\/svg><\/span>\n\t\t<\/span>\n\n\t\t\t\t\t\t<\/summary>\n\t\t\t\t<div role=\"region\" aria-labelledby=\"e-n-accordion-item-1834\" class=\"elementor-element elementor-element-2d0b1ab e-con-full e-flex e-con e-child\" data-id=\"2d0b1ab\" data-element_type=\"container\" data-e-type=\"container\">\n\t\t\t\t<div class=\"elementor-element elementor-element-7a22227 elementor-widget elementor-widget-text-editor\" data-id=\"7a22227\" data-element_type=\"widget\" data-e-type=\"widget\" data-widget_type=\"text-editor.default\">\n\t\t\t\t<div class=\"elementor-widget-container\">\n\t\t\t\t\t\t\t\t\t<p>Evet. Portonovi, d\u00fckkanlar, restoranlar, sosyal alanlar ve marina hizmetleri dahil olmak \u00fczere tam zamanl\u0131 ya\u015fam i\u00e7in gerekli t\u00fcm olanaklar\u0131 sunmaktad\u0131r. Topluluk, tatil k\u00f6y\u00fc benzeri konforu pratik altyap\u0131 ile birle\u015ftirerek hem daimi sakinler hem de mevsimlik konut sahipleri i\u00e7in ideal bir ortam sunmaktad\u0131r.<\/p>\t\t\t\t\t\t\t\t<\/div>\n\t\t\t\t<\/div>\n\t\t\t\t<\/div>\n\t\t\t\t\t<\/details>\n\t\t\t\t\t<\/div>\n\t\t\t\t\t\t<\/div>\n\t\t\t\t<\/div>\n\t\t\t\t<div class=\"elementor-element elementor-element-0b2e062 elementor-widget elementor-widget-google_maps\" data-id=\"0b2e062\" data-element_type=\"widget\" data-e-type=\"widget\" data-widget_type=\"google_maps.default\">\n\t\t\t\t<div class=\"elementor-widget-container\">\n\t\t\t\t\t\t\t<div class=\"elementor-custom-embed\">\n\t\t\t<iframe loading=\"lazy\"\n\t\t\t\t\tsrc=\"https:\/\/maps.google.com\/maps?q=Portonovi%2C%20Montenegro&#038;t=m&#038;z=15&#038;output=embed&#038;iwloc=near\"\n\t\t\t\t\ttitle=\"Portonovi, Karada\u011f\"\n\t\t\t\t\taria-label=\"Portonovi, Karada\u011f\"\n\t\t\t><\/iframe>\n\t\t<\/div>\n\t\t\t\t\t\t<\/div>\n\t\t\t\t<\/div>\n\t\t\t\t<div class=\"elementor-element elementor-element-5e07dcc elementor-cta--skin-classic elementor-animated-content elementor-bg-transform elementor-bg-transform-zoom-in elementor-widget elementor-widget-call-to-action\" data-id=\"5e07dcc\" data-element_type=\"widget\" data-e-type=\"widget\" data-widget_type=\"call-to-action.default\">\n\t\t\t\t<div class=\"elementor-widget-container\">\n\t\t\t\t\t\t\t<div class=\"elementor-cta\">\n\t\t\t\t\t\t\t<div class=\"elementor-cta__content\">\n\t\t\t\t\n\t\t\t\t\t\t\t\t\t<h2 class=\"elementor-cta__title elementor-cta__content-item elementor-content-item\">\n\t\t\t\t\t\tPortonovi'de sat\u0131n almakla ilgileniyor musunuz?\t\t\t\t\t<\/h2>\n\t\t\t\t\n\t\t\t\t\t\t\t\t\t<div class=\"elementor-cta__description elementor-cta__content-item elementor-content-item\">\n\t\t\t\t\t\tG\u00fcvenilir rehberlik ve l\u00fcks deniz kenar\u0131 evlerine, apartman dairelerine ve \u00f6zenle se\u00e7ilmi\u015f yat\u0131r\u0131m se\u00e7eneklerine \u00f6zel eri\u015fim i\u00e7in ekibimizle ileti\u015fime ge\u00e7in.\t\t\t\t\t<\/div>\n\t\t\t\t\n\t\t\t\t\t\t\t\t\t<div class=\"elementor-cta__button-wrapper elementor-cta__content-item elementor-content-item\">\n\t\t\t\t\t<a class=\"elementor-cta__button elementor-button elementor-size-\" href=\"https:\/\/sothebysrealty.me\/tr\/iletisim\/\">\n\t\t\t\t\t\tBuraya T\u0131klay\u0131n\t\t\t\t\t<\/a>\n\t\t\t\t\t<\/div>\n\t\t\t\t\t\t\t<\/div>\n\t\t\t\t\t\t<\/div>\n\t\t\t\t\t\t<\/div>\n\t\t\t\t<\/div>\n\t\t\t\t\t<\/div>\n\t\t\t\t<\/div>\n\t\t\t\t<\/div>","protected":false},"excerpt":{"rendered":"<p>Explore luxury properties in Portonovi, Montenegro. This exclusive coastal community offers apartments, penthouses, marina-front residences, and villas, with direct access to the marina, fine dining, [&hellip;]<\/p>\n","protected":false},"author":9,"featured_media":74584,"parent":0,"menu_order":0,"comment_status":"closed","ping_status":"closed","template":"template-portonovi.php","meta":{"_acf_changed":false,"_joinchat":[],"footnotes":""},"class_list":["post-68860","page","type-page","status-publish","has-post-thumbnail","hentry"],"acf":[],"_links":{"self":[{"href":"https:\/\/sothebysrealty.me\/tr\/wp-json\/wp\/v2\/pages\/68860","targetHints":{"allow":["GET"]}}],"collection":[{"href":"https:\/\/sothebysrealty.me\/tr\/wp-json\/wp\/v2\/pages"}],"about":[{"href":"https:\/\/sothebysrealty.me\/tr\/wp-json\/wp\/v2\/types\/page"}],"author":[{"embeddable":true,"href":"https:\/\/sothebysrealty.me\/tr\/wp-json\/wp\/v2\/users\/9"}],"replies":[{"embeddable":true,"href":"https:\/\/sothebysrealty.me\/tr\/wp-json\/wp\/v2\/comments?post=68860"}],"version-history":[{"count":5,"href":"https:\/\/sothebysrealty.me\/tr\/wp-json\/wp\/v2\/pages\/68860\/revisions"}],"predecessor-version":[{"id":79330,"href":"https:\/\/sothebysrealty.me\/tr\/wp-json\/wp\/v2\/pages\/68860\/revisions\/79330"}],"wp:featuredmedia":[{"embeddable":true,"href":"https:\/\/sothebysrealty.me\/tr\/wp-json\/wp\/v2\/media\/74584"}],"wp:attachment":[{"href":"https:\/\/sothebysrealty.me\/tr\/wp-json\/wp\/v2\/media?parent=68860"}],"curies":[{"name":"wp","href":"https:\/\/api.w.org\/{rel}","templated":true}]}}