{"id":637,"date":"2020-06-22T13:29:49","date_gmt":"2020-06-22T13:29:49","guid":{"rendered":"https:\/\/sothebys.wp1.smartweb.rs\/?page_id=637"},"modified":"2026-04-13T11:11:26","modified_gmt":"2026-04-13T11:11:26","slug":"porto-montenegro","status":"publish","type":"page","link":"https:\/\/sothebysrealty.me\/tr\/porto-montenegro\/","title":{"rendered":"Porto Montenegro L\u00fcks Emlak"},"content":{"rendered":"<div data-elementor-type=\"wp-page\" data-elementor-id=\"637\" class=\"elementor elementor-637\" data-elementor-post-type=\"page\">\n\t\t\t\t<div class=\"elementor-element elementor-element-d435c6b e-flex e-con-boxed e-con e-parent\" data-id=\"d435c6b\" data-element_type=\"container\" data-e-type=\"container\">\n\t\t\t\t\t<div class=\"e-con-inner\">\n\t\t\t\t<div class=\"elementor-element elementor-element-86f7710 elementor-widget elementor-widget-text-editor\" data-id=\"86f7710\" data-element_type=\"widget\" data-e-type=\"widget\" data-widget_type=\"text-editor.default\">\n\t\t\t\t<div class=\"elementor-widget-container\">\n\t\t\t\t\t\t\t\t\t<p>Porto Montenegro, d\u00fcnyan\u0131n en b\u00fcy\u00fck <strong>b\u00f6lgedeki\u0307 en g\u00fc\u00e7l\u00fc l\u00fcks gayri\u0307menkul yatirim lokasyonlari<\/strong>. Uzun vadeli yat\u0131r\u0131m cazibesine katk\u0131da bulunan birka\u00e7 temel fakt\u00f6r vard\u0131r <strong>d\u00fcnya standartlar\u0131nda marina<\/strong>, y\u00fcksek uluslararas\u0131 talep, birinci s\u0131n\u0131f sahil m\u00fclklerinin s\u0131n\u0131rl\u0131 arz\u0131 ve \u00f6zenle se\u00e7ilmi\u015f l\u00fcks perakende ve yemek markalar\u0131 koleksiyonu.<\/p>\t\t\t\t\t\t\t\t<\/div>\n\t\t\t\t<\/div>\n\t\t\t\t\t<\/div>\n\t\t\t\t<\/div>\n\t\t<div class=\"elementor-element elementor-element-1c017ac1 e-flex e-con-boxed e-con e-parent\" data-id=\"1c017ac1\" data-element_type=\"container\" data-e-type=\"container\">\n\t\t\t\t\t<div class=\"e-con-inner\">\n\t\t\t\t<div class=\"elementor-element elementor-element-6bcab933 elementor-widget elementor-widget-text-editor\" data-id=\"6bcab933\" data-element_type=\"widget\" data-e-type=\"widget\" data-widget_type=\"text-editor.default\">\n\t\t\t\t<div class=\"elementor-widget-container\">\n\t\t\t\t\t\t\t\t\t<p>Porto Montenegro, Karada\u011f'\u0131n en prestijli marina ya\u015fam tarz\u0131 destinasyonudur ve d\u00fcnya standartlar\u0131nda <a href=\"https:\/\/sothebysrealty.me\/tr\/su-kenari-mulkleri\/\">su kenar\u0131<\/a> L\u00fcks konutlar\u0131, kaliteli yemekleri ve y\u0131l boyunca s\u00fcren uluslararas\u0131 cazibesi ile ya\u015famak. Kotor K\u00f6rfezi'ndeki Tivat'ta yer alan bu b\u00f6lge, \u00fcst\u00fcn kalite, modern altyap\u0131 ve y\u00fcksek likidite arayan al\u0131c\u0131lar i\u00e7in \u00fclkedeki en g\u00fc\u00e7l\u00fc emlak piyasalar\u0131ndan biridir.<\/p><p>\u0130ster hizmet verilen bir daire, ister deniz k\u0131y\u0131s\u0131nda bir rezidans ya da g\u00fc\u00e7l\u00fc kira talebi olan g\u00fcvenli bir yat\u0131r\u0131m m\u00fclk\u00fc ar\u0131yor olun, Porto Montenegro ya\u015fam tarz\u0131 ve uzun vadeli de\u011ferin nadir bir kombinasyonunu sunar.<\/p><p>Porto Montenegro'daki sat\u0131l\u0131k m\u00fclkler aras\u0131ndan se\u00e7tiklerimize g\u00f6z at\u0131n ve ki\u015fisel kullan\u0131m, kira geliri veya her ikisi i\u00e7in de hedeflerinize uygun evi bulun.<\/p><h2>Al\u0131c\u0131lar Neden Porto Montenegro'yu Se\u00e7iyor?<\/h2><p>Porto Montenegro, g\u00fczel bir ortamdan daha fazlas\u0131n\u0131 sunmas\u0131yla \u00f6ne \u00e7\u0131kmaktad\u0131r; konforlu, \u00fcst d\u00fczey ya\u015fam i\u00e7in tasarlanm\u0131\u015f eksiksiz bir ortam sunmaktad\u0131r.<\/p><p>Al\u0131c\u0131lar\u0131n Porto Montenegro'yu tercih etmelerinin ba\u015fl\u0131ca nedenleri aras\u0131nda \u015funlar yer almaktad\u0131r:<\/p><p>- D\u00fcnya standartlar\u0131nda tesislerle l\u00fcks marina ya\u015fam tarz\u0131<br \/>- G\u00fc\u00e7l\u00fc uluslararas\u0131 talep ve kan\u0131tlanm\u0131\u015f al\u0131c\u0131 ilgisi<br \/>- Yo\u011fun sezonda ve sonras\u0131nda y\u00fcksek kiralama cazibesi<br \/>- Birinci s\u0131n\u0131f hizmetlere sahip g\u00fcvenli, iyi y\u00f6netilen topluluklar<br \/>- Tivat Havaalan\u0131 ve sahil yolu a\u011f\u0131 \u00fczerinden m\u00fckemmel eri\u015filebilirlik<br \/>- Eski k\u0131y\u0131 stokunun \u00e7o\u011funa k\u0131yasla modern yap\u0131 kalitesi<\/p><p>Bir\u00e7ok uluslararas\u0131 al\u0131c\u0131 i\u00e7in de Karada\u011f'da \u201cg\u00fcvenli bir se\u00e7im\u201d: y\u00fcksek kaliteli geli\u015fmeler, net konumland\u0131rma ve yerle\u015fik bir l\u00fcks pazar.<\/p><h2>Porto Montenegro'da Mevcut Gayrimenkul T\u00fcrleri<\/h2><p>Porto Montenegro gayrimenkulleri farkl\u0131 al\u0131c\u0131 profillerini cezbetmektedir - baz\u0131lar\u0131 anahtar teslim konfor isterken, di\u011ferleri y\u00fcksek kira getirisi ve bir\u00e7o\u011fu da marina eri\u015fimi olan l\u00fcks bir ikinci ev istemektedir.<\/p><h3>L\u00fcks Daireler &amp; Marina Rezidanslar\u0131<\/h3><p>Daireler Porto Montenegro'da en \u00e7ok talep g\u00f6ren segmenttir. Al\u0131c\u0131lar genellikle \u015funlar\u0131 arar:<\/p><p>- Ya\u015fam tarz\u0131 ve kiralama esnekli\u011fi i\u00e7in 1-2 yatak odal\u0131 daireler<br \/>- Panoramik manzaral\u0131 ve geni\u015f terasl\u0131 penthouse daireler<br \/>- Marina k\u00f6y\u00fcne, restoranlara ve olanaklara yak\u0131n konutlar<br \/>- Otoparkl\u0131, asans\u00f6rl\u00fc ve modern yerle\u015fim planl\u0131 yeni birimler<\/p><p>Bu m\u00fclkler, bak\u0131m\u0131 nispeten kolay oldu\u011fu ve m\u00fcstakil evlere k\u0131yasla iyi kiraland\u0131\u011f\u0131 i\u00e7in pop\u00fclerdir.<\/p><h3>Haz\u0131r Daireler (Anahtar Teslim M\u00fclkiyet)<\/h3><p>Hizmet verilen konutlar, isteyen al\u0131c\u0131lar i\u00e7in idealdir:<\/p><p>- Bir \u201ckilitle ve b\u0131rak\u201d evi<br \/>- Profesyonel m\u00fclk y\u00f6netimi<br \/>- A\u011f\u0131r mal sahibi m\u00fcdahalesi olmadan kiralama potansiyeli<\/p><p>Bu, y\u0131l boyunca Karada\u011f'da ya\u015famayan uluslararas\u0131 m\u00fc\u015fteriler i\u00e7in genellikle en iyi se\u00e7enektir.<\/p><h3>Boka Place (Yeni Ya\u015fam Tarz\u0131 B\u00f6lgesi)<\/h3><p>Boka Place, Porto Montenegro \u00e7evresindeki en yeni ve en \u00e7ok konu\u015fulan b\u00f6lgelerden biridir. Hem son kullan\u0131c\u0131lara hem de yat\u0131r\u0131mc\u0131lara hitap eden konut birimleri, perakende ve ya\u015fam tarz\u0131 altyap\u0131s\u0131 ile modern ve enerjik bir topluluk olarak tasarlanm\u0131\u015ft\u0131r.<\/p><p>G\u00fc\u00e7l\u00fc likiditeye ve uzun vadeli talebe sahip modern bir Karada\u011f evi ar\u0131yorsan\u0131z, bu dikkate al\u0131nmas\u0131 gereken \u00f6nemli bir segmenttir.<\/p><h2>Porto Montenegro \u0130yi Bir Yat\u0131r\u0131m m\u0131?<\/h2><p>Bir\u00e7ok al\u0131c\u0131 i\u00e7in Porto Montenegro hem bir ya\u015fam tarz\u0131 sat\u0131n al\u0131m\u0131 hem de uzun vadeli ak\u0131ll\u0131 bir karard\u0131r.<\/p><p>Genellikle Karada\u011f'daki en g\u00fc\u00e7l\u00fc yat\u0131r\u0131m pazarlar\u0131ndan biri olarak kabul edilir \u00e7\u00fcnk\u00fc:<\/p><p>- L\u00fcks segmentte talep istikrarl\u0131<br \/>- Birinci s\u0131n\u0131f konutlar, birinci s\u0131n\u0131f olmayan b\u00f6lgelere g\u00f6re de\u011ferini daha iyi koruyor<br \/>- \u00d6zellikle yeni \u00fcniteler i\u00e7in kiralama ilgisi y\u00fcksek kalmaya devam ediyor<br \/>- Porto Montenegro'nun uluslararas\u0131 g\u00f6r\u00fcn\u00fcrl\u00fc\u011f\u00fc yeniden sat\u0131\u015f\u0131 destekliyor<\/p><p>En iyi performans g\u00f6steren yat\u0131r\u0131m t\u00fcrleri genellikle \u015funlard\u0131r:<\/p><p>- Daha k\u00fc\u00e7\u00fck daireler (st\u00fcdyo \/ 1 yatak odal\u0131 \/ kompakt 2 yatak odal\u0131)<br \/>- Manzaral\u0131 veya marinaya yak\u0131n y\u00fcksek kaliteli, iyi konumland\u0131r\u0131lm\u0131\u015f birimler<br \/>- Birinci s\u0131n\u0131f kiral\u0131k m\u00fc\u015fterilere uygun anahtar teslim evler<\/p><p>Hedefiniz kira geliri ise, sadece konumu de\u011fil, do\u011fru birim t\u00fcr\u00fcn\u00fc, yerle\u015fimi ve y\u00f6netim stratejisini se\u00e7mek de \u00f6nemlidir.<\/p><h2>Porto Montenegro vs Tivat (Aradaki Fark Nedir?)<\/h2><p>Porto Montenegro, Tivat'\u0131n i\u00e7inde yer al\u0131r ancak farkl\u0131 bir ya\u015fam tarz\u0131 ve pazar konumu sunar.<\/p><p>Porto Montenegro \u015funlar\u0131 istiyorsan\u0131z idealdir:<\/p><p>- Tam l\u00fcks altyap\u0131 ve konsiyerj tarz\u0131 ya\u015fam<br \/>- Uluslararas\u0131 talep g\u00f6ren premium bir adres<br \/>- Y\u00fcr\u00fcnebilirlik, yemek, marina hizmetleri ve sosyal ortam<\/p><p>Daha geni\u015f Tivat, isteyen al\u0131c\u0131lar i\u00e7in uygun olabilir:<\/p><p>- Fiyat\u0131na g\u00f6re daha fazla alan<br \/>- Daha sessiz bir konut hissi<br \/>- Daha geni\u015f m\u00fclk stili se\u00e7enekleri<\/p><p>M\u00fc\u015fterilerimizin \u00e7o\u011fu her ikisini de inceledikten sonra ya\u015fam tarz\u0131 \u00f6nceliklerine ve yat\u0131r\u0131m hedeflerine g\u00f6re karar veriyor.<\/p><h2>Sat\u0131n Almadan \u00d6nce Nelere Dikkat Etmelisiniz?<\/h2><p>Porto Montenegro'da sat\u0131n almak do\u011fru y\u00f6nlendirildi\u011finde kolayd\u0131r, ancak l\u00fcks al\u0131c\u0131lar yine de taahh\u00fctte bulunmadan \u00f6nce \u00f6nemli ayr\u0131nt\u0131lar\u0131 kontrol etmelidir:<\/p><p>- Tam bina \/ a\u015fama ve hangi olanaklar\u0131 i\u00e7erdi\u011fi<br \/>- Otopark kullan\u0131labilirli\u011fi (l\u00fcks sat\u0131\u015flarda \u00e7ok \u00f6nemlidir)<br \/>- Manzara korumas\u0131 ve yak\u0131nlardaki gelecekteki in\u015faatlar<br \/>- Kiralama k\u0131s\u0131tlamalar\u0131 veya y\u00f6netim se\u00e7enekleri (kiralamay\u0131 planl\u0131yorsan\u0131z)<br \/>- M\u00fclk\u00fcn tamamen mobilyal\u0131 olup olmad\u0131\u011f\u0131 ve nelerin dahil oldu\u011fu<br \/>- M\u00fclkiyet yap\u0131s\u0131 ve temiz dok\u00fcmantasyon<\/p><p>\u0130yi bir sat\u0131n alma sadece g\u00fczel bir daire bulmakla ilgili de\u011fildir - 5-10 y\u0131l i\u00e7inde cazibesini koruyacak bir m\u00fclk se\u00e7mekle ilgilidir.<\/p><h2>Porto Montenegro Listelerini Ke\u015ffedin<\/h2><p>Porto Montenegro ve \u00e7evresindeki Tivat b\u00f6lgesinde sat\u0131l\u0131k mevcut m\u00fclklerimize g\u00f6z at\u0131n.<\/p><p>En iyi se\u00e7enekleri h\u0131zl\u0131 bir \u015fekilde almak istiyorsan\u0131z, bize s\u00f6yleyin:<\/p><p>- ideal b\u00fct\u00e7e aral\u0131\u011f\u0131n\u0131z<br \/>- yatak odalar\u0131 ve olmazsa olmazlar (manzara, teras, otopark, marinaya yak\u0131nl\u0131k)<br \/>- ister ya\u015fam, ister yat\u0131r\u0131m veya karma kullan\u0131m i\u00e7in olsun<\/p><p>En iyi e\u015fle\u015fen se\u00e7enekleri k\u0131sa listeye alaca\u011f\u0131z ve verimli bir \u015fekilde g\u00f6r\u00fcnt\u00fcleme ayarlayaca\u011f\u0131z.<\/p><p>Porto Montenegro'daki \u00d6zel M\u00fclklerin Kilidini A\u00e7\u0131n - <a href=\"https:\/\/share.google\/S6Lubp1nMhsvVWnRK\" target=\"_blank\" rel=\"noopener\">Sotheby's Porto Montenegro Ofisi ile ileti\u015fime ge\u00e7in<\/a><\/p><h2>\u00a0<\/h2>\t\t\t\t\t\t\t\t<\/div>\n\t\t\t\t<\/div>\n\t\t\t\t<div class=\"elementor-element elementor-element-6690a65 elementor-widget elementor-widget-heading\" data-id=\"6690a65\" data-element_type=\"widget\" data-e-type=\"widget\" data-widget_type=\"heading.default\">\n\t\t\t\t<div class=\"elementor-widget-container\">\n\t\t\t\t\t<h2 class=\"elementor-heading-title elementor-size-default\">Porto Montenegro - L\u00fcks Emlak SSS<\/h2>\t\t\t\t<\/div>\n\t\t\t\t<\/div>\n\t\t\t\t<div class=\"elementor-element elementor-element-31801d9 elementor-widget elementor-widget-n-accordion\" data-id=\"31801d9\" data-element_type=\"widget\" data-e-type=\"widget\" data-settings=\"{&quot;default_state&quot;:&quot;expanded&quot;,&quot;max_items_expended&quot;:&quot;one&quot;,&quot;n_accordion_animation_duration&quot;:{&quot;unit&quot;:&quot;ms&quot;,&quot;size&quot;:400,&quot;sizes&quot;:[]}}\" data-widget_type=\"nested-accordion.default\">\n\t\t\t\t<div class=\"elementor-widget-container\">\n\t\t\t\t\t\t\t<div class=\"e-n-accordion\" aria-label=\"Akordeon. Ba\u011flant\u0131lar\u0131 Enter veya Bo\u015fluk tu\u015fuyla a\u00e7\u0131n, Escape tu\u015fuyla kapat\u0131n ve Ok Tu\u015flar\u0131yla gezinin\">\n\t\t\t\t\t\t<details id=\"e-n-accordion-item-5190\" class=\"e-n-accordion-item\" open>\n\t\t\t\t<summary class=\"e-n-accordion-item-title\" data-accordion-index=\"1\" tabindex=\"0\" aria-expanded=\"true\" aria-controls=\"e-n-accordion-item-5190\" >\n\t\t\t\t\t<span class='e-n-accordion-item-title-header'><div class=\"e-n-accordion-item-title-text\"> Porto Montenegro'yu l\u00fcks gayrimenkul sat\u0131n almak i\u00e7in e\u015fsiz bir yer yapan nedir? <\/div><\/span>\n\t\t\t\t\t\t\t<span class='e-n-accordion-item-title-icon'>\n\t\t\t<span class='e-opened' ><svg aria-hidden=\"true\" class=\"e-font-icon-svg e-fas-minus\" viewbox=\"0 0 448 512\" xmlns=\"http:\/\/www.w3.org\/2000\/svg\"><path d=\"M416 208H32c-17.67 0-32 14.33-32 32v32c0 17.67 14.33 32 32 32h384c17.67 0 32-14.33 32-32v-32c0-17.67-14.33-32-32-32z\"><\/path><\/svg><\/span>\n\t\t\t<span class='e-closed'><svg aria-hidden=\"true\" class=\"e-font-icon-svg e-fas-plus\" viewbox=\"0 0 448 512\" xmlns=\"http:\/\/www.w3.org\/2000\/svg\"><path d=\"M416 208H272V64c0-17.67-14.33-32-32-32h-32c-17.67 0-32 14.33-32 32v144H32c-17.67 0-32 14.33-32 32v32c0 17.67 14.33 32 32 32h144v144c0 17.67 14.33 32 32 32h32c17.67 0 32-14.33 32-32V304h144c17.67 0 32-14.33 32-32v-32c0-17.67-14.33-32-32-32z\"><\/path><\/svg><\/span>\n\t\t<\/span>\n\n\t\t\t\t\t\t<\/summary>\n\t\t\t\t<div role=\"region\" aria-labelledby=\"e-n-accordion-item-5190\" class=\"elementor-element elementor-element-736b1cd e-con-full e-flex e-con e-child\" data-id=\"736b1cd\" data-element_type=\"container\" data-e-type=\"container\">\n\t\t\t\t<div class=\"elementor-element elementor-element-6ddf966 elementor-widget elementor-widget-text-editor\" data-id=\"6ddf966\" data-element_type=\"widget\" data-e-type=\"widget\" data-widget_type=\"text-editor.default\">\n\t\t\t\t<div class=\"elementor-widget-container\">\n\t\t\t\t\t\t\t\t\t<p>Porto Montenegro, d\u00fcnya standartlar\u0131nda bir marina, birinci s\u0131n\u0131f konutlar, markal\u0131 perakende ve yemek mekanlar\u0131 ve uluslararas\u0131 al\u0131c\u0131lar\u0131 ve yat sahiplerini cezbeden bir sahil ya\u015fam tarz\u0131 sunan Akdeniz'in en se\u00e7kin l\u00fcks marina yerle\u015fim yerlerinden biri olarak \u00f6ne \u00e7\u0131k\u0131yor.<\/p>\t\t\t\t\t\t\t\t<\/div>\n\t\t\t\t<\/div>\n\t\t\t\t<\/div>\n\t\t\t\t\t<\/details>\n\t\t\t\t\t\t<details id=\"e-n-accordion-item-5191\" class=\"e-n-accordion-item\" >\n\t\t\t\t<summary class=\"e-n-accordion-item-title\" data-accordion-index=\"2\" tabindex=\"-1\" aria-expanded=\"false\" aria-controls=\"e-n-accordion-item-5191\" >\n\t\t\t\t\t<span class='e-n-accordion-item-title-header'><div class=\"e-n-accordion-item-title-text\"> Porto Montenegro'da ne t\u00fcr gayrimenkuller mevcut? <\/div><\/span>\n\t\t\t\t\t\t\t<span class='e-n-accordion-item-title-icon'>\n\t\t\t<span class='e-opened' ><svg aria-hidden=\"true\" class=\"e-font-icon-svg e-fas-minus\" viewbox=\"0 0 448 512\" xmlns=\"http:\/\/www.w3.org\/2000\/svg\"><path d=\"M416 208H32c-17.67 0-32 14.33-32 32v32c0 17.67 14.33 32 32 32h384c17.67 0 32-14.33 32-32v-32c0-17.67-14.33-32-32-32z\"><\/path><\/svg><\/span>\n\t\t\t<span class='e-closed'><svg aria-hidden=\"true\" class=\"e-font-icon-svg e-fas-plus\" viewbox=\"0 0 448 512\" xmlns=\"http:\/\/www.w3.org\/2000\/svg\"><path d=\"M416 208H272V64c0-17.67-14.33-32-32-32h-32c-17.67 0-32 14.33-32 32v144H32c-17.67 0-32 14.33-32 32v32c0 17.67 14.33 32 32 32h144v144c0 17.67 14.33 32 32 32h32c17.67 0 32-14.33 32-32V304h144c17.67 0 32-14.33 32-32v-32c0-17.67-14.33-32-32-32z\"><\/path><\/svg><\/span>\n\t\t<\/span>\n\n\t\t\t\t\t\t<\/summary>\n\t\t\t\t<div role=\"region\" aria-labelledby=\"e-n-accordion-item-5191\" class=\"elementor-element elementor-element-c5d0458 e-con-full e-flex e-con e-child\" data-id=\"c5d0458\" data-element_type=\"container\" data-e-type=\"container\">\n\t\t\t\t<div class=\"elementor-element elementor-element-fdeee33 elementor-widget elementor-widget-text-editor\" data-id=\"fdeee33\" data-element_type=\"widget\" data-e-type=\"widget\" data-widget_type=\"text-editor.default\">\n\t\t\t\t<div class=\"elementor-widget-container\">\n\t\t\t\t\t\t\t\t\t<p>Pazar, deniz veya marina manzaral\u0131 modern daireler, \u00e7at\u0131 katlar\u0131, sahil rezidanslar\u0131 ve uluslararas\u0131 al\u0131c\u0131lar ve yat\u0131r\u0131mc\u0131lar i\u00e7in ideal otel hizmet birimleri gibi \u00e7e\u015fitli \u00fcst d\u00fczey se\u00e7enekler i\u00e7ermektedir. Her binada y\u00fczme havuzu, spor salonu, resepsiyon, 7\/24 g\u00fcvenlik bulunmaktad\u0131r.<\/p>\t\t\t\t\t\t\t\t<\/div>\n\t\t\t\t<\/div>\n\t\t\t\t<\/div>\n\t\t\t\t\t<\/details>\n\t\t\t\t\t\t<details id=\"e-n-accordion-item-5192\" class=\"e-n-accordion-item\" >\n\t\t\t\t<summary class=\"e-n-accordion-item-title\" data-accordion-index=\"3\" tabindex=\"-1\" aria-expanded=\"false\" aria-controls=\"e-n-accordion-item-5192\" >\n\t\t\t\t\t<span class='e-n-accordion-item-title-header'><div class=\"e-n-accordion-item-title-text\"> Porto Montenegro iyi bir yat\u0131r\u0131m yeri mi? <\/div><\/span>\n\t\t\t\t\t\t\t<span class='e-n-accordion-item-title-icon'>\n\t\t\t<span class='e-opened' ><svg aria-hidden=\"true\" class=\"e-font-icon-svg e-fas-minus\" viewbox=\"0 0 448 512\" xmlns=\"http:\/\/www.w3.org\/2000\/svg\"><path d=\"M416 208H32c-17.67 0-32 14.33-32 32v32c0 17.67 14.33 32 32 32h384c17.67 0 32-14.33 32-32v-32c0-17.67-14.33-32-32-32z\"><\/path><\/svg><\/span>\n\t\t\t<span class='e-closed'><svg aria-hidden=\"true\" class=\"e-font-icon-svg e-fas-plus\" viewbox=\"0 0 448 512\" xmlns=\"http:\/\/www.w3.org\/2000\/svg\"><path d=\"M416 208H272V64c0-17.67-14.33-32-32-32h-32c-17.67 0-32 14.33-32 32v144H32c-17.67 0-32 14.33-32 32v32c0 17.67 14.33 32 32 32h144v144c0 17.67 14.33 32 32 32h32c17.67 0 32-14.33 32-32V304h144c17.67 0 32-14.33 32-32v-32c0-17.67-14.33-32-32-32z\"><\/path><\/svg><\/span>\n\t\t<\/span>\n\n\t\t\t\t\t\t<\/summary>\n\t\t\t\t<div role=\"region\" aria-labelledby=\"e-n-accordion-item-5192\" class=\"elementor-element elementor-element-3020f3b e-con-full e-flex e-con e-child\" data-id=\"3020f3b\" data-element_type=\"container\" data-e-type=\"container\">\n\t\t\t\t<div class=\"elementor-element elementor-element-c590029 elementor-widget elementor-widget-text-editor\" data-id=\"c590029\" data-element_type=\"widget\" data-e-type=\"widget\" data-widget_type=\"text-editor.default\">\n\t\t\t\t<div class=\"elementor-widget-container\">\n\t\t\t\t\t\t\t\t\t<p>Evet. D\u00fcnya standartlar\u0131nda marina, y\u00fcksek uluslararas\u0131 talep, iki se\u00e7kin otel ve g\u00fc\u00e7l\u00fc perakende marka koleksiyonu, s\u0131n\u0131rl\u0131 l\u00fcks m\u00fclk arz\u0131 ve g\u00fc\u00e7l\u00fc ya\u015fam tarz\u0131 cazibesi, istikrarl\u0131 uzun vadeli sermaye beklentilerine katk\u0131da bulunmaktad\u0131r.<\/p>\t\t\t\t\t\t\t\t<\/div>\n\t\t\t\t<\/div>\n\t\t\t\t<\/div>\n\t\t\t\t\t<\/details>\n\t\t\t\t\t\t<details id=\"e-n-accordion-item-5193\" class=\"e-n-accordion-item\" >\n\t\t\t\t<summary class=\"e-n-accordion-item-title\" data-accordion-index=\"4\" tabindex=\"-1\" aria-expanded=\"false\" aria-controls=\"e-n-accordion-item-5193\" >\n\t\t\t\t\t<span class='e-n-accordion-item-title-header'><div class=\"e-n-accordion-item-title-text\"> Porto Montenegro'daki m\u00fclk\u00fcm\u00fc kiraya verebilir miyim? <\/div><\/span>\n\t\t\t\t\t\t\t<span class='e-n-accordion-item-title-icon'>\n\t\t\t<span class='e-opened' ><svg aria-hidden=\"true\" class=\"e-font-icon-svg e-fas-minus\" viewbox=\"0 0 448 512\" xmlns=\"http:\/\/www.w3.org\/2000\/svg\"><path d=\"M416 208H32c-17.67 0-32 14.33-32 32v32c0 17.67 14.33 32 32 32h384c17.67 0 32-14.33 32-32v-32c0-17.67-14.33-32-32-32z\"><\/path><\/svg><\/span>\n\t\t\t<span class='e-closed'><svg aria-hidden=\"true\" class=\"e-font-icon-svg e-fas-plus\" viewbox=\"0 0 448 512\" xmlns=\"http:\/\/www.w3.org\/2000\/svg\"><path d=\"M416 208H272V64c0-17.67-14.33-32-32-32h-32c-17.67 0-32 14.33-32 32v144H32c-17.67 0-32 14.33-32 32v32c0 17.67 14.33 32 32 32h144v144c0 17.67 14.33 32 32 32h32c17.67 0 32-14.33 32-32V304h144c17.67 0 32-14.33 32-32v-32c0-17.67-14.33-32-32-32z\"><\/path><\/svg><\/span>\n\t\t<\/span>\n\n\t\t\t\t\t\t<\/summary>\n\t\t\t\t<div role=\"region\" aria-labelledby=\"e-n-accordion-item-5193\" class=\"elementor-element elementor-element-58de426 e-con-full e-flex e-con e-child\" data-id=\"58de426\" data-element_type=\"container\" data-e-type=\"container\">\n\t\t\t\t<div class=\"elementor-element elementor-element-01b8ec6 elementor-widget elementor-widget-text-editor\" data-id=\"01b8ec6\" data-element_type=\"widget\" data-e-type=\"widget\" data-widget_type=\"text-editor.default\">\n\t\t\t\t<div class=\"elementor-widget-container\">\n\t\t\t\t\t\t\t\t\t<p>Evet. Porto Montenegro, \u00f6zellikle turistler, yat sahipleri ve mevsimlik ziyaret\u00e7iler taraf\u0131ndan yo\u011fun bir kiralama ilgisine sahiptir. Kirac\u0131lar\u0131n belirlenmesine yard\u0131mc\u0131 olabilir ve uluslararas\u0131 m\u00fclk sahipleri i\u00e7in kiralama prosed\u00fcrleri ve dikkat edilmesi gereken hususlar konusunda rehberlik sa\u011flayabiliriz.<\/p>\t\t\t\t\t\t\t\t<\/div>\n\t\t\t\t<\/div>\n\t\t\t\t<\/div>\n\t\t\t\t\t<\/details>\n\t\t\t\t\t\t<details id=\"e-n-accordion-item-5194\" class=\"e-n-accordion-item\" >\n\t\t\t\t<summary class=\"e-n-accordion-item-title\" data-accordion-index=\"5\" tabindex=\"-1\" aria-expanded=\"false\" aria-controls=\"e-n-accordion-item-5194\" >\n\t\t\t\t\t<span class='e-n-accordion-item-title-header'><div class=\"e-n-accordion-item-title-text\"> Porto Montenegro y\u0131l boyunca ya\u015famaya uygun mu? <\/div><\/span>\n\t\t\t\t\t\t\t<span class='e-n-accordion-item-title-icon'>\n\t\t\t<span class='e-opened' ><svg aria-hidden=\"true\" class=\"e-font-icon-svg e-fas-minus\" viewbox=\"0 0 448 512\" xmlns=\"http:\/\/www.w3.org\/2000\/svg\"><path d=\"M416 208H32c-17.67 0-32 14.33-32 32v32c0 17.67 14.33 32 32 32h384c17.67 0 32-14.33 32-32v-32c0-17.67-14.33-32-32-32z\"><\/path><\/svg><\/span>\n\t\t\t<span class='e-closed'><svg aria-hidden=\"true\" class=\"e-font-icon-svg e-fas-plus\" viewbox=\"0 0 448 512\" xmlns=\"http:\/\/www.w3.org\/2000\/svg\"><path d=\"M416 208H272V64c0-17.67-14.33-32-32-32h-32c-17.67 0-32 14.33-32 32v144H32c-17.67 0-32 14.33-32 32v32c0 17.67 14.33 32 32 32h144v144c0 17.67 14.33 32 32 32h32c17.67 0 32-14.33 32-32V304h144c17.67 0 32-14.33 32-32v-32c0-17.67-14.33-32-32-32z\"><\/path><\/svg><\/span>\n\t\t<\/span>\n\n\t\t\t\t\t\t<\/summary>\n\t\t\t\t<div role=\"region\" aria-labelledby=\"e-n-accordion-item-5194\" class=\"elementor-element elementor-element-4f95a35 e-con-full e-flex e-con e-child\" data-id=\"4f95a35\" data-element_type=\"container\" data-e-type=\"container\">\n\t\t\t\t<div class=\"elementor-element elementor-element-b5c7d41 elementor-widget elementor-widget-text-editor\" data-id=\"b5c7d41\" data-element_type=\"widget\" data-e-type=\"widget\" data-widget_type=\"text-editor.default\">\n\t\t\t\t<div class=\"elementor-widget-container\">\n\t\t\t\t\t\t\t\t\t<p>Evet. Porto Montenegro, uluslararas\u0131 bir okul, bir anaokulu, \u00f6zel bir t\u0131bbi klinik, ma\u011fazalar ve yemek se\u00e7enekleri de dahil olmak \u00fczere tam zamanl\u0131 sakinler i\u00e7in t\u00fcm olanaklar\u0131 sunarak aileler ve hem yerel hem de uluslararas\u0131 sakinler i\u00e7in uygun ve konforlu hale getirir.<\/p>\t\t\t\t\t\t\t\t<\/div>\n\t\t\t\t<\/div>\n\t\t\t\t<\/div>\n\t\t\t\t\t<\/details>\n\t\t\t\t\t<\/div>\n\t\t\t\t\t\t<\/div>\n\t\t\t\t<\/div>\n\t\t\t\t<div class=\"elementor-element elementor-element-0be38a8 elementor-widget elementor-widget-google_maps\" data-id=\"0be38a8\" data-element_type=\"widget\" data-e-type=\"widget\" data-widget_type=\"google_maps.default\">\n\t\t\t\t<div class=\"elementor-widget-container\">\n\t\t\t\t\t\t\t<div class=\"elementor-custom-embed\">\n\t\t\t<iframe loading=\"lazy\"\n\t\t\t\t\tsrc=\"https:\/\/maps.google.com\/maps?q=Porto%20Montenegro%2C%20Montenegro&#038;t=m&#038;z=15&#038;output=embed&#038;iwloc=near\"\n\t\t\t\t\ttitle=\"Porto Montenegro, Karada\u011f\"\n\t\t\t\t\taria-label=\"Porto Montenegro, Karada\u011f\"\n\t\t\t><\/iframe>\n\t\t<\/div>\n\t\t\t\t\t\t<\/div>\n\t\t\t\t<\/div>\n\t\t\t\t\t<\/div>\n\t\t\t\t<\/div>\n\t\t<div class=\"elementor-element elementor-element-d18c09f e-flex e-con-boxed e-con e-parent\" data-id=\"d18c09f\" data-element_type=\"container\" data-e-type=\"container\">\n\t\t\t\t\t<div class=\"e-con-inner\">\n\t\t\t\t<div class=\"elementor-element elementor-element-1cabe10 elementor-cta--skin-classic elementor-animated-content elementor-bg-transform elementor-bg-transform-zoom-in elementor-widget elementor-widget-call-to-action\" data-id=\"1cabe10\" data-element_type=\"widget\" data-e-type=\"widget\" data-widget_type=\"call-to-action.default\">\n\t\t\t\t<div class=\"elementor-widget-container\">\n\t\t\t\t\t\t\t<div class=\"elementor-cta\">\n\t\t\t\t\t\t\t<div class=\"elementor-cta__content\">\n\t\t\t\t\n\t\t\t\t\t\t\t\t\t<h2 class=\"elementor-cta__title elementor-cta__content-item elementor-content-item\">\n\t\t\t\t\t\tPorto Montenegro'da en iyi gayrimenkul\u00fc m\u00fc ar\u0131yorsunuz?\t\t\t\t\t<\/h2>\n\t\t\t\t\n\t\t\t\t\t\t\t\t\t<div class=\"elementor-cta__description elementor-cta__content-item elementor-content-item\">\n\t\t\t\t\t\tL\u00fcks daireler, marina konutlar\u0131 ve anahtar teslim yat\u0131r\u0131m se\u00e7eneklerinden olu\u015fan \u00f6zel bir se\u00e7im i\u00e7in ekibimizle ileti\u015fime ge\u00e7in.\t\t\t\t\t<\/div>\n\t\t\t\t\n\t\t\t\t\t\t\t\t\t<div class=\"elementor-cta__button-wrapper elementor-cta__content-item elementor-content-item\">\n\t\t\t\t\t<a class=\"elementor-cta__button elementor-button elementor-size-\" href=\"https:\/\/sothebysrealty.me\/tr\/iletisim\/\">\n\t\t\t\t\t\tBuraya T\u0131klay\u0131n\t\t\t\t\t<\/a>\n\t\t\t\t\t<\/div>\n\t\t\t\t\t\t\t<\/div>\n\t\t\t\t\t\t<\/div>\n\t\t\t\t\t\t<\/div>\n\t\t\t\t<\/div>\n\t\t\t\t\t<\/div>\n\t\t\t\t<\/div>\n\t\t\t\t<\/div>","protected":false},"excerpt":{"rendered":"<p>Porto Montenegro is considered one of the strongest luxury real estate investment locations in the region. Several key factors contribute to its long-term investment appeal, [&hellip;]<\/p>\n","protected":false},"author":2,"featured_media":74573,"parent":0,"menu_order":0,"comment_status":"closed","ping_status":"closed","template":"template-porto-montenegro.php","meta":{"_acf_changed":false,"_joinchat":[],"footnotes":""},"class_list":["post-637","page","type-page","status-publish","has-post-thumbnail","hentry"],"acf":[],"_links":{"self":[{"href":"https:\/\/sothebysrealty.me\/tr\/wp-json\/wp\/v2\/pages\/637","targetHints":{"allow":["GET"]}}],"collection":[{"href":"https:\/\/sothebysrealty.me\/tr\/wp-json\/wp\/v2\/pages"}],"about":[{"href":"https:\/\/sothebysrealty.me\/tr\/wp-json\/wp\/v2\/types\/page"}],"author":[{"embeddable":true,"href":"https:\/\/sothebysrealty.me\/tr\/wp-json\/wp\/v2\/users\/2"}],"replies":[{"embeddable":true,"href":"https:\/\/sothebysrealty.me\/tr\/wp-json\/wp\/v2\/comments?post=637"}],"version-history":[{"count":5,"href":"https:\/\/sothebysrealty.me\/tr\/wp-json\/wp\/v2\/pages\/637\/revisions"}],"predecessor-version":[{"id":79674,"href":"https:\/\/sothebysrealty.me\/tr\/wp-json\/wp\/v2\/pages\/637\/revisions\/79674"}],"wp:featuredmedia":[{"embeddable":true,"href":"https:\/\/sothebysrealty.me\/tr\/wp-json\/wp\/v2\/media\/74573"}],"wp:attachment":[{"href":"https:\/\/sothebysrealty.me\/tr\/wp-json\/wp\/v2\/media?parent=637"}],"curies":[{"name":"wp","href":"https:\/\/api.w.org\/{rel}","templated":true}]}}