{"id":57528,"date":"2024-06-07T11:46:05","date_gmt":"2024-06-07T11:46:05","guid":{"rendered":"https:\/\/sothebysrealty.me\/?page_id=57528"},"modified":"2025-06-03T07:51:11","modified_gmt":"2025-06-03T07:51:11","slug":"thank-you","status":"publish","type":"page","link":"https:\/\/sothebysrealty.me\/tr\/tesekkur-ederim\/","title":{"rendered":"Te\u015fekk\u00fcr ederim."},"content":{"rendered":"<h3 data-start=\"297\" data-end=\"351\">Sotheby's Realty Montenegro'yu Se\u00e7ti\u011finiz \u0130\u00e7in Te\u015fekk\u00fcr Ederiz<\/h3>\n<p data-start=\"353\" data-end=\"601\">Sotheby's Ekibinden Te\u015fekk\u00fcr Ederiz. \u00d6zel listelerimize ve ki\u015fiselle\u015ftirilmi\u015f gayrimenkul hizmetlerimize g\u00f6sterdi\u011finiz ilgi i\u00e7in te\u015fekk\u00fcr ederiz. Sorunuz bizim i\u00e7in \u00f6nemlidir ve \u00f6zel temsilcilerimizden biri k\u0131sa s\u00fcre i\u00e7inde size geri d\u00f6necektir.<\/p>\n<p data-start=\"603\" data-end=\"970\">Sotheby's Realty olarak, m\u00fc\u015fterilerimizin Karada\u011f'da hayallerindeki evleri bulmalar\u0131na yard\u0131mc\u0131 olmaktan gurur duyuyoruz. \u0130ster bir ev ar\u0131yor olun <a href=\"https:\/\/en.wikipedia.org\/wiki\/Villa\" target=\"_blank\" rel=\"noopener\">l\u00fcks villa<\/a>, rahat bir daire ya da birinci s\u0131n\u0131f bir <a href=\"https:\/\/sothebysrealty.me\/tr\/villalar\/\">su kenar\u0131nda m\u00fclk<\/a>, ekibimiz size her ad\u0131mda rehberlik etmeye haz\u0131rd\u0131r. Karada\u011f gayrimenkulleri, \u00e7arp\u0131c\u0131 do\u011fal g\u00fczellikler, modern olanaklar ve m\u00fckemmel yat\u0131r\u0131m potansiyelinin e\u015fsiz bir kar\u0131\u015f\u0131m\u0131n\u0131 sunar.<\/p>\n<p data-start=\"972\" data-end=\"1307\">Gayrimenkul sat\u0131n alman\u0131n karma\u015f\u0131k olabilece\u011fini biliyoruz. Bu y\u00fczden s\u00fcreci basitle\u015ftirmek i\u00e7in buraday\u0131z. Uzmanlar\u0131m\u0131z, m\u00fclk incelemelerinden m\u00fczakerelere ve yasal deste\u011fe kadar sorunsuz bir deneyim ya\u015faman\u0131z\u0131 sa\u011flar. Ola\u011fan\u00fcst\u00fc hizmet ve \u015feffaf ileti\u015fim sunarak m\u00fc\u015fterilerimizle kal\u0131c\u0131 ili\u015fkiler kurmaya inan\u0131yoruz.<\/p>\n<p data-start=\"1309\" data-end=\"1574\">Herhangi bir sorunuz varsa veya ek bilgiye ihtiyac\u0131n\u0131z varsa, l\u00fctfen bizimle ileti\u015fime ge\u00e7mekten \u00e7ekinmeyin. Ekibimiz size \u00f6zel tavsiyelerde bulunmak ve Karada\u011f'daki t\u00fcm gayrimenkul se\u00e7eneklerini ke\u015ffetmenize yard\u0131mc\u0131 olmak i\u00e7in haz\u0131rd\u0131r. Memnuniyetiniz ve g\u00fcveniniz bizim en \u00f6nemli \u00f6nceliklerimizdir.<\/p>\n<p data-start=\"1576\" data-end=\"1738\">Sotheby's Realty Ekibi olarak tekrar te\u015fekk\u00fcr ederiz. M\u00fckemmel m\u00fclk\u00fc bulman\u0131za yard\u0131mc\u0131 olmak ve emlak yolculu\u011funuzu ba\u015far\u0131ya ula\u015ft\u0131rmak i\u00e7in sab\u0131rs\u0131zlan\u0131yoruz.<\/p>","protected":false},"excerpt":{"rendered":"<p>Thank You for Choosing Sotheby\u2019s Realty Montenegro Thank You from Sotheby\u2019s Team. We appreciate your interest in our exclusive listings and personalized real estate services. [&hellip;]<\/p>\n","protected":false},"author":2,"featured_media":0,"parent":0,"menu_order":0,"comment_status":"closed","ping_status":"closed","template":"","meta":{"_acf_changed":false,"_joinchat":[],"footnotes":""},"class_list":["post-57528","page","type-page","status-publish","hentry"],"acf":[],"_links":{"self":[{"href":"https:\/\/sothebysrealty.me\/tr\/wp-json\/wp\/v2\/pages\/57528","targetHints":{"allow":["GET"]}}],"collection":[{"href":"https:\/\/sothebysrealty.me\/tr\/wp-json\/wp\/v2\/pages"}],"about":[{"href":"https:\/\/sothebysrealty.me\/tr\/wp-json\/wp\/v2\/types\/page"}],"author":[{"embeddable":true,"href":"https:\/\/sothebysrealty.me\/tr\/wp-json\/wp\/v2\/users\/2"}],"replies":[{"embeddable":true,"href":"https:\/\/sothebysrealty.me\/tr\/wp-json\/wp\/v2\/comments?post=57528"}],"version-history":[{"count":0,"href":"https:\/\/sothebysrealty.me\/tr\/wp-json\/wp\/v2\/pages\/57528\/revisions"}],"wp:attachment":[{"href":"https:\/\/sothebysrealty.me\/tr\/wp-json\/wp\/v2\/media?parent=57528"}],"curies":[{"name":"wp","href":"https:\/\/api.w.org\/{rel}","templated":true}]}}