{"id":53029,"date":"2023-12-06T16:35:11","date_gmt":"2023-12-06T16:35:11","guid":{"rendered":"https:\/\/sothebysrealty.me\/?page_id=53029"},"modified":"2025-06-12T10:31:08","modified_gmt":"2025-06-12T10:31:08","slug":"privacy-policy","status":"publish","type":"page","link":"https:\/\/sothebysrealty.me\/tr\/gizlilik-politikasi\/","title":{"rendered":"Gizlilik Politikas\u0131"},"content":{"rendered":"<ol>\n<li style=\"list-style-type: none;\">\n<ol>\n<li><b><b>Ki\u015fisel Bilgi Nedir?<\/b><\/b>Sotheby's Montenegro'da (\u2018\u2019Web Sitesi\u2018\u2019) ki\u015fisel bilgiler, taraf\u0131m\u0131zdan \u00e7evrimi\u00e7i olarak toplanan ve ad, adres, telefon numaras\u0131 ve e-posta dahil ancak bunlarla s\u0131n\u0131rl\u0131 olmamak \u00fczere s\u00f6z konusu bilgilerin ait oldu\u011fu ki\u015fiyi tan\u0131mlayan t\u00fcm bilgilerdir. Burada yer alan y\u00f6nergeler, Sotheby's Montenegro taraf\u0131ndan i\u015fletilen web sitesine yapt\u0131\u011f\u0131n\u0131z ziyaretler i\u00e7in ge\u00e7erlidir.<\/li>\n<\/ol>\n<\/li>\n<\/ol>\n<p>&nbsp;<\/p>\n<ol>\n<li style=\"list-style-type: none;\">\n<ol>\n<li><b><\/b><span class=\"s1\"><span class=\"s1\"><b>Ki\u015fisel Bilgilerinizin Toplanmas\u0131 ve Kullan\u0131m\u0131<\/b><\/span><\/span><b><b>2 ( a ) Ki\u015fisel Bilgiler<\/b><\/b>Size sundu\u011fumuz hizmetleri geli\u015ftirmek i\u00e7in web sitesinde ki\u015fisel bilgilerinizi topluyoruz. Ki\u015fisel Bilgileri yaln\u0131zca, ( A ) araman\u0131z\u0131 kaydetmek ve yaln\u0131zca sizin talep etmeniz halinde size kay\u0131tl\u0131 araman\u0131z\u0131n profiline uyan yeni ilanlar g\u00f6ndermek gibi \u00f6zel ileti\u015fim i\u00e7in kay\u0131t olmak; ( B ) bir m\u00fclk bulma, m\u00fclk\u00fcn\u00fcz\u00fc listeleme ve bir sat\u0131\u015f orta\u011f\u0131 bulma talepleri; ( C ) bizimle ileti\u015fime ge\u00e7me talepleri; ( D ) periyodik sekt\u00f6r g\u00fcncellemelerini alma talepleri; ( E ) bir arkada\u015f\u0131n\u0131za bir ilan\u0131 e-posta ile g\u00f6nderme talepleri ve ( F ) franchising f\u0131rsatlar\u0131 hakk\u0131nda sorular dahil olmak \u00fczere belirli hizmetleri veya bilgileri elde etmek i\u00e7in sizin taraf\u0131n\u0131zdan g\u00f6n\u00fcll\u00fc olarak g\u00f6nderildi\u011finde toplar\u0131z. Ki\u015fisel Bilgileri ayr\u0131ca kanallar\u0131m\u0131z veya aile \u015firketlerimiz, franchise sahiplerimiz ve\/veya pazarlama ili\u015fkisi i\u00e7inde oldu\u011fumuz \u015firketler arac\u0131l\u0131\u011f\u0131yla sunulabilecek di\u011fer hizmet ve \u00fcr\u00fcnler hakk\u0131nda sizi bilgilendirmek ve hizmet ve \u00fcr\u00fcnlerimizden memnuniyetinizi de\u011ferlendirmek amac\u0131yla bir m\u00fc\u015fteri anketi sunmak i\u00e7in de kullanabiliriz.<b>Bir M\u00fclk\u00fc Bulma veya Listeleme ve Bir Sat\u0131\u015f Orta\u011f\u0131 Bulma Talepleri<\/b>\n<p>Bir m\u00fclk\u00fc bulmak veya listelemek veya bir sat\u0131\u015f orta\u011f\u0131 bulmak i\u00e7in Sotheby's Montenegro web sitesi arac\u0131l\u0131\u011f\u0131yla bir talepte bulunursan\u0131z, Ki\u015fisel Bilgilerinizi vermeniz istenir ve bu bilgileri talebinize yan\u0131t vermeleri i\u00e7in Franchise Sahiplerine veya sat\u0131\u015f ortaklar\u0131na y\u00f6nlendiririz.<\/p>\n<p><b>Bize Ula\u015f\u0131n<\/b><\/p>\n<p>Bizimle ileti\u015fime ge\u00e7ti\u011finizde, Ki\u015fisel Bilgilerinizi toplar\u0131z; bu bilgiler, sorunuzun niteli\u011fine ba\u011fl\u0131 olarak saklan\u0131r veya ba\u011f\u0131ms\u0131z bir Franchise Alana ya da sat\u0131\u015f orta\u011f\u0131na y\u00f6nlendirilir. Bir m\u00fclk veya sat\u0131\u015f orta\u011f\u0131 ar\u0131yorsan\u0131z, bir Franchise Alan veya sat\u0131\u015f orta\u011f\u0131na y\u00f6nlendirilir; sorunuz veya \u015fikayetiniz bizden bir yan\u0131t gerektiriyorsa, ara\u015ft\u0131rma ve zaman\u0131nda yan\u0131t i\u00e7in uygun departmana y\u00f6nlendirilir.<\/p>\n<p><b>Bir \u0130lan\u0131 Arkada\u015f\u0131n\u0131za \u00d6nerin<\/b><\/p>\n<p>Bir arkada\u015f\u0131n\u0131za liste g\u00f6ndermeyi se\u00e7erseniz, e-postay\u0131 ki\u015fiselle\u015ftirmek ve teklifi g\u00f6ndermek i\u00e7in arkada\u015f\u0131n\u0131z\u0131n ad\u0131n\u0131 ve e-posta adresini vermeniz istenecektir. bu bilgileri saklam\u0131yoruz ve bilgiler yaln\u0131zca bir kerelik y\u00f6nlendirme e-postas\u0131 g\u00f6ndermek i\u00e7in kullan\u0131l\u0131yor.<b><\/b><\/p>\n<p><b>2 ( b ) Ki\u015fisel Olmayan Bilgiler<\/b><\/p>\n<p>Bize Ki\u015fisel Bilgi vermedi\u011finiz durumlarda, web sitemizi nas\u0131l kulland\u0131\u011f\u0131n\u0131z hakk\u0131nda bilgi toplamaya devam ederiz (\u2018\u2019Ki\u015fisel Olmayan Bilgiler\u2018\u2019). Bu bilgiler sizi ki\u015fisel olarak tan\u0131mlamak i\u00e7in kullan\u0131lamaz ve a\u015fa\u011f\u0131da daha ayr\u0131nt\u0131l\u0131 olarak a\u00e7\u0131klanm\u0131\u015ft\u0131r.<\/p>\n<p>Ki\u015fisel Olmayan Bilgilerin Kullan\u0131m\u0131<\/p>\n<p>Ki\u015fisel Olmayan Bilgileri, g\u00f6rd\u00fc\u011f\u00fcn\u00fcz reklam ve i\u00e7eri\u011fi \u00f6zelle\u015ftirmek, hizmetlerimizi iyile\u015ftirmek, ara\u015ft\u0131rma yapmak ve dahili denetimler ve \u00fc\u00e7\u00fcnc\u00fc taraflar i\u00e7in anonim toplu raporlama sa\u011flamak i\u00e7in kullan\u0131r\u0131z.<\/p>\n<p><b>\u00c7erezler<\/b><\/p>\n<p>\u00c7erez, genellikle bir web sitesi bilgisayar\u0131n\u0131n sabit diskinden g\u00f6nderilen anonim benzersiz bir tan\u0131mlay\u0131c\u0131 i\u00e7eren k\u00fc\u00e7\u00fck bir veri dosyas\u0131d\u0131r. \u00c7erez kullan\u0131m\u0131 internette \u00e7ok yayg\u0131nd\u0131r. Taray\u0131c\u0131n\u0131z\u0131n tercihleri izin veriyorsa, bir web sitesi taray\u0131c\u0131n\u0131za kendi \u00e7erezini g\u00f6nderebilir, ancak (gizlili\u011finizi korumak i\u00e7in) taray\u0131c\u0131n\u0131z bir web sitesinin yaln\u0131zca size zaten g\u00f6nderilmi\u015f olan \u00e7erezlere eri\u015fmesine izin verir, di\u011fer web siteleri taraf\u0131ndan size g\u00f6nderilen \u00e7erezlere de\u011fil. Taray\u0131c\u0131n\u0131z\u0131 t\u00fcm \u00e7erezleri kabul edecek, t\u00fcm \u00e7erezleri reddedecek veya bir \u00e7erez g\u00f6nderildi\u011finde size bildirimde bulunacak \u015fekilde yap\u0131land\u0131rabilirsiniz.<\/li>\n<\/ol>\n<\/li>\n<\/ol>\n<p>&nbsp;<\/p>\n<ol>\n<li style=\"list-style-type: none;\">\n<ol>\n<li><b><\/b><span class=\"s1\"><span class=\"s1\"><b>G\u00fcvenlik<\/b><\/span><\/span><br \/>\nBar\u0131nd\u0131rma hizmetimiz, m\u00fc\u015fterilerinin bilgilerini yetkisiz eri\u015fime, kazara veya kas\u0131tl\u0131 manip\u00fclasyona ve kayba kar\u015f\u0131 korumak i\u00e7in sistemlerini makul end\u00fcstri standartlar\u0131na uygun olarak s\u00fcrd\u00fcrmektedir. Bununla birlikte, internet \u00fczerinden hi\u00e7bir veri iletiminin 100% g\u00fcvenli oldu\u011fu garanti edilemez ve web sitesini kendi sorumlulu\u011funuzda kullan\u0131rs\u0131n\u0131z.<\/li>\n<\/ol>\n<\/li>\n<\/ol>\n<p>&nbsp;<\/p>\n<ol>\n<li><span class=\"s1\"><span class=\"s1\"><b>\u00c7ocuklar<\/b><\/span><\/span>Web sitesi 13 ya\u015f\u0131n alt\u0131ndaki \u00e7ocuklara (\u2018\u2019\u00c7ocuklar\u2018\u2019) y\u00f6nelik de\u011fildir ve \u00c7ocuklardan Ki\u015fisel Bilgiler de dahil olmak \u00fczere bilerek herhangi bir bilgi toplam\u0131yoruz.<\/li>\n<\/ol>","protected":false},"excerpt":{"rendered":"<p>What is Personal Information?At Sotheby\u2019s Montenegro ( \u2018\u2019 Website \u2018\u2019 ), personal information is all the information collected online by us that identifies the person [&hellip;]<\/p>\n","protected":false},"author":2,"featured_media":0,"parent":0,"menu_order":0,"comment_status":"closed","ping_status":"closed","template":"template-policy.php","meta":{"_acf_changed":false,"_joinchat":[],"footnotes":""},"class_list":["post-53029","page","type-page","status-publish","hentry"],"acf":[],"_links":{"self":[{"href":"https:\/\/sothebysrealty.me\/tr\/wp-json\/wp\/v2\/pages\/53029","targetHints":{"allow":["GET"]}}],"collection":[{"href":"https:\/\/sothebysrealty.me\/tr\/wp-json\/wp\/v2\/pages"}],"about":[{"href":"https:\/\/sothebysrealty.me\/tr\/wp-json\/wp\/v2\/types\/page"}],"author":[{"embeddable":true,"href":"https:\/\/sothebysrealty.me\/tr\/wp-json\/wp\/v2\/users\/2"}],"replies":[{"embeddable":true,"href":"https:\/\/sothebysrealty.me\/tr\/wp-json\/wp\/v2\/comments?post=53029"}],"version-history":[{"count":0,"href":"https:\/\/sothebysrealty.me\/tr\/wp-json\/wp\/v2\/pages\/53029\/revisions"}],"wp:attachment":[{"href":"https:\/\/sothebysrealty.me\/tr\/wp-json\/wp\/v2\/media?parent=53029"}],"curies":[{"name":"wp","href":"https:\/\/api.w.org\/{rel}","templated":true}]}}