{"id":75,"date":"2020-06-04T14:29:15","date_gmt":"2020-06-04T14:29:15","guid":{"rendered":"https:\/\/sothebys.wp1.smartweb.rs\/?page_id=75"},"modified":"2026-03-23T15:45:59","modified_gmt":"2026-03-23T15:45:59","slug":"montenegro-real-estate-sale","status":"publish","type":"page","link":"https:\/\/sothebysrealty.me\/sr-rs\/crna-gora-prodaja-nekretnina\/","title":{"rendered":"Montenegro Real Estate Sale"},"content":{"rendered":"<div data-elementor-type=\"wp-page\" data-elementor-id=\"75\" class=\"elementor elementor-75\" data-elementor-post-type=\"page\">\n\t\t\t\t<div class=\"elementor-element elementor-element-7d9d64b5 e-flex e-con-boxed e-con e-parent\" data-id=\"7d9d64b5\" data-element_type=\"container\" data-e-type=\"container\">\n\t\t\t\t\t<div class=\"e-con-inner\">\n\t\t\t\t<div class=\"elementor-element elementor-element-21a7e1d2 elementor-widget elementor-widget-text-editor\" data-id=\"21a7e1d2\" data-element_type=\"widget\" data-e-type=\"widget\" data-widget_type=\"text-editor.default\">\n\t\t\t\t<div class=\"elementor-widget-container\">\n\t\t\t\t\t\t\t\t\t<h2 data-start=\"267\" data-end=\"321\">Otkrijte svoj dom iz snova medju nekretninama u Crnoj Gori<\/h2><p data-start=\"323\" data-end=\"908\">Nekretnine u Crnoj Gori nude jednu od najzna\u010dajnijih prilika na dana\u0161njem me\u0111unarodnom tr\u017ei\u0161tu nekretnina - priliku da posjedujete komadi\u0107 raja uz Jadran. Sa svojom prekrasnom obalom, \u0161armantnim starim gradovima i kulturom koja spaja mediteransku toplinu s balkanskom autenti\u010dno\u0161\u0107u, Crna Gora je postala po\u017eeljna destinacija za zahtjevne kupce iz cijelog svijeta. Bilo da je va\u0161a vizija moderan stan s pogledom na \u017eivahnu marinu ili prostrana vila s direktnim pristupom pla\u017ei, ovo tr\u017ei\u0161te nudi opcije koje kombinuju luksuz, udobnost i investicioni potencijal.<\/p><h3 data-start=\"910\" data-end=\"950\">Za\u0161to odabrati kupovinu nekretnine u Crnoj Gori?<\/h3><p data-start=\"952\" data-end=\"1399\">Tijekom posljednje decenije, Crna Gora se transformisala u jedno od najuzbudljivijih evropskih tr\u017ei\u0161ta nekretnina. Kupce privla\u010di njezin zapanjuju\u0107i geografski polo\u017eaj, gdje se planine dramati\u010dno uzdi\u017eu iznad tirkiznih voda, a slikovita sela nalaze se uz luksuzne stambene komplekse. Strate\u0161ki polo\u017eaj zemlje, na samo kratkoj udaljenosti od glavnih europskih gradova, \u010dini je atraktivnom opcijom za kupovinu ku\u0107e za odmor, stanovanje ili investiranja u nekretnine.<\/p><p data-start=\"1401\" data-end=\"1803\">Potra\u017enja za nekretninama u Crnoj Gori brzo je porasla, podr\u017eana vladinom politikom usmjerenom na ulaganja i rastu\u0107om popularno\u0161\u0107u zemlje kao luksuzne turisti\u010dke destinacije. Investitori prepoznaju sna\u017ean potencijal za rast vrijednosti, dok su vlasnici ku\u0107a jednako o\u010darani na\u010dinom \u017eivota: netaknutim pla\u017eama, marinama svjetske klase, \u017eivahnim no\u0107nim \u017eivotom i beskrajnim mogu\u0107nostima za istra\u017eivanje fantasti\u010dne prirode, planina i mora.<\/p><h3 data-start=\"1805\" data-end=\"1841\">Apartmani, vile i vi\u0161e od toga<\/h3><p data-start=\"1843\" data-end=\"1992\">Nekretnine u Crnoj Gori predstavljaju \u0161irok izbor nekretnina, osiguravaju\u0107i da svaki kupac mo\u017ee prona\u0107i ne\u0161to \u0161to odra\u017eava njegove potrebe i te\u017enje.<\/p><ul data-start=\"1994\" data-end=\"3306\"><li data-start=\"1994\" data-end=\"2492\"><p data-start=\"1996\" data-end=\"2492\"><strong data-start=\"1996\" data-end=\"2030\">Apartmani i stanovi na prodaju u Crnoj Gori<\/strong><br data-start=\"2030\" data-end=\"2033\" \/>Elegantni i moderni stanovi mogu se prona\u0107i u glavnim obalnim gradovima poput Budve, Kotora i Tivta. Mnogi od ovih stanova nalaze se unutar luksuznih naselja, s uslugama recepcije, wellness sadr\u017eajima i izravnim pristupom marini. Posebno su atraktivni za kupce koji tra\u017ee prakti\u010dnost, savremen stil i stil \u017eivota po principu \"zaklju\u010daj i ostavi\". Stanovi tako\u0111e imaju izvrstan potencijal za najam zainteresiranim za kratkoro\u010dni ili sezonski najam.<\/p><\/li><li data-start=\"2494\" data-end=\"2955\"><p data-start=\"2496\" data-end=\"2955\"><strong data-start=\"2496\" data-end=\"2526\">Vile na prodaju u Crnoj Gori<\/strong><br data-start=\"2526\" data-end=\"2529\" \/>Onima koji tra\u017ee prostor i privatnost <a href=\"https:\/\/sothebysrealty.me\/sr-rs\/authentic-stone-villa-lepetane\/\">vile u Crnoj Gori nude vrhunski luksuz<\/a>Ove nekretnine \u010desto imaju prostrane terase, privatne bazene, ure\u0111ene vrtove i panoramski pogled na Jadran ili Boku Kotorsku. Vile se mogu prona\u0107i u ekskluzivnim enklavama poput poluotoka Lu\u0161tice, Svetog Stefana ili sela na obroncima iznad Budve, nude\u0107i mir, a istovremeno blizinu kulturnih i dru\u0161tvenih sadr\u017eaja.<\/p><\/li><li data-start=\"2957\" data-end=\"3306\"><p data-start=\"2959\" data-end=\"3306\"><strong data-start=\"2959\" data-end=\"2993\">Jedinstvene istorijske nekretnine<\/strong><br data-start=\"2993\" data-end=\"2996\" \/>\u0160arm Crne Gore le\u017ei i njenom naslijedju. <a href=\"https:\/\/sothebysrealty.me\/sr-rs\/historical-stone-villa-prcanj-kotor\/\">Restaurisane istorijske ku\u0107e<\/a> u gradovima pod za\u0161titom UNESCO-a poput Perasta i Kotora omogu\u0107avaju kupcima da iz prve ruke do\u017eive istoriju kroz arhitekturu koja odra\u017eava vijekove mleta\u010dkog utjecaja. Ove nekretnine su rijetki dragulji koji spajaju autenti\u010dni karakter s modernom udobno\u0161\u0107u.<\/p><\/li><li data-start=\"2957\" data-end=\"3306\"><p data-start=\"4398\" data-end=\"4488\">Svaka regija Crne Gore nudi svoje jedinstvene prednosti za vlasnike ku\u0107a i investitore.<\/p><ul data-start=\"4490\" data-end=\"5332\"><li data-start=\"4490\" data-end=\"4704\"><p data-start=\"4492\" data-end=\"4704\"><strong data-start=\"4492\" data-end=\"4508\">Bokokotorski zaliv<\/strong>Ovaj zaljev, mjesto svjetske ba\u0161tine UNESCO-a sa srednjovjekovnim gradovima poput Kotora i Perasta, \u010desto se uspore\u0111uje s norve\u0161kim fjordovima. Ku\u0107e ovdje kombinuju pogled na prekrasan prirodni krajolik sa \u0161armom istorijskog nasljedja.<\/p><\/li><li data-start=\"4705\" data-end=\"4937\"><p data-start=\"4707\" data-end=\"4937\"><strong data-start=\"4707\" data-end=\"4724\">Nekretnine na Budvanskoj rivijeri<\/strong>Poznata po svojim pje\u0161\u010danim pla\u017eama i \u017eivahnoj atmosferi, Budva nudi i moderne apartmane i vile na obroncima brda. No\u0107ni \u017eivot, marine i kulturni festivali \u010dine je idealnom za one koji u\u017eivaju u \u017eivahnom na\u010dinu \u017eivota.<\/p><\/li><li data-start=\"4938\" data-end=\"5161\"><p data-start=\"4940\" data-end=\"5161\"><strong data-start=\"4940\" data-end=\"4970\">Tivat i Porto Montenegro<\/strong>Ovo podru\u010dje postalo je moderno luksuzno sredi\u0161te Crne Gore. <a href=\"https:\/\/sothebysrealty.me\/sr-rs\/portonovi-marina-2bdr-apartment\/\"><strong>Porto Montenegro<\/strong><\/a> marina privla\u010di vlasnike jahti i kupce visoke klase svojim elegantnim stanovima, penthausima i vrlo tra\u017eenim vilama na obali.<\/p><\/li><li data-start=\"5162\" data-end=\"5332\"><p data-start=\"5164\" data-end=\"5332\"><strong data-start=\"5164\" data-end=\"5185\">Poluostrvo Lu\u0161tica<\/strong>Mirno uto\u010di\u0161te s netaknutim pla\u017eama i novim luksuznim projektima, idealno za one koji tra\u017ee mir bez \u017ertvovanja prednosti moderne udobnosti.<\/p><\/li><\/ul><\/li><\/ul><h3 data-start=\"3308\" data-end=\"3346\">Prednosti \u017eivota u Crnoj Gori<\/h3><p data-start=\"3348\" data-end=\"3739\">Posjedovanje nekretnina u Crnoj Gori zna\u010di puno vi\u0161e od ulaganja u cigle i \u017ebuku - to je poziv na jedinstven na\u010din \u017eivota. Blaga mediteranska klima zemlje osigurava topla ljeta i blage zime, \u0161to je \u010dini savr\u0161enom za \u017eivot tijekom cijele godine. Kuhinja je jo\u0161 jedna atrakcija: svje\u017ee ulovljeni plodovi mora, organski proizvodi s lokalnih tr\u017enica i vina iz rastu\u0107ih crnogorskih vinograda.<\/p><p data-start=\"3741\" data-end=\"4061\">Za ljubitelje prirode, Crna Gora nudi aktivnosti koje se kre\u0107u od jedrenja Jadranom do planinarenja u Nacionalnom parku Durmitor ili skijanja na sjeveru tijekom zime. Kulturni kalendar zemlje jednako je bogat, s glazbenim festivalima, umjetni\u010dkim izlo\u017ebama i tradicionalnim proslavama koje se odr\u017eavaju tijekom cijele godine.<\/p><p data-start=\"4063\" data-end=\"4279\">Drugi va\u017ean aspekt je osje\u0107aj mira i sigurnosti. Crna Gora je poznata po svojim gostoljubivim zajednicama, opu\u0161tenom na\u010dinu \u017eivota i sigurnom okru\u017eenju, \u0161to je \u010dini posebno privla\u010dnom za obitelji i umirovljenike.<\/p><h3 data-start=\"4281\" data-end=\"4307\">Investicioni potencijal<\/h3><p data-start=\"4309\" data-end=\"4655\">Stanovi i vile u Crnoj Gori nisu samo prilika za kupovinu mediteranskog stila \u017eivota, ve\u0107 i dobra investicija. Tr\u017ei\u0161te nekretnina i dalje pokazuje rast, podr\u017eano rastu\u0107im turizmom i razvojem infrastrukture. Potra\u017enja za luksuznim nekretninama za najam je velika, posebno u obalskim gradovima, \u0161to kupcima nudi potencijal za atraktivan i brz povrat ulo\u017eenog.<\/p><p data-start=\"4657\" data-end=\"4945\">Osim toga, Crna Gora napreduje prema \u010dlanstvu u Europskoj uniji, \u0161to ve\u0107 pove\u0107ava povjeranje investitora. Za one koji \u017eele da diversifikuju svoj portfolio nekretninama iz cijelog svijeta, Crna Gora predstavlja jedinstvenu priliku za kupovinu nekretnine na stabilnom tr\u017ei\u0161tu nekretnina sa zna\u010dajnim potenencijalom rasta.<\/p><h3 data-start=\"4947\" data-end=\"4992\">Bi\u0107ete vodjeni od strane stru\u010dnjaka za nekretnine na svakom koraku svog puta ka savr\u0161enoj nekretnini<\/h3><p data-start=\"4994\" data-end=\"5344\">Snala\u017eenje na tr\u017ei\u0161tu nekretnina u stranoj zemlji zahtijeva stru\u010dnost i povjerenje. Na\u0161 tim u <a href=\"https:\/\/share.google\/8f6e3v0Vzja4pJZES\" target=\"_blank\" rel=\"noopener\">Sotheby\u2019s Realty<\/a> specijalizovan je za vo\u0111enje klijenata kroz svaku fazu putovanja do savr\u0161ene nekretnine u Crnoj Gori. Od po\u010detne pretrage do pregleda nekretnina, pregovora i kona\u010dnog zaklju\u010denja ugovora, pru\u017eamo besprijekornu i transparentnu uslugu prilago\u0111enu va\u0161im ciljevima.<\/p><p data-start=\"5346\" data-end=\"5728\">Tako\u0111er razumijemo da kupovina ku\u0107e nije samo nov\u010dana transakcija - radi se o pronala\u017eenju nekretnine koja odra\u017eava va\u0161u viziju \u017eivota u Crnoj Gori. Na\u0161i savjetnici posve\u0107uju vrijeme razumijevanju va\u0161eg na\u010dina \u017eivota, bilo da tra\u017eite apartman na obali za sezonski boravak, obiteljsku vilu za \u017eivot tokom cijele godine ili povijesnu nekretninu sa fantasti\u010dnim, dugoro\u010dnim investicionim potencijalom.<\/p><h3 data-start=\"5730\" data-end=\"5754\">Zapo\u010dnite svoje putovanje do savr\u0161ene nekretnine<\/h3><p data-start=\"5756\" data-end=\"6128\">Crna Gora nudi raznolik izbor stanova, od kojih svaki pru\u017ea spoj ljepote, udobnosti i mogu\u0107nosti. Bilo da sanjate o u\u017eivanju u zalascima sunca s balkona s pogledom na Jadran, organizovanju okupljanja u vili s privatnim vrtovima ili zaranjanju u bezvremensku atmosferu povijesne kamene vile, nekretnine u Crnoj Gori mogu o\u017eivjeti va\u0161u viziju.<\/p><p data-start=\"6130\" data-end=\"6294\">Na\u0161i stru\u010dnjaci su spremni da vam pomognu na svakom koraku, nude\u0107i znanje, diskreciju i neusporedivu uslugu po kojoj je Sotheby's Realty poznat \u0161irom svijeta.<\/p><hr data-start=\"6296\" data-end=\"6299\" \/><p data-start=\"6301\" data-end=\"6558\"><strong data-start=\"6301\" data-end=\"6556\">Zapo\u010dnite svoje putovanje ve\u0107 danas i otkrijte najbolje nekretnine koje Crna Gora nudi. Kontaktirajte na\u0161 tim kako biste istra\u017eili apartmane, vile i jedinstvene nekretnine na ovoj izvanrednoj destinaciji - i dopustite nam da vam pomognemo da pronadjete svoj dom iz snova na Jadranu.<\/strong><\/p>\t\t\t\t\t\t\t\t<\/div>\n\t\t\t\t<\/div>\n\t\t\t\t\t<\/div>\n\t\t\t\t<\/div>\n\t\t\t\t<\/div>","protected":false},"excerpt":{"rendered":"<p>Discover Your Dream Home in Montenegro Real Estate Montenegro real estate offers one of the most remarkable opportunities in today\u2019s international property market\u2014a chance to [&hellip;]<\/p>\n","protected":false},"author":2,"featured_media":74563,"parent":0,"menu_order":0,"comment_status":"closed","ping_status":"closed","template":"template-sale.php","meta":{"_acf_changed":false,"_joinchat":[],"footnotes":""},"class_list":["post-75","page","type-page","status-publish","has-post-thumbnail","hentry"],"acf":[],"_links":{"self":[{"href":"https:\/\/sothebysrealty.me\/sr-rs\/wp-json\/wp\/v2\/pages\/75","targetHints":{"allow":["GET"]}}],"collection":[{"href":"https:\/\/sothebysrealty.me\/sr-rs\/wp-json\/wp\/v2\/pages"}],"about":[{"href":"https:\/\/sothebysrealty.me\/sr-rs\/wp-json\/wp\/v2\/types\/page"}],"author":[{"embeddable":true,"href":"https:\/\/sothebysrealty.me\/sr-rs\/wp-json\/wp\/v2\/users\/2"}],"replies":[{"embeddable":true,"href":"https:\/\/sothebysrealty.me\/sr-rs\/wp-json\/wp\/v2\/comments?post=75"}],"version-history":[{"count":5,"href":"https:\/\/sothebysrealty.me\/sr-rs\/wp-json\/wp\/v2\/pages\/75\/revisions"}],"predecessor-version":[{"id":79379,"href":"https:\/\/sothebysrealty.me\/sr-rs\/wp-json\/wp\/v2\/pages\/75\/revisions\/79379"}],"wp:featuredmedia":[{"embeddable":true,"href":"https:\/\/sothebysrealty.me\/sr-rs\/wp-json\/wp\/v2\/media\/74563"}],"wp:attachment":[{"href":"https:\/\/sothebysrealty.me\/sr-rs\/wp-json\/wp\/v2\/media?parent=75"}],"curies":[{"name":"wp","href":"https:\/\/api.w.org\/{rel}","templated":true}]}}