{"id":68860,"date":"2025-06-03T08:36:14","date_gmt":"2025-06-03T08:36:14","guid":{"rendered":"https:\/\/sothebysrealty.me\/?page_id=68860"},"modified":"2026-04-13T11:20:48","modified_gmt":"2026-04-13T11:20:48","slug":"portonovi","status":"publish","type":"page","link":"https:\/\/sothebysrealty.me\/sr-rs\/portonovi\/","title":{"rendered":"Portonovi"},"content":{"rendered":"<div data-elementor-type=\"wp-page\" data-elementor-id=\"68860\" class=\"elementor elementor-68860\" data-elementor-post-type=\"page\">\n\t\t\t\t<div class=\"elementor-element elementor-element-1ed84d7 e-flex e-con-boxed e-con e-parent\" data-id=\"1ed84d7\" data-element_type=\"container\" data-e-type=\"container\">\n\t\t\t\t\t<div class=\"e-con-inner\">\n\t\t\t\t<div class=\"elementor-element elementor-element-e03fe14 elementor-widget elementor-widget-text-editor\" data-id=\"e03fe14\" data-element_type=\"widget\" data-e-type=\"widget\" data-widget_type=\"text-editor.default\">\n\t\t\t\t<div class=\"elementor-widget-container\">\n\t\t\t\t\t\t\t\t\t<p>Istra\u017eite luksuzne nekretnine u Portonovom u Crnoj Gori. Ova ekskluzivna obalna zajednica nudi apartmane, penthause, rezidencije uz marinu i vile, s direktnim pristupom marini, finu kuhinju, butike i sadr\u017eaje koji su dostupni tokom cijele godine, za \u017eivot ili investiciju.<\/p>\t\t\t\t\t\t\t\t<\/div>\n\t\t\t\t<\/div>\n\t\t\t\t\t<\/div>\n\t\t\t\t<\/div>\n\t\t<div class=\"elementor-element elementor-element-e96b10f e-flex e-con-boxed e-con e-parent\" data-id=\"e96b10f\" data-element_type=\"container\" data-e-type=\"container\">\n\t\t\t\t\t<div class=\"e-con-inner\">\n\t\t\t\t<div class=\"elementor-element elementor-element-4d053c9e elementor-widget elementor-widget-text-editor\" data-id=\"4d053c9e\" data-element_type=\"widget\" data-e-type=\"widget\" data-widget_type=\"text-editor.default\">\n\t\t\t\t<div class=\"elementor-widget-container\">\n\t\t\t\t\t\t\t\t\t<p>Portonovi je jedna od najekskluzivnijih obalnih destinacija u Crnoj Gori, koja nudi luksuzni \u017eivotni stil u marini na ulazu u Bokokotorski zaljev. Poznat po vrhunskim rezidencijama, profinjenoj arhitekturi i vrhunskim sadr\u017eajima, Portonovi privla\u010di me\u0111unarodne kupce koji tra\u017ee udobnost, sigurnost i dugoro\u010dnu vrijednost na vrhunskoj lokaciji na obali.<\/p><p>Ako je va\u0161 cilj luksuzna vikendica, stil \u017eivota na obali ili vrhunska investicija u jednoj od najbolje pozicioniranih zajednica u zemlji, Portonovi je odli\u010dan izbor.<\/p><h2>Za\u0161to kupci biraju Portonovi?<\/h2><p>Portonovi se isti\u010de me\u0111u kupcima koji \u017eele luksuz, privatnost i \u201epotpuno\u201c okru\u017eenje gdje je sve dizajnirano po visokim standardima.<\/p><p>Uobi\u010dajeni razlozi za\u0161to kupci biraju Portonovi uklju\u010duju:<\/p><p>\u2022 Presti\u017enu adresu na obali u regiji Bokokotorskog zaliva<\/p><p>\u2022 Luksuznu infrastruktura, elegantne javne prostore profinjenu atmosfera<br \/>\u2022 Velika privla\u010dnost za vlasnike vikendica i klijente koji vole jahte<br \/>\u2022 Visokokvalitetna gradnja u pore\u0111enju s ve\u0107inom starijeg obalnog tr\u017ei\u0161ta<br \/>\u2022 Sigurno, dobro upravljano okru\u017eenje idealno za me\u0111unarodno vlasni\u0161tvo<br \/>\u2022 Vrhunski osje\u0107aj zajednice s fokusom na udobnost i uslugu<\/p><p>Portonovi je posebno atraktivan ako \u017eelite osje\u0107aj luksuza bez napora - vrhunski \u017eivot bez haosa.<\/p><h2>Vrste nekretnina dostupne u Portonovom<\/h2><p>Portonovi nudi izbor premium ku\u0107a dizajniranih za moderan \u017eivot na obali, obi\u010dno fokusiranih na kvalitetne apartmane i luksuzne rezidencije.<\/p><h3>Apartmani na obali i rezidencije u stilu marine<\/h3><p>Luksuzni apartmani u Portonovom su najtra\u017eeniji segment i \u010desto uklju\u010duju:<\/p><p>\u2022 moderni otvoreni rasporedi<br \/>\u2022 terase i pogled na more<br \/>\u2022 vrhunske gra\u0111evinske usluge i odr\u017eavana okolina<br \/>\u2022 jednostavan pristup \u0161etnicama uz obalu i sadr\u017eajima<\/p><p>Ove ku\u0107e su idealne za kupce koji tra\u017ee nekretninu koja zahtijeva malo odr\u017eavanja, a istovremeno ima visoku vrijednost za \u017eivotni stil.<\/p><h3>Luksuzni domovi za stil \u017eivota i investiciju<\/h3><p>Portonovi je tako\u0111er privla\u010dan za kupce koji tra\u017ee:<\/p><p>\u2022 luksuzni porodi\u010dni \u017eivot<br \/>\u2022 sigurna obalna baza s izvrsnim uslugama<br \/>\u2022 opcija \"zaklju\u010daj i ostavi\" nekretninu<br \/>\u2022 potencijal za premium iznajmljivanje (u zavisnosti od tipa jedinice i sezonalnosti)<\/p><p>Prava ku\u0107a ovdje ima vrijednost jer je tr\u017ei\u0161te jasno pozicionirano na vrhu.<\/p><h2>Portonovi stil \u017eivota \u2014 Kakav je \u017eivot ovdje?<\/h2><p>Portonovi je miran, elegantan i dizajniran za udoban \u017eivot na obali. Mnogi vlasnici ga biraju jer nudi:<\/p><p>\u2022 \u010disto, moderno, internacionalno okru\u017eenje<br \/>\u2022 \u0161etali\u0161ta uz obalu<br \/>\u2022 vrhunske usluge objedovanja i lifestyle usluge<br \/>\u2022 privatnost i osje\u0107aj zajednice kojom se dobro upravlja<\/p><p>To je odli\u010dan izbor za kupce koji \u017eele luksuz, ali preferiraju mirniju, profinjeniju atmosferu u pore\u0111enju sa prometnijim odmarali\u0161nim zonama.<\/p><h2>Da li je Portonovi dobra investicija?<\/h2><p>Portonovi se \u010desto smatra dugoro\u010dnom premium imovinom jer kombinuje:<\/p><p>\u2022 odli\u010dna lokacija na obali<br \/>\u2022 identitet zajednice na luksuznom nivou<br \/>\u2022 kontinuirana potra\u017enja me\u0111u kupcima koji se bave lifestyle proizvodima i me\u0111unarodnim kupcima<br \/>\u2022 jaka privla\u010dnost za premium najmove i likvidnost pri preprodaji (za prave nekretnine)<\/p><p>Kao i kod svake luksuzne kupovine, uspje\u0161nost investicije uveliko zavisi od:<\/p><p>\u2022 ta\u010dna lokacija jedinice<br \/>\u2022 pogled i blizina obale<br \/>\u2022 kvalitet rasporeda i dugoro\u010dna po\u017eeljnost<br \/>\u2022 parking i usluge u zgradi<\/p><p>Ako \u017eelite pametno kupovati, fokusirajte se na bezvremenski dizajn i vrhunsko pozicioniranje, a ne samo na etiketu.<\/p><h2>Portonovi vs Porto Montenegro (brzo pore\u0111enje)<\/h2><p>I Portonovi i Porto Montenegro su vrhunska luksuzna tr\u017ei\u0161ta, ali se na\u010din \u017eivota osje\u0107a druga\u010dije.<\/p><p>Portonovi je idealan ako \u017eelite:<\/p><p>\u2022 mirnija, privatnija luksuzna atmosfera<br \/>\u2022 profinjen \u017eivot na obali i ekskluzivnost<br \/>\u2022 opu\u0161ten tempo s vrhunskim okru\u017eenjem<\/p><p>Porto Montenegro je idealan ako \u017eelite:<\/p><p>\u2022 vi\u0161e urbane energije i dru\u0161tvenog \u017eivota<br \/>\u2022 intenzivniji stil \u017eivota \"grada marine\" u Tivtu<br \/>\u2022 \u0161ira aktivnost tokom cijele godine<\/p><p>Mnogi kupci odaberu oba, a zatim odlu\u010duju na osnovu atmosfere, dnevnog ritma i li\u010dnih preferencija.<\/p><h2>\u0160ta treba provjeriti prije kupovine u Portonovom?<\/h2><p>\u010cak i kod premium projekata, pametni kupci bi trebali potvrditi klju\u010dne detalje prije kupovine:<\/p><p>\u2022 ta\u010dna mikrolokacija unutar zajednice<br \/>\u2022 pogled na veze i budu\u0107e obli\u017enje razvojne projekte<br \/>\u2022 dostupnost parkinga i skladi\u0161ta<br \/>\u2022 namje\u0161taj i \u0161ta je jo\u0161 uklju\u010deno u prodajnu cijenu<br \/>\u2022 dokumentacija o vlasni\u0161tvu i struktura kupoprodajnog procesa<br \/>\u2022 potencijal za upravljanje najmom (ako je kupovina usmjerena na investiciju)<\/p><p>Luksuzna kupovina treba da bude uzbudljiva, ali bi tako\u0111e trebala biti \u010dista, sigurna i strate\u0161ka.<\/p><h2>Istra\u017eite oglase za nekretnine u Portonovom<\/h2><p>Pregledajte na\u0161 trenutni izbor nekretnina za prodaju u Portonoviju i zatra\u017eite privatni u\u017ei izbor na osnovu va\u0161eg bud\u017eeta i \u017eivotnih ciljeva.<\/p><p>Ako \u017eelite br\u017ei proces odabira nekretnine u Portonovom, recite nam:<\/p><p>\u2022 va\u0161 ciljani raspon bud\u017eeta<br \/>\u2022 \u017eeljeni broj spava\u0107ih soba i tip nekretnine<br \/>\u2022 \u201eobavezni sadr\u017eaji\u201c (obala, pogled na more, terasa, parking)<br \/>\u2022 da li je ovo za kupovina nekretnine za \u017eivot, investiciju ili oboje<\/p><p>We\u2019ll send a curated list of the best-fitting options and arrange viewings efficiently.<\/p><p>Otklju\u010dajte ekskluzivne nekretnine u Portonovom \u2014 <a href=\"https:\/\/share.google\/S6Lubp1nMhsvVWnRK\" target=\"_blank\" rel=\"noopener\">Kontaktirajte Sotheby's kancelariju u Porto Montenegru<\/a><\/p>\t\t\t\t\t\t\t\t<\/div>\n\t\t\t\t<\/div>\n\t\t\t\t<div class=\"elementor-element elementor-element-f0610ee elementor-widget elementor-widget-heading\" data-id=\"f0610ee\" data-element_type=\"widget\" data-e-type=\"widget\" data-widget_type=\"heading.default\">\n\t\t\t\t<div class=\"elementor-widget-container\">\n\t\t\t\t\t<h2 class=\"elementor-heading-title elementor-size-default\">Portonovi \u2013 \u010cesta pitanja o luksuznim nekretninama<\/h2>\t\t\t\t<\/div>\n\t\t\t\t<\/div>\n\t\t\t\t<div class=\"elementor-element elementor-element-aecb524 elementor-widget elementor-widget-n-accordion\" data-id=\"aecb524\" data-element_type=\"widget\" data-e-type=\"widget\" data-settings=\"{&quot;default_state&quot;:&quot;expanded&quot;,&quot;max_items_expended&quot;:&quot;one&quot;,&quot;n_accordion_animation_duration&quot;:{&quot;unit&quot;:&quot;ms&quot;,&quot;size&quot;:400,&quot;sizes&quot;:[]}}\" data-widget_type=\"nested-accordion.default\">\n\t\t\t\t<div class=\"elementor-widget-container\">\n\t\t\t\t\t\t\t<div class=\"e-n-accordion\" aria-label=\"Accordion. Open links with Enter or Space, close with Escape, and navigate with Arrow Keys\">\n\t\t\t\t\t\t<details id=\"e-n-accordion-item-1830\" class=\"e-n-accordion-item\" open>\n\t\t\t\t<summary class=\"e-n-accordion-item-title\" data-accordion-index=\"1\" tabindex=\"0\" aria-expanded=\"true\" aria-controls=\"e-n-accordion-item-1830\" >\n\t\t\t\t\t<span class='e-n-accordion-item-title-header'><h3 class=\"e-n-accordion-item-title-text\"> Za\u0161to odabrati Portonovi za kupovine nekretnine? <\/h3><\/span>\n\t\t\t\t\t\t\t<span class='e-n-accordion-item-title-icon'>\n\t\t\t<span class='e-opened' ><svg aria-hidden=\"true\" class=\"e-font-icon-svg e-fas-minus\" viewbox=\"0 0 448 512\" xmlns=\"http:\/\/www.w3.org\/2000\/svg\"><path d=\"M416 208H32c-17.67 0-32 14.33-32 32v32c0 17.67 14.33 32 32 32h384c17.67 0 32-14.33 32-32v-32c0-17.67-14.33-32-32-32z\"><\/path><\/svg><\/span>\n\t\t\t<span class='e-closed'><svg aria-hidden=\"true\" class=\"e-font-icon-svg e-fas-plus\" viewbox=\"0 0 448 512\" xmlns=\"http:\/\/www.w3.org\/2000\/svg\"><path d=\"M416 208H272V64c0-17.67-14.33-32-32-32h-32c-17.67 0-32 14.33-32 32v144H32c-17.67 0-32 14.33-32 32v32c0 17.67 14.33 32 32 32h144v144c0 17.67 14.33 32 32 32h32c17.67 0 32-14.33 32-32V304h144c17.67 0 32-14.33 32-32v-32c0-17.67-14.33-32-32-32z\"><\/path><\/svg><\/span>\n\t\t<\/span>\n\n\t\t\t\t\t\t<\/summary>\n\t\t\t\t<div role=\"region\" aria-labelledby=\"e-n-accordion-item-1830\" class=\"elementor-element elementor-element-98d6257 e-con-full e-flex e-con e-child\" data-id=\"98d6257\" data-element_type=\"container\" data-e-type=\"container\">\n\t\t\t\t<div class=\"elementor-element elementor-element-470b53b elementor-widget elementor-widget-text-editor\" data-id=\"470b53b\" data-element_type=\"widget\" data-e-type=\"widget\" data-widget_type=\"text-editor.default\">\n\t\t\t\t<div class=\"elementor-widget-container\">\n\t\t\t\t\t\t\t\t\t<p>Portonovi je ekskluzivno primorsko naselje na ulazu u Bokokotorski zaljev u Crnoj Gori. Kombinuje marinu svjetske klase s luksuznim rezidencijama, finom kuhinjom, buticima i direktnim pristupom vodi, nude\u0107i kompletan premium stil \u017eivota za stalne stanovnike, kupce vikendica i investitore.<\/p>\t\t\t\t\t\t\t\t<\/div>\n\t\t\t\t<\/div>\n\t\t\t\t<\/div>\n\t\t\t\t\t<\/details>\n\t\t\t\t\t\t<details id=\"e-n-accordion-item-1831\" class=\"e-n-accordion-item\" >\n\t\t\t\t<summary class=\"e-n-accordion-item-title\" data-accordion-index=\"2\" tabindex=\"-1\" aria-expanded=\"false\" aria-controls=\"e-n-accordion-item-1831\" >\n\t\t\t\t\t<span class='e-n-accordion-item-title-header'><h3 class=\"e-n-accordion-item-title-text\"> Koje vrste nekretnina se mogu kupiti u Portonovom? <\/h3><\/span>\n\t\t\t\t\t\t\t<span class='e-n-accordion-item-title-icon'>\n\t\t\t<span class='e-opened' ><svg aria-hidden=\"true\" class=\"e-font-icon-svg e-fas-minus\" viewbox=\"0 0 448 512\" xmlns=\"http:\/\/www.w3.org\/2000\/svg\"><path d=\"M416 208H32c-17.67 0-32 14.33-32 32v32c0 17.67 14.33 32 32 32h384c17.67 0 32-14.33 32-32v-32c0-17.67-14.33-32-32-32z\"><\/path><\/svg><\/span>\n\t\t\t<span class='e-closed'><svg aria-hidden=\"true\" class=\"e-font-icon-svg e-fas-plus\" viewbox=\"0 0 448 512\" xmlns=\"http:\/\/www.w3.org\/2000\/svg\"><path d=\"M416 208H272V64c0-17.67-14.33-32-32-32h-32c-17.67 0-32 14.33-32 32v144H32c-17.67 0-32 14.33-32 32v32c0 17.67 14.33 32 32 32h144v144c0 17.67 14.33 32 32 32h32c17.67 0 32-14.33 32-32V304h144c17.67 0 32-14.33 32-32v-32c0-17.67-14.33-32-32-32z\"><\/path><\/svg><\/span>\n\t\t<\/span>\n\n\t\t\t\t\t\t<\/summary>\n\t\t\t\t<div role=\"region\" aria-labelledby=\"e-n-accordion-item-1831\" class=\"elementor-element elementor-element-32d4e7b e-con-full e-flex e-con e-child\" data-id=\"32d4e7b\" data-element_type=\"container\" data-e-type=\"container\">\n\t\t\t\t<div class=\"elementor-element elementor-element-3e775f0 elementor-widget elementor-widget-text-editor\" data-id=\"3e775f0\" data-element_type=\"widget\" data-e-type=\"widget\" data-widget_type=\"text-editor.default\">\n\t\t\t\t<div class=\"elementor-widget-container\">\n\t\t\t\t\t\t\t\t\t<p>Portonovi nudi niz luksuznih nekretnina, uklju\u010duju\u0107i:<\/p><ul><li>Moderni apartmani i penthausi s panoramskim pogledom<\/li><li>Rezidencije i dupleksi uz marinu<\/li><li>Ekskluzivne vile<\/li><\/ul><p>Mnoge nekretnine imaju visokokvalitetnu zavr\u0161nu obradu, terase ili vrtove s pogledom na zaljev, te blizinu marine i sadr\u017eaja u zajednici.<\/p>\t\t\t\t\t\t\t\t<\/div>\n\t\t\t\t<\/div>\n\t\t\t\t<\/div>\n\t\t\t\t\t<\/details>\n\t\t\t\t\t\t<details id=\"e-n-accordion-item-1832\" class=\"e-n-accordion-item\" >\n\t\t\t\t<summary class=\"e-n-accordion-item-title\" data-accordion-index=\"3\" tabindex=\"-1\" aria-expanded=\"false\" aria-controls=\"e-n-accordion-item-1832\" >\n\t\t\t\t\t<span class='e-n-accordion-item-title-header'><h3 class=\"e-n-accordion-item-title-text\"> Da li je Portonovi dobra lokacija za investiranje? <\/h3><\/span>\n\t\t\t\t\t\t\t<span class='e-n-accordion-item-title-icon'>\n\t\t\t<span class='e-opened' ><svg aria-hidden=\"true\" class=\"e-font-icon-svg e-fas-minus\" viewbox=\"0 0 448 512\" xmlns=\"http:\/\/www.w3.org\/2000\/svg\"><path d=\"M416 208H32c-17.67 0-32 14.33-32 32v32c0 17.67 14.33 32 32 32h384c17.67 0 32-14.33 32-32v-32c0-17.67-14.33-32-32-32z\"><\/path><\/svg><\/span>\n\t\t\t<span class='e-closed'><svg aria-hidden=\"true\" class=\"e-font-icon-svg e-fas-plus\" viewbox=\"0 0 448 512\" xmlns=\"http:\/\/www.w3.org\/2000\/svg\"><path d=\"M416 208H272V64c0-17.67-14.33-32-32-32h-32c-17.67 0-32 14.33-32 32v144H32c-17.67 0-32 14.33-32 32v32c0 17.67 14.33 32 32 32h144v144c0 17.67 14.33 32 32 32h32c17.67 0 32-14.33 32-32V304h144c17.67 0 32-14.33 32-32v-32c0-17.67-14.33-32-32-32z\"><\/path><\/svg><\/span>\n\t\t<\/span>\n\n\t\t\t\t\t\t<\/summary>\n\t\t\t\t<div role=\"region\" aria-labelledby=\"e-n-accordion-item-1832\" class=\"elementor-element elementor-element-21c9ba8 e-con-full e-flex e-con e-child\" data-id=\"21c9ba8\" data-element_type=\"container\" data-e-type=\"container\">\n\t\t\t\t<div class=\"elementor-element elementor-element-e234965 elementor-widget elementor-widget-text-editor\" data-id=\"e234965\" data-element_type=\"widget\" data-e-type=\"widget\" data-widget_type=\"text-editor.default\">\n\t\t\t\t<div class=\"elementor-widget-container\">\n\t\t\t\t\t\t\t\t\t<p>Da. Ograni\u010den broj luksuznih nekretnina u Portonoviju, vrhunska lokacija na Jadranu i privla\u010dnost za me\u0111unarodne kupce \u010dine ga atraktivnom opcijom za li\u010dnu upotrebu ili dugoro\u010dnu investiciju. Ekskluzivnost zajednice i visokokvalitetna infrastruktura podr\u017eavaju potencijal za rast kapitala i prihod od najma.<\/p>\t\t\t\t\t\t\t\t<\/div>\n\t\t\t\t<\/div>\n\t\t\t\t<\/div>\n\t\t\t\t\t<\/details>\n\t\t\t\t\t\t<details id=\"e-n-accordion-item-1833\" class=\"e-n-accordion-item\" >\n\t\t\t\t<summary class=\"e-n-accordion-item-title\" data-accordion-index=\"4\" tabindex=\"-1\" aria-expanded=\"false\" aria-controls=\"e-n-accordion-item-1833\" >\n\t\t\t\t\t<span class='e-n-accordion-item-title-header'><h3 class=\"e-n-accordion-item-title-text\"> Mogu li iznajmljivati svoju nekretninu u Portonoviju? <\/h3><\/span>\n\t\t\t\t\t\t\t<span class='e-n-accordion-item-title-icon'>\n\t\t\t<span class='e-opened' ><svg aria-hidden=\"true\" class=\"e-font-icon-svg e-fas-minus\" viewbox=\"0 0 448 512\" xmlns=\"http:\/\/www.w3.org\/2000\/svg\"><path d=\"M416 208H32c-17.67 0-32 14.33-32 32v32c0 17.67 14.33 32 32 32h384c17.67 0 32-14.33 32-32v-32c0-17.67-14.33-32-32-32z\"><\/path><\/svg><\/span>\n\t\t\t<span class='e-closed'><svg aria-hidden=\"true\" class=\"e-font-icon-svg e-fas-plus\" viewbox=\"0 0 448 512\" xmlns=\"http:\/\/www.w3.org\/2000\/svg\"><path d=\"M416 208H272V64c0-17.67-14.33-32-32-32h-32c-17.67 0-32 14.33-32 32v144H32c-17.67 0-32 14.33-32 32v32c0 17.67 14.33 32 32 32h144v144c0 17.67 14.33 32 32 32h32c17.67 0 32-14.33 32-32V304h144c17.67 0 32-14.33 32-32v-32c0-17.67-14.33-32-32-32z\"><\/path><\/svg><\/span>\n\t\t<\/span>\n\n\t\t\t\t\t\t<\/summary>\n\t\t\t\t<div role=\"region\" aria-labelledby=\"e-n-accordion-item-1833\" class=\"elementor-element elementor-element-ee0c30f e-con-full e-flex e-con e-child\" data-id=\"ee0c30f\" data-element_type=\"container\" data-e-type=\"container\">\n\t\t\t\t<div class=\"elementor-element elementor-element-3e9e4f9 elementor-widget elementor-widget-text-editor\" data-id=\"3e9e4f9\" data-element_type=\"widget\" data-e-type=\"widget\" data-widget_type=\"text-editor.default\">\n\t\t\t\t<div class=\"elementor-widget-container\">\n\t\t\t\t\t\t\t\t\t<p>Apsolutno. Postoji velika potra\u017enja za nekretninama za iznajmljivanje u Portonoviju zbog njegovog na\u010dina \u017eivota u marini i ekskluzivnog okru\u017eenja. Vlasnici se mogu odlu\u010diti za kratkoro\u010dni ili dugoro\u010dni najam, a mi pru\u017eamo savjete o potencijalu za iznajmljivanje, pronala\u017eenju zakupaca i uskla\u0111enosti s lokalnim propisima.<\/p>\t\t\t\t\t\t\t\t<\/div>\n\t\t\t\t<\/div>\n\t\t\t\t<\/div>\n\t\t\t\t\t<\/details>\n\t\t\t\t\t\t<details id=\"e-n-accordion-item-1834\" class=\"e-n-accordion-item\" >\n\t\t\t\t<summary class=\"e-n-accordion-item-title\" data-accordion-index=\"5\" tabindex=\"-1\" aria-expanded=\"false\" aria-controls=\"e-n-accordion-item-1834\" >\n\t\t\t\t\t<span class='e-n-accordion-item-title-header'><h3 class=\"e-n-accordion-item-title-text\"> Da li je Portonovi pogodan za \u017eivot tokom cijele godine? <\/h3><\/span>\n\t\t\t\t\t\t\t<span class='e-n-accordion-item-title-icon'>\n\t\t\t<span class='e-opened' ><svg aria-hidden=\"true\" class=\"e-font-icon-svg e-fas-minus\" viewbox=\"0 0 448 512\" xmlns=\"http:\/\/www.w3.org\/2000\/svg\"><path d=\"M416 208H32c-17.67 0-32 14.33-32 32v32c0 17.67 14.33 32 32 32h384c17.67 0 32-14.33 32-32v-32c0-17.67-14.33-32-32-32z\"><\/path><\/svg><\/span>\n\t\t\t<span class='e-closed'><svg aria-hidden=\"true\" class=\"e-font-icon-svg e-fas-plus\" viewbox=\"0 0 448 512\" xmlns=\"http:\/\/www.w3.org\/2000\/svg\"><path d=\"M416 208H272V64c0-17.67-14.33-32-32-32h-32c-17.67 0-32 14.33-32 32v144H32c-17.67 0-32 14.33-32 32v32c0 17.67 14.33 32 32 32h144v144c0 17.67 14.33 32 32 32h32c17.67 0 32-14.33 32-32V304h144c17.67 0 32-14.33 32-32v-32c0-17.67-14.33-32-32-32z\"><\/path><\/svg><\/span>\n\t\t<\/span>\n\n\t\t\t\t\t\t<\/summary>\n\t\t\t\t<div role=\"region\" aria-labelledby=\"e-n-accordion-item-1834\" class=\"elementor-element elementor-element-2d0b1ab e-con-full e-flex e-con e-child\" data-id=\"2d0b1ab\" data-element_type=\"container\" data-e-type=\"container\">\n\t\t\t\t<div class=\"elementor-element elementor-element-7a22227 elementor-widget elementor-widget-text-editor\" data-id=\"7a22227\" data-element_type=\"widget\" data-e-type=\"widget\" data-widget_type=\"text-editor.default\">\n\t\t\t\t<div class=\"elementor-widget-container\">\n\t\t\t\t\t\t\t\t\t<p>Da. Portonovi nudi sve potrebne sadr\u017eaje za \u017eivot u punom jeku, uklju\u010duju\u0107i trgovine, restorane, dru\u0161tvene prostore i usluge marine. Zajednica kombinira udobnost odmarali\u0161ta s prakti\u010dnom infrastrukturom, \u0161to je \u010dini idealnom i za stalne stanovnike i za sezonske vlasnike ku\u0107a.<\/p>\t\t\t\t\t\t\t\t<\/div>\n\t\t\t\t<\/div>\n\t\t\t\t<\/div>\n\t\t\t\t\t<\/details>\n\t\t\t\t\t<\/div>\n\t\t\t\t\t\t<\/div>\n\t\t\t\t<\/div>\n\t\t\t\t<div class=\"elementor-element elementor-element-0b2e062 elementor-widget elementor-widget-google_maps\" data-id=\"0b2e062\" data-element_type=\"widget\" data-e-type=\"widget\" data-widget_type=\"google_maps.default\">\n\t\t\t\t<div class=\"elementor-widget-container\">\n\t\t\t\t\t\t\t<div class=\"elementor-custom-embed\">\n\t\t\t<iframe loading=\"lazy\"\n\t\t\t\t\tsrc=\"https:\/\/maps.google.com\/maps?q=Portonovi%2C%20Montenegro&#038;t=m&#038;z=15&#038;output=embed&#038;iwloc=near\"\n\t\t\t\t\ttitle=\"Portonovi, Montenegro\"\n\t\t\t\t\taria-label=\"Portonovi, Montenegro\"\n\t\t\t><\/iframe>\n\t\t<\/div>\n\t\t\t\t\t\t<\/div>\n\t\t\t\t<\/div>\n\t\t\t\t<div class=\"elementor-element elementor-element-5e07dcc elementor-cta--skin-classic elementor-animated-content elementor-bg-transform elementor-bg-transform-zoom-in elementor-widget elementor-widget-call-to-action\" data-id=\"5e07dcc\" data-element_type=\"widget\" data-e-type=\"widget\" data-widget_type=\"call-to-action.default\">\n\t\t\t\t<div class=\"elementor-widget-container\">\n\t\t\t\t\t\t\t<div class=\"elementor-cta\">\n\t\t\t\t\t\t\t<div class=\"elementor-cta__content\">\n\t\t\t\t\n\t\t\t\t\t\t\t\t\t<h2 class=\"elementor-cta__title elementor-cta__content-item elementor-content-item\">\n\t\t\t\t\t\tZainteresovani ste za kupovinu u Portonovom?\t\t\t\t\t<\/h2>\n\t\t\t\t\n\t\t\t\t\t\t\t\t\t<div class=\"elementor-cta__description elementor-cta__content-item elementor-content-item\">\n\t\t\t\t\t\tKontaktirajte na\u0161 tim za pouzdano savjetovanje i ekskluzivan pristup luksuznim ku\u0107ama, stanovima na obali i odabranim investicijskim opcijama.\t\t\t\t\t<\/div>\n\t\t\t\t\n\t\t\t\t\t\t\t\t\t<div class=\"elementor-cta__button-wrapper elementor-cta__content-item elementor-content-item\">\n\t\t\t\t\t<a class=\"elementor-cta__button elementor-button elementor-size-\" href=\"https:\/\/sothebysrealty.me\/sr-rs\/contact\/\">\n\t\t\t\t\t\tKontakt\t\t\t\t\t<\/a>\n\t\t\t\t\t<\/div>\n\t\t\t\t\t\t\t<\/div>\n\t\t\t\t\t\t<\/div>\n\t\t\t\t\t\t<\/div>\n\t\t\t\t<\/div>\n\t\t\t\t\t<\/div>\n\t\t\t\t<\/div>\n\t\t\t\t<\/div>","protected":false},"excerpt":{"rendered":"<p>Explore luxury properties in Portonovi, Montenegro. This exclusive coastal community offers apartments, penthouses, marina-front residences, and villas, with direct access to the marina, fine dining, [&hellip;]<\/p>\n","protected":false},"author":9,"featured_media":74584,"parent":0,"menu_order":0,"comment_status":"closed","ping_status":"closed","template":"template-portonovi.php","meta":{"_acf_changed":false,"_joinchat":[],"footnotes":""},"class_list":["post-68860","page","type-page","status-publish","has-post-thumbnail","hentry"],"acf":[],"_links":{"self":[{"href":"https:\/\/sothebysrealty.me\/sr-rs\/wp-json\/wp\/v2\/pages\/68860","targetHints":{"allow":["GET"]}}],"collection":[{"href":"https:\/\/sothebysrealty.me\/sr-rs\/wp-json\/wp\/v2\/pages"}],"about":[{"href":"https:\/\/sothebysrealty.me\/sr-rs\/wp-json\/wp\/v2\/types\/page"}],"author":[{"embeddable":true,"href":"https:\/\/sothebysrealty.me\/sr-rs\/wp-json\/wp\/v2\/users\/9"}],"replies":[{"embeddable":true,"href":"https:\/\/sothebysrealty.me\/sr-rs\/wp-json\/wp\/v2\/comments?post=68860"}],"version-history":[{"count":5,"href":"https:\/\/sothebysrealty.me\/sr-rs\/wp-json\/wp\/v2\/pages\/68860\/revisions"}],"predecessor-version":[{"id":79330,"href":"https:\/\/sothebysrealty.me\/sr-rs\/wp-json\/wp\/v2\/pages\/68860\/revisions\/79330"}],"wp:featuredmedia":[{"embeddable":true,"href":"https:\/\/sothebysrealty.me\/sr-rs\/wp-json\/wp\/v2\/media\/74584"}],"wp:attachment":[{"href":"https:\/\/sothebysrealty.me\/sr-rs\/wp-json\/wp\/v2\/media?parent=68860"}],"curies":[{"name":"wp","href":"https:\/\/api.w.org\/{rel}","templated":true}]}}