{"id":66719,"date":"2025-04-04T19:03:52","date_gmt":"2025-04-04T19:03:52","guid":{"rendered":"https:\/\/sothebysrealty.me\/?page_id=66719"},"modified":"2026-04-13T11:18:58","modified_gmt":"2026-04-13T11:18:58","slug":"lustica-bay","status":"publish","type":"page","link":"https:\/\/sothebysrealty.me\/sr-rs\/lustica-bay\/","title":{"rendered":"Lu\u0161tica Bay Luxury Real Estate"},"content":{"rendered":"<div data-elementor-type=\"wp-page\" data-elementor-id=\"66719\" class=\"elementor elementor-66719\" data-elementor-post-type=\"page\">\n\t\t\t\t<div class=\"elementor-element elementor-element-b0184e6 e-flex e-con-boxed e-con e-parent\" data-id=\"b0184e6\" data-element_type=\"container\" data-e-type=\"container\">\n\t\t\t\t\t<div class=\"e-con-inner\">\n\t\t\t\t<div class=\"elementor-element elementor-element-3258fce elementor-widget elementor-widget-text-editor\" data-id=\"3258fce\" data-element_type=\"widget\" data-e-type=\"widget\" data-widget_type=\"text-editor.default\">\n\t\t\t\t<div class=\"elementor-widget-container\">\n\t\t\t\t\t\t\t\t\t<p>Otkrijte luksuzne nekretnine u Lu\u0161tica Bayu, Crna Gora. Moderna obalna zajednica nudi apartmane, gradske ku\u0107e, vile i ku\u0107e na obali, s lakim pristupom pla\u017eama, marini, trgovinama, restoranima i sadr\u017eajima koji su dostupni tokom cijele godine, za \u017eivot ili investiciju.<\/p>\t\t\t\t\t\t\t\t<\/div>\n\t\t\t\t<\/div>\n\t\t\t\t\t<\/div>\n\t\t\t\t<\/div>\n\t\t<div class=\"elementor-element elementor-element-75a2f752 e-flex e-con-boxed e-con e-parent\" data-id=\"75a2f752\" data-element_type=\"container\" data-e-type=\"container\">\n\t\t\t\t\t<div class=\"e-con-inner\">\n\t\t\t\t<div class=\"elementor-element elementor-element-70ec08aa elementor-widget elementor-widget-text-editor\" data-id=\"70ec08aa\" data-element_type=\"widget\" data-e-type=\"widget\" data-widget_type=\"text-editor.default\">\n\t\t\t\t<div class=\"elementor-widget-container\">\n\t\t\t\t\t\t\t\t\t<p>Lu\u0161tica Bay je jedna od najpresti\u017enijih novih obalnih destinacija u Crnoj Gori, koja kombinuje modernu arhitekturu, stil \u017eivota u marini i vrhunsku infrastrukturu odmarali\u0161ta u pa\u017eljivo planiranoj zajednici na poluostrvu Lu\u0161tica.<\/p><p>Smje\u0161tena u blizini Tivta i Bokokotorskog zaliva, privla\u010di me\u0111unarodne kupce koji tra\u017ee sigurno, premium okru\u017eenje sa sna\u017enom dugoro\u010dnom privla\u010dno\u0161\u0107u.<\/p><p>Ako \u017eelite moderan dom sa sna\u017enom lifesyle dodatom vrijedno\u0161\u0107u - bilo da je to dom za \u017eivot ljeti, udobnost tokom cijele godine ili dugoro\u010dnu investiciju - Lu\u0161tica Bay je jedno od najboljih mjesta za kupovinu nekretnina u Crnoj Gori.<\/p><h2>Za\u0161to kupci biraju Lu\u0161tica Bay?<\/h2><p>Lu\u0161tica Bay se isti\u010de jer nudi kvalitet novogradnje, urbanisti\u010dko planiranje i luksuzne usluge - ne\u0161to \u0161to je jo\u0161 uvijek rijetko na crnogorskoj obali u pore\u0111enju sa starijim stambenim fondom.<\/p><p>Kupci biraju Lu\u0161tica Bay zbog:<\/p><p>\u2022 Planski osmi\u0161ljena zajednica s jasnom dugoro\u010dnom vizijom<br \/>\u2022 Visokokvalitetna gradnja i moderan raspored<br \/>\u2022 Sna\u017ena lefesyle ponuda:: \u0161etali\u0161ta, pla\u017ee, gostoprimstvo i energija marine<br \/>\u2022 Sigurno, \u010disto i dobro upravljano okru\u017eenje (idealno za vlasnike iz inostranstva)<br \/>\u2022 Odli\u010dan potencijal \"zaklju\u010daj i ostavi\"<br \/>\u2022 Lak pristup Tivtu i klju\u010dnim obalnim destinacijama<\/p><p>Lu\u0161tica Bay je posebno privla\u010dna kupcima koji cijene udobnost, organizaciju i dugotrajnost nekretnine - ne samo pogled na more.<\/p><h2>Vrste nekretnina dostupnih u Lu\u0161tica Bayu<\/h2><p>Lu\u0161tica Bay nudi niz opcija nekretnina, ali tr\u017ei\u0161te je sna\u017eno fokusirano na premium rezidencije dizajnirane za moderan \u017eivot na obali.<\/p><h3>Luksuzni apartmani i rezidencije s pogledom na more<\/h3><p>Apartmani su me\u0111u najtra\u017eenijim nekretninama u Lu\u0161tica Bayu, posebno za kupce koji \u017eele:<\/p><p>\u2022 Siguran drugi dom<br \/>\u2022 Minimalno odr\u017eavanje<br \/>\u2022 Sna\u017ean potencijal za iznajmljivanje<br \/>\u2022 Pje\u0161a\u010dki na\u010din \u017eivota u blizini sadr\u017eaja<\/p><p>Mnoge jedinice imaju pogled na more, terase i moderno ure\u0111enje - idealno i za li\u010dnu upotrebu i za kratkoro\u010dni boravak.<\/p><h3>Vile i privatni stanovi<\/h3><p>Luksuzne vile u i oko Lu\u0161tica Baya privla\u010de kupce koji tra\u017ee:<\/p><p>\u2022 Ve\u0107u privatnost<br \/>\u2022 Prostore za boravak napolju i terase<br \/>\u2022 Premium design and long-term family use<\/p><p>Vile obi\u010dno privla\u010de krajnje korisnike s visokim bud\u017eetom, a prava vila mo\u017ee se vrlo dobro pokazati u segmentu luksuznog najma.<\/p><h3>Investicijski prihvatljive opcije po sistemu \"klju\u010d u ruke\"<\/h3><p>Lu\u0161tica Bay \u010desto biraju kupci koji \u017eele jednostavnost. Ku\u0107e po sistemu \"klju\u010d u ruke\" mogu biti odli\u010dna opcija ako vam je prioritet:<\/p><p>\u2022 Minimalno u\u010de\u0161\u0107e vlasnika<br \/>\u2022 Jednostavna sezonska upotreba<br \/>\u2022 Potencijal za iznajmljivanje bez velikog tereta upravljanja<\/p><h2>Lifestyle i svakodnevni \u017eivot u Lu\u0161tici<\/h2><p>Lu\u0161tica Bay je zami\u0161ljen kao kompletan primorski stil \u017eivota, a ne samo kao razvojni projekat sa zgradama.<\/p><p>Mnogi vlasnici vole Lu\u0161ticu jer se osje\u0107a:<\/p><p>\u2022 \u010disto\u0107a, modernost i dobro odr\u017eavanje<br \/>\u2022 mir i ekskluzivnost bez osje\u0107aja izolovanosti<br \/>\u2022 izgradjena je za laku pokretljivost: \u0161etali\u0161ta, promenade i pristup pla\u017eama<\/p><p>Takodje, Lu\u0161tica je idealna ako \u017eelite bazu u Crnoj Gori u kojoj \u0107ete se ose\u0107ati svejtski, organizovano i udobno.<\/p><h2>Da li je Lu\u0161tica dobra investicija?<\/h2><p>Lu\u0161tica Bay ima sna\u017ean dugoro\u010dni investicijski potencijal jer je:<\/p><p>\u2022 prepoznatljiva luksuzna destinacija sa internacionalnom vidljivo\u0161\u0107u<br \/>\u2022 smje\u0161ten blizu Tivta, Bokokotorskog zaliva i glavnih marina<br \/>\u2022 tr\u017ei\u0161te koje preferiraju lifestyle investitori i kupci premium nekretninina<br \/>\u2022 uglavnom sastavljen od modernog, vrlo tra\u017eenog stambenog fonda<\/p><p>Uz to budi re\u010deno, najbolja investiciona odluka zavisi od odabira prave vrste stambene jedinice i po\u010detne cijene.<\/p><p>Najbolje ta\u010dke za investiranje \u010desto uklju\u010duju:<\/p><p>\u2022 funkcionalne apartmane s 1-2 spava\u0107e sobe i terasom<br \/>\u2022 stambene jedinice na dobroj lokaciji s pogledom na more i pristupom \u0161etali\u0161tima<br \/>\u2022 nekretnine pogodne za vrhunski najam u toku godi\u0161njih odmora<\/p><p>Ako vam je cilj potencijala preprodaje nekretnine u Lu\u0161tici, dajte prioritet kvaliteti gradnje, lokaciji unutar zajednice i bezvremenskom rasporedu.<\/p><h2>Nekretnine Lu\u0161tica Bay naspram Porto Montenegra (koju lokaciju odabrati)<\/h2><p>I Lu\u0161tica Bay i Porto Montenegro su vrhunska tr\u017ei\u0161ta nekretnina, ali nude razli\u010dite atmosfere:<\/p><p>Lu\u0161tica Bay je idealna ako \u017eelite:<\/p><p>\u2022 moderna zajednicu u odmarali\u0161tu<br \/>\u2022 opu\u0161teniji \u017eivot na obali<br \/>\u2022 privatnost i ure\u0111eno okru\u017eenje<br \/>\u2022 novije opcije gradnje u master planu<\/p><p>Porto Montenegro je idealan ako \u017eelite:<\/p><p>\u2022 energiju grada na obali<br \/>\u2022 izuzetnu dostupnost \u0161etali\u0161tima sa restoranima i bogatim no\u0107nim \u017eivotom<br \/>\u2022 ja\u010di urbani vajb u Tivtu u odnosu na Herceg Novi<\/p><p>Mnogi kupci istra\u017euju obje lokacije, a zatim odlu\u010duju na osnovu \u017eivotnog stila, bud\u017eeta i toga da li kupuju nekretninu za iznajmljivanje ili li\u010dnu upotrebu.<\/p><h2>\u0160ta treba provjeriti prije kupovine u Lu\u0161tica Bayu<\/h2><p>\u010cak i kod premium projekata, pametni kupci provode dubinsku analizu. Klju\u010dne stvari koje treba potvrditi uklju\u010duju:<\/p><p>\u2022 Ta\u010dna mikrolokacija i pristup sadr\u017eajima<br \/>\u2022 Pogledajte koridore i budu\u0107e razvojne faze u okolini<br \/>\u2022 Dostupnost parkinga i skladi\u0161tenja (ako je potrebno)<br \/>\u2022 Namje\u0161taj \/ \u0161ta je uklju\u010deno<br \/>\u2022 Opcije upravljanja najmom (ako planirate najam)<br \/>\u2022 \u010cisto vlasni\u0161tvo i ispravna dokumentacija<\/p><p>Sigurna kupovina je ona koja ima smisla danas, a ostaje po\u017eeljna i u budu\u0107nosti.<\/p><h2>Istra\u017eite oglase za nekretnine u Lu\u0161tici<\/h2><p>Pregledajte na\u0161 izbor nekretnina za prodaju u Lu\u0161tica Bayu i zatra\u017eite odabranu ponudu na osnovu va\u0161ih potreba.<\/p><p>Da bismo vam brzo pomogli, mo\u017eemo vam preporu\u010diti najbolje opcije ako podijelite:<\/p><p>\u2022 va\u0161 bud\u017eet<br \/>\u2022 preferirana veli\u010dina (1 spava\u0107a soba \/ 2 spava\u0107e sobe \/ vila)<br \/>\u2022 preferirani pogled (pogled na more, blizina sadr\u017eaja, mirna zona)<br \/>\u2022 da li se radi o stilu \u017eivota, investiciji ili mje\u0161ovitoj namjeni<\/p><p>Otkrijte ekskluzivne nekretnine u Lu\u0161tica Bayu \u2014 <a href=\"https:\/\/share.google\/S6Lubp1nMhsvVWnRK\" target=\"_blank\" rel=\"noopener\">Kontaktirajte Sotheby's kancelariju u Porto Montenegru<\/a><\/p><h2>\u00a0<\/h2>\t\t\t\t\t\t\t\t<\/div>\n\t\t\t\t<\/div>\n\t\t\t\t<div class=\"elementor-element elementor-element-d9ce359 elementor-widget elementor-widget-heading\" data-id=\"d9ce359\" data-element_type=\"widget\" data-e-type=\"widget\" data-widget_type=\"heading.default\">\n\t\t\t\t<div class=\"elementor-widget-container\">\n\t\t\t\t\t<h2 class=\"elementor-heading-title elementor-size-default\">Lu\u0161tica Bay \u2013 Luksuzne nekretnine FAQ<\/h2>\t\t\t\t<\/div>\n\t\t\t\t<\/div>\n\t\t<div class=\"elementor-element elementor-element-344dd47 e-con-full e-flex e-con e-child\" data-id=\"344dd47\" data-element_type=\"container\" data-e-type=\"container\">\n\t\t<div class=\"elementor-element elementor-element-42dcdec e-con-full e-flex e-con e-child\" data-id=\"42dcdec\" data-element_type=\"container\" data-e-type=\"container\">\n\t\t\t\t<div class=\"elementor-element elementor-element-90a2bf8 elementor-widget elementor-widget-n-accordion\" data-id=\"90a2bf8\" data-element_type=\"widget\" data-e-type=\"widget\" data-settings=\"{&quot;default_state&quot;:&quot;expanded&quot;,&quot;max_items_expended&quot;:&quot;one&quot;,&quot;n_accordion_animation_duration&quot;:{&quot;unit&quot;:&quot;ms&quot;,&quot;size&quot;:400,&quot;sizes&quot;:[]}}\" data-widget_type=\"nested-accordion.default\">\n\t\t\t\t<div class=\"elementor-widget-container\">\n\t\t\t\t\t\t\t<div class=\"e-n-accordion\" aria-label=\"Accordion. Open links with Enter or Space, close with Escape, and navigate with Arrow Keys\">\n\t\t\t\t\t\t<details id=\"e-n-accordion-item-1510\" class=\"e-n-accordion-item\" open>\n\t\t\t\t<summary class=\"e-n-accordion-item-title\" data-accordion-index=\"1\" tabindex=\"0\" aria-expanded=\"true\" aria-controls=\"e-n-accordion-item-1510\" >\n\t\t\t\t\t<span class='e-n-accordion-item-title-header'><div class=\"e-n-accordion-item-title-text\"> Za\u0161to je Lu\u0161tica Bay poseban izbor za kupovinu nekretnina? <\/div><\/span>\n\t\t\t\t\t\t\t<span class='e-n-accordion-item-title-icon'>\n\t\t\t<span class='e-opened' ><svg aria-hidden=\"true\" class=\"e-font-icon-svg e-fas-minus\" viewbox=\"0 0 448 512\" xmlns=\"http:\/\/www.w3.org\/2000\/svg\"><path d=\"M416 208H32c-17.67 0-32 14.33-32 32v32c0 17.67 14.33 32 32 32h384c17.67 0 32-14.33 32-32v-32c0-17.67-14.33-32-32-32z\"><\/path><\/svg><\/span>\n\t\t\t<span class='e-closed'><svg aria-hidden=\"true\" class=\"e-font-icon-svg e-fas-plus\" viewbox=\"0 0 448 512\" xmlns=\"http:\/\/www.w3.org\/2000\/svg\"><path d=\"M416 208H272V64c0-17.67-14.33-32-32-32h-32c-17.67 0-32 14.33-32 32v144H32c-17.67 0-32 14.33-32 32v32c0 17.67 14.33 32 32 32h144v144c0 17.67 14.33 32 32 32h32c17.67 0 32-14.33 32-32V304h144c17.67 0 32-14.33 32-32v-32c0-17.67-14.33-32-32-32z\"><\/path><\/svg><\/span>\n\t\t<\/span>\n\n\t\t\t\t\t\t<\/summary>\n\t\t\t\t<div role=\"region\" aria-labelledby=\"e-n-accordion-item-1510\" class=\"elementor-element elementor-element-0b589bb e-con-full e-flex e-con e-child\" data-id=\"0b589bb\" data-element_type=\"container\" data-e-type=\"container\">\n\t\t\t\t<div class=\"elementor-element elementor-element-c3ae1cb elementor-widget elementor-widget-text-editor\" data-id=\"c3ae1cb\" data-element_type=\"widget\" data-e-type=\"widget\" data-widget_type=\"text-editor.default\">\n\t\t\t\t<div class=\"elementor-widget-container\">\n\t\t\t\t\t\t\t\t\t<p>Lu\u0161tica Bay je moderna, planski izgra\u0111ena obalna zajednica u Crnoj Gori, koja kombinuje marinu, pla\u017ee, trgovine, restorane i zelene povr\u0161ine. Njen dizajn nudi visokokvalitetan i prakti\u010dan na\u010din \u017eivota, \u0161to je \u010dini atraktivnom destinacijom za stalne stanovnike, kupce vikendica i investitore koji tra\u017ee sigurnu i dugoro\u010dnu vrijednost.<\/p>\t\t\t\t\t\t\t\t<\/div>\n\t\t\t\t<\/div>\n\t\t\t\t<\/div>\n\t\t\t\t\t<\/details>\n\t\t\t\t\t\t<details id=\"e-n-accordion-item-1511\" class=\"e-n-accordion-item\" >\n\t\t\t\t<summary class=\"e-n-accordion-item-title\" data-accordion-index=\"2\" tabindex=\"-1\" aria-expanded=\"false\" aria-controls=\"e-n-accordion-item-1511\" >\n\t\t\t\t\t<span class='e-n-accordion-item-title-header'><div class=\"e-n-accordion-item-title-text\"> Koji tipovi nekretnina su na raspolaganju u Lu\u0161tici? <\/div><\/span>\n\t\t\t\t\t\t\t<span class='e-n-accordion-item-title-icon'>\n\t\t\t<span class='e-opened' ><svg aria-hidden=\"true\" class=\"e-font-icon-svg e-fas-minus\" viewbox=\"0 0 448 512\" xmlns=\"http:\/\/www.w3.org\/2000\/svg\"><path d=\"M416 208H32c-17.67 0-32 14.33-32 32v32c0 17.67 14.33 32 32 32h384c17.67 0 32-14.33 32-32v-32c0-17.67-14.33-32-32-32z\"><\/path><\/svg><\/span>\n\t\t\t<span class='e-closed'><svg aria-hidden=\"true\" class=\"e-font-icon-svg e-fas-plus\" viewbox=\"0 0 448 512\" xmlns=\"http:\/\/www.w3.org\/2000\/svg\"><path d=\"M416 208H272V64c0-17.67-14.33-32-32-32h-32c-17.67 0-32 14.33-32 32v144H32c-17.67 0-32 14.33-32 32v32c0 17.67 14.33 32 32 32h144v144c0 17.67 14.33 32 32 32h32c17.67 0 32-14.33 32-32V304h144c17.67 0 32-14.33 32-32v-32c0-17.67-14.33-32-32-32z\"><\/path><\/svg><\/span>\n\t\t<\/span>\n\n\t\t\t\t\t\t<\/summary>\n\t\t\t\t<div role=\"region\" aria-labelledby=\"e-n-accordion-item-1511\" class=\"elementor-element elementor-element-bb3d8d4 e-con-full e-flex e-con e-child\" data-id=\"bb3d8d4\" data-element_type=\"container\" data-e-type=\"container\">\n\t\t\t\t<div class=\"elementor-element elementor-element-4049cb9 elementor-widget elementor-widget-text-editor\" data-id=\"4049cb9\" data-element_type=\"widget\" data-e-type=\"widget\" data-widget_type=\"text-editor.default\">\n\t\t\t\t<div class=\"elementor-widget-container\">\n\t\t\t\t\t\t\t\t\t<p>Lu\u0161tica Bay nudi raznoliku ponudu luksuznih rezidencija, uklju\u010duju\u0107i:<br \/>\u2022 Moderni apartmani i zgrade u zonama Marina Village i Centrale<br \/>\u2022 Ekskluzivne ku\u0107e na obali<br \/>\u2022 Luksuzne vile u okviru kompleksa The Peaks, prvog crnogorskog golf terena sa 18 rupa<br \/>Mnoge nekretnine imaju vrhunsku zavr\u0161nu obradu, terase s pogledom na more i blizinu marine i sadr\u017eaja u zajednici.<\/p>\t\t\t\t\t\t\t\t<\/div>\n\t\t\t\t<\/div>\n\t\t\t\t<\/div>\n\t\t\t\t\t<\/details>\n\t\t\t\t\t\t<details id=\"e-n-accordion-item-1512\" class=\"e-n-accordion-item\" >\n\t\t\t\t<summary class=\"e-n-accordion-item-title\" data-accordion-index=\"3\" tabindex=\"-1\" aria-expanded=\"false\" aria-controls=\"e-n-accordion-item-1512\" >\n\t\t\t\t\t<span class='e-n-accordion-item-title-header'><div class=\"e-n-accordion-item-title-text\"> Da li je Lu\u0161tica Bay dobra lokacija za investiranje? <\/div><\/span>\n\t\t\t\t\t\t\t<span class='e-n-accordion-item-title-icon'>\n\t\t\t<span class='e-opened' ><svg aria-hidden=\"true\" class=\"e-font-icon-svg e-fas-minus\" viewbox=\"0 0 448 512\" xmlns=\"http:\/\/www.w3.org\/2000\/svg\"><path d=\"M416 208H32c-17.67 0-32 14.33-32 32v32c0 17.67 14.33 32 32 32h384c17.67 0 32-14.33 32-32v-32c0-17.67-14.33-32-32-32z\"><\/path><\/svg><\/span>\n\t\t\t<span class='e-closed'><svg aria-hidden=\"true\" class=\"e-font-icon-svg e-fas-plus\" viewbox=\"0 0 448 512\" xmlns=\"http:\/\/www.w3.org\/2000\/svg\"><path d=\"M416 208H272V64c0-17.67-14.33-32-32-32h-32c-17.67 0-32 14.33-32 32v144H32c-17.67 0-32 14.33-32 32v32c0 17.67 14.33 32 32 32h144v144c0 17.67 14.33 32 32 32h32c17.67 0 32-14.33 32-32V304h144c17.67 0 32-14.33 32-32v-32c0-17.67-14.33-32-32-32z\"><\/path><\/svg><\/span>\n\t\t<\/span>\n\n\t\t\t\t\t\t<\/summary>\n\t\t\t\t<div role=\"region\" aria-labelledby=\"e-n-accordion-item-1512\" class=\"elementor-element elementor-element-4228617 e-con-full e-flex e-con e-child\" data-id=\"4228617\" data-element_type=\"container\" data-e-type=\"container\">\n\t\t\t\t<div class=\"elementor-element elementor-element-9226cbd elementor-widget elementor-widget-text-editor\" data-id=\"9226cbd\" data-element_type=\"widget\" data-e-type=\"widget\" data-widget_type=\"text-editor.default\">\n\t\t\t\t<div class=\"elementor-widget-container\">\n\t\t\t\t\t\t\t\t\t<p>Da. Kombinacija vrhunske lokacije na Jadranu, pa\u017eljivo isplanirane zajednice i ograni\u010dene ponude luksuznih nekretnina \u010dini Lu\u0161tica Bay atraktivnom i za li\u010dnu upotrebu i za dugoro\u010dna ulaganja. Njena rastu\u0107a internacionalna privla\u010dnost kao i dobro upravljana infrastruktura podr\u017eava sna\u017ean potencijal za rast vrijednosti.<\/p>\t\t\t\t\t\t\t\t<\/div>\n\t\t\t\t<\/div>\n\t\t\t\t<\/div>\n\t\t\t\t\t<\/details>\n\t\t\t\t\t\t<details id=\"e-n-accordion-item-1513\" class=\"e-n-accordion-item\" >\n\t\t\t\t<summary class=\"e-n-accordion-item-title\" data-accordion-index=\"4\" tabindex=\"-1\" aria-expanded=\"false\" aria-controls=\"e-n-accordion-item-1513\" >\n\t\t\t\t\t<span class='e-n-accordion-item-title-header'><div class=\"e-n-accordion-item-title-text\"> Koji sadr\u017eaji su na raspolaganju u Lu\u0161tici? <\/div><\/span>\n\t\t\t\t\t\t\t<span class='e-n-accordion-item-title-icon'>\n\t\t\t<span class='e-opened' ><svg aria-hidden=\"true\" class=\"e-font-icon-svg e-fas-minus\" viewbox=\"0 0 448 512\" xmlns=\"http:\/\/www.w3.org\/2000\/svg\"><path d=\"M416 208H32c-17.67 0-32 14.33-32 32v32c0 17.67 14.33 32 32 32h384c17.67 0 32-14.33 32-32v-32c0-17.67-14.33-32-32-32z\"><\/path><\/svg><\/span>\n\t\t\t<span class='e-closed'><svg aria-hidden=\"true\" class=\"e-font-icon-svg e-fas-plus\" viewbox=\"0 0 448 512\" xmlns=\"http:\/\/www.w3.org\/2000\/svg\"><path d=\"M416 208H272V64c0-17.67-14.33-32-32-32h-32c-17.67 0-32 14.33-32 32v144H32c-17.67 0-32 14.33-32 32v32c0 17.67 14.33 32 32 32h144v144c0 17.67 14.33 32 32 32h32c17.67 0 32-14.33 32-32V304h144c17.67 0 32-14.33 32-32v-32c0-17.67-14.33-32-32-32z\"><\/path><\/svg><\/span>\n\t\t<\/span>\n\n\t\t\t\t\t\t<\/summary>\n\t\t\t\t<div role=\"region\" aria-labelledby=\"e-n-accordion-item-1513\" class=\"elementor-element elementor-element-3bc03fd e-con-full e-flex e-con e-child\" data-id=\"3bc03fd\" data-element_type=\"container\" data-e-type=\"container\">\n\t\t\t\t<div class=\"elementor-element elementor-element-7a784bf elementor-widget elementor-widget-text-editor\" data-id=\"7a784bf\" data-element_type=\"widget\" data-e-type=\"widget\" data-widget_type=\"text-editor.default\">\n\t\t\t\t<div class=\"elementor-widget-container\">\n\t\t\t\t\t\t\t\t\t<p>Lu\u0161tica Bay nudi \u0161irok spektar pogodnosti prilago\u0111enih \u017eivotnom stilu, uklju\u010duju\u0107i:<br \/>\u2022 Zone Marina Village i Centrale<br \/>\u2022 The Chedi Hotel &amp; Residences<br \/>\u2022 Prodavnice, kafi\u0107e i restorane<br \/>\u2022 \u0160kole i zdravstvenu za\u0161titu<br \/>\u2022 Mogu\u0107nosti za sport, razonodu i aktivnosti na otvorenom<\/p><p>Ovi sadr\u017eaji podr\u017eavaju udobno, moderno i porodi\u010dno okru\u017eenje.<\/p>\t\t\t\t\t\t\t\t<\/div>\n\t\t\t\t<\/div>\n\t\t\t\t<\/div>\n\t\t\t\t\t<\/details>\n\t\t\t\t\t\t<details id=\"e-n-accordion-item-1514\" class=\"e-n-accordion-item\" >\n\t\t\t\t<summary class=\"e-n-accordion-item-title\" data-accordion-index=\"5\" tabindex=\"-1\" aria-expanded=\"false\" aria-controls=\"e-n-accordion-item-1514\" >\n\t\t\t\t\t<span class='e-n-accordion-item-title-header'><div class=\"e-n-accordion-item-title-text\"> Mogu li \u017eivjeti u Lu\u0161tici tokom cijele godine? <\/div><\/span>\n\t\t\t\t\t\t\t<span class='e-n-accordion-item-title-icon'>\n\t\t\t<span class='e-opened' ><svg aria-hidden=\"true\" class=\"e-font-icon-svg e-fas-minus\" viewbox=\"0 0 448 512\" xmlns=\"http:\/\/www.w3.org\/2000\/svg\"><path d=\"M416 208H32c-17.67 0-32 14.33-32 32v32c0 17.67 14.33 32 32 32h384c17.67 0 32-14.33 32-32v-32c0-17.67-14.33-32-32-32z\"><\/path><\/svg><\/span>\n\t\t\t<span class='e-closed'><svg aria-hidden=\"true\" class=\"e-font-icon-svg e-fas-plus\" viewbox=\"0 0 448 512\" xmlns=\"http:\/\/www.w3.org\/2000\/svg\"><path d=\"M416 208H272V64c0-17.67-14.33-32-32-32h-32c-17.67 0-32 14.33-32 32v144H32c-17.67 0-32 14.33-32 32v32c0 17.67 14.33 32 32 32h144v144c0 17.67 14.33 32 32 32h32c17.67 0 32-14.33 32-32V304h144c17.67 0 32-14.33 32-32v-32c0-17.67-14.33-32-32-32z\"><\/path><\/svg><\/span>\n\t\t<\/span>\n\n\t\t\t\t\t\t<\/summary>\n\t\t\t\t<div role=\"region\" aria-labelledby=\"e-n-accordion-item-1514\" class=\"elementor-element elementor-element-f38278e e-con-full e-flex e-con e-child\" data-id=\"f38278e\" data-element_type=\"container\" data-e-type=\"container\">\n\t\t\t\t<div class=\"elementor-element elementor-element-703e378 elementor-widget elementor-widget-text-editor\" data-id=\"703e378\" data-element_type=\"widget\" data-e-type=\"widget\" data-widget_type=\"text-editor.default\">\n\t\t\t\t<div class=\"elementor-widget-container\">\n\t\t\t\t\t\t\t\t\t<p>Apsolutno. Lu\u0161tica Bay je u potpunosti opremljena za \u017eivot tokom cijele godine, nude\u0107i \u0161kole, medicinske usluge, trgovine, restorane, sportske sadr\u017eaje i lak pristup pla\u017eama. Zajednica je osmi\u0161ljena da ponudi udobnost i prakti\u010dnost kako za stalne stanovnike, tako i za one koji su iznajmili ku\u0107e u sezoni.<\/p>\t\t\t\t\t\t\t\t<\/div>\n\t\t\t\t<\/div>\n\t\t\t\t<\/div>\n\t\t\t\t\t<\/details>\n\t\t\t\t\t<\/div>\n\t\t\t\t\t\t<\/div>\n\t\t\t\t<\/div>\n\t\t\t\t<\/div>\n\t\t\t\t<\/div>\n\t\t\t\t<div class=\"elementor-element elementor-element-69a91a3 elementor-widget elementor-widget-google_maps\" data-id=\"69a91a3\" data-element_type=\"widget\" data-e-type=\"widget\" data-widget_type=\"google_maps.default\">\n\t\t\t\t<div class=\"elementor-widget-container\">\n\t\t\t\t\t\t\t<div class=\"elementor-custom-embed\">\n\t\t\t<iframe loading=\"lazy\"\n\t\t\t\t\tsrc=\"https:\/\/maps.google.com\/maps?q=Lu%C5%A1tica%20Bay%2C%20Montenegro&#038;t=m&#038;z=15&#038;output=embed&#038;iwloc=near\"\n\t\t\t\t\ttitle=\"Lu\u0161tica Bay, Montenegro\"\n\t\t\t\t\taria-label=\"Lu\u0161tica Bay, Montenegro\"\n\t\t\t><\/iframe>\n\t\t<\/div>\n\t\t\t\t\t\t<\/div>\n\t\t\t\t<\/div>\n\t\t\t\t<div class=\"elementor-element elementor-element-6f3b21a elementor-cta--skin-classic elementor-animated-content elementor-bg-transform elementor-bg-transform-zoom-in elementor-widget elementor-widget-call-to-action\" data-id=\"6f3b21a\" data-element_type=\"widget\" data-e-type=\"widget\" data-widget_type=\"call-to-action.default\">\n\t\t\t\t<div class=\"elementor-widget-container\">\n\t\t\t\t\t\t\t<div class=\"elementor-cta\">\n\t\t\t\t\t\t\t<div class=\"elementor-cta__content\">\n\t\t\t\t\n\t\t\t\t\t\t\t\t\t<h2 class=\"elementor-cta__title elementor-cta__content-item elementor-content-item\">\n\t\t\t\t\t\tInterested in buying in Lu\u0161tica Bay?\t\t\t\t\t<\/h2>\n\t\t\t\t\n\t\t\t\t\t\t\t\t\t<div class=\"elementor-cta__description elementor-cta__content-item elementor-content-item\">\n\t\t\t\t\t\tContact us for exclusive availability, trusted guidance, and a private selection of the best Lu\u0161tica Bay homes for your lifestyle and investment goals.\t\t\t\t\t<\/div>\n\t\t\t\t\n\t\t\t\t\t\t\t\t\t<div class=\"elementor-cta__button-wrapper elementor-cta__content-item elementor-content-item\">\n\t\t\t\t\t<a class=\"elementor-cta__button elementor-button elementor-size-\" href=\"https:\/\/sothebysrealty.me\/sr-rs\/contact\/\">\n\t\t\t\t\t\tKontakt\t\t\t\t\t<\/a>\n\t\t\t\t\t<\/div>\n\t\t\t\t\t\t\t<\/div>\n\t\t\t\t\t\t<\/div>\n\t\t\t\t\t\t<\/div>\n\t\t\t\t<\/div>\n\t\t\t\t\t<\/div>\n\t\t\t\t<\/div>\n\t\t\t\t<\/div>","protected":false},"excerpt":{"rendered":"<p>Discover luxury real estate in Lu\u0161tica Bay, Montenegro. The modern coastal community offers apartments, townhouses, villas, and waterfront homes, with easy access to beaches, marina, [&hellip;]<\/p>\n","protected":false},"author":9,"featured_media":74568,"parent":0,"menu_order":0,"comment_status":"closed","ping_status":"closed","template":"template-lustica-bay.php","meta":{"_acf_changed":false,"_joinchat":[],"footnotes":""},"class_list":["post-66719","page","type-page","status-publish","has-post-thumbnail","hentry"],"acf":[],"_links":{"self":[{"href":"https:\/\/sothebysrealty.me\/sr-rs\/wp-json\/wp\/v2\/pages\/66719","targetHints":{"allow":["GET"]}}],"collection":[{"href":"https:\/\/sothebysrealty.me\/sr-rs\/wp-json\/wp\/v2\/pages"}],"about":[{"href":"https:\/\/sothebysrealty.me\/sr-rs\/wp-json\/wp\/v2\/types\/page"}],"author":[{"embeddable":true,"href":"https:\/\/sothebysrealty.me\/sr-rs\/wp-json\/wp\/v2\/users\/9"}],"replies":[{"embeddable":true,"href":"https:\/\/sothebysrealty.me\/sr-rs\/wp-json\/wp\/v2\/comments?post=66719"}],"version-history":[{"count":5,"href":"https:\/\/sothebysrealty.me\/sr-rs\/wp-json\/wp\/v2\/pages\/66719\/revisions"}],"predecessor-version":[{"id":79332,"href":"https:\/\/sothebysrealty.me\/sr-rs\/wp-json\/wp\/v2\/pages\/66719\/revisions\/79332"}],"wp:featuredmedia":[{"embeddable":true,"href":"https:\/\/sothebysrealty.me\/sr-rs\/wp-json\/wp\/v2\/media\/74568"}],"wp:attachment":[{"href":"https:\/\/sothebysrealty.me\/sr-rs\/wp-json\/wp\/v2\/media?parent=66719"}],"curies":[{"name":"wp","href":"https:\/\/api.w.org\/{rel}","templated":true}]}}