{"id":645,"date":"2020-06-22T14:01:51","date_gmt":"2020-06-22T14:01:51","guid":{"rendered":"https:\/\/sothebys.wp1.smartweb.rs\/?page_id=645"},"modified":"2026-05-03T23:19:04","modified_gmt":"2026-05-03T23:19:04","slug":"bay-of-kotor","status":"publish","type":"page","link":"https:\/\/sothebysrealty.me\/sr-rs\/bay-of-kotor\/","title":{"rendered":"Bay of Kotor Luxury Real Estate"},"content":{"rendered":"<div data-elementor-type=\"wp-page\" data-elementor-id=\"645\" class=\"elementor elementor-645\" data-elementor-post-type=\"page\">\n\t\t\t\t<div class=\"elementor-element elementor-element-8e6919d e-flex e-con-boxed e-con e-parent\" data-id=\"8e6919d\" data-element_type=\"container\" data-e-type=\"container\">\n\t\t\t\t\t<div class=\"e-con-inner\">\n\t\t\t\t<div class=\"elementor-element elementor-element-5db38a1 elementor-widget elementor-widget-text-editor\" data-id=\"5db38a1\" data-element_type=\"widget\" data-e-type=\"widget\" data-widget_type=\"text-editor.default\">\n\t\t\t\t<div class=\"elementor-widget-container\">\n\t\t\t\t\t\t\t\t\t<p>Bokokotorski zaliv nudi \u0161irok izbor kvalitetnih nekretnina, uklju\u010duju\u0107i apartmane, vile i imanja na obali. Idealno za \u017eivot tokom cijele godine, ku\u0107e za odmor ili investiciju, ovo podru\u010dje kombinuje slikovite obalne poglede sa prakti\u010dnim pristupom lokalnim sadr\u017eajima.<\/p>\t\t\t\t\t\t\t\t<\/div>\n\t\t\t\t<\/div>\n\t\t\t\t\t<\/div>\n\t\t\t\t<\/div>\n\t\t<div class=\"elementor-element elementor-element-433a1067 e-flex e-con-boxed e-con e-parent\" data-id=\"433a1067\" data-element_type=\"container\" data-e-type=\"container\">\n\t\t\t\t\t<div class=\"e-con-inner\">\n\t\t\t\t<div class=\"elementor-element elementor-element-5b252da elementor-widget elementor-widget-text-editor\" data-id=\"5b252da\" data-element_type=\"widget\" data-e-type=\"widget\" data-widget_type=\"text-editor.default\">\n\t\t\t\t<div class=\"elementor-widget-container\">\n\t\t\t\t\t\t\t\t\t<h2 data-start=\"172\" data-end=\"238\">Otkrijte Bokokotorski zaliv sa Sotheby\u2019s Realty<\/h2><p data-start=\"240\" data-end=\"522\">Bokokotorski zaljev je jedna od najljep\u0161ih lokacija u Crnoj Gori. Nudi prekrasan pogled, historijski \u0161arm i mirne vode. <a href=\"https:\/\/share.google\/K8FnGs0asydxZY3ha\" target=\"_blank\" rel=\"noopener\">Sotheby\u2019s Realty<\/a>specijalizirali smo <strong data-start=\"408\" data-end=\"443\">luksuzne nerketnine u Bokokotarskom zalivu.<\/strong>Na\u0161 tim poznaje dobro tr\u017ei\u0161te i poma\u017ee klijentima da pronadju izuzetne nekretnine.<\/p><p data-start=\"524\" data-end=\"756\">\u017delite li modernu vilu ili klasi\u010dnu ku\u0107u na obali, pru\u017eamo vam stru\u010dno vodstvo. Svaka nekretnina u Boki Kotorskoj ima jedinstvene karakteristike i izvanrednu ljepotu. Kupci cijene kombinaciju prirode, kulture i luksuza.<\/p><p data-start=\"758\" data-end=\"996\">Na\u0161e poznavanje <a href=\"https:\/\/sothebysrealty.me\/sr-rs\/budva-riviera\/budva-skocidevojka\/\"><strong data-start=\"775\" data-end=\"810\">luksuzne nerketnine u Bokokotarskom zalivu.<\/strong> <\/a>omogu\u0107uje nam da kupce spojimo s idealnim nekretninama. Nudimo personaliziranu uslugu prilago\u0111enu va\u0161im preferencijama i investicijskim ciljevima. Na\u0161 tim osigurava nesmetan proces kupovine ili najma nekretnine u Bokokotorskom zalivu, od po\u010detka do kraja.<\/p><hr \/><h3><strong>Luksuzni \u017eivot u Boki Kotorskoj<\/strong><\/h3><p>Boka Kotorska, \u010desto nazivana i Bokokotorski zaljev, jedna je od najprivla\u010dnijih destinacija Crne Gore. Prirodni fjord uklesan u jadransku obalu, spaja prekrasne krajolike, povijesni \u0161arm i mirne vode na na\u010din s kojim se malo koja mjesta na svijetu mogu mjeriti. Planine se dramati\u010dno uzdi\u017eu iznad zaljeva, srednjovjekovni gradovi le\u017ee uz obalu, a cijela regija pro\u017eeta je bezvremenskim osje\u0107ajem spokoja. Nije ni \u010dudo da je ovo podru\u010dje postalo jedno od najtra\u017eenijih europskih odredi\u0161ta za luksuzne nekretnine.<\/p><p>U Sotheby's International Realty Montenegro, specijalizirao je povezivanje zahtjevnih kupaca s izvanrednim nekretninama diljem Boke Kotorske. S neusporedivim poznavanjem lokalnih prilika i globalnom perspektivom, na\u0161 tim osigurava da svaki klijent otkrije ne samo dom, ve\u0107 i stil \u017eivota definiran elegancijom, ba\u0161tinom i ekskluzivno\u0161\u0107u.<\/p><h3>Tr\u017ei\u0161te definisano karakterom i presti\u017eem: Nekretnine u Boki Kotorskoj<\/h3><p>Tr\u017ei\u0161te nekretnina u Boki Kotorskoj je druga\u010dije od bilo kojeg drugog. Ovdje se tradicionalne kamene pala\u010de iz mleta\u010dkog doba nalaze uz suvremene vile dizajnirane s \u010distim linijama, naizgled beskrajnim bazenima i panoramskim terasama. Vile na obali nude izravan pristup kristalno \u010distoj vodi zaljeva, dok ku\u0107e na obroncima pru\u017eaju prekrasan pogled na gradske pejza\u017ee i otoke ispod. Svaka rezidencija ima svoj jedinstveni karakter, spajaju\u0107i prirodnu ljepotu s arhitektonskom posebno\u0161\u0107u.<\/p><p>Za kupce koji tra\u017ee klasi\u010dnu mediteransku atmosferu, historijski gradovi poput Perasta i Kotora su neusporedivi. Njihove uske kamene ulice, crkve stare stolje\u0107ima i barokne fasade nude bogatu kulturnu pozadinu za elegantan \u017eivot. Nasuprot tome, podru\u010dja poput Tivta i Porto Montenegra kombiniraju \u0161arm Jadrana s modernim, kosmopolitskim na\u010dinom \u017eivota, uz luksuzne marine, finu kuhinju i me\u0111unarodne usluge. Bez obzira zami\u0161ljate li mirno uto\u010di\u0161te ili \u017eivahno dru\u0161tveno sredi\u0161te, Bokokotorski zaljev nudi raznolikost izbora.<\/p><h3>Stru\u010dno savjetovanje i prilago\u0111ene usluge u oblasti nekretnina<\/h3><p>Kupovina nekretnina u Crnoj Gori zahtijeva stru\u010dno poznavanje tr\u017ei\u0161ta i pravnog okvira. Na\u0161 tim pru\u017ea sveobuhvatno savjetovanje u svakom koraku procesa - od po\u010detnih konsultacija do obilaska nekretnine, pregovora i zaklju\u010denja kupovine. Prilago\u0111avamo na\u0161 pristup va\u0161im specifi\u010dnim ciljevima, bez obzira da li kupujete porodi\u010dnu ku\u0107u na obali, investirate u ku\u0107u za odmor ili osiguravate dugoro\u010dnu investicijsku priliku.<\/p><p>Pored same transakcije, nudimo podr\u0161ku u upravljanju nekretninama, strategijama najma i lokalnim vezama. Mnogi na\u0161i klijenti cijene mogu\u0107nost ostvarivanja prihoda od najma kada njihova nekretnina nije u li\u010dnoj upotrebi, a na\u0161a stru\u010dnost osigurava besprijekorno iskustvo. Sotheby's Realty ide daleko dalje od prodaje; mi pru\u017eamo trajno partnerstvo osmi\u0161ljeno da za\u0161titi i unaprijedi va\u0161u investiciju.<\/p><h3>\u017diva istorija u Kotoru i Perastu<\/h3><p>Gradovi Kotor i Perast utjelovljuju najzna\u010dajniju historijsku privla\u010dnost zaliva. Kotor, koji je na UNESCO-voj listi svjetske ba\u0161tine, okru\u017een je drevnim mleta\u010dkim zidinama i \u017eiv je zahvaljuju\u0107i kulturnim doga\u0111ajima, muzi\u010dkim festivalima i zanatskim radnjama. Nekretnine ovdje su \u010desto restaurirane palate ili tradicionalne gradske ku\u0107e koje su zadr\u017eale svoj originalni kameni rad i karakter. Posjedovanje doma u Kotoru zna\u010di postati dio vi\u0161estoljetne pri\u010de o trgovini, kulturi i pomorskoj ba\u0161tini.<\/p><p>Perast, nasuprot tome, nudi mirniju eleganciju. Ovaj barokni dragulj, sa samo jednom ulicom du\u017e obale, obrubljen je palatama koje su nekada bile u vlasni\u0161tvu pomorskih porodica. Sa njihovih terasa pru\u017ea se pogled na kultna ostrvca Gospa od \u0160krpjela i Sveti \u0110or\u0111e. Rezidencije ovdje su rijetke i izuzetno cijenjene, nude\u0107i osje\u0107aj intimnosti i ekskluzivnosti koji malo koja druga destinacija mo\u017ee pru\u017eiti.<\/p><h3>Moderan na\u010din \u017eivota u Tivtu i Porto Montenegru<\/h3><p>Za kupce koji tra\u017ee modernu udobnost s me\u0111unarodnim \u0161tihom, Tivat i Porto Montenegro su idealni. Porto Montenegro, svjetski poznati projekt izgradnje marine, transformirao je ovaj primorski grad u sredi\u0161te luksuznog \u017eivota. Dizajnerski butici, gurmanski restorani i \u017eivahna dru\u0161tvena scena privla\u010de me\u0111unarodnu zajednicu vlasnika jahti i investitora. Apartmani i rezidencije ovdje nude savremeni dizajn, najsavremenije sadr\u017eaje i direktan pristup na\u010dinu \u017eivota u marini.<\/p><p>U me\u0111uvremenu, \u0161ire podru\u010dje Tivta tako\u0111er pru\u017ea mogu\u0107nosti za privatne vile i uto\u010di\u0161ta na brdima, kombiniraju\u0107i prakti\u010dnost sa prekrasnim pogledom na zaljev. Ovaj dio Bokokotorskog zaljeva predstavlja dinami\u010dnu ravnote\u017eu naslije\u0111a i modernosti, privla\u010de\u0107i kupce koji \u017eele i autenti\u010dnost i kosmopolitsku udobnost.<\/p><h3>Investirajte u stil \u017eivota pun elegancije i spokoja<\/h3><p>Odluka o ulaganju u nekretnine u Boki Kotorskoj zna\u010di prihvatanje na\u010dina \u017eivota u kojem su prirodna ljepota i kulturna dubina dio svakodnevnog \u017eivota. Mediteranska klima donosi topla ljeta i blage zime, \u0161to regiju \u010dini destinacijom tokom cijele godine. Jedrenje, planinarenje i objedovanje na obali su svakodnevna zadovoljstva, dok blizina me\u0111unarodnih aerodroma osigurava jednostavnu povezanost sa ostatkom Evrope.<\/p><p>Za mnoge na\u0161e klijente, posjedovanje nekretnine ovdje je vi\u0161e od finansijske investicije - to je emocionalna investicija. To zna\u010di imati uto\u010di\u0161te gdje se stvaraju porodi\u010dne uspomene, gdje vas okru\u017euje historija i gdje se tempo \u017eivota usporava kako bi se uskladio s blagim ritmom zaliva.<\/p><h3>Sotheby\u2019s Realty: Va\u0161 pouzdani partner za luksuzne nekretnine<\/h3><p>Sotheby's International Realty predstavlja diskreciju, kvalitet i globalni doseg. Na\u0161 tim u Crnoj Gori donosi ovu tradiciju izvrsnosti u Bokokotorski zaljev, osiguravaju\u0107i da svaki klijent dobije personaliziranu uslugu i apsolutno povjerenje u svoju kupovinu. Bez obzira da li je va\u0161a vizija restaurirana venecijanska palata, savremena vila s pogledom na beskraj ili elegantna rezidencija u Porto Montenegru, mi smo tu da vas vodimo s integritetom i stru\u010dno\u0161\u0107u.<\/p><h3>Otkrijte tr\u017ei\u0161te nekretnina u Boki Kotorskoj s nama<\/h3><p>Boka Kotorska nije samo mjesto za \u017eivot - to je mjesto kojem pripadate. Ovdje se elegancija, naslije\u0111e i prirodni sjaj spajaju, nude\u0107i na\u010din \u017eivota bez premca. U Sotheby's Realty Montenegro, pozivamo vas da istra\u017eite ovo ekskluzivno tr\u017ei\u0161te s nama i otkrijete dom koji odra\u017eava ne samo va\u0161 ukus, ve\u0107 i va\u0161e te\u017enje.<\/p><p>Dozvolite nam da vam pomognemo da prona\u0111ete nekretninu iz snova u Boki Kotorskoj i zapo\u010dnete svoje putovanje u jednu od najneobi\u010dnijih destinacija Mediterana.<\/p>\t\t\t\t\t\t\t\t<\/div>\n\t\t\t\t<\/div>\n\t\t\t\t\t<\/div>\n\t\t\t\t<\/div>\n\t\t<div class=\"elementor-element elementor-element-b0cad8d e-flex e-con-boxed e-con e-parent\" data-id=\"b0cad8d\" data-element_type=\"container\" data-e-type=\"container\">\n\t\t\t\t\t<div class=\"e-con-inner\">\n\t\t\t\t<div class=\"elementor-element elementor-element-6aeef6a elementor-widget elementor-widget-heading\" data-id=\"6aeef6a\" data-element_type=\"widget\" data-e-type=\"widget\" data-widget_type=\"heading.default\">\n\t\t\t\t<div class=\"elementor-widget-container\">\n\t\t\t\t\t<h2 class=\"elementor-heading-title elementor-size-default\">FAQS<\/h2>\t\t\t\t<\/div>\n\t\t\t\t<\/div>\n\t\t\t\t<div class=\"elementor-element elementor-element-da9a9f4 elementor-widget elementor-widget-n-accordion\" data-id=\"da9a9f4\" data-element_type=\"widget\" data-e-type=\"widget\" data-settings=\"{&quot;default_state&quot;:&quot;expanded&quot;,&quot;max_items_expended&quot;:&quot;one&quot;,&quot;n_accordion_animation_duration&quot;:{&quot;unit&quot;:&quot;ms&quot;,&quot;size&quot;:400,&quot;sizes&quot;:[]}}\" data-widget_type=\"nested-accordion.default\">\n\t\t\t\t<div class=\"elementor-widget-container\">\n\t\t\t\t\t\t\t<div class=\"e-n-accordion\" aria-label=\"Accordion. Open links with Enter or Space, close with Escape, and navigate with Arrow Keys\">\n\t\t\t\t\t\t<details id=\"e-n-accordion-item-2290\" class=\"e-n-accordion-item\" open>\n\t\t\t\t<summary class=\"e-n-accordion-item-title\" data-accordion-index=\"1\" tabindex=\"0\" aria-expanded=\"true\" aria-controls=\"e-n-accordion-item-2290\" >\n\t\t\t\t\t<span class='e-n-accordion-item-title-header'><div class=\"e-n-accordion-item-title-text\"> \u0160ta Bokokotorski zaliv \u010dini posebnim za luksuzne nekretnine? <\/div><\/span>\n\t\t\t\t\t\t\t<span class='e-n-accordion-item-title-icon'>\n\t\t\t<span class='e-opened' ><svg aria-hidden=\"true\" class=\"e-font-icon-svg e-fas-minus\" viewbox=\"0 0 448 512\" xmlns=\"http:\/\/www.w3.org\/2000\/svg\"><path d=\"M416 208H32c-17.67 0-32 14.33-32 32v32c0 17.67 14.33 32 32 32h384c17.67 0 32-14.33 32-32v-32c0-17.67-14.33-32-32-32z\"><\/path><\/svg><\/span>\n\t\t\t<span class='e-closed'><svg aria-hidden=\"true\" class=\"e-font-icon-svg e-fas-plus\" viewbox=\"0 0 448 512\" xmlns=\"http:\/\/www.w3.org\/2000\/svg\"><path d=\"M416 208H272V64c0-17.67-14.33-32-32-32h-32c-17.67 0-32 14.33-32 32v144H32c-17.67 0-32 14.33-32 32v32c0 17.67 14.33 32 32 32h144v144c0 17.67 14.33 32 32 32h32c17.67 0 32-14.33 32-32V304h144c17.67 0 32-14.33 32-32v-32c0-17.67-14.33-32-32-32z\"><\/path><\/svg><\/span>\n\t\t<\/span>\n\n\t\t\t\t\t\t<\/summary>\n\t\t\t\t<div role=\"region\" aria-labelledby=\"e-n-accordion-item-2290\" class=\"elementor-element elementor-element-a5011d9 e-con-full e-flex e-con e-child\" data-id=\"a5011d9\" data-element_type=\"container\" data-e-type=\"container\">\n\t\t\t\t<div class=\"elementor-element elementor-element-b95a96b elementor-widget elementor-widget-text-editor\" data-id=\"b95a96b\" data-element_type=\"widget\" data-e-type=\"widget\" data-widget_type=\"text-editor.default\">\n\t\t\t\t<div class=\"elementor-widget-container\">\n\t\t\t\t\t\t\t\t\t<p>Bokokotorski zaljev je jedna od najekskluzivnijih destinacija za luksuzne nekretnine u Crnoj Gori, koja kombinuje historijske srednjovjekovne gradove, prekrasnu jadransku obalu i vrhunske nekretnine na obali. Njegova jedinstvena mje\u0161avina kulturne ba\u0161tine, slikovitih pejza\u017ea i vrhunskih sadr\u017eaja \u010dini ga idealnim za vikendice, investicijske nekretnine i \u017eivot tokom cijele godine za me\u0111unarodne kupce.<\/p>\t\t\t\t\t\t\t\t<\/div>\n\t\t\t\t<\/div>\n\t\t\t\t<\/div>\n\t\t\t\t\t<\/details>\n\t\t\t\t\t\t<details id=\"e-n-accordion-item-2291\" class=\"e-n-accordion-item\" >\n\t\t\t\t<summary class=\"e-n-accordion-item-title\" data-accordion-index=\"2\" tabindex=\"-1\" aria-expanded=\"false\" aria-controls=\"e-n-accordion-item-2291\" >\n\t\t\t\t\t<span class='e-n-accordion-item-title-header'><div class=\"e-n-accordion-item-title-text\"> Koje vrste nekretnina su dostupne u Boki Kotorskoj? <\/div><\/span>\n\t\t\t\t\t\t\t<span class='e-n-accordion-item-title-icon'>\n\t\t\t<span class='e-opened' ><svg aria-hidden=\"true\" class=\"e-font-icon-svg e-fas-minus\" viewbox=\"0 0 448 512\" xmlns=\"http:\/\/www.w3.org\/2000\/svg\"><path d=\"M416 208H32c-17.67 0-32 14.33-32 32v32c0 17.67 14.33 32 32 32h384c17.67 0 32-14.33 32-32v-32c0-17.67-14.33-32-32-32z\"><\/path><\/svg><\/span>\n\t\t\t<span class='e-closed'><svg aria-hidden=\"true\" class=\"e-font-icon-svg e-fas-plus\" viewbox=\"0 0 448 512\" xmlns=\"http:\/\/www.w3.org\/2000\/svg\"><path d=\"M416 208H272V64c0-17.67-14.33-32-32-32h-32c-17.67 0-32 14.33-32 32v144H32c-17.67 0-32 14.33-32 32v32c0 17.67 14.33 32 32 32h144v144c0 17.67 14.33 32 32 32h32c17.67 0 32-14.33 32-32V304h144c17.67 0 32-14.33 32-32v-32c0-17.67-14.33-32-32-32z\"><\/path><\/svg><\/span>\n\t\t<\/span>\n\n\t\t\t\t\t\t<\/summary>\n\t\t\t\t<div role=\"region\" aria-labelledby=\"e-n-accordion-item-2291\" class=\"elementor-element elementor-element-3a1c4af e-con-full e-flex e-con e-child\" data-id=\"3a1c4af\" data-element_type=\"container\" data-e-type=\"container\">\n\t\t\t\t<div class=\"elementor-element elementor-element-ed44f66 elementor-widget elementor-widget-text-editor\" data-id=\"ed44f66\" data-element_type=\"widget\" data-e-type=\"widget\" data-widget_type=\"text-editor.default\">\n\t\t\t\t<div class=\"elementor-widget-container\">\n\t\t\t\t\t\t\t\t\t<p>Bokokotorski zaljev nudi raznoliku paletu luksuznih nekretnina, uklju\u010duju\u0107i historijske kamene pala\u010de, moderne vile s panoramskim pogledom na more, moderne apartmane i ekskluzivna imanja na obali. Mnoge nekretnine imaju vrhunsku zavr\u0161nu obradu, privatne bazene, terase s pogledom na zaljev i jednostavan pristup marinama, pla\u017eama i lokalnim sadr\u017eajima.<\/p>\t\t\t\t\t\t\t\t<\/div>\n\t\t\t\t<\/div>\n\t\t\t\t<\/div>\n\t\t\t\t\t<\/details>\n\t\t\t\t\t\t<details id=\"e-n-accordion-item-2292\" class=\"e-n-accordion-item\" >\n\t\t\t\t<summary class=\"e-n-accordion-item-title\" data-accordion-index=\"3\" tabindex=\"-1\" aria-expanded=\"false\" aria-controls=\"e-n-accordion-item-2292\" >\n\t\t\t\t\t<span class='e-n-accordion-item-title-header'><div class=\"e-n-accordion-item-title-text\"> Da li je Boka Kotorska dobra lokacija za investicije? <\/div><\/span>\n\t\t\t\t\t\t\t<span class='e-n-accordion-item-title-icon'>\n\t\t\t<span class='e-opened' ><svg aria-hidden=\"true\" class=\"e-font-icon-svg e-fas-minus\" viewbox=\"0 0 448 512\" xmlns=\"http:\/\/www.w3.org\/2000\/svg\"><path d=\"M416 208H32c-17.67 0-32 14.33-32 32v32c0 17.67 14.33 32 32 32h384c17.67 0 32-14.33 32-32v-32c0-17.67-14.33-32-32-32z\"><\/path><\/svg><\/span>\n\t\t\t<span class='e-closed'><svg aria-hidden=\"true\" class=\"e-font-icon-svg e-fas-plus\" viewbox=\"0 0 448 512\" xmlns=\"http:\/\/www.w3.org\/2000\/svg\"><path d=\"M416 208H272V64c0-17.67-14.33-32-32-32h-32c-17.67 0-32 14.33-32 32v144H32c-17.67 0-32 14.33-32 32v32c0 17.67 14.33 32 32 32h144v144c0 17.67 14.33 32 32 32h32c17.67 0 32-14.33 32-32V304h144c17.67 0 32-14.33 32-32v-32c0-17.67-14.33-32-32-32z\"><\/path><\/svg><\/span>\n\t\t<\/span>\n\n\t\t\t\t\t\t<\/summary>\n\t\t\t\t<div role=\"region\" aria-labelledby=\"e-n-accordion-item-2292\" class=\"elementor-element elementor-element-e4a92a2 e-con-full e-flex e-con e-child\" data-id=\"e4a92a2\" data-element_type=\"container\" data-e-type=\"container\">\n\t\t\t\t<div class=\"elementor-element elementor-element-1de0bcc elementor-widget elementor-widget-text-editor\" data-id=\"1de0bcc\" data-element_type=\"widget\" data-e-type=\"widget\" data-widget_type=\"text-editor.default\">\n\t\t\t\t<div class=\"elementor-widget-container\">\n\t\t\t\t\t\t\t\t\t<p>Bokokotorski zaliv je izuzetno atraktivan i za stil \u017eivota i za investicije. Velika potra\u017enja za luksuznim nekretninama, ograni\u010dena ponuda vrhunskih nekretnina na obali i rastu\u0107i turizam u regiji doprinose sna\u017enom potencijalu za iznajmljivanje i dugoro\u010dnom rastu kapitala.<\/p>\t\t\t\t\t\t\t\t<\/div>\n\t\t\t\t<\/div>\n\t\t\t\t<\/div>\n\t\t\t\t\t<\/details>\n\t\t\t\t\t\t<details id=\"e-n-accordion-item-2293\" class=\"e-n-accordion-item\" >\n\t\t\t\t<summary class=\"e-n-accordion-item-title\" data-accordion-index=\"4\" tabindex=\"-1\" aria-expanded=\"false\" aria-controls=\"e-n-accordion-item-2293\" >\n\t\t\t\t\t<span class='e-n-accordion-item-title-header'><div class=\"e-n-accordion-item-title-text\"> Mogu li iznajmljivati svoju nekretninu u Boki Kotorskoj? <\/div><\/span>\n\t\t\t\t\t\t\t<span class='e-n-accordion-item-title-icon'>\n\t\t\t<span class='e-opened' ><svg aria-hidden=\"true\" class=\"e-font-icon-svg e-fas-minus\" viewbox=\"0 0 448 512\" xmlns=\"http:\/\/www.w3.org\/2000\/svg\"><path d=\"M416 208H32c-17.67 0-32 14.33-32 32v32c0 17.67 14.33 32 32 32h384c17.67 0 32-14.33 32-32v-32c0-17.67-14.33-32-32-32z\"><\/path><\/svg><\/span>\n\t\t\t<span class='e-closed'><svg aria-hidden=\"true\" class=\"e-font-icon-svg e-fas-plus\" viewbox=\"0 0 448 512\" xmlns=\"http:\/\/www.w3.org\/2000\/svg\"><path d=\"M416 208H272V64c0-17.67-14.33-32-32-32h-32c-17.67 0-32 14.33-32 32v144H32c-17.67 0-32 14.33-32 32v32c0 17.67 14.33 32 32 32h144v144c0 17.67 14.33 32 32 32h32c17.67 0 32-14.33 32-32V304h144c17.67 0 32-14.33 32-32v-32c0-17.67-14.33-32-32-32z\"><\/path><\/svg><\/span>\n\t\t<\/span>\n\n\t\t\t\t\t\t<\/summary>\n\t\t\t\t<div role=\"region\" aria-labelledby=\"e-n-accordion-item-2293\" class=\"elementor-element elementor-element-22d9b39 e-con-full e-flex e-con e-child\" data-id=\"22d9b39\" data-element_type=\"container\" data-e-type=\"container\">\n\t\t\t\t<div class=\"elementor-element elementor-element-5cacdd3 elementor-widget elementor-widget-text-editor\" data-id=\"5cacdd3\" data-element_type=\"widget\" data-e-type=\"widget\" data-widget_type=\"text-editor.default\">\n\t\t\t\t<div class=\"elementor-widget-container\">\n\t\t\t\t\t\t\t\t\t<p>Apsolutno. Boka Kotorska ima sna\u017enu potra\u017enju za iznajmljivanjem, kako za kratkoro\u010dne odmore, tako i za dugoro\u010dne najmove. Poma\u017eemo vlasnicima nekretnina u identifikaciji zakupaca, razumijevanju lokalnih propisa o najmu i upravljanju procesom kako bismo osigurali nesmetano i uskla\u0111eno iznajmljivanje nekretnina.<\/p>\t\t\t\t\t\t\t\t<\/div>\n\t\t\t\t<\/div>\n\t\t\t\t<\/div>\n\t\t\t\t\t<\/details>\n\t\t\t\t\t\t<details id=\"e-n-accordion-item-2294\" class=\"e-n-accordion-item\" >\n\t\t\t\t<summary class=\"e-n-accordion-item-title\" data-accordion-index=\"5\" tabindex=\"-1\" aria-expanded=\"false\" aria-controls=\"e-n-accordion-item-2294\" >\n\t\t\t\t\t<span class='e-n-accordion-item-title-header'><div class=\"e-n-accordion-item-title-text\"> Kako da zapo\u010dnem s pregledom nekretnine ili davanjem ponude? <\/div><\/span>\n\t\t\t\t\t\t\t<span class='e-n-accordion-item-title-icon'>\n\t\t\t<span class='e-opened' ><svg aria-hidden=\"true\" class=\"e-font-icon-svg e-fas-minus\" viewbox=\"0 0 448 512\" xmlns=\"http:\/\/www.w3.org\/2000\/svg\"><path d=\"M416 208H32c-17.67 0-32 14.33-32 32v32c0 17.67 14.33 32 32 32h384c17.67 0 32-14.33 32-32v-32c0-17.67-14.33-32-32-32z\"><\/path><\/svg><\/span>\n\t\t\t<span class='e-closed'><svg aria-hidden=\"true\" class=\"e-font-icon-svg e-fas-plus\" viewbox=\"0 0 448 512\" xmlns=\"http:\/\/www.w3.org\/2000\/svg\"><path d=\"M416 208H272V64c0-17.67-14.33-32-32-32h-32c-17.67 0-32 14.33-32 32v144H32c-17.67 0-32 14.33-32 32v32c0 17.67 14.33 32 32 32h144v144c0 17.67 14.33 32 32 32h32c17.67 0 32-14.33 32-32V304h144c17.67 0 32-14.33 32-32v-32c0-17.67-14.33-32-32-32z\"><\/path><\/svg><\/span>\n\t\t<\/span>\n\n\t\t\t\t\t\t<\/summary>\n\t\t\t\t<div role=\"region\" aria-labelledby=\"e-n-accordion-item-2294\" class=\"elementor-element elementor-element-513e2dd e-con-full e-flex e-con e-child\" data-id=\"513e2dd\" data-element_type=\"container\" data-e-type=\"container\">\n\t\t\t\t<div class=\"elementor-element elementor-element-04e1192 elementor-widget elementor-widget-text-editor\" data-id=\"04e1192\" data-element_type=\"widget\" data-e-type=\"widget\" data-widget_type=\"text-editor.default\">\n\t\t\t\t<div class=\"elementor-widget-container\">\n\t\t\t\t\t\t\t\t\t<p>Za po\u010detak, kontaktirajte na\u0161u kancelariju kako biste zakazali virtuelne ili li\u010dne obilaske nekretnina. Na\u0161i stru\u010dni agenti vode me\u0111unarodne i lokalne kupce kroz odabir nekretnine, pregovore i kompletan proces kupovine, osiguravaju\u0107i besprijekorno i transparentno iskustvo.<strong>.<\/strong><\/p>\t\t\t\t\t\t\t\t<\/div>\n\t\t\t\t<\/div>\n\t\t\t\t<\/div>\n\t\t\t\t\t<\/details>\n\t\t\t\t\t<\/div>\n\t\t\t\t\t\t<\/div>\n\t\t\t\t<\/div>\n\t\t\t\t\t<\/div>\n\t\t\t\t<\/div>\n\t\t\t\t<\/div>","protected":false},"excerpt":{"rendered":"<p>The Bay of Kotor offers a wide selection of quality real estate, including apartments, villas, and waterfront estates. Ideal for year-round living, vacation homes, or [&hellip;]<\/p>\n","protected":false},"author":2,"featured_media":74552,"parent":0,"menu_order":0,"comment_status":"closed","ping_status":"closed","template":"template-bay-of-kotor.php","meta":{"_acf_changed":false,"_joinchat":[],"footnotes":""},"class_list":["post-645","page","type-page","status-publish","has-post-thumbnail","hentry"],"acf":[],"_links":{"self":[{"href":"https:\/\/sothebysrealty.me\/sr-rs\/wp-json\/wp\/v2\/pages\/645","targetHints":{"allow":["GET"]}}],"collection":[{"href":"https:\/\/sothebysrealty.me\/sr-rs\/wp-json\/wp\/v2\/pages"}],"about":[{"href":"https:\/\/sothebysrealty.me\/sr-rs\/wp-json\/wp\/v2\/types\/page"}],"author":[{"embeddable":true,"href":"https:\/\/sothebysrealty.me\/sr-rs\/wp-json\/wp\/v2\/users\/2"}],"replies":[{"embeddable":true,"href":"https:\/\/sothebysrealty.me\/sr-rs\/wp-json\/wp\/v2\/comments?post=645"}],"version-history":[{"count":5,"href":"https:\/\/sothebysrealty.me\/sr-rs\/wp-json\/wp\/v2\/pages\/645\/revisions"}],"predecessor-version":[{"id":79673,"href":"https:\/\/sothebysrealty.me\/sr-rs\/wp-json\/wp\/v2\/pages\/645\/revisions\/79673"}],"wp:featuredmedia":[{"embeddable":true,"href":"https:\/\/sothebysrealty.me\/sr-rs\/wp-json\/wp\/v2\/media\/74552"}],"wp:attachment":[{"href":"https:\/\/sothebysrealty.me\/sr-rs\/wp-json\/wp\/v2\/media?parent=645"}],"curies":[{"name":"wp","href":"https:\/\/api.w.org\/{rel}","templated":true}]}}