{"id":637,"date":"2020-06-22T13:29:49","date_gmt":"2020-06-22T13:29:49","guid":{"rendered":"https:\/\/sothebys.wp1.smartweb.rs\/?page_id=637"},"modified":"2026-04-13T11:11:26","modified_gmt":"2026-04-13T11:11:26","slug":"porto-montenegro","status":"publish","type":"page","link":"https:\/\/sothebysrealty.me\/sr-rs\/porto-montenegro\/","title":{"rendered":"Porto Montenegro Luxury Real Estate"},"content":{"rendered":"<div data-elementor-type=\"wp-page\" data-elementor-id=\"637\" class=\"elementor elementor-637\" data-elementor-post-type=\"page\">\n\t\t\t\t<div class=\"elementor-element elementor-element-d435c6b e-flex e-con-boxed e-con e-parent\" data-id=\"d435c6b\" data-element_type=\"container\" data-e-type=\"container\">\n\t\t\t\t\t<div class=\"e-con-inner\">\n\t\t\t\t<div class=\"elementor-element elementor-element-86f7710 elementor-widget elementor-widget-text-editor\" data-id=\"86f7710\" data-element_type=\"widget\" data-e-type=\"widget\" data-widget_type=\"text-editor.default\">\n\t\t\t\t<div class=\"elementor-widget-container\">\n\t\t\t\t\t\t\t\t\t<p>Porto Montenegro se smatra jednim od <strong>najja\u010dim lokacijama za investicije u luksuzne nekretnine u regiji<\/strong>Nekoliko klju\u010dnih faktora doprinosi njegovoj dugoro\u010dnoj investicijskoj privla\u010dnosti, uklju\u010duju\u0107i <strong>marina svjetske klase<\/strong>, velika me\u0111unarodna potra\u017enja, ograni\u010dena ponuda vrhunskih nekretnina na obali i pa\u017eljivo odabrana kolekcija luksuznih maloprodajnih i ugostiteljskih brendova.<\/p>\t\t\t\t\t\t\t\t<\/div>\n\t\t\t\t<\/div>\n\t\t\t\t\t<\/div>\n\t\t\t\t<\/div>\n\t\t<div class=\"elementor-element elementor-element-1c017ac1 e-flex e-con-boxed e-con e-parent\" data-id=\"1c017ac1\" data-element_type=\"container\" data-e-type=\"container\">\n\t\t\t\t\t<div class=\"e-con-inner\">\n\t\t\t\t<div class=\"elementor-element elementor-element-6bcab933 elementor-widget elementor-widget-text-editor\" data-id=\"6bcab933\" data-element_type=\"widget\" data-e-type=\"widget\" data-widget_type=\"text-editor.default\">\n\t\t\t\t<div class=\"elementor-widget-container\">\n\t\t\t\t\t\t\t\t\t<p>Porto Montenegro je najpresti\u017enija destinacija za marinu u Crnoj Gori, koja kombinuje svjetsku klasu <a href=\"https:\/\/sothebysrealty.me\/sr-rs\/waterfront-properties\/\">waterfront<\/a> \u017divot na obali u luksuznim rezidencijama, fina gastronomska ponuda i me\u0111unarodna privla\u010dnost tokom cijele godine. Smje\u0161ten u Tivtu u Boki Kotorskoj, ovo je jedno od najja\u010dih tr\u017ei\u0161ta nekretnina u zemlji za kupce koji tra\u017ee vrhunski kvalitet, modernu infrastrukturu i visoku likvidnost.<\/p><p>Bez obzira da li tra\u017eite apartman sa uslugama, rezidenciju uz marinu ili sigurnu investicijsku nekretninu sa velikom potra\u017enjom za iznajmljivanjem, Porto Montenegro nudi rijetku kombinaciju \u017eivotnog stila i dugoro\u010dne vrijednosti.<\/p><p>Pregledajte na\u0161 odabrani izbor nekretnina za prodaju u Porto Montenegru i prona\u0111ite pravi dom za svoje ciljeve - li\u010dnu upotrebu, prihod od najma ili oboje.<\/p><h2>Za\u0161to kupci biraju Porto Montenegro?<\/h2><p>Porto Montenegro se isti\u010de jer nudi vi\u0161e od samo prekrasnog okru\u017eenja \u2013 nudi kompletno okru\u017eenje dizajnirano za udoban i luksuzan \u017eivot.<\/p><p>Klju\u010dni razlozi za\u0161to kupci biraju Porto Montenegro uklju\u010duju:<\/p><p>\u2022 Luksuzni stil \u017eivota u marini sa sadr\u017eajima svjetskih standarda<br \/>\u2022 Sna\u017ena me\u0111unarodna potra\u017enja i dokazan interes kupaca<br \/>\u2022 Visoka atraktivnost za iznajmljivanje tokom sezone i nakon nje<br \/>\u2022 Sigurne, dobro upravljane zajednice s vrhunskim uslugama<br \/>\u2022 Odli\u010dna dostupnost preko aerodroma Tivat i mre\u017ee obalnih puteva<br \/>\u2022 Moderan kvalitet izrade u pore\u0111enju sa ve\u0107inom starijih obalnih modela<\/p><p>Za mnoge me\u0111unarodne kupce, to je tako\u0111er \u201esiguran izbor\u201c u Crnoj Gori: visokokvalitetni razvojni projekti, jasno pozicioniranje i uspostavljeno tr\u017ei\u0161te luksuznih nekretnina.<\/p><h2>Vrste nekretnina dostupne u Porto Montenegru<\/h2><p>Nekretnine u Porto Montenegru privla\u010de razli\u010dite profile kupaca - neki \u017eele udobnost po sistemu \"klju\u010d u ruke\", drugi \u017eele visok prinos od najma, a mnogi \u017eele luksuzni drugi dom s pristupom marini.<\/p><h3>Luksuzni apartmani i rezidencije u marini<\/h3><p>Apartmani su najtra\u017eeniji segment u Porto Montenegru. Kupci obi\u010dno tra\u017ee:<\/p><p>\u2022 Stanovi s 1-2 spava\u0107e sobe za fleksibilan stil \u017eivota i iznajmljivanje<br \/>\u2022 Penthausi s panoramskim pogledom i velikim terasama<br \/>\u2022 Rezidencije u blizini marine, restorana i sadr\u017eaja<br \/>\u2022 Novije jedinice sa parkingom, liftovima i modernim rasporedom<\/p><p>Ove nekretnine su popularne jer ih je relativno lako odr\u017eavati i dobro se iznajmljuju u pore\u0111enju sa samostoje\u0107im ku\u0107ama.<\/p><h3>Apartmani s uslugama (klju\u010d u ruke)<\/h3><p>Servisirane rezidencije su idealne za kupce koji \u017eele<\/p><p>\u2022 Dom po principu \"zaklju\u010daj i ostavi\"<br \/>\u2022 Profesionalno upravljanje nekretninama<br \/>\u2022 Potencijal za iznajmljivanje bez ve\u0107eg u\u010de\u0161\u0107a vlasnika<\/p><p>Ovo je \u010desto najbolja opcija za me\u0111unarodne klijente koji ne \u017eive u Crnoj Gori tokom cijele godine.<\/p><h3>Boka Place (New Lifestyle District)<\/h3><p>Boka Place je jedno od najnovijih i najpopularnijih podru\u010dja oko Porto Montenegra. Zami\u0161ljeno je kao moderna, energi\u010dna zajednica sa stambenim jedinicama, maloprodajnim objektima i infrastrukturom za prilago\u0111eni \u017eivotni stil \u2013 privla\u010dno i krajnjim korisnicima i investitorima.<\/p><p>Ako tra\u017eite moderan dom u Crnoj Gori sa jakom likvidno\u0161\u0107u i dugoro\u010dnom potra\u017enjom, ovo je klju\u010dni segment koji treba uzeti u obzir.<\/p><h2>Da li je Porto Montenegro dobra investicija?<\/h2><p>For many buyers, Porto Montenegro is both a lifestyle purchase and a smart long-term decision.<\/p><p>It\u2019s often considered one of the strongest investment markets in Montenegro because:<\/p><p>\u2022 Demand is consistent in the luxury segment<br \/>\u2022 Vrhunske rezidencije bolje zadr\u017eavaju vrijednost od nevrhunskih podru\u010dja<br \/>\u2022 Interes za najam ostaje visok, posebno za novije jedinice<br \/>\u2022 Me\u0111unarodna vidljivost Porto Montenegra podr\u017eava preprodaju<\/p><p>Najbolje vrste investicija obi\u010dno uklju\u010duju:<\/p><p>\u2022 Manji apartmani (garsonjera \/ jednosobni \/ kompaktni dvosobni)<br \/>\u2022 Visokokvalitetne, dobro pozicionirane jedinice s pogledom ili blizinom marine<br \/>\u2022 Ku\u0107e \"klju\u010d u ruke\" pogodne za vrhunsku klijentelu za iznajmljivanje<\/p><p>Ako vam je cilj prihod od najma, va\u017eno je odabrati pravu vrstu jedinice, raspored i strategiju upravljanja - ne samo lokaciju.<\/p><h2>Porto Montenegro vs Tivat (koja je razlika?)<\/h2><p>Porto Montenegro se nalazi unutar Tivta, ali nudi poseban stil \u017eivota i tr\u017ei\u0161nu poziciju.<\/p><p>Porto Montenegro je idealan ako \u017eelite:<\/p><p>\u2022 Potpunu luksuznu infrastrukturu i \u017eivot u stilu konsijer\u017ea<br \/>\u2022 Vrhunsku adresu za kojom postoji me\u0111unarodna potra\u017enja<br \/>\u2022 \u0160etali\u0161ta, restorane, usluge marine i dru\u0161tvenu scenu<\/p><p>\u0160ire podru\u010dje Tivta mo\u017ee odgovarati kupcima koji \u017eele:<\/p><p>\u2022 Vi\u0161e prostora za tu cijenu<br \/>\u2022 Mirniji osje\u0107aj stanovanja<br \/>\u2022 \u0160iri izbor stilova nekretnina<\/p><p>Mnogi na\u0161i klijenti istra\u017euju oba, a zatim odlu\u010duju na osnovu prioriteta \u017eivotnog stila i investicionih ciljeva.<\/p><h2>Na \u0161ta treba paziti prije kupovine?<\/h2><p>Kupovina u Porto Montenegru je jednostavna uz pravilno vo\u0111enje, ali kupci luksuzne nekretnine ipak bi trebali provjeriti klju\u010dne detalje prije nego \u0161to se obave\u017eu:<\/p><p>\u2022 Ta\u010dna zgrada\/faza i koje pogodnosti uklju\u010duje<br \/>\u2022 Dostupnost parkinga (veoma va\u017eno kod luksuzne preprodaje)<br \/>\u2022 Pogledajte za\u0161titu i budu\u0107u gradnju u blizini<br \/>\u2022 Ograni\u010denja najma ili opcije upravljanja (ako planirate iznajmiti)<br \/>\u2022 Da li je nekretnina potpuno namje\u0161tena i \u0161ta je uklju\u010deno<br \/>\u2022 Vlasni\u010dka struktura i uredna dokumentacija<\/p><p>Dobra kupovina nije samo pronalazak lijepog stana - ve\u0107 odabir nekretnine koja \u0107e ostati po\u017eeljna i za 5-10 godina.<\/p><h2>Istra\u017eite oglase za Porto Montenegro<\/h2><p>Pregledajte na\u0161 trenutni izbor nekretnina na prodaju u Porto Montenegru i okolini Tivta.<\/p><p>Ako \u017eelite brzo prona\u0107i najbolje opcije, recite nam:<\/p><p>\u2022 va\u0161 idealan bud\u017eet<br \/>\u2022 spava\u0107e sobe i obavezni sadr\u017eaji (pogled, terasa, parking, blizina marine)<br \/>\u2022 bilo da je za stanovanje, investiciju ili mje\u0161ovitu upotrebu<\/p><p>Napravit \u0107emo u\u017ei izbor najboljih opcija i efikasno organizirati preglede.<\/p><p>Otklju\u010dajte ekskluzivne nekretnine u Porto Montenegru <a href=\"https:\/\/share.google\/S6Lubp1nMhsvVWnRK\" target=\"_blank\" rel=\"noopener\">Kontaktirajte Sotheby's kancelariju u Porto Montenegru<\/a><\/p><h2>\u00a0<\/h2>\t\t\t\t\t\t\t\t<\/div>\n\t\t\t\t<\/div>\n\t\t\t\t<div class=\"elementor-element elementor-element-6690a65 elementor-widget elementor-widget-heading\" data-id=\"6690a65\" data-element_type=\"widget\" data-e-type=\"widget\" data-widget_type=\"heading.default\">\n\t\t\t\t<div class=\"elementor-widget-container\">\n\t\t\t\t\t<h2 class=\"elementor-heading-title elementor-size-default\">Porto Montenegro \u2013 \u010cesto postavljana pitanja o luksuznim nekretninama<\/h2>\t\t\t\t<\/div>\n\t\t\t\t<\/div>\n\t\t\t\t<div class=\"elementor-element elementor-element-31801d9 elementor-widget elementor-widget-n-accordion\" data-id=\"31801d9\" data-element_type=\"widget\" data-e-type=\"widget\" data-settings=\"{&quot;default_state&quot;:&quot;expanded&quot;,&quot;max_items_expended&quot;:&quot;one&quot;,&quot;n_accordion_animation_duration&quot;:{&quot;unit&quot;:&quot;ms&quot;,&quot;size&quot;:400,&quot;sizes&quot;:[]}}\" data-widget_type=\"nested-accordion.default\">\n\t\t\t\t<div class=\"elementor-widget-container\">\n\t\t\t\t\t\t\t<div class=\"e-n-accordion\" aria-label=\"Accordion. Open links with Enter or Space, close with Escape, and navigate with Arrow Keys\">\n\t\t\t\t\t\t<details id=\"e-n-accordion-item-5190\" class=\"e-n-accordion-item\" open>\n\t\t\t\t<summary class=\"e-n-accordion-item-title\" data-accordion-index=\"1\" tabindex=\"0\" aria-expanded=\"true\" aria-controls=\"e-n-accordion-item-5190\" >\n\t\t\t\t\t<span class='e-n-accordion-item-title-header'><div class=\"e-n-accordion-item-title-text\"> \u0160ta Porto Montenegro \u010dini jedinstvenim mjestom za kupovinu luksuznih nekretnina? <\/div><\/span>\n\t\t\t\t\t\t\t<span class='e-n-accordion-item-title-icon'>\n\t\t\t<span class='e-opened' ><svg aria-hidden=\"true\" class=\"e-font-icon-svg e-fas-minus\" viewbox=\"0 0 448 512\" xmlns=\"http:\/\/www.w3.org\/2000\/svg\"><path d=\"M416 208H32c-17.67 0-32 14.33-32 32v32c0 17.67 14.33 32 32 32h384c17.67 0 32-14.33 32-32v-32c0-17.67-14.33-32-32-32z\"><\/path><\/svg><\/span>\n\t\t\t<span class='e-closed'><svg aria-hidden=\"true\" class=\"e-font-icon-svg e-fas-plus\" viewbox=\"0 0 448 512\" xmlns=\"http:\/\/www.w3.org\/2000\/svg\"><path d=\"M416 208H272V64c0-17.67-14.33-32-32-32h-32c-17.67 0-32 14.33-32 32v144H32c-17.67 0-32 14.33-32 32v32c0 17.67 14.33 32 32 32h144v144c0 17.67 14.33 32 32 32h32c17.67 0 32-14.33 32-32V304h144c17.67 0 32-14.33 32-32v-32c0-17.67-14.33-32-32-32z\"><\/path><\/svg><\/span>\n\t\t<\/span>\n\n\t\t\t\t\t\t<\/summary>\n\t\t\t\t<div role=\"region\" aria-labelledby=\"e-n-accordion-item-5190\" class=\"elementor-element elementor-element-736b1cd e-con-full e-flex e-con e-child\" data-id=\"736b1cd\" data-element_type=\"container\" data-e-type=\"container\">\n\t\t\t\t<div class=\"elementor-element elementor-element-6ddf966 elementor-widget elementor-widget-text-editor\" data-id=\"6ddf966\" data-element_type=\"widget\" data-e-type=\"widget\" data-widget_type=\"text-editor.default\">\n\t\t\t\t<div class=\"elementor-widget-container\">\n\t\t\t\t\t\t\t\t\t<p>Porto Montenegro se isti\u010de kao jedna od najekskluzivnijih luksuznih rezidencijalnih destinacija u marinama na Mediteranu, nude\u0107i marinu svjetske klase, premium rezidencije, brendirane maloprodajne objekte i restorane, te stil \u017eivota na obali koji privla\u010di me\u0111unarodne kupce i vlasnike jahti.<\/p>\t\t\t\t\t\t\t\t<\/div>\n\t\t\t\t<\/div>\n\t\t\t\t<\/div>\n\t\t\t\t\t<\/details>\n\t\t\t\t\t\t<details id=\"e-n-accordion-item-5191\" class=\"e-n-accordion-item\" >\n\t\t\t\t<summary class=\"e-n-accordion-item-title\" data-accordion-index=\"2\" tabindex=\"-1\" aria-expanded=\"false\" aria-controls=\"e-n-accordion-item-5191\" >\n\t\t\t\t\t<span class='e-n-accordion-item-title-header'><div class=\"e-n-accordion-item-title-text\"> Koje vrste nekretnina su dostupne u Porto Montenegru? <\/div><\/span>\n\t\t\t\t\t\t\t<span class='e-n-accordion-item-title-icon'>\n\t\t\t<span class='e-opened' ><svg aria-hidden=\"true\" class=\"e-font-icon-svg e-fas-minus\" viewbox=\"0 0 448 512\" xmlns=\"http:\/\/www.w3.org\/2000\/svg\"><path d=\"M416 208H32c-17.67 0-32 14.33-32 32v32c0 17.67 14.33 32 32 32h384c17.67 0 32-14.33 32-32v-32c0-17.67-14.33-32-32-32z\"><\/path><\/svg><\/span>\n\t\t\t<span class='e-closed'><svg aria-hidden=\"true\" class=\"e-font-icon-svg e-fas-plus\" viewbox=\"0 0 448 512\" xmlns=\"http:\/\/www.w3.org\/2000\/svg\"><path d=\"M416 208H272V64c0-17.67-14.33-32-32-32h-32c-17.67 0-32 14.33-32 32v144H32c-17.67 0-32 14.33-32 32v32c0 17.67 14.33 32 32 32h144v144c0 17.67 14.33 32 32 32h32c17.67 0 32-14.33 32-32V304h144c17.67 0 32-14.33 32-32v-32c0-17.67-14.33-32-32-32z\"><\/path><\/svg><\/span>\n\t\t<\/span>\n\n\t\t\t\t\t\t<\/summary>\n\t\t\t\t<div role=\"region\" aria-labelledby=\"e-n-accordion-item-5191\" class=\"elementor-element elementor-element-c5d0458 e-con-full e-flex e-con e-child\" data-id=\"c5d0458\" data-element_type=\"container\" data-e-type=\"container\">\n\t\t\t\t<div class=\"elementor-element elementor-element-fdeee33 elementor-widget elementor-widget-text-editor\" data-id=\"fdeee33\" data-element_type=\"widget\" data-e-type=\"widget\" data-widget_type=\"text-editor.default\">\n\t\t\t\t<div class=\"elementor-widget-container\">\n\t\t\t\t\t\t\t\t\t<p>Tr\u017ei\u0161te uklju\u010duje razne luksuzne opcije kao \u0161to su moderni apartmani s pogledom na more ili marinu, penthausi, rezidencije na obali i hotelske jedinice s uslugama, idealne za me\u0111unarodne kupce i investitore. Svaka zgrada ima bazen, teretanu, recepciju i 24\/7 obezbje\u0111enje.<\/p>\t\t\t\t\t\t\t\t<\/div>\n\t\t\t\t<\/div>\n\t\t\t\t<\/div>\n\t\t\t\t\t<\/details>\n\t\t\t\t\t\t<details id=\"e-n-accordion-item-5192\" class=\"e-n-accordion-item\" >\n\t\t\t\t<summary class=\"e-n-accordion-item-title\" data-accordion-index=\"3\" tabindex=\"-1\" aria-expanded=\"false\" aria-controls=\"e-n-accordion-item-5192\" >\n\t\t\t\t\t<span class='e-n-accordion-item-title-header'><div class=\"e-n-accordion-item-title-text\"> Da li je Porto Montenegro dobra lokacija za investiciju? <\/div><\/span>\n\t\t\t\t\t\t\t<span class='e-n-accordion-item-title-icon'>\n\t\t\t<span class='e-opened' ><svg aria-hidden=\"true\" class=\"e-font-icon-svg e-fas-minus\" viewbox=\"0 0 448 512\" xmlns=\"http:\/\/www.w3.org\/2000\/svg\"><path d=\"M416 208H32c-17.67 0-32 14.33-32 32v32c0 17.67 14.33 32 32 32h384c17.67 0 32-14.33 32-32v-32c0-17.67-14.33-32-32-32z\"><\/path><\/svg><\/span>\n\t\t\t<span class='e-closed'><svg aria-hidden=\"true\" class=\"e-font-icon-svg e-fas-plus\" viewbox=\"0 0 448 512\" xmlns=\"http:\/\/www.w3.org\/2000\/svg\"><path d=\"M416 208H272V64c0-17.67-14.33-32-32-32h-32c-17.67 0-32 14.33-32 32v144H32c-17.67 0-32 14.33-32 32v32c0 17.67 14.33 32 32 32h144v144c0 17.67 14.33 32 32 32h32c17.67 0 32-14.33 32-32V304h144c17.67 0 32-14.33 32-32v-32c0-17.67-14.33-32-32-32z\"><\/path><\/svg><\/span>\n\t\t<\/span>\n\n\t\t\t\t\t\t<\/summary>\n\t\t\t\t<div role=\"region\" aria-labelledby=\"e-n-accordion-item-5192\" class=\"elementor-element elementor-element-3020f3b e-con-full e-flex e-con e-child\" data-id=\"3020f3b\" data-element_type=\"container\" data-e-type=\"container\">\n\t\t\t\t<div class=\"elementor-element elementor-element-c590029 elementor-widget elementor-widget-text-editor\" data-id=\"c590029\" data-element_type=\"widget\" data-e-type=\"widget\" data-widget_type=\"text-editor.default\">\n\t\t\t\t<div class=\"elementor-widget-container\">\n\t\t\t\t\t\t\t\t\t<p>Da. Marina svjetske klase, velika me\u0111unarodna potra\u017enja, dva ekskluzivna hotela plus jaka kolekcija maloprodajnih brendova, ograni\u010dena ponuda luksuznih nekretnina i sna\u017ena privla\u010dnost \u017eivotnog stila doprinose stabilnim dugoro\u010dnim kapitalnim izgledima.<\/p>\t\t\t\t\t\t\t\t<\/div>\n\t\t\t\t<\/div>\n\t\t\t\t<\/div>\n\t\t\t\t\t<\/details>\n\t\t\t\t\t\t<details id=\"e-n-accordion-item-5193\" class=\"e-n-accordion-item\" >\n\t\t\t\t<summary class=\"e-n-accordion-item-title\" data-accordion-index=\"4\" tabindex=\"-1\" aria-expanded=\"false\" aria-controls=\"e-n-accordion-item-5193\" >\n\t\t\t\t\t<span class='e-n-accordion-item-title-header'><div class=\"e-n-accordion-item-title-text\"> Mogu li iznajmiti svoju nekretninu u Porto Montenegru? <\/div><\/span>\n\t\t\t\t\t\t\t<span class='e-n-accordion-item-title-icon'>\n\t\t\t<span class='e-opened' ><svg aria-hidden=\"true\" class=\"e-font-icon-svg e-fas-minus\" viewbox=\"0 0 448 512\" xmlns=\"http:\/\/www.w3.org\/2000\/svg\"><path d=\"M416 208H32c-17.67 0-32 14.33-32 32v32c0 17.67 14.33 32 32 32h384c17.67 0 32-14.33 32-32v-32c0-17.67-14.33-32-32-32z\"><\/path><\/svg><\/span>\n\t\t\t<span class='e-closed'><svg aria-hidden=\"true\" class=\"e-font-icon-svg e-fas-plus\" viewbox=\"0 0 448 512\" xmlns=\"http:\/\/www.w3.org\/2000\/svg\"><path d=\"M416 208H272V64c0-17.67-14.33-32-32-32h-32c-17.67 0-32 14.33-32 32v144H32c-17.67 0-32 14.33-32 32v32c0 17.67 14.33 32 32 32h144v144c0 17.67 14.33 32 32 32h32c17.67 0 32-14.33 32-32V304h144c17.67 0 32-14.33 32-32v-32c0-17.67-14.33-32-32-32z\"><\/path><\/svg><\/span>\n\t\t<\/span>\n\n\t\t\t\t\t\t<\/summary>\n\t\t\t\t<div role=\"region\" aria-labelledby=\"e-n-accordion-item-5193\" class=\"elementor-element elementor-element-58de426 e-con-full e-flex e-con e-child\" data-id=\"58de426\" data-element_type=\"container\" data-e-type=\"container\">\n\t\t\t\t<div class=\"elementor-element elementor-element-01b8ec6 elementor-widget elementor-widget-text-editor\" data-id=\"01b8ec6\" data-element_type=\"widget\" data-e-type=\"widget\" data-widget_type=\"text-editor.default\">\n\t\t\t\t<div class=\"elementor-widget-container\">\n\t\t\t\t\t\t\t\t\t<p>Da. Porto Montenegro u\u017eiva veliko interesovanje za iznajmljivanje, posebno od strane turista, vlasnika jahti i sezonskih posjetilaca. Mo\u017eemo pomo\u0107i u identifikaciji zakupaca i pru\u017eiti smjernice o procedurama i razmatranjima za iznajmljivanje za me\u0111unarodne vlasnike.<\/p>\t\t\t\t\t\t\t\t<\/div>\n\t\t\t\t<\/div>\n\t\t\t\t<\/div>\n\t\t\t\t\t<\/details>\n\t\t\t\t\t\t<details id=\"e-n-accordion-item-5194\" class=\"e-n-accordion-item\" >\n\t\t\t\t<summary class=\"e-n-accordion-item-title\" data-accordion-index=\"5\" tabindex=\"-1\" aria-expanded=\"false\" aria-controls=\"e-n-accordion-item-5194\" >\n\t\t\t\t\t<span class='e-n-accordion-item-title-header'><div class=\"e-n-accordion-item-title-text\"> Da li je Porto Montenegro pogodan za \u017eivot tokom cijele godine? <\/div><\/span>\n\t\t\t\t\t\t\t<span class='e-n-accordion-item-title-icon'>\n\t\t\t<span class='e-opened' ><svg aria-hidden=\"true\" class=\"e-font-icon-svg e-fas-minus\" viewbox=\"0 0 448 512\" xmlns=\"http:\/\/www.w3.org\/2000\/svg\"><path d=\"M416 208H32c-17.67 0-32 14.33-32 32v32c0 17.67 14.33 32 32 32h384c17.67 0 32-14.33 32-32v-32c0-17.67-14.33-32-32-32z\"><\/path><\/svg><\/span>\n\t\t\t<span class='e-closed'><svg aria-hidden=\"true\" class=\"e-font-icon-svg e-fas-plus\" viewbox=\"0 0 448 512\" xmlns=\"http:\/\/www.w3.org\/2000\/svg\"><path d=\"M416 208H272V64c0-17.67-14.33-32-32-32h-32c-17.67 0-32 14.33-32 32v144H32c-17.67 0-32 14.33-32 32v32c0 17.67 14.33 32 32 32h144v144c0 17.67 14.33 32 32 32h32c17.67 0 32-14.33 32-32V304h144c17.67 0 32-14.33 32-32v-32c0-17.67-14.33-32-32-32z\"><\/path><\/svg><\/span>\n\t\t<\/span>\n\n\t\t\t\t\t\t<\/summary>\n\t\t\t\t<div role=\"region\" aria-labelledby=\"e-n-accordion-item-5194\" class=\"elementor-element elementor-element-4f95a35 e-con-full e-flex e-con e-child\" data-id=\"4f95a35\" data-element_type=\"container\" data-e-type=\"container\">\n\t\t\t\t<div class=\"elementor-element elementor-element-b5c7d41 elementor-widget elementor-widget-text-editor\" data-id=\"b5c7d41\" data-element_type=\"widget\" data-e-type=\"widget\" data-widget_type=\"text-editor.default\">\n\t\t\t\t<div class=\"elementor-widget-container\">\n\t\t\t\t\t\t\t\t\t<p>Da. Porto Montenegro nudi sve pogodnosti za stalne stanovnike, uklju\u010duju\u0107i me\u0111unarodnu \u0161kolu, vrti\u0107, privatnu medicinsku kliniku, trgovine i mogu\u0107nosti objedovanja, \u0161to ga \u010dini prakti\u010dnim i ugodnim za porodice i lokalne i me\u0111unarodne stanovnike.<\/p>\t\t\t\t\t\t\t\t<\/div>\n\t\t\t\t<\/div>\n\t\t\t\t<\/div>\n\t\t\t\t\t<\/details>\n\t\t\t\t\t<\/div>\n\t\t\t\t\t\t<\/div>\n\t\t\t\t<\/div>\n\t\t\t\t<div class=\"elementor-element elementor-element-0be38a8 elementor-widget elementor-widget-google_maps\" data-id=\"0be38a8\" data-element_type=\"widget\" data-e-type=\"widget\" data-widget_type=\"google_maps.default\">\n\t\t\t\t<div class=\"elementor-widget-container\">\n\t\t\t\t\t\t\t<div class=\"elementor-custom-embed\">\n\t\t\t<iframe loading=\"lazy\"\n\t\t\t\t\tsrc=\"https:\/\/maps.google.com\/maps?q=Porto%20Montenegro%2C%20Montenegro&#038;t=m&#038;z=15&#038;output=embed&#038;iwloc=near\"\n\t\t\t\t\ttitle=\"Porto Montenegro, Montenegro\"\n\t\t\t\t\taria-label=\"Porto Montenegro, Montenegro\"\n\t\t\t><\/iframe>\n\t\t<\/div>\n\t\t\t\t\t\t<\/div>\n\t\t\t\t<\/div>\n\t\t\t\t\t<\/div>\n\t\t\t\t<\/div>\n\t\t<div class=\"elementor-element elementor-element-d18c09f e-flex e-con-boxed e-con e-parent\" data-id=\"d18c09f\" data-element_type=\"container\" data-e-type=\"container\">\n\t\t\t\t\t<div class=\"e-con-inner\">\n\t\t\t\t<div class=\"elementor-element elementor-element-1cabe10 elementor-cta--skin-classic elementor-animated-content elementor-bg-transform elementor-bg-transform-zoom-in elementor-widget elementor-widget-call-to-action\" data-id=\"1cabe10\" data-element_type=\"widget\" data-e-type=\"widget\" data-widget_type=\"call-to-action.default\">\n\t\t\t\t<div class=\"elementor-widget-container\">\n\t\t\t\t\t\t\t<div class=\"elementor-cta\">\n\t\t\t\t\t\t\t<div class=\"elementor-cta__content\">\n\t\t\t\t\n\t\t\t\t\t\t\t\t\t<h2 class=\"elementor-cta__title elementor-cta__content-item elementor-content-item\">\n\t\t\t\t\t\tLooking for the best property in Porto Montenegro?\t\t\t\t\t<\/h2>\n\t\t\t\t\n\t\t\t\t\t\t\t\t\t<div class=\"elementor-cta__description elementor-cta__content-item elementor-content-item\">\n\t\t\t\t\t\tContact our team for a private selection of luxury apartments, marina residences, and turnkey investment options.\t\t\t\t\t<\/div>\n\t\t\t\t\n\t\t\t\t\t\t\t\t\t<div class=\"elementor-cta__button-wrapper elementor-cta__content-item elementor-content-item\">\n\t\t\t\t\t<a class=\"elementor-cta__button elementor-button elementor-size-\" href=\"https:\/\/sothebysrealty.me\/sr-rs\/contact\/\">\n\t\t\t\t\t\tKontakt\t\t\t\t\t<\/a>\n\t\t\t\t\t<\/div>\n\t\t\t\t\t\t\t<\/div>\n\t\t\t\t\t\t<\/div>\n\t\t\t\t\t\t<\/div>\n\t\t\t\t<\/div>\n\t\t\t\t\t<\/div>\n\t\t\t\t<\/div>\n\t\t\t\t<\/div>","protected":false},"excerpt":{"rendered":"<p>Porto Montenegro is considered one of the strongest luxury real estate investment locations in the region. Several key factors contribute to its long-term investment appeal, [&hellip;]<\/p>\n","protected":false},"author":2,"featured_media":74573,"parent":0,"menu_order":0,"comment_status":"closed","ping_status":"closed","template":"template-porto-montenegro.php","meta":{"_acf_changed":false,"_joinchat":[],"footnotes":""},"class_list":["post-637","page","type-page","status-publish","has-post-thumbnail","hentry"],"acf":[],"_links":{"self":[{"href":"https:\/\/sothebysrealty.me\/sr-rs\/wp-json\/wp\/v2\/pages\/637","targetHints":{"allow":["GET"]}}],"collection":[{"href":"https:\/\/sothebysrealty.me\/sr-rs\/wp-json\/wp\/v2\/pages"}],"about":[{"href":"https:\/\/sothebysrealty.me\/sr-rs\/wp-json\/wp\/v2\/types\/page"}],"author":[{"embeddable":true,"href":"https:\/\/sothebysrealty.me\/sr-rs\/wp-json\/wp\/v2\/users\/2"}],"replies":[{"embeddable":true,"href":"https:\/\/sothebysrealty.me\/sr-rs\/wp-json\/wp\/v2\/comments?post=637"}],"version-history":[{"count":5,"href":"https:\/\/sothebysrealty.me\/sr-rs\/wp-json\/wp\/v2\/pages\/637\/revisions"}],"predecessor-version":[{"id":79674,"href":"https:\/\/sothebysrealty.me\/sr-rs\/wp-json\/wp\/v2\/pages\/637\/revisions\/79674"}],"wp:featuredmedia":[{"embeddable":true,"href":"https:\/\/sothebysrealty.me\/sr-rs\/wp-json\/wp\/v2\/media\/74573"}],"wp:attachment":[{"href":"https:\/\/sothebysrealty.me\/sr-rs\/wp-json\/wp\/v2\/media?parent=637"}],"curies":[{"name":"wp","href":"https:\/\/api.w.org\/{rel}","templated":true}]}}