{"id":76628,"date":"2025-12-31T21:17:21","date_gmt":"2025-12-31T21:17:21","guid":{"rendered":"https:\/\/sothebysrealty.me\/?page_id=76628"},"modified":"2026-04-13T11:25:21","modified_gmt":"2026-04-13T11:25:21","slug":"why-montenegro","status":"publish","type":"page","link":"https:\/\/sothebysrealty.me\/de\/warum-montenegro\/","title":{"rendered":"Warum Montenegro?"},"content":{"rendered":"<div data-elementor-type=\"wp-page\" data-elementor-id=\"76628\" class=\"elementor elementor-76628\" data-elementor-post-type=\"page\">\n\t\t\t\t<div class=\"elementor-element elementor-element-592b46e e-flex e-con-boxed e-con e-parent\" data-id=\"592b46e\" data-element_type=\"container\" data-e-type=\"container\">\n\t\t\t\t\t<div class=\"e-con-inner\">\n\t\t\t\t<div class=\"elementor-element elementor-element-e4e87d5 elementor-widget elementor-widget-heading\" data-id=\"e4e87d5\" data-element_type=\"widget\" data-e-type=\"widget\" data-widget_type=\"heading.default\">\n\t\t\t\t<div class=\"elementor-widget-container\">\n\t\t\t\t\t<h1 class=\"elementor-heading-title elementor-size-default\">Warum Montenegro?<\/h1>\t\t\t\t<\/div>\n\t\t\t\t<\/div>\n\t\t<div class=\"elementor-element elementor-element-65d704c e-con-full e-flex e-con e-child\" data-id=\"65d704c\" data-element_type=\"container\" data-e-type=\"container\" data-settings=\"{&quot;background_background&quot;:&quot;video&quot;,&quot;background_video_link&quot;:&quot;https:\\\/\\\/www.sothebysrealty.me\\\/wp-content\\\/themes\\\/sothebys\\\/images\\\/montenegro_cut.mp4&quot;,&quot;background_play_on_mobile&quot;:&quot;yes&quot;}\">\n\t\t<div class=\"elementor-background-video-container\">\n\t\t\t\t\t\t\t<video class=\"elementor-background-video-hosted\" role=\"presentation\" autoplay muted playsinline loop><\/video>\n\t\t\t\t\t<\/div>\t\t<\/div>\n\t\t\t\t<div class=\"elementor-element elementor-element-6d452c1 elementor-widget elementor-widget-text-editor\" data-id=\"6d452c1\" data-element_type=\"widget\" data-e-type=\"widget\" data-widget_type=\"text-editor.default\">\n\t\t\t\t<div class=\"elementor-widget-container\">\n\t\t\t\t\t\t\t\t\t<p>Montenegro ist ein kompakter Markt mit klar definierten Fundamentaldaten: <strong>begrenzte Versorgung an der K\u00fcste,<\/strong><br \/><strong>steigende internationale Nachfrage und eine kleine Anzahl von Gro\u00dfprojekten, die<\/strong><br \/><strong>haben den Standard von Wohn- und Gastst\u00e4ttenimmobilien deutlich erh\u00f6ht.<\/strong> Diese Faktoren<br \/>haben das Land zu einem glaubw\u00fcrdigen Ziel f\u00fcr K\u00e4ufer gemacht, die einen Zweitwohnsitz suchen,<br \/>Investitionsm\u00f6glichkeiten oder eine Kombination aus Eigennutzung und Mieteinnahmen.<\/p>\t\t\t\t\t\t\t\t<\/div>\n\t\t\t\t<\/div>\n\t\t\t\t<div class=\"elementor-element elementor-element-ecf09db elementor-widget elementor-widget-heading\" data-id=\"ecf09db\" data-element_type=\"widget\" data-e-type=\"widget\" data-widget_type=\"heading.default\">\n\t\t\t\t<div class=\"elementor-widget-container\">\n\t\t\t\t\t<h2 class=\"elementor-heading-title elementor-size-default\">Ein durch begrenztes Angebot und Standort definierter Markt<\/h2>\t\t\t\t<\/div>\n\t\t\t\t<\/div>\n\t\t\t\t<div class=\"elementor-element elementor-element-eb41f1d elementor-widget elementor-widget-image\" data-id=\"eb41f1d\" data-element_type=\"widget\" data-e-type=\"widget\" data-widget_type=\"image.default\">\n\t\t\t\t<div class=\"elementor-widget-container\">\n\t\t\t\t\t\t\t\t\t\t\t\t\t\t\t<img decoding=\"async\" width=\"1200\" height=\"628\" src=\"https:\/\/sothebysrealty.me\/wp-content\/uploads\/2026\/01\/Digitalni-nomadi-Crna-Gora-5.png\" class=\"attachment-full size-full wp-image-77289\" alt=\"\" srcset=\"https:\/\/sothebysrealty.me\/wp-content\/uploads\/2026\/01\/Digitalni-nomadi-Crna-Gora-5.png 1200w, https:\/\/sothebysrealty.me\/wp-content\/uploads\/2026\/01\/Digitalni-nomadi-Crna-Gora-5-300x157.png 300w, https:\/\/sothebysrealty.me\/wp-content\/uploads\/2026\/01\/Digitalni-nomadi-Crna-Gora-5-1024x536.png 1024w, https:\/\/sothebysrealty.me\/wp-content\/uploads\/2026\/01\/Digitalni-nomadi-Crna-Gora-5-768x402.png 768w, https:\/\/sothebysrealty.me\/wp-content\/uploads\/2026\/01\/Digitalni-nomadi-Crna-Gora-5-18x9.png 18w\" sizes=\"(max-width: 1200px) 100vw, 1200px\" title=\"\">\t\t\t\t\t\t\t\t\t\t\t\t\t\t\t<\/div>\n\t\t\t\t<\/div>\n\t\t\t\t<div class=\"elementor-element elementor-element-48b2946 elementor-widget elementor-widget-text-editor\" data-id=\"48b2946\" data-element_type=\"widget\" data-e-type=\"widget\" data-widget_type=\"text-editor.default\">\n\t\t\t\t<div class=\"elementor-widget-container\">\n\t\t\t\t\t\t\t\t\t<p>Die K\u00fcstenlinie Montenegros ist geografisch begrenzt, w\u00e4hrend sich die Nachfrage weiterhin auf die<br \/>etablierte und neu entstehende Spitzenlagen. F\u00fcr den Immobilienmarkt bedeutet das::<\/p><ul><li>begrenztes Angebot in erstklassigen K\u00fcstenregionen<\/li><li>best\u00e4ndiges Interesse an gut positionierten Wohnimmobilien<\/li><li>eine klare Unterscheidung zwischen erstklassigen und nicht erstklassigen Standorten<\/li><\/ul><p>Immobilien in etablierten K\u00fcstenregionen haben sich in der Vergangenheit als widerstandsf\u00e4higer und langlebiger erwiesen.<br \/>Werterhaltung auf lange Sicht.<\/p>\t\t\t\t\t\t\t\t<\/div>\n\t\t\t\t<\/div>\n\t\t\t\t\t<\/div>\n\t\t\t\t<\/div>\n\t\t<div class=\"elementor-element elementor-element-1f185fa e-flex e-con-boxed e-con e-parent\" data-id=\"1f185fa\" data-element_type=\"container\" data-e-type=\"container\">\n\t\t\t\t\t<div class=\"e-con-inner\">\n\t\t\t\t<div class=\"elementor-element elementor-element-e818d45 elementor-widget elementor-widget-heading\" data-id=\"e818d45\" data-element_type=\"widget\" data-e-type=\"widget\" data-widget_type=\"heading.default\">\n\t\t\t\t<div class=\"elementor-widget-container\">\n\t\t\t\t\t<h2 class=\"elementor-heading-title elementor-size-default\">Wegweisende Entwicklungen pr\u00e4gen den Markt<\/h2>\t\t\t\t<\/div>\n\t\t\t\t<\/div>\n\t\t\t\t<div class=\"elementor-element elementor-element-034306a elementor-widget elementor-widget-image\" data-id=\"034306a\" data-element_type=\"widget\" data-e-type=\"widget\" data-widget_type=\"image.default\">\n\t\t\t\t<div class=\"elementor-widget-container\">\n\t\t\t\t\t\t\t\t\t\t\t\t\t\t\t<img decoding=\"async\" width=\"1200\" height=\"628\" src=\"https:\/\/sothebysrealty.me\/wp-content\/uploads\/2026\/01\/Digitalni-nomadi-Crna-Gora-2.png\" class=\"attachment-full size-full wp-image-77283\" alt=\"\" srcset=\"https:\/\/sothebysrealty.me\/wp-content\/uploads\/2026\/01\/Digitalni-nomadi-Crna-Gora-2.png 1200w, https:\/\/sothebysrealty.me\/wp-content\/uploads\/2026\/01\/Digitalni-nomadi-Crna-Gora-2-300x157.png 300w, https:\/\/sothebysrealty.me\/wp-content\/uploads\/2026\/01\/Digitalni-nomadi-Crna-Gora-2-1024x536.png 1024w, https:\/\/sothebysrealty.me\/wp-content\/uploads\/2026\/01\/Digitalni-nomadi-Crna-Gora-2-768x402.png 768w, https:\/\/sothebysrealty.me\/wp-content\/uploads\/2026\/01\/Digitalni-nomadi-Crna-Gora-2-18x9.png 18w\" sizes=\"(max-width: 1200px) 100vw, 1200px\" title=\"\">\t\t\t\t\t\t\t\t\t\t\t\t\t\t\t<\/div>\n\t\t\t\t<\/div>\n\t\t\t\t<div class=\"elementor-element elementor-element-0dc42ff elementor-widget elementor-widget-text-editor\" data-id=\"0dc42ff\" data-element_type=\"widget\" data-e-type=\"widget\" data-widget_type=\"text-editor.default\">\n\t\t\t\t<div class=\"elementor-widget-container\">\n\t\t\t\t\t\t\t\t\t<p>Die Entwicklung einiger ausgew\u00e4hlter Projekte im Rahmen von Masterpl\u00e4nen hat eine zentrale Rolle gespielt bei<br \/>Die internationale Positionierung Montenegros. <strong><a href=\"https:\/\/sothebysrealty.me\/de\/porto-montenegro\/\">Porto Montenegro<\/a>, <a href=\"https:\/\/sothebysrealty.me\/de\/lustizabucht\/\">Lu\u0161tica-Bucht<\/a>, und <a href=\"https:\/\/sothebysrealty.me\/de\/portonovi\/\">Portonovi<\/a><\/strong> haben<br \/>neue Ma\u00dfst\u00e4be f\u00fcr Qualit\u00e4t, Infrastruktur und langfristige Nachhaltigkeit setzen.<\/p><p>Diese Entwicklungen wurden eingef\u00fchrt:<\/p><ul><li>international anerkannte Konstruktions- und Designstandards<\/li><li>professionelles Destinations- und Immobilienmanagement<\/li><li>integrierte Lifestyle-Konzepte, die Yachth\u00e4fen, Gastgewerbe, Einzelhandel und Wellness miteinander verbinden<\/li><li>mehr Transparenz und Vertrauen f\u00fcr internationale K\u00e4ufer.<\/li><\/ul><p>Infolgedessen ist Montenegro f\u00fcr K\u00e4ufer aus Europa und den Vereinigten Staaten zunehmend zug\u00e4nglich geworden.<br \/>K\u00f6nigreich, im Nahen Osten und in Nordamerika.<\/p>\t\t\t\t\t\t\t\t<\/div>\n\t\t\t\t<\/div>\n\t\t\t\t<div class=\"elementor-element elementor-element-d593c86 elementor-widget elementor-widget-heading\" data-id=\"d593c86\" data-element_type=\"widget\" data-e-type=\"widget\" data-widget_type=\"heading.default\">\n\t\t\t\t<div class=\"elementor-widget-container\">\n\t\t\t\t\t<h2 class=\"elementor-heading-title elementor-size-default\">Pr\u00e4senz globaler Gastgewerbemarken<\/h2>\t\t\t\t<\/div>\n\t\t\t\t<\/div>\n\t\t\t\t<div class=\"elementor-element elementor-element-81815c3 elementor-widget elementor-widget-image\" data-id=\"81815c3\" data-element_type=\"widget\" data-e-type=\"widget\" data-widget_type=\"image.default\">\n\t\t\t\t<div class=\"elementor-widget-container\">\n\t\t\t\t\t\t\t\t\t\t\t\t\t\t\t<img decoding=\"async\" width=\"1441\" height=\"1080\" src=\"https:\/\/sothebysrealty.me\/wp-content\/uploads\/2025\/02\/0-min.jpg\" class=\"attachment-full size-full wp-image-65463\" alt=\"Lustica Bay Waterfront Serviced Penthouse Chedi\" srcset=\"https:\/\/sothebysrealty.me\/wp-content\/uploads\/2025\/02\/0-min.jpg 1441w, https:\/\/sothebysrealty.me\/wp-content\/uploads\/2025\/02\/0-min-300x225.jpg 300w, https:\/\/sothebysrealty.me\/wp-content\/uploads\/2025\/02\/0-min-1024x767.jpg 1024w, https:\/\/sothebysrealty.me\/wp-content\/uploads\/2025\/02\/0-min-768x576.jpg 768w\" sizes=\"(max-width: 1441px) 100vw, 1441px\" title=\"\">\t\t\t\t\t\t\t\t\t\t\t\t\t\t\t<\/div>\n\t\t\t\t<\/div>\n\t\t\t\t<div class=\"elementor-element elementor-element-37754d5 elementor-widget elementor-widget-text-editor\" data-id=\"37754d5\" data-element_type=\"widget\" data-e-type=\"widget\" data-widget_type=\"text-editor.default\">\n\t\t\t\t<div class=\"elementor-widget-container\">\n\t\t\t\t\t\t\t\t\t<p>Die Pr\u00e4senz f\u00fchrender internationaler Hotelbetreiber st\u00e4rkt die Position Montenegros als<br \/>ein aufstrebendes Luxusziel. Zu den etablierten Marken geh\u00f6ren:<\/p><ul><li><a href=\"https:\/\/www.aman.com\/resorts\/aman-sveti-stefan\" target=\"_blank\" rel=\"noopener\"><strong>Aman (Sveti Stefan)<\/strong><\/a><\/li><li><a href=\"https:\/\/www.oneandonlyresorts.com\/portonovi\" target=\"_blank\" rel=\"noopener\"><strong>One&amp;Only Portonovi<\/strong><\/a><\/li><li><a href=\"https:\/\/www.guestreservations.com\/\" target=\"_blank\" rel=\"noopener\"><strong>Regent Porto Montenegro<\/strong><\/a><\/li><li><a href=\"https:\/\/www.sirohotels.com\/montenegro\/boka-place\" target=\"_blank\" rel=\"noopener\"><strong>SIRO (Boka-Platz)<\/strong><\/a><\/li><li><a href=\"https:\/\/www.chedilusticabay.com\/\" target=\"_blank\" rel=\"noopener\"><strong>Die Bucht Chedi Lu\u0161tica<\/strong><\/a><\/li><li><a href=\"https:\/\/www.ihgplc.com\/our-brands\/crowne-plaza\" target=\"_blank\" rel=\"noopener\"><strong>Crowne Plaza<\/strong><\/a><\/li><li><a href=\"https:\/\/movenpick.accor.com\/\" target=\"_blank\" rel=\"noopener\"><strong>M\u00f6venpick<\/strong><\/a><\/li><li><a href=\"https:\/\/swissotelkolasin.com\/\" target=\"_blank\" rel=\"noopener\"><strong>Swiss\u00f4tel (Resort Kola\u0161in)<\/strong><\/a><\/li><li><a href=\"https:\/\/swissotelkolasin.com\/\" target=\"_blank\" rel=\"noopener\"><strong>Hyatt Regentschaft<\/strong><\/a><\/li><li><a href=\"https:\/\/www.iberostar.com\/\" target=\"_blank\" rel=\"noopener\"><strong>Iberostar Hotels und Resorts<\/strong><\/a><\/li><\/ul><p>Dar\u00fcber hinaus werden die angek\u00fcndigte Ankunft anderer globaler Gastgewerbemarken und die Entwicklung neuer<br \/>gemischt genutzte Projekte sollen das weitere Wachstum unterst\u00fctzen, die Attraktivit\u00e4t des Reiseziels verbessern und<br \/>das Premium-Wohnsegment auszubauen.<\/p>\t\t\t\t\t\t\t\t<\/div>\n\t\t\t\t<\/div>\n\t\t\t\t<div class=\"elementor-element elementor-element-2c5a59e elementor-widget elementor-widget-heading\" data-id=\"2c5a59e\" data-element_type=\"widget\" data-e-type=\"widget\" data-widget_type=\"heading.default\">\n\t\t\t\t<div class=\"elementor-widget-container\">\n\t\t\t\t\t<h2 class=\"elementor-heading-title elementor-size-default\">Klima, Zug\u00e4nglichkeit und ganzj\u00e4hrige Konnektivit\u00e4t<\/h2>\t\t\t\t<\/div>\n\t\t\t\t<\/div>\n\t\t\t\t<div class=\"elementor-element elementor-element-7adf006 elementor-widget elementor-widget-image\" data-id=\"7adf006\" data-element_type=\"widget\" data-e-type=\"widget\" data-widget_type=\"image.default\">\n\t\t\t\t<div class=\"elementor-widget-container\">\n\t\t\t\t\t\t\t\t\t\t\t\t\t\t\t<img decoding=\"async\" width=\"1200\" height=\"628\" src=\"https:\/\/sothebysrealty.me\/wp-content\/uploads\/2026\/01\/Digitalni-nomadi-Crna-Gora-4.png\" class=\"attachment-full size-full wp-image-77288\" alt=\"\" srcset=\"https:\/\/sothebysrealty.me\/wp-content\/uploads\/2026\/01\/Digitalni-nomadi-Crna-Gora-4.png 1200w, https:\/\/sothebysrealty.me\/wp-content\/uploads\/2026\/01\/Digitalni-nomadi-Crna-Gora-4-300x157.png 300w, https:\/\/sothebysrealty.me\/wp-content\/uploads\/2026\/01\/Digitalni-nomadi-Crna-Gora-4-1024x536.png 1024w, https:\/\/sothebysrealty.me\/wp-content\/uploads\/2026\/01\/Digitalni-nomadi-Crna-Gora-4-768x402.png 768w, https:\/\/sothebysrealty.me\/wp-content\/uploads\/2026\/01\/Digitalni-nomadi-Crna-Gora-4-18x9.png 18w\" sizes=\"(max-width: 1200px) 100vw, 1200px\" title=\"\">\t\t\t\t\t\t\t\t\t\t\t\t\t\t\t<\/div>\n\t\t\t\t<\/div>\n\t\t\t\t<div class=\"elementor-element elementor-element-a262fc0 elementor-widget elementor-widget-text-editor\" data-id=\"a262fc0\" data-element_type=\"widget\" data-e-type=\"widget\" data-widget_type=\"text-editor.default\">\n\t\t\t\t<div class=\"elementor-widget-container\">\n\t\t\t\t\t\t\t\t\t<p>Montenegro profitiert von einer <strong>Mediterranes Klima<\/strong> entlang der K\u00fcste, mit langen Sommern und<br \/>milde Winter, die eine ganzj\u00e4hrige Nutzung von Wohnimmobilien erm\u00f6glichen.<\/p><p>Das Land wird von zwei <strong>internationale Flugh\u00e4fen Tivat und Podgorica<\/strong> mit saisonalen und<br \/>ganzj\u00e4hrige Flugverbindungen zu den wichtigsten europ\u00e4ischen St\u00e4dten. Flugfrequenz deutlich erh\u00f6ht<br \/>w\u00e4hrend der Sommersaison, wenn die Nachfrage an der K\u00fcste am h\u00f6chsten ist.<\/p><p>Zus\u00e4tzlich zu seiner K\u00fcstenattraktivit\u00e4t bietet Montenegro eine ausgepr\u00e4gte <strong>Wintersaison<\/strong>, mit etablierten<\/p><p>Berggebiete und Skizentren in relativ kurzer Fahrdistanz, was zu einer ganzj\u00e4hrigen<br \/>Rundtourismus und die Stabilit\u00e4t der Nachfrage im Allgemeinen.<\/p>\t\t\t\t\t\t\t\t<\/div>\n\t\t\t\t<\/div>\n\t\t\t\t<div class=\"elementor-element elementor-element-669dedd elementor-widget elementor-widget-heading\" data-id=\"669dedd\" data-element_type=\"widget\" data-e-type=\"widget\" data-widget_type=\"heading.default\">\n\t\t\t\t<div class=\"elementor-widget-container\">\n\t\t\t\t\t<h2 class=\"elementor-heading-title elementor-size-default\">Finanzieller, steuerlicher und eigentumsrechtlicher Rahmen<\/h2>\t\t\t\t<\/div>\n\t\t\t\t<\/div>\n\t\t\t\t<div class=\"elementor-element elementor-element-d953a23 elementor-widget elementor-widget-text-editor\" data-id=\"d953a23\" data-element_type=\"widget\" data-e-type=\"widget\" data-widget_type=\"text-editor.default\">\n\t\t\t\t<div class=\"elementor-widget-container\">\n\t\t\t\t\t\t\t\t\t<p>Montenegro bietet einen klaren und wettbewerbsf\u00e4higen Rahmen f\u00fcr Immobilieneigentum, mit einem relativ<br \/>moderate Steuerstruktur.<\/p><p>Zu den wichtigsten \u00dcberlegungen geh\u00f6ren:<\/p><ul><li><strong>Grunderwerbsteuer<\/strong> in einer progressiven Skala, die im Allgemeinen von 3% bis 6% reicht,<br \/>je nach dem Wert der Eigenschaft<\/li><li><strong>J\u00e4hrliche Grundsteuer<\/strong> zu einem niedrigen Satz, der sich nach Lage, Gr\u00f6\u00dfe und Sch\u00e4tzwert richtet<\/li><li>Keine Beschr\u00e4nkungen f\u00fcr ausl\u00e4ndisches Eigentum an Wohnimmobilien, vorbehaltlich der \u00fcblichen gesetzlichen Bestimmungen<br \/>Sorgfaltspflicht<\/li><li><strong>Keine Erbschafts- oder Verm\u00f6genssteuer<\/strong> im Zusammenhang mit Immobilienbesitz<\/li><li>Montenegro verf\u00fcgt \u00fcber ein wettbewerbsf\u00e4higes und progressives Steuersystem mit Steuers\u00e4tzen, die im Allgemeinen<br \/>zwischen 9% und 15% sowohl f\u00fcr Unternehmens- als auch f\u00fcr Privateinkommen.<\/li><li>Die Norm <strong>Wert<\/strong><\/li><\/ul><p><strong>Mehrwertsteuer (VAT) 21%<\/strong>.<br \/>Montenegro wendet auch ein <strong>flaches Einkommensteuersystem<\/strong>, die f\u00fcr K\u00e4ufer von Bedeutung sein k\u00f6nnen<br \/>eine Verlagerung oder eine langfristige Strukturierung in Betracht ziehen.<\/p>\t\t\t\t\t\t\t\t<\/div>\n\t\t\t\t<\/div>\n\t\t\t\t<div class=\"elementor-element elementor-element-007da80 elementor-widget elementor-widget-heading\" data-id=\"007da80\" data-element_type=\"widget\" data-e-type=\"widget\" data-widget_type=\"heading.default\">\n\t\t\t\t<div class=\"elementor-widget-container\">\n\t\t\t\t\t<h2 class=\"elementor-heading-title elementor-size-default\">Stabilit\u00e4t und langfristiger Ausblick<\/h2>\t\t\t\t<\/div>\n\t\t\t\t<\/div>\n\t\t\t\t<div class=\"elementor-element elementor-element-e9d788a elementor-widget elementor-widget-image\" data-id=\"e9d788a\" data-element_type=\"widget\" data-e-type=\"widget\" data-widget_type=\"image.default\">\n\t\t\t\t<div class=\"elementor-widget-container\">\n\t\t\t\t\t\t\t\t\t\t\t\t\t\t\t<img decoding=\"async\" width=\"1200\" height=\"628\" src=\"https:\/\/sothebysrealty.me\/wp-content\/uploads\/2026\/01\/Digitalni-nomadi-Crna-Gora-3.png\" class=\"attachment-full size-full wp-image-77284\" alt=\"\" srcset=\"https:\/\/sothebysrealty.me\/wp-content\/uploads\/2026\/01\/Digitalni-nomadi-Crna-Gora-3.png 1200w, https:\/\/sothebysrealty.me\/wp-content\/uploads\/2026\/01\/Digitalni-nomadi-Crna-Gora-3-300x157.png 300w, https:\/\/sothebysrealty.me\/wp-content\/uploads\/2026\/01\/Digitalni-nomadi-Crna-Gora-3-1024x536.png 1024w, https:\/\/sothebysrealty.me\/wp-content\/uploads\/2026\/01\/Digitalni-nomadi-Crna-Gora-3-768x402.png 768w, https:\/\/sothebysrealty.me\/wp-content\/uploads\/2026\/01\/Digitalni-nomadi-Crna-Gora-3-18x9.png 18w\" sizes=\"(max-width: 1200px) 100vw, 1200px\" title=\"\">\t\t\t\t\t\t\t\t\t\t\t\t\t\t\t<\/div>\n\t\t\t\t<\/div>\n\t\t\t\t<div class=\"elementor-element elementor-element-174e752 elementor-widget elementor-widget-text-editor\" data-id=\"174e752\" data-element_type=\"widget\" data-e-type=\"widget\" data-widget_type=\"text-editor.default\">\n\t\t\t\t<div class=\"elementor-widget-container\">\n\t\t\t\t\t\t\t\t\t<p>Montenegro ist ein <strong>NATO-Mitgliedstaat<\/strong> und ein <strong>EU-Beitrittsland<\/strong>, und bietet eine stabile<br \/>makro\u00f6konomischen Umfelds und eines klar definierten langfristigen Integrationspfads. Dies bietet<br \/>zus\u00e4tzliches Vertrauen f\u00fcr internationale K\u00e4ufer, die einen langfristigen Immobilienbesitz erw\u00e4gen oder<br \/>Kapitalallokation.<\/p><p><strong>SEPA-Integration<\/strong><\/p><p>Die Teilnahme Montenegros am SEPA vereinfacht Euro-Zahlungen und grenz\u00fcberschreitende \u00dcberweisungen,<br \/>Unterst\u00fctzung effizienter Immobilientransaktionen und des laufenden Eigentums.<\/p>\t\t\t\t\t\t\t\t<\/div>\n\t\t\t\t<\/div>\n\t\t\t\t<div class=\"elementor-element elementor-element-6d71a2c elementor-widget elementor-widget-heading\" data-id=\"6d71a2c\" data-element_type=\"widget\" data-e-type=\"widget\" data-widget_type=\"heading.default\">\n\t\t\t\t<div class=\"elementor-widget-container\">\n\t\t\t\t\t<h2 class=\"elementor-heading-title elementor-size-default\">\u00dcberlegungen zum Wohnsitz<\/h2>\t\t\t\t<\/div>\n\t\t\t\t<\/div>\n\t\t\t\t<div class=\"elementor-element elementor-element-335d5e7 elementor-widget elementor-widget-text-editor\" data-id=\"335d5e7\" data-element_type=\"widget\" data-e-type=\"widget\" data-widget_type=\"text-editor.default\">\n\t\t\t\t<div class=\"elementor-widget-container\">\n\t\t\t\t\t\t\t\t\t<p>Immobilienbesitz in Montenegro kann Folgendes unterst\u00fctzen <strong>Antr\u00e4ge auf Aufenthaltsgenehmigung<\/strong>, vorbehaltlich<br \/>geltenden Vorschriften. Dies kann f\u00fcr K\u00e4ufer relevant sein, die eine gr\u00f6\u00dfere Flexibilit\u00e4t f\u00fcr erweiterte<br \/>Aufenthalte oder eine langfristige Pr\u00e4senz in dem Land.<\/p>\t\t\t\t\t\t\t\t<\/div>\n\t\t\t\t<\/div>\n\t\t\t\t<div class=\"elementor-element elementor-element-3580a0c elementor-widget elementor-widget-heading\" data-id=\"3580a0c\" data-element_type=\"widget\" data-e-type=\"widget\" data-widget_type=\"heading.default\">\n\t\t\t\t<div class=\"elementor-widget-container\">\n\t\t\t\t\t<h2 class=\"elementor-heading-title elementor-size-default\">Der Wert von lokalem Fachwissen<\/h2>\t\t\t\t<\/div>\n\t\t\t\t<\/div>\n\t\t\t\t<div class=\"elementor-element elementor-element-2dafb05 elementor-widget elementor-widget-text-editor\" data-id=\"2dafb05\" data-element_type=\"widget\" data-e-type=\"widget\" data-widget_type=\"text-editor.default\">\n\t\t\t\t<div class=\"elementor-widget-container\">\n\t\t\t\t\t\t\t\t\t<p>Der Kauf einer Immobilie auf einem internationalen Markt erfordert fundierte Entscheidungen und zuverl\u00e4ssige<br \/>lokaler Einblick. Unsere Aufgabe ist es, Marktkenntnisse, strukturierte Beratung und Zugang zu<br \/>Sorgf\u00e4ltig ausgew\u00e4hlte Eigenschaften, die internationalen Standards entsprechen, sorgen f\u00fcr Klarheit im gesamten Text.<br \/>Akquisitionsprozess und dar\u00fcber hinaus.<\/p>\t\t\t\t\t\t\t\t<\/div>\n\t\t\t\t<\/div>\n\t\t\t\t\t<\/div>\n\t\t\t\t<\/div>\n\t\t\t\t<\/div>","protected":false},"excerpt":{"rendered":"<p>Why Montenegro? Montenegro is a compact market with clearly defined fundamentals: limited coastal supply, increasing international demand, and a small number of large-scale developments that [&hellip;]<\/p>\n","protected":false},"author":12,"featured_media":0,"parent":0,"menu_order":0,"comment_status":"closed","ping_status":"closed","template":"elementor_header_footer","meta":{"_acf_changed":false,"_joinchat":[],"footnotes":""},"class_list":["post-76628","page","type-page","status-publish","hentry"],"acf":[],"_links":{"self":[{"href":"https:\/\/sothebysrealty.me\/de\/wp-json\/wp\/v2\/pages\/76628","targetHints":{"allow":["GET"]}}],"collection":[{"href":"https:\/\/sothebysrealty.me\/de\/wp-json\/wp\/v2\/pages"}],"about":[{"href":"https:\/\/sothebysrealty.me\/de\/wp-json\/wp\/v2\/types\/page"}],"author":[{"embeddable":true,"href":"https:\/\/sothebysrealty.me\/de\/wp-json\/wp\/v2\/users\/12"}],"replies":[{"embeddable":true,"href":"https:\/\/sothebysrealty.me\/de\/wp-json\/wp\/v2\/comments?post=76628"}],"version-history":[{"count":5,"href":"https:\/\/sothebysrealty.me\/de\/wp-json\/wp\/v2\/pages\/76628\/revisions"}],"predecessor-version":[{"id":79678,"href":"https:\/\/sothebysrealty.me\/de\/wp-json\/wp\/v2\/pages\/76628\/revisions\/79678"}],"wp:attachment":[{"href":"https:\/\/sothebysrealty.me\/de\/wp-json\/wp\/v2\/media?parent=76628"}],"curies":[{"name":"wp","href":"https:\/\/api.w.org\/{rel}","templated":true}]}}