{"id":75,"date":"2020-06-04T14:29:15","date_gmt":"2020-06-04T14:29:15","guid":{"rendered":"https:\/\/sothebys.wp1.smartweb.rs\/?page_id=75"},"modified":"2026-03-23T15:45:59","modified_gmt":"2026-03-23T15:45:59","slug":"montenegro-real-estate-sale","status":"publish","type":"page","link":"https:\/\/sothebysrealty.me\/de\/montenegro-immobilienverkauf\/","title":{"rendered":"Montenegro Immobilien Verkauf"},"content":{"rendered":"<div data-elementor-type=\"wp-page\" data-elementor-id=\"75\" class=\"elementor elementor-75\" data-elementor-post-type=\"page\">\n\t\t\t\t<div class=\"elementor-element elementor-element-7d9d64b5 e-flex e-con-boxed e-con e-parent\" data-id=\"7d9d64b5\" data-element_type=\"container\" data-e-type=\"container\">\n\t\t\t\t\t<div class=\"e-con-inner\">\n\t\t\t\t<div class=\"elementor-element elementor-element-21a7e1d2 elementor-widget elementor-widget-text-editor\" data-id=\"21a7e1d2\" data-element_type=\"widget\" data-e-type=\"widget\" data-widget_type=\"text-editor.default\">\n\t\t\t\t<div class=\"elementor-widget-container\">\n\t\t\t\t\t\t\t\t\t<h2 data-start=\"267\" data-end=\"321\">Entdecken Sie Ihr Traumhaus in Montenegro Real Estate<\/h2><p data-start=\"323\" data-end=\"908\">Immobilien in Montenegro bieten eine der bemerkenswertesten M\u00f6glichkeiten auf dem heutigen internationalen Immobilienmarkt - die Chance, ein St\u00fcck vom Paradies an der Adria zu besitzen. Mit seiner atemberaubenden K\u00fcste, den charmanten alten St\u00e4dten und einer Kultur, die mediterrane W\u00e4rme mit balkanischer Authentizit\u00e4t verbindet, ist Montenegro zu einem begehrten Ziel f\u00fcr anspruchsvolle K\u00e4ufer aus aller Welt geworden. Ganz gleich, ob Sie sich ein modernes Apartment mit Blick auf einen belebten Yachthafen oder eine ger\u00e4umige Villa mit direktem Strandzugang w\u00fcnschen, dieser Markt bietet M\u00f6glichkeiten, die Luxus, Komfort und Investitionspotenzial miteinander verbinden.<\/p><h3 data-start=\"910\" data-end=\"950\">Warum Montenegro-Immobilien w\u00e4hlen?<\/h3><p data-start=\"952\" data-end=\"1399\">In den letzten zehn Jahren hat sich Montenegro zu einem der interessantesten Immobilienm\u00e4rkte Europas entwickelt. K\u00e4ufer werden von seiner atemberaubenden Geografie angezogen, wo sich Berge dramatisch \u00fcber t\u00fcrkisfarbenes Wasser erheben und malerische D\u00f6rfer neben Luxusimmobilien liegen. Die strategische Lage des Landes, nur einen kurzen Flug von den gro\u00dfen europ\u00e4ischen St\u00e4dten entfernt, macht es zu einer attraktiven Option f\u00fcr Ferienh\u00e4user, st\u00e4ndige Wohnsitze oder Anlageobjekte.<\/p><p data-start=\"1401\" data-end=\"1803\">Die Nachfrage nach Immobilien in Montenegro ist rasch gestiegen, was auf die investitionsfreundliche Politik der Regierung und die zunehmende Beliebtheit des Landes als Luxusreiseziel zur\u00fcckzuf\u00fchren ist. Investoren erkennen das gro\u00dfe Wertsteigerungspotenzial, w\u00e4hrend Hausbesitzer gleicherma\u00dfen vom Lebensstil fasziniert sind: unber\u00fchrte Str\u00e4nde, Yachth\u00e4fen von Weltklasse, ein pulsierendes Nachtleben und endlose M\u00f6glichkeiten zur Erkundung.<\/p><h3 data-start=\"1805\" data-end=\"1841\">Wohnungen, Villen und mehr<\/h3><p data-start=\"1843\" data-end=\"1992\">Das Angebot an Immobilien in Montenegro ist sehr vielf\u00e4ltig, so dass jeder K\u00e4ufer etwas finden kann, das seinen Bed\u00fcrfnissen und W\u00fcnschen entspricht.<\/p><ul data-start=\"1994\" data-end=\"3306\"><li data-start=\"1994\" data-end=\"2492\"><p data-start=\"1996\" data-end=\"2492\"><strong data-start=\"1996\" data-end=\"2030\">Montenegro Wohnungen zu verkaufen<\/strong><br data-start=\"2030\" data-end=\"2033\" \/>Elegante und moderne Wohnungen findet man in erstklassigen K\u00fcstenst\u00e4dten wie Budva, Kotor und Tivat. Viele dieser Wohnungen befinden sich in luxuri\u00f6sen Wohnanlagen mit Concierge-Service, Wellness-Einrichtungen und direktem Zugang zum Yachthafen. Sie sind besonders attraktiv f\u00fcr K\u00e4ufer, die Bequemlichkeit, Stil und einen \"Lock-and-Leave\"-Lebensstil suchen. Die Wohnungen bieten auch ein hervorragendes Vermietungspotenzial f\u00fcr Investoren, die an einer kurzfristigen oder saisonalen Vermietung interessiert sind.<\/p><\/li><li data-start=\"2494\" data-end=\"2955\"><p data-start=\"2496\" data-end=\"2955\"><strong data-start=\"2496\" data-end=\"2526\">Montenegro Villen zu verkaufen<\/strong><br data-start=\"2526\" data-end=\"2529\" \/>F\u00fcr diejenigen, die Platz und Privatsph\u00e4re w\u00fcnschen, <a href=\"https:\/\/sothebysrealty.me\/de\/authentische-steinvilla-lepetane\/\">Villen in Montenegro bieten den ultimativen Luxus<\/a>. Diese Immobilien verf\u00fcgen oft \u00fcber gro\u00dfe Terrassen, private Pools, angelegte G\u00e4rten und einen Panoramablick auf die Adria oder die Bucht von Kotor. Villen befinden sich in exklusiven Enklaven wie der Halbinsel Lu\u0161tica, Sveti Stefan oder den Bergd\u00f6rfern oberhalb von Budva und bieten Ruhe und gleichzeitig die N\u00e4he zu kulturellen und sozialen Einrichtungen.<\/p><\/li><li data-start=\"2957\" data-end=\"3306\"><p data-start=\"2959\" data-end=\"3306\"><strong data-start=\"2959\" data-end=\"2993\">Einzigartige und historische Eigenschaften<\/strong><br data-start=\"2993\" data-end=\"2996\" \/>Der Charme Montenegros liegt auch in seinem Erbe. <a href=\"https:\/\/sothebysrealty.me\/de\/historische-steinvilla-prcanj-kotor-2\/\">Restaurierte Steinh\u00e4user<\/a> in UNESCO-gesch\u00fctzten St\u00e4dten wie Perast und Kotor erm\u00f6glichen es den K\u00e4ufern, die Geschichte hautnah zu erleben, mit einer Architektur, die Jahrhunderte venezianischen Einflusses widerspiegelt. Diese Immobilien sind seltene Juwelen, die authentischen Charakter mit modernem Komfort vereinen.<\/p><\/li><li data-start=\"2957\" data-end=\"3306\"><p data-start=\"4398\" data-end=\"4488\">Jede Region Montenegros bietet ihre eigenen einzigartigen Vorteile f\u00fcr Hausbesitzer und Investoren.<\/p><ul data-start=\"4490\" data-end=\"5332\"><li data-start=\"4490\" data-end=\"4704\"><p data-start=\"4492\" data-end=\"4704\"><strong data-start=\"4492\" data-end=\"4508\">Bucht von Kotor<\/strong>: Als UNESCO-Weltkulturerbe mit mittelalterlichen St\u00e4dten wie Kotor und Perast wird diese Bucht oft mit den Fjorden Norwegens verglichen. Die H\u00e4user hier verbinden eine atemberaubende Naturlandschaft mit historischem Charme.<\/p><\/li><li data-start=\"4705\" data-end=\"4937\"><p data-start=\"4707\" data-end=\"4937\"><strong data-start=\"4707\" data-end=\"4724\">Budva-Riviera<\/strong>: Budva ist bekannt f\u00fcr seine Sandstr\u00e4nde und seine lebhafte Atmosph\u00e4re und bietet sowohl moderne Apartments als auch Villen in den Bergen. Das Nachtleben, die Yachth\u00e4fen und die Kulturfestivals machen die Stadt ideal f\u00fcr alle, die einen pulsierenden Lebensstil lieben.<\/p><\/li><li data-start=\"4938\" data-end=\"5161\"><p data-start=\"4940\" data-end=\"5161\"><strong data-start=\"4940\" data-end=\"4970\">Tivat und Porto Montenegro<\/strong>: Dieses Gebiet hat sich zum modernen Luxuszentrum Montenegros entwickelt. <a href=\"https:\/\/sothebysrealty.me\/de\/portonovi-marina-2bdr-wohnung\/\"><strong>Porto Montenegro<\/strong><\/a> Der Yachthafen zieht Yachteigent\u00fcmer und K\u00e4ufer der gehobenen Klasse an, wobei elegante Wohnungen, Penth\u00e4user und Villen am Wasser gefragt sind.<\/p><\/li><li data-start=\"5162\" data-end=\"5332\"><p data-start=\"5164\" data-end=\"5332\"><strong data-start=\"5164\" data-end=\"5185\">Halbinsel Lu\u0161tica<\/strong>: Ein friedlicher R\u00fcckzugsort mit unber\u00fchrten Str\u00e4nden und neuen Luxusanlagen, ideal f\u00fcr alle, die Ruhe suchen, ohne auf modernen Komfort zu verzichten.<\/p><\/li><\/ul><\/li><\/ul><h3 data-start=\"3308\" data-end=\"3346\">Lebensstil Vorteile von Montenegro<\/h3><p data-start=\"3348\" data-end=\"3739\">Eine Immobilie in Montenegro zu besitzen bedeutet weit mehr als eine Investition in Ziegel und M\u00f6rtel - es ist eine Einladung zu einer einzigartigen Lebensweise. Das milde Mittelmeerklima des Landes sorgt f\u00fcr warme Sommer und milde Winter und ist damit perfekt f\u00fcr das ganzj\u00e4hrige Leben. Die K\u00fcche ist ein weiteres Highlight: fangfrische Meeresfr\u00fcchte, Bioprodukte von den lokalen M\u00e4rkten und Weine aus den wachsenden Weinbergen Montenegros.<\/p><p data-start=\"3741\" data-end=\"4061\">F\u00fcr Outdoor-Fans bietet Montenegro Aktivit\u00e4ten, die vom Segeln an der Adria bis zum Wandern im Durmitor-Nationalpark oder Skifahren im Norden im Winter reichen. Der Kulturkalender des Landes ist ebenso reichhaltig, mit Musikfestivals, Kunstausstellungen und traditionellen Feiern, die das ganze Jahr \u00fcber stattfinden.<\/p><p data-start=\"4063\" data-end=\"4279\">Ein weiterer wichtiger Aspekt ist das Gef\u00fchl von Frieden und Sicherheit. Montenegro ist bekannt f\u00fcr seine gastfreundlichen Gemeinden, seinen entspannten Lebensstil und seine sichere Umgebung, was es besonders f\u00fcr Familien und Rentner attraktiv macht.<\/p><h3 data-start=\"4281\" data-end=\"4307\">Investitionspotenzial<\/h3><p data-start=\"4309\" data-end=\"4655\">Die zum Verkauf stehenden Wohnungen und Villen in Montenegro sind nicht nur Lifestyle-K\u00e4ufe, sondern auch solide Investitionen. Der Immobilienmarkt verzeichnet weiterhin einen Aufw\u00e4rtstrend, der durch den wachsenden Tourismus und die Entwicklung der Infrastruktur unterst\u00fctzt wird. Die Nachfrage nach hochwertigen Mietobjekten ist gro\u00df, insbesondere in den K\u00fcstenst\u00e4dten, und bietet den K\u00e4ufern das Potenzial f\u00fcr attraktive Renditen.<\/p><p data-start=\"4657\" data-end=\"4945\">Dar\u00fcber hinaus hat Montenegro Fortschritte auf dem Weg zur Mitgliedschaft in der Europ\u00e4ischen Union gemacht, ein Faktor, der das Vertrauen der Investoren bereits gest\u00e4rkt hat. F\u00fcr diejenigen, die ihr Portfolio mit internationalen Immobilien diversifizieren wollen, stellt Montenegro einen Markt dar, der sowohl Stabilit\u00e4t als auch Wachstum bietet.<\/p><h3 data-start=\"4947\" data-end=\"4992\">Schritt f\u00fcr Schritt von Experten begleitet<\/h3><p data-start=\"4994\" data-end=\"5344\">Um sich auf dem Immobilienmarkt eines fremden Landes zurechtzufinden, sind Fachwissen und Vertrauen erforderlich. Unser Team bei <a href=\"https:\/\/share.google\/8f6e3v0Vzja4pJZES\" target=\"_blank\" rel=\"noopener\">Sotheby's Realty<\/a> ist darauf spezialisiert, Kunden durch jede Phase des Immobilienerwerbs in Montenegro zu begleiten. Von der anf\u00e4nglichen Suche \u00fcber die Besichtigung der Immobilie bis hin zu den Verhandlungen und dem endg\u00fcltigen Abschluss bieten wir einen nahtlosen und transparenten Service, der auf Ihre Ziele zugeschnitten ist.<\/p><p data-start=\"5346\" data-end=\"5728\">Wir wissen auch, dass es beim Kauf eines Hauses um mehr geht als nur um die Transaktion - es geht darum, eine Immobilie zu finden, die Ihren Vorstellungen vom Leben in Montenegro entspricht. Unsere Berater nehmen sich die Zeit, Ihren Lebensstil zu verstehen, ganz gleich, ob Sie eine Wohnung am Wasser f\u00fcr saisonale Aufenthalte, eine Familienvilla f\u00fcr ganzj\u00e4hriges Wohnen oder eine historische Immobilie mit langfristigem Investitionspotenzial suchen.<\/p><h3 data-start=\"5730\" data-end=\"5754\">Beginnen Sie Ihre Reise<\/h3><p data-start=\"5756\" data-end=\"6128\">Montenegro bietet eine vielf\u00e4ltige Auswahl an H\u00e4usern, von denen jedes eine Mischung aus Sch\u00f6nheit, Komfort und M\u00f6glichkeiten verspricht. Ob Sie davon tr\u00e4umen, Sonnenunterg\u00e4nge von einem Balkon mit Blick auf die Adria zu genie\u00dfen, in einer Villa mit privatem Garten zu feiern oder in die zeitlose Atmosph\u00e4re eines historischen Steinhauses einzutauchen - mit Immobilien in Montenegro k\u00f6nnen Sie diese Vision verwirklichen.<\/p><p data-start=\"6130\" data-end=\"6294\">Unsere Experten stehen Ihnen bei jedem Schritt zur Seite und bieten Ihnen Wissen, Diskretion und den unvergleichlichen Service, f\u00fcr den Sotheby's Realty weltweit bekannt ist.<\/p><hr data-start=\"6296\" data-end=\"6299\" \/><p data-start=\"6301\" data-end=\"6558\"><strong data-start=\"6301\" data-end=\"6556\">Beginnen Sie Ihre Reise noch heute und entdecken Sie das Beste, was Montenegro an Immobilien zu bieten hat. Kontaktieren Sie unser Team, um Wohnungen, Villen und einzigartige Immobilien in diesem au\u00dfergew\u00f6hnlichen Reiseziel zu entdecken - und lassen Sie uns Ihnen helfen, Ihr Traumhaus an der Adria zu finden.<\/strong><\/p>\t\t\t\t\t\t\t\t<\/div>\n\t\t\t\t<\/div>\n\t\t\t\t\t<\/div>\n\t\t\t\t<\/div>\n\t\t\t\t<\/div>","protected":false},"excerpt":{"rendered":"<p>Discover Your Dream Home in Montenegro Real Estate Montenegro real estate offers one of the most remarkable opportunities in today\u2019s international property market\u2014a chance to [&hellip;]<\/p>\n","protected":false},"author":2,"featured_media":74563,"parent":0,"menu_order":0,"comment_status":"closed","ping_status":"closed","template":"template-sale.php","meta":{"_acf_changed":false,"_joinchat":[],"footnotes":""},"class_list":["post-75","page","type-page","status-publish","has-post-thumbnail","hentry"],"acf":[],"_links":{"self":[{"href":"https:\/\/sothebysrealty.me\/de\/wp-json\/wp\/v2\/pages\/75","targetHints":{"allow":["GET"]}}],"collection":[{"href":"https:\/\/sothebysrealty.me\/de\/wp-json\/wp\/v2\/pages"}],"about":[{"href":"https:\/\/sothebysrealty.me\/de\/wp-json\/wp\/v2\/types\/page"}],"author":[{"embeddable":true,"href":"https:\/\/sothebysrealty.me\/de\/wp-json\/wp\/v2\/users\/2"}],"replies":[{"embeddable":true,"href":"https:\/\/sothebysrealty.me\/de\/wp-json\/wp\/v2\/comments?post=75"}],"version-history":[{"count":5,"href":"https:\/\/sothebysrealty.me\/de\/wp-json\/wp\/v2\/pages\/75\/revisions"}],"predecessor-version":[{"id":79379,"href":"https:\/\/sothebysrealty.me\/de\/wp-json\/wp\/v2\/pages\/75\/revisions\/79379"}],"wp:featuredmedia":[{"embeddable":true,"href":"https:\/\/sothebysrealty.me\/de\/wp-json\/wp\/v2\/media\/74563"}],"wp:attachment":[{"href":"https:\/\/sothebysrealty.me\/de\/wp-json\/wp\/v2\/media?parent=75"}],"curies":[{"name":"wp","href":"https:\/\/api.w.org\/{rel}","templated":true}]}}