{"id":68860,"date":"2025-06-03T08:36:14","date_gmt":"2025-06-03T08:36:14","guid":{"rendered":"https:\/\/sothebysrealty.me\/?page_id=68860"},"modified":"2026-04-13T11:20:48","modified_gmt":"2026-04-13T11:20:48","slug":"portonovi","status":"publish","type":"page","link":"https:\/\/sothebysrealty.me\/de\/portonovi\/","title":{"rendered":"Portonovi"},"content":{"rendered":"<div data-elementor-type=\"wp-page\" data-elementor-id=\"68860\" class=\"elementor elementor-68860\" data-elementor-post-type=\"page\">\n\t\t\t\t<div class=\"elementor-element elementor-element-1ed84d7 e-flex e-con-boxed e-con e-parent\" data-id=\"1ed84d7\" data-element_type=\"container\" data-e-type=\"container\">\n\t\t\t\t\t<div class=\"e-con-inner\">\n\t\t\t\t<div class=\"elementor-element elementor-element-e03fe14 elementor-widget elementor-widget-text-editor\" data-id=\"e03fe14\" data-element_type=\"widget\" data-e-type=\"widget\" data-widget_type=\"text-editor.default\">\n\t\t\t\t<div class=\"elementor-widget-container\">\n\t\t\t\t\t\t\t\t\t<p>Entdecken Sie Luxusimmobilien in Portonovi, Montenegro. Diese exklusive K\u00fcstengemeinde bietet Apartments, Penthouses, Wohnungen mit Blick auf den Yachthafen und Villen, mit direktem Zugang zum Yachthafen, gehobener Gastronomie, Boutiquen und ganzj\u00e4hrigen Annehmlichkeiten f\u00fcr Dauerwohnsitz oder Kapitalanlage.<\/p>\t\t\t\t\t\t\t\t<\/div>\n\t\t\t\t<\/div>\n\t\t\t\t\t<\/div>\n\t\t\t\t<\/div>\n\t\t<div class=\"elementor-element elementor-element-e96b10f e-flex e-con-boxed e-con e-parent\" data-id=\"e96b10f\" data-element_type=\"container\" data-e-type=\"container\">\n\t\t\t\t\t<div class=\"e-con-inner\">\n\t\t\t\t<div class=\"elementor-element elementor-element-4d053c9e elementor-widget elementor-widget-text-editor\" data-id=\"4d053c9e\" data-element_type=\"widget\" data-e-type=\"widget\" data-widget_type=\"text-editor.default\">\n\t\t\t\t<div class=\"elementor-widget-container\">\n\t\t\t\t\t\t\t\t\t<p>Portonovi ist eines der exklusivsten K\u00fcstenresorts Montenegros und bietet einen luxuri\u00f6sen Yachthafen-Lebensstil am Eingang der Bucht von Kotor. Portonovi ist bekannt f\u00fcr seine erstklassigen Residenzen, seine raffinierte Architektur und seine erstklassigen Annehmlichkeiten und zieht internationale K\u00e4ufer an, die Komfort, Sicherheit und langfristigen Wert an einer erstklassigen K\u00fcstenlage suchen.<\/p><p>Wenn Ihr Ziel ein hochwertiges Feriendomizil, ein Leben am Wasser oder eine erstklassige Investition in einer der besten Gemeinden des Landes ist, ist Portonovi eine Top-Wahl.<\/p><h2>Warum K\u00e4ufer Portonovi w\u00e4hlen<\/h2><p>Portonovi zeichnet sich f\u00fcr K\u00e4ufer aus, die Luxus, Privatsph\u00e4re und eine \u201cvollst\u00e4ndige\u201d Umgebung suchen, in der alles auf hohem Niveau gestaltet ist.<\/p><p>G\u00e4ngige Gr\u00fcnde, warum K\u00e4ufer sich f\u00fcr Portonovi entscheiden, sind:<\/p><p>\u2022 Eine prestigetr\u00e4chtige Adresse am Wasser in der Bucht von Kotor<\/p><p>\u2022 Luxuri\u00f6se Infrastruktur, elegante \u00f6ffentliche R\u00e4ume und eine verfeinerte Atmosph\u00e4re<br \/>\u2022 Starke Anziehungskraft auf Zweitwohnungseigent\u00fcmer und Kunden mit Yacht-Lifestyle<br \/>\u2022 Hochwertige Bauweise im Vergleich zu vielen \u00e4lteren K\u00fcstenimmobilien<br \/>\u2022 Ein sicheres, gut gef\u00fchrtes Umfeld, ideal f\u00fcr internationales Eigentum<br \/>\u2022 Ein erstklassiges Gemeinschaftsgef\u00fchl mit Fokus auf Komfort und Service<\/p><p>Portonovi ist besonders attraktiv, wenn Sie ein luxuri\u00f6ses Zuhause w\u00fcnschen, das sich m\u00fchelos anf\u00fchlt \u2013 gehobenes Wohnen ohne Chaos.<\/p><h2>Arten von Immobilien in Portonovi<\/h2><p>Portonovi bietet eine Auswahl an hochwertigen H\u00e4usern, die f\u00fcr modernes K\u00fcstenleben konzipiert sind und sich typischerweise auf Qualit\u00e4tswohnungen und Luxusresidenzen konzentrieren.<\/p><h3>Wasserfront-Apartments &amp; residences im Marina-Stil<\/h3><p>Luxusapartments in Portonovi sind das begehrteste Segment und umfassen oft:<\/p><p>\u2022 moderne offene Grundrisse<br \/>Terrassen und Meerblick<br \/>\u2022 erstklassiger Geb\u00e4udeservice und gepflegte Umgebung<br \/>\u2022 einfacher Zugang zu Uferpromenaden und Annehmlichkeiten<\/p><p>Diese H\u00e4user sind ideal f\u00fcr K\u00e4ufer, die eine pflegeleichte Immobilie mit hohem Lifestyle-Wert suchen.<\/p><h3>Luxusimmobilien f\u00fcr Lifestyle &amp; Investment<\/h3><p>Portonovi ist auch f\u00fcr K\u00e4ufer attraktiv, die auf der Suche sind nach:<\/p><p>\u2022 Exklusives Familienwohnen<br \/>\u2022 eine sichere K\u00fcstenbasis mit ausgezeichneten Dienstleistungen<br \/>\u2022 eine \u201cabschlie\u00dfen und losfahren\u201d-Immobilienoption<br \/>\u2022 Premium-Mietpotenzial (abh\u00e4ngig von der Einheit und der Saison)<\/p><p>Das richtige Haus hier hat Wert, da der Markt sich klar am oberen Ende positioniert.<\/p><h2>Portonovi Lifestyle \u2014 Wie ist es, hier zu leben?<\/h2><p>Portonovi ist ruhig, elegant und f\u00fcr ein komfortables Leben an der K\u00fcste konzipiert. Viele Eigent\u00fcmer entscheiden sich daf\u00fcr, weil es Folgendes bietet:<\/p><p>\u2022 Ein sauberes, modernes, internationales Umfeld<br \/>\u2022 begehbare Uferbereiche<br \/>\u2022 erstklassige Dining- und Lifestyle-Dienstleistungen<br \/>\u2022 Privatsph\u00e4re und ein gut gef\u00fchrtes Gemeinschaftsgef\u00fchl<\/p><p>Es ist eine starke Wahl f\u00fcr K\u00e4ufer, die Luxus suchen, aber eine ruhigere, raff finiertere Atmosph\u00e4re im Vergleich zu belebteren Resort-Zonen bevorzugen.<\/p><h2>Ist Portonovi eine gute Investition?<\/h2><p>Portonovi wird oft als langfristiger Premium-Wert angesehen, da es kombiniert:<\/p><p>\u2022 erstklassige Wasserlage<br \/>\u2022 Luxusniveau-Community-Identit\u00e4t<br \/>\u2022 anhaltende Nachfrage von Lifestyle- und internationalen K\u00e4ufern<br \/>\u2022 starke Anziehungskraft f\u00fcr Luxusmieten und Wiederverkaufsl\u00edquidit\u00e4t (f\u00fcr die richtigen Immobilien)<\/p><p>Wie bei jedem Luxuskauf h\u00e4ngt die Anlageperformance stark ab von:<\/p><p>genauer Standort der Einheit<br \/>\u2022 Blick und N\u00e4he zum Wasser<br \/>\u2022 Gestaltungsqualit\u00e4t und langfristige Attraktivit\u00e4t<br \/>\u2022 Park- und Geb\u00e4udeservices<\/p><p>Wenn Sie klug einkaufen wollen, konzentrieren Sie sich auf zeitlose Designs und eine hochwertige Positionierung \u2013 nicht nur auf das Etikett.<\/p><h2>Portonovi vs Porto Montenegro (Schneller Vergleich)<\/h2><p>Sowohl Portonovi als auch Porto Montenegro sind Luxusm\u00e4rkte der Spitzenklasse, aber die Lebensweise f\u00fchlt sich unterschiedlich an.<\/p><p>Portonovi ist ideal, wenn Sie m\u00f6chten:<\/p><p>\u2022 eine ruhigere, privatere Luxusatmosph\u00e4re<br \/>\u2022 Verfeinertes Wohnen am Wasser und Exklusivit\u00e4t<br \/>\u2022 ein entspanntes Tempo mit erstklassiger Umgebung<\/p><p>Porto Montenegro ist ideal, wenn Sie Folgendes w\u00fcnschen:<\/p><p>\u2022 mehrst\u00e4dtischere Energie und soziale Szene<br \/>- St\u00e4rkerer \u201cMarina City\u201d-Lifestyle in Tivat<br \/>\u2022 breitere ganzj\u00e4hrige Aktivit\u00e4t<\/p><p>Viele K\u00e4ufer setzen beide auf die engere Wahl \u2013 und entscheiden dann anhand von Atmosph\u00e4re, t\u00e4glichem Rhythmus und pers\u00f6nlichen Vorlieben.<\/p><h2>Was ist vor einem Kauf in Portonovi zu pr\u00fcfen?<\/h2><p>Auch in Premium-Objekten sollten clevere K\u00e4ufer vor dem Kauf wichtige Details \u00fcberpr\u00fcfen:<\/p><p>\u2022 exakte Mikrolokalisierung innerhalb der Community<br \/>\u2022 Linien und zuk\u00fcnftige Nahbebauung anzeigen<br \/>\u2022 Park- und Lagerm\u00f6glichkeiten<br \/>\u2022 Einrichtung und was im Verkauf enthalten ist<br \/>\u2022 Eigentumsdokumentation und Kaufstruktur<br \/>\u2022 Potenzial f\u00fcr Mietverwaltung (falls investitionsorientiert)<\/p><p>Ein Luxuskauf sollte sich aufregend anf\u00fchlen \u2013 aber er sollte auch sauber, sicher und strategisch sein.<\/p><h2>Portonovi Angebote erkunden<\/h2><p>Durchsuchen Sie unser aktuelles Angebot an Immobilien, die in Portonovi zum Verkauf stehen, und fordern Sie eine private Auswahlliste an, die auf Ihr Budget und Ihre Lebensstilziele zugeschnitten ist.<\/p><p>Wenn Sie einen schnelleren Auswahlprozess w\u00fcnschen, teilen Sie uns mit:<\/p><p>\u2022 Ihr Zielbudgetbereich<br \/>\u2022 bevorzugte Schlafzimmer und Immobilientyp<br \/>\u2022 \u201cMust-haves\u201d (Wasserlage, Meerblick, Terrasse, Parkplatz)<br \/>\u2022 ob dies zum Wohnen, zur Kapitalanlage oder f\u00fcr beides dient<\/p><p>Wir senden Ihnen eine kuratierte Liste der am besten passenden Optionen und arrangieren effizient Besichtigungstermine.<\/p><p>Exklusive Immobilien in Portonovi entdecken \u2014 <a href=\"https:\/\/share.google\/S6Lubp1nMhsvVWnRK\" target=\"_blank\" rel=\"noopener\">Kontaktieren Sie das Sotheby\u2019s Porto Montenegro B\u00fcro<\/a><\/p>\t\t\t\t\t\t\t\t<\/div>\n\t\t\t\t<\/div>\n\t\t\t\t<div class=\"elementor-element elementor-element-f0610ee elementor-widget elementor-widget-heading\" data-id=\"f0610ee\" data-element_type=\"widget\" data-e-type=\"widget\" data-widget_type=\"heading.default\">\n\t\t\t\t<div class=\"elementor-widget-container\">\n\t\t\t\t\t<h2 class=\"elementor-heading-title elementor-size-default\">Portonovi \u2013 Luxusimmobilien FAQ<\/h2>\t\t\t\t<\/div>\n\t\t\t\t<\/div>\n\t\t\t\t<div class=\"elementor-element elementor-element-aecb524 elementor-widget elementor-widget-n-accordion\" data-id=\"aecb524\" data-element_type=\"widget\" data-e-type=\"widget\" data-settings=\"{&quot;default_state&quot;:&quot;expanded&quot;,&quot;max_items_expended&quot;:&quot;one&quot;,&quot;n_accordion_animation_duration&quot;:{&quot;unit&quot;:&quot;ms&quot;,&quot;size&quot;:400,&quot;sizes&quot;:[]}}\" data-widget_type=\"nested-accordion.default\">\n\t\t\t\t<div class=\"elementor-widget-container\">\n\t\t\t\t\t\t\t<div class=\"e-n-accordion\" aria-label=\"Akkordeon. \u00d6ffnen Sie Links mit Enter oder Space, schlie\u00dfen Sie sie mit Escape und navigieren Sie mit den Pfeiltasten.\">\n\t\t\t\t\t\t<details id=\"e-n-accordion-item-1830\" class=\"e-n-accordion-item\" open>\n\t\t\t\t<summary class=\"e-n-accordion-item-title\" data-accordion-index=\"1\" tabindex=\"0\" aria-expanded=\"true\" aria-controls=\"e-n-accordion-item-1830\" >\n\t\t\t\t\t<span class='e-n-accordion-item-title-header'><h3 class=\"e-n-accordion-item-title-text\"> Warum Portonovi f\u00fcr eine Immobilie w\u00e4hlen? <\/h3><\/span>\n\t\t\t\t\t\t\t<span class='e-n-accordion-item-title-icon'>\n\t\t\t<span class='e-opened' ><svg aria-hidden=\"true\" class=\"e-font-icon-svg e-fas-minus\" viewbox=\"0 0 448 512\" xmlns=\"http:\/\/www.w3.org\/2000\/svg\"><path d=\"M416 208H32c-17.67 0-32 14.33-32 32v32c0 17.67 14.33 32 32 32h384c17.67 0 32-14.33 32-32v-32c0-17.67-14.33-32-32-32z\"><\/path><\/svg><\/span>\n\t\t\t<span class='e-closed'><svg aria-hidden=\"true\" class=\"e-font-icon-svg e-fas-plus\" viewbox=\"0 0 448 512\" xmlns=\"http:\/\/www.w3.org\/2000\/svg\"><path d=\"M416 208H272V64c0-17.67-14.33-32-32-32h-32c-17.67 0-32 14.33-32 32v144H32c-17.67 0-32 14.33-32 32v32c0 17.67 14.33 32 32 32h144v144c0 17.67 14.33 32 32 32h32c17.67 0 32-14.33 32-32V304h144c17.67 0 32-14.33 32-32v-32c0-17.67-14.33-32-32-32z\"><\/path><\/svg><\/span>\n\t\t<\/span>\n\n\t\t\t\t\t\t<\/summary>\n\t\t\t\t<div role=\"region\" aria-labelledby=\"e-n-accordion-item-1830\" class=\"elementor-element elementor-element-98d6257 e-con-full e-flex e-con e-child\" data-id=\"98d6257\" data-element_type=\"container\" data-e-type=\"container\">\n\t\t\t\t<div class=\"elementor-element elementor-element-470b53b elementor-widget elementor-widget-text-editor\" data-id=\"470b53b\" data-element_type=\"widget\" data-e-type=\"widget\" data-widget_type=\"text-editor.default\">\n\t\t\t\t<div class=\"elementor-widget-container\">\n\t\t\t\t\t\t\t\t\t<p>Portonovi ist eine exklusive K\u00fcstengemeinde am Eingang zur Bucht von Kotor, Montenegro. Sie kombiniert einen erstklassigen Yachthafen mit Luxusresidenzen, exquisiten Restaurants, Boutiquen und direktem Wasserzugang und bietet damit einen vollst\u00e4ndigen Premium-Lebensstil f\u00fcr Dauerbewohner, Zweitwohnungsbesitzer und Investoren.<\/p>\t\t\t\t\t\t\t\t<\/div>\n\t\t\t\t<\/div>\n\t\t\t\t<\/div>\n\t\t\t\t\t<\/details>\n\t\t\t\t\t\t<details id=\"e-n-accordion-item-1831\" class=\"e-n-accordion-item\" >\n\t\t\t\t<summary class=\"e-n-accordion-item-title\" data-accordion-index=\"2\" tabindex=\"-1\" aria-expanded=\"false\" aria-controls=\"e-n-accordion-item-1831\" >\n\t\t\t\t\t<span class='e-n-accordion-item-title-header'><h3 class=\"e-n-accordion-item-title-text\"> Welche Arten von Immobilien kann ich in Portonovi kaufen? <\/h3><\/span>\n\t\t\t\t\t\t\t<span class='e-n-accordion-item-title-icon'>\n\t\t\t<span class='e-opened' ><svg aria-hidden=\"true\" class=\"e-font-icon-svg e-fas-minus\" viewbox=\"0 0 448 512\" xmlns=\"http:\/\/www.w3.org\/2000\/svg\"><path d=\"M416 208H32c-17.67 0-32 14.33-32 32v32c0 17.67 14.33 32 32 32h384c17.67 0 32-14.33 32-32v-32c0-17.67-14.33-32-32-32z\"><\/path><\/svg><\/span>\n\t\t\t<span class='e-closed'><svg aria-hidden=\"true\" class=\"e-font-icon-svg e-fas-plus\" viewbox=\"0 0 448 512\" xmlns=\"http:\/\/www.w3.org\/2000\/svg\"><path d=\"M416 208H272V64c0-17.67-14.33-32-32-32h-32c-17.67 0-32 14.33-32 32v144H32c-17.67 0-32 14.33-32 32v32c0 17.67 14.33 32 32 32h144v144c0 17.67 14.33 32 32 32h32c17.67 0 32-14.33 32-32V304h144c17.67 0 32-14.33 32-32v-32c0-17.67-14.33-32-32-32z\"><\/path><\/svg><\/span>\n\t\t<\/span>\n\n\t\t\t\t\t\t<\/summary>\n\t\t\t\t<div role=\"region\" aria-labelledby=\"e-n-accordion-item-1831\" class=\"elementor-element elementor-element-32d4e7b e-con-full e-flex e-con e-child\" data-id=\"32d4e7b\" data-element_type=\"container\" data-e-type=\"container\">\n\t\t\t\t<div class=\"elementor-element elementor-element-3e775f0 elementor-widget elementor-widget-text-editor\" data-id=\"3e775f0\" data-element_type=\"widget\" data-e-type=\"widget\" data-widget_type=\"text-editor.default\">\n\t\t\t\t<div class=\"elementor-widget-container\">\n\t\t\t\t\t\t\t\t\t<p>Portonovi bietet eine Reihe von Luxusimmobilien, darunter:<\/p><ul><li>Moderne Apartments und Penthouses mit Panoramablick<\/li><li>Marina-Front-Residenzen und Duplexe<\/li><li>Exklusive Villen<\/li><\/ul><p>Viele Immobilien bieten hochwertige Ausstattungen, Terrassen oder G\u00e4rten mit Meerblick sowie die N\u00e4he zum Yachthafen und gemeindeeigenen Annehmlichkeiten.<\/p>\t\t\t\t\t\t\t\t<\/div>\n\t\t\t\t<\/div>\n\t\t\t\t<\/div>\n\t\t\t\t\t<\/details>\n\t\t\t\t\t\t<details id=\"e-n-accordion-item-1832\" class=\"e-n-accordion-item\" >\n\t\t\t\t<summary class=\"e-n-accordion-item-title\" data-accordion-index=\"3\" tabindex=\"-1\" aria-expanded=\"false\" aria-controls=\"e-n-accordion-item-1832\" >\n\t\t\t\t\t<span class='e-n-accordion-item-title-header'><h3 class=\"e-n-accordion-item-title-text\"> Ist Portonovi ein guter Investitionsstandort? <\/h3><\/span>\n\t\t\t\t\t\t\t<span class='e-n-accordion-item-title-icon'>\n\t\t\t<span class='e-opened' ><svg aria-hidden=\"true\" class=\"e-font-icon-svg e-fas-minus\" viewbox=\"0 0 448 512\" xmlns=\"http:\/\/www.w3.org\/2000\/svg\"><path d=\"M416 208H32c-17.67 0-32 14.33-32 32v32c0 17.67 14.33 32 32 32h384c17.67 0 32-14.33 32-32v-32c0-17.67-14.33-32-32-32z\"><\/path><\/svg><\/span>\n\t\t\t<span class='e-closed'><svg aria-hidden=\"true\" class=\"e-font-icon-svg e-fas-plus\" viewbox=\"0 0 448 512\" xmlns=\"http:\/\/www.w3.org\/2000\/svg\"><path d=\"M416 208H272V64c0-17.67-14.33-32-32-32h-32c-17.67 0-32 14.33-32 32v144H32c-17.67 0-32 14.33-32 32v32c0 17.67 14.33 32 32 32h144v144c0 17.67 14.33 32 32 32h32c17.67 0 32-14.33 32-32V304h144c17.67 0 32-14.33 32-32v-32c0-17.67-14.33-32-32-32z\"><\/path><\/svg><\/span>\n\t\t<\/span>\n\n\t\t\t\t\t\t<\/summary>\n\t\t\t\t<div role=\"region\" aria-labelledby=\"e-n-accordion-item-1832\" class=\"elementor-element elementor-element-21c9ba8 e-con-full e-flex e-con e-child\" data-id=\"21c9ba8\" data-element_type=\"container\" data-e-type=\"container\">\n\t\t\t\t<div class=\"elementor-element elementor-element-e234965 elementor-widget elementor-widget-text-editor\" data-id=\"e234965\" data-element_type=\"widget\" data-e-type=\"widget\" data-widget_type=\"text-editor.default\">\n\t\t\t\t<div class=\"elementor-widget-container\">\n\t\t\t\t\t\t\t\t\t<p>Ja. Portonovis begrenzte Anzahl an erstklassigen Immobilien, die erstklassige Lage an der Adria und die Anziehungskraft auf internationale K\u00e4ufer machen es zu einer attraktiven Option f\u00fcr den pers\u00f6nlichen Gebrauch oder als langfristige Investition. Die Exklusivit\u00e4t der Gemeinschaft und die hochwertige Infrastruktur unterst\u00fctzen das Potenzial f\u00fcr Kapitalzuwachs und Mieteinnahmen.<\/p>\t\t\t\t\t\t\t\t<\/div>\n\t\t\t\t<\/div>\n\t\t\t\t<\/div>\n\t\t\t\t\t<\/details>\n\t\t\t\t\t\t<details id=\"e-n-accordion-item-1833\" class=\"e-n-accordion-item\" >\n\t\t\t\t<summary class=\"e-n-accordion-item-title\" data-accordion-index=\"4\" tabindex=\"-1\" aria-expanded=\"false\" aria-controls=\"e-n-accordion-item-1833\" >\n\t\t\t\t\t<span class='e-n-accordion-item-title-header'><h3 class=\"e-n-accordion-item-title-text\"> Kann ich meine Immobilie in Portonovi vermieten? <\/h3><\/span>\n\t\t\t\t\t\t\t<span class='e-n-accordion-item-title-icon'>\n\t\t\t<span class='e-opened' ><svg aria-hidden=\"true\" class=\"e-font-icon-svg e-fas-minus\" viewbox=\"0 0 448 512\" xmlns=\"http:\/\/www.w3.org\/2000\/svg\"><path d=\"M416 208H32c-17.67 0-32 14.33-32 32v32c0 17.67 14.33 32 32 32h384c17.67 0 32-14.33 32-32v-32c0-17.67-14.33-32-32-32z\"><\/path><\/svg><\/span>\n\t\t\t<span class='e-closed'><svg aria-hidden=\"true\" class=\"e-font-icon-svg e-fas-plus\" viewbox=\"0 0 448 512\" xmlns=\"http:\/\/www.w3.org\/2000\/svg\"><path d=\"M416 208H272V64c0-17.67-14.33-32-32-32h-32c-17.67 0-32 14.33-32 32v144H32c-17.67 0-32 14.33-32 32v32c0 17.67 14.33 32 32 32h144v144c0 17.67 14.33 32 32 32h32c17.67 0 32-14.33 32-32V304h144c17.67 0 32-14.33 32-32v-32c0-17.67-14.33-32-32-32z\"><\/path><\/svg><\/span>\n\t\t<\/span>\n\n\t\t\t\t\t\t<\/summary>\n\t\t\t\t<div role=\"region\" aria-labelledby=\"e-n-accordion-item-1833\" class=\"elementor-element elementor-element-ee0c30f e-con-full e-flex e-con e-child\" data-id=\"ee0c30f\" data-element_type=\"container\" data-e-type=\"container\">\n\t\t\t\t<div class=\"elementor-element elementor-element-3e9e4f9 elementor-widget elementor-widget-text-editor\" data-id=\"3e9e4f9\" data-element_type=\"widget\" data-e-type=\"widget\" data-widget_type=\"text-editor.default\">\n\t\t\t\t<div class=\"elementor-widget-container\">\n\t\t\t\t\t\t\t\t\t<p>Absolut. In Portonovi gibt es eine hohe Nachfrage nach Mietobjekten, da es den Lebensstil einer Marina und eine exklusive Umgebung bietet. Eigent\u00fcmer k\u00f6nnen sich f\u00fcr Kurz- oder Langzeitvermietungen entscheiden, und wir bieten Beratung zum Vermietungspotenzial, zur Mietersuche und zur Einhaltung lokaler Vorschriften.<\/p>\t\t\t\t\t\t\t\t<\/div>\n\t\t\t\t<\/div>\n\t\t\t\t<\/div>\n\t\t\t\t\t<\/details>\n\t\t\t\t\t\t<details id=\"e-n-accordion-item-1834\" class=\"e-n-accordion-item\" >\n\t\t\t\t<summary class=\"e-n-accordion-item-title\" data-accordion-index=\"5\" tabindex=\"-1\" aria-expanded=\"false\" aria-controls=\"e-n-accordion-item-1834\" >\n\t\t\t\t\t<span class='e-n-accordion-item-title-header'><h3 class=\"e-n-accordion-item-title-text\"> Ist Portonovi f\u00fcr ein ganzj\u00e4hriges Wohnen geeignet? <\/h3><\/span>\n\t\t\t\t\t\t\t<span class='e-n-accordion-item-title-icon'>\n\t\t\t<span class='e-opened' ><svg aria-hidden=\"true\" class=\"e-font-icon-svg e-fas-minus\" viewbox=\"0 0 448 512\" xmlns=\"http:\/\/www.w3.org\/2000\/svg\"><path d=\"M416 208H32c-17.67 0-32 14.33-32 32v32c0 17.67 14.33 32 32 32h384c17.67 0 32-14.33 32-32v-32c0-17.67-14.33-32-32-32z\"><\/path><\/svg><\/span>\n\t\t\t<span class='e-closed'><svg aria-hidden=\"true\" class=\"e-font-icon-svg e-fas-plus\" viewbox=\"0 0 448 512\" xmlns=\"http:\/\/www.w3.org\/2000\/svg\"><path d=\"M416 208H272V64c0-17.67-14.33-32-32-32h-32c-17.67 0-32 14.33-32 32v144H32c-17.67 0-32 14.33-32 32v32c0 17.67 14.33 32 32 32h144v144c0 17.67 14.33 32 32 32h32c17.67 0 32-14.33 32-32V304h144c17.67 0 32-14.33 32-32v-32c0-17.67-14.33-32-32-32z\"><\/path><\/svg><\/span>\n\t\t<\/span>\n\n\t\t\t\t\t\t<\/summary>\n\t\t\t\t<div role=\"region\" aria-labelledby=\"e-n-accordion-item-1834\" class=\"elementor-element elementor-element-2d0b1ab e-con-full e-flex e-con e-child\" data-id=\"2d0b1ab\" data-element_type=\"container\" data-e-type=\"container\">\n\t\t\t\t<div class=\"elementor-element elementor-element-7a22227 elementor-widget elementor-widget-text-editor\" data-id=\"7a22227\" data-element_type=\"widget\" data-e-type=\"widget\" data-widget_type=\"text-editor.default\">\n\t\t\t\t<div class=\"elementor-widget-container\">\n\t\t\t\t\t\t\t\t\t<p>Ja. Portonovi bietet alle notwendigen Annehmlichkeiten f\u00fcr ein vollwertiges Leben, einschlie\u00dflich Gesch\u00e4ften, Restaurants, sozialen R\u00e4umen und Marinaservices. Die Gemeinde kombiniert resort\u00e4hnlichen Komfort mit praktischer Infrastruktur, was sie ideal f\u00fcr st\u00e4ndige Einwohner und saisonale Hausbesitzer macht.<\/p>\t\t\t\t\t\t\t\t<\/div>\n\t\t\t\t<\/div>\n\t\t\t\t<\/div>\n\t\t\t\t\t<\/details>\n\t\t\t\t\t<\/div>\n\t\t\t\t\t\t<\/div>\n\t\t\t\t<\/div>\n\t\t\t\t<div class=\"elementor-element elementor-element-0b2e062 elementor-widget elementor-widget-google_maps\" data-id=\"0b2e062\" data-element_type=\"widget\" data-e-type=\"widget\" data-widget_type=\"google_maps.default\">\n\t\t\t\t<div class=\"elementor-widget-container\">\n\t\t\t\t\t\t\t<div class=\"elementor-custom-embed\">\n\t\t\t<iframe loading=\"lazy\"\n\t\t\t\t\tsrc=\"https:\/\/maps.google.com\/maps?q=Portonovi%2C%20Montenegro&#038;t=m&#038;z=15&#038;output=embed&#038;iwloc=near\"\n\t\t\t\t\ttitle=\"Portonovi, Montenegro\"\n\t\t\t\t\taria-label=\"Portonovi, Montenegro\"\n\t\t\t><\/iframe>\n\t\t<\/div>\n\t\t\t\t\t\t<\/div>\n\t\t\t\t<\/div>\n\t\t\t\t<div class=\"elementor-element elementor-element-5e07dcc elementor-cta--skin-classic elementor-animated-content elementor-bg-transform elementor-bg-transform-zoom-in elementor-widget elementor-widget-call-to-action\" data-id=\"5e07dcc\" data-element_type=\"widget\" data-e-type=\"widget\" data-widget_type=\"call-to-action.default\">\n\t\t\t\t<div class=\"elementor-widget-container\">\n\t\t\t\t\t\t\t<div class=\"elementor-cta\">\n\t\t\t\t\t\t\t<div class=\"elementor-cta__content\">\n\t\t\t\t\n\t\t\t\t\t\t\t\t\t<h2 class=\"elementor-cta__title elementor-cta__content-item elementor-content-item\">\n\t\t\t\t\t\tSie interessieren sich f\u00fcr einen Kauf in Portonovi?\t\t\t\t\t<\/h2>\n\t\t\t\t\n\t\t\t\t\t\t\t\t\t<div class=\"elementor-cta__description elementor-cta__content-item elementor-content-item\">\n\t\t\t\t\t\tKontaktieren Sie unser Team f\u00fcr vertrauensw\u00fcrdige Beratung und exklusiven Zugang zu luxuri\u00f6sen Immobilien am Wasser, Apartments und kuratierten Anlageoptionen.\t\t\t\t\t<\/div>\n\t\t\t\t\n\t\t\t\t\t\t\t\t\t<div class=\"elementor-cta__button-wrapper elementor-cta__content-item elementor-content-item\">\n\t\t\t\t\t<a class=\"elementor-cta__button elementor-button elementor-size-\" href=\"https:\/\/sothebysrealty.me\/de\/kontakt\/\">\n\t\t\t\t\t\tKlicken Sie hier\t\t\t\t\t<\/a>\n\t\t\t\t\t<\/div>\n\t\t\t\t\t\t\t<\/div>\n\t\t\t\t\t\t<\/div>\n\t\t\t\t\t\t<\/div>\n\t\t\t\t<\/div>\n\t\t\t\t\t<\/div>\n\t\t\t\t<\/div>\n\t\t\t\t<\/div>","protected":false},"excerpt":{"rendered":"<p>Explore luxury properties in Portonovi, Montenegro. This exclusive coastal community offers apartments, penthouses, marina-front residences, and villas, with direct access to the marina, fine dining, [&hellip;]<\/p>\n","protected":false},"author":9,"featured_media":74584,"parent":0,"menu_order":0,"comment_status":"closed","ping_status":"closed","template":"template-portonovi.php","meta":{"_acf_changed":false,"_joinchat":[],"footnotes":""},"class_list":["post-68860","page","type-page","status-publish","has-post-thumbnail","hentry"],"acf":[],"_links":{"self":[{"href":"https:\/\/sothebysrealty.me\/de\/wp-json\/wp\/v2\/pages\/68860","targetHints":{"allow":["GET"]}}],"collection":[{"href":"https:\/\/sothebysrealty.me\/de\/wp-json\/wp\/v2\/pages"}],"about":[{"href":"https:\/\/sothebysrealty.me\/de\/wp-json\/wp\/v2\/types\/page"}],"author":[{"embeddable":true,"href":"https:\/\/sothebysrealty.me\/de\/wp-json\/wp\/v2\/users\/9"}],"replies":[{"embeddable":true,"href":"https:\/\/sothebysrealty.me\/de\/wp-json\/wp\/v2\/comments?post=68860"}],"version-history":[{"count":5,"href":"https:\/\/sothebysrealty.me\/de\/wp-json\/wp\/v2\/pages\/68860\/revisions"}],"predecessor-version":[{"id":79330,"href":"https:\/\/sothebysrealty.me\/de\/wp-json\/wp\/v2\/pages\/68860\/revisions\/79330"}],"wp:featuredmedia":[{"embeddable":true,"href":"https:\/\/sothebysrealty.me\/de\/wp-json\/wp\/v2\/media\/74584"}],"wp:attachment":[{"href":"https:\/\/sothebysrealty.me\/de\/wp-json\/wp\/v2\/media?parent=68860"}],"curies":[{"name":"wp","href":"https:\/\/api.w.org\/{rel}","templated":true}]}}