{"id":66719,"date":"2025-04-04T19:03:52","date_gmt":"2025-04-04T19:03:52","guid":{"rendered":"https:\/\/sothebysrealty.me\/?page_id=66719"},"modified":"2026-03-22T12:41:44","modified_gmt":"2026-03-22T12:41:44","slug":"lustica-bay","status":"publish","type":"page","link":"https:\/\/sothebysrealty.me\/de\/lustizabucht\/","title":{"rendered":"Lu\u0161tica-Bucht Luxus-Immobilien"},"content":{"rendered":"<div data-elementor-type=\"wp-page\" data-elementor-id=\"66719\" class=\"elementor elementor-66719\" data-elementor-post-type=\"page\">\n\t\t\t\t<div class=\"elementor-element elementor-element-b0184e6 e-flex e-con-boxed e-con e-parent\" data-id=\"b0184e6\" data-element_type=\"container\" data-e-type=\"container\">\n\t\t\t\t\t<div class=\"e-con-inner\">\n\t\t\t\t<div class=\"elementor-element elementor-element-3258fce elementor-widget elementor-widget-text-editor\" data-id=\"3258fce\" data-element_type=\"widget\" data-e-type=\"widget\" data-widget_type=\"text-editor.default\">\n\t\t\t\t<div class=\"elementor-widget-container\">\n\t\t\t\t\t\t\t\t\t<p>Entdecken Sie Luxusimmobilien in der Lu\u0161tica-Bucht, Montenegro. Die moderne K\u00fcstengemeinde bietet Apartments, Stadth\u00e4user, Villen und H\u00e4user am Wasser mit einfachem Zugang zu Str\u00e4nden, Yachthafen, Gesch\u00e4ften, Restaurants und ganzj\u00e4hrigen Annehmlichkeiten f\u00fcr das Vollzeitleben oder Investitionen.<\/p>\t\t\t\t\t\t\t\t<\/div>\n\t\t\t\t<\/div>\n\t\t\t\t\t<\/div>\n\t\t\t\t<\/div>\n\t\t<div class=\"elementor-element elementor-element-75a2f752 e-flex e-con-boxed e-con e-parent\" data-id=\"75a2f752\" data-element_type=\"container\" data-e-type=\"container\">\n\t\t\t\t\t<div class=\"e-con-inner\">\n\t\t\t\t<div class=\"elementor-element elementor-element-70ec08aa elementor-widget elementor-widget-text-editor\" data-id=\"70ec08aa\" data-element_type=\"widget\" data-e-type=\"widget\" data-widget_type=\"text-editor.default\">\n\t\t\t\t<div class=\"elementor-widget-container\">\n\t\t\t\t\t\t\t\t\t<p>Lu\u0161tica Bay ist eines der prestigetr\u00e4chtigsten neuen K\u00fcstenziele in Montenegro, das moderne Architektur, Yachthafen-Lifestyle und hochwertige Resort-Infrastruktur in einer sorgf\u00e4ltig geplanten Gemeinde auf der Halbinsel Lu\u0161tica vereint.<\/p><p>Die Lage in der N\u00e4he von Tivat und der Bucht von Kotor zieht internationale K\u00e4ufer an, die auf der Suche nach einem sicheren, hochwertigen und langfristig attraktiven Umfeld sind.<\/p><p>Wenn Sie ein modernes Haus mit hohem Lebenswert suchen - sei es f\u00fcr das Leben im Sommer, den ganzj\u00e4hrigen Komfort oder eine langfristige Investition - dann ist die Bucht von Lu\u0161tica einer der besten Orte, um eine Immobilie in Montenegro zu kaufen.<\/p><h2>Warum w\u00e4hlen K\u00e4ufer die Lu\u0161tica-Bucht?<\/h2><p>Lu\u0161tica Bay zeichnet sich durch Neubauqualit\u00e4t, Masterplanung und Luxusdienstleistungen aus - etwas, das an der montenegrinischen K\u00fcste im Vergleich zum \u00e4lteren Wohnungsbestand noch selten ist.<\/p><p>K\u00e4ufer w\u00e4hlen die Lu\u0161tica-Bucht aus folgenden Gr\u00fcnden:<\/p><p>- Eine planvoll angelegte Gemeinde mit einer klaren langfristigen Vision<br \/>- Hochwertige Bauweise und moderne Grundrisse<br \/>- Starkes Lifestyle-Angebot: Promenaden, Str\u00e4nde, Gastfreundschaft und Jachthafenenergie<br \/>- Sicheres, sauberes, verwaltetes Umfeld (ideal f\u00fcr internationale Eigent\u00fcmer)<br \/>- Ausgezeichnetes \u201cLock-up-and-leave\u201d-Potenzial<br \/>- Einfacher Zugang zu Tivat und den wichtigsten Zielen an der K\u00fcste<\/p><p>Die Bucht von Lu\u0161tica ist besonders attraktiv f\u00fcr K\u00e4ufer, die Wert auf Komfort, Organisation und Langlebigkeit der Immobilie legen - nicht nur auf den Meerblick.<\/p><h2>Verf\u00fcgbare Immobilientypen in der Bucht von Lu\u0161tica<\/h2><p>Die Bucht von Lu\u0161tica bietet eine Reihe von Immobilienoptionen, aber der Markt konzentriert sich stark auf Premium-Residenzen, die f\u00fcr ein modernes Leben an der K\u00fcste konzipiert sind.<\/p><h3>Luxus-Apartments und Residenzen mit Meerblick<\/h3><p>Wohnungen geh\u00f6ren zu den begehrtesten Immobilien in der Bucht von Lu\u0161tica, insbesondere f\u00fcr K\u00e4ufer, die dies w\u00fcnschen:<\/p><p>- Ein sicherer Zweitwohnsitz<br \/>- Geringe Wartung<br \/>- Starkes Mietpotenzial<br \/>- Begehbarer Lebensstil in der N\u00e4he von Annehmlichkeiten<\/p><p>Viele Einheiten verf\u00fcgen \u00fcber Meerblick, Terrassen und eine moderne Ausstattung - ideal f\u00fcr den pers\u00f6nlichen Gebrauch und f\u00fcr Kurzaufenthalte.<\/p><h3>Villen und Privath\u00e4user<\/h3><p>Luxusvillen in und um die Lu\u0161tica-Bucht sprechen K\u00e4ufer an, die Folgendes suchen:<\/p><p>- Gr\u00f6\u00dfere Privatsph\u00e4re<br \/>- Au\u00dfenwohnbereich und Terrassen<br \/>- Hochwertiges Design und langfristige Nutzung durch die Familie<\/p><p>Villen ziehen in der Regel Endverbraucher mit hohem Budget an, und die richtige Villa kann im Segment der Luxusmieten sehr gut abschneiden.<\/p><h3>Investitionsfreundliche, schl\u00fcsselfertige Optionen<\/h3><p>Die Lu\u0161tica-Bucht wird oft von K\u00e4ufern gew\u00e4hlt, die Einfachheit w\u00fcnschen. Schl\u00fcsselfertige H\u00e4user k\u00f6nnen eine ausgezeichnete Option sein, wenn Ihre Priorit\u00e4t ist:<\/p><p>- Minimale Beteiligung des Eigent\u00fcmers<br \/>- Einfache saisonale Nutzung<br \/>- Vermietungspotenzial ohne gro\u00dfen Verwaltungsaufwand<\/p><h2>Lifestyle &amp; Alltag in der Lu\u0161tica-Bucht<\/h2><p>Die Lu\u0161tica-Bucht ist als kompletter K\u00fcstenlebensstil konzipiert, nicht nur als eine Siedlung mit Geb\u00e4uden.<\/p><p>Viele Besitzer lieben es, weil es sich gut anf\u00fchlt:<\/p><p>- sauber, modern und gut gepflegt<br \/>- Ruhe und Pr\u00e4mie (ohne sich isoliert zu f\u00fchlen)<br \/>- gebaut, um sich leicht zu bewegen: Spazierwege, Promenaden, Zugang zu Str\u00e4nden<\/p><p>Es ist auch ideal, wenn Sie in Montenegro eine \u201cHeimatbasis\u201d suchen, die international, organisiert und komfortabel ist.<\/p><h2>Ist die Lu\u0161tica-Bucht eine gute Investition?<\/h2><p>Die Bucht von Lu\u0161tica hat ein starkes langfristiges Investitionspotenzial, denn sie ist:<\/p><p>- ein erkennbares Luxusreiseziel mit internationaler Sichtbarkeit<br \/>- in der N\u00e4he von Tivat, der Bucht von Kotor und den gro\u00dfen Yachth\u00e4fen<br \/>- ein Markt, der von Lifestyle-Investoren und Premium-K\u00e4ufern bevorzugt wird<br \/>- \u00fcberwiegend aus modernen, stark nachgefragten Wohnungsbest\u00e4nden bestehen<\/p><p>Die beste Investitionsentscheidung h\u00e4ngt jedoch von der Wahl des richtigen Einheitstyps und des Einstiegspreises ab.<\/p><p>Zu den Investitionsschwerpunkten geh\u00f6ren h\u00e4ufig:<\/p><p>- funktionelle 1-2-Zimmer-Wohnungen mit Terrassen<br \/>- gut gelegene Einheiten mit Meerblick und fu\u00dfl\u00e4ufiger Erreichbarkeit<br \/>- Immobilien, die sich f\u00fcr hochwertige Ferienvermietungen eignen<\/p><p>Wenn Ihr Ziel der Wiederverkaufswert ist, sollten Sie der Bauqualit\u00e4t, der Lage in der Gemeinde und der zeitlosen Gestaltung Priorit\u00e4t einr\u00e4umen.<\/p><h2>Lu\u0161tica Bay vs. Porto Montenegro (Was sollten Sie w\u00e4hlen?)<\/h2><p>Sowohl die Lu\u0161tica-Bucht als auch Porto Montenegro sind erstklassige M\u00e4rkte, aber sie bieten unterschiedliche Atmosph\u00e4ren:<\/p><p>Die Lu\u0161tica-Bucht ist ideal, wenn Sie wollen:<\/p><p>- eine moderne Resort-Gemeinschaft<br \/>- mehr \u201centspanntes K\u00fcstenleben\u201d<br \/>- Privatsph\u00e4re und eine gepflegte Umgebung<br \/>- neuere Bauoptionen in einem Masterplan<\/p><p>Porto Montenegro ist ideal, wenn Sie Folgendes w\u00fcnschen:<\/p><p>- Yachthafen \u201ccity energy\u201d<br \/>- gute Begehbarkeit mit Restaurants und Nachtleben<br \/>- St\u00e4rkere st\u00e4dtische Atmosph\u00e4re in Tivat<\/p><p>Viele K\u00e4ufer erkunden beides und entscheiden sich dann je nach Lebensstil, Budget und der Frage, ob das Haus zur Vermietung oder zur Eigennutzung vorgesehen ist.<\/p><h2>Was Sie vor dem Kauf in der Bucht von Lu\u0161tica beachten sollten<\/h2><p>Selbst in erstklassigen Wohnanlagen gehen kluge K\u00e4ufer ihrer Sorgfaltspflicht nach. Zu den wichtigsten Dingen, die es zu \u00fcberpr\u00fcfen gilt, geh\u00f6ren:<\/p><p>- Genaue Mikrolage und Zugang zu Annehmlichkeiten<br \/>- Sichtkorridore und zuk\u00fcnftige Entwicklungsphasen in der N\u00e4he<br \/>- Verf\u00fcgbarkeit von Parkpl\u00e4tzen und Abstellm\u00f6glichkeiten (falls erforderlich)<br \/>- Einrichtungspaket \/ was ist enthalten<br \/>- Optionen f\u00fcr die Mietverwaltung (falls Sie vermieten wollen)<br \/>- Saubere Eigentumsverh\u00e4ltnisse und korrekte Dokumentation<\/p><p>Ein sicherer Kauf ist derjenige, der heute sinnvoll ist und auch in Zukunft erstrebenswert bleibt.<\/p><h2>Lu\u0161tica Bay Listings erkunden<\/h2><p>Durchsuchen Sie unsere Auswahl an Immobilien in der Lu\u0161tica-Bucht, die zum Verkauf stehen, und fordern Sie eine auf Ihre Bed\u00fcrfnisse zugeschnittene Auswahlliste an.<\/p><p>Um Ihnen schnell zu helfen, k\u00f6nnen wir Ihnen die besten Optionen empfehlen, wenn Sie sie teilen:<\/p><p>- Ihre Budgetspanne<br \/>- gew\u00fcnschte Gr\u00f6\u00dfe (1 Bett \/ 2 Betten \/ Villa)<br \/>- Bevorzugte Ansicht (Meerblick, in der N\u00e4he von Annehmlichkeiten, ruhige Zone)<br \/>- ob Lifestyle, Investition oder gemischte Nutzung<\/p><p>Exklusive Immobilien in der Lu\u0161tica-Bucht freischalten - <a href=\"https:\/\/share.google\/S6Lubp1nMhsvVWnRK\" target=\"_blank\" rel=\"noopener\">Kontaktieren Sie das Sotheby\u2019s Porto Montenegro B\u00fcro<\/a><\/p><h2>\u00a0<\/h2>\t\t\t\t\t\t\t\t<\/div>\n\t\t\t\t<\/div>\n\t\t\t\t<div class=\"elementor-element elementor-element-d9ce359 elementor-widget elementor-widget-heading\" data-id=\"d9ce359\" data-element_type=\"widget\" data-e-type=\"widget\" data-widget_type=\"heading.default\">\n\t\t\t\t<div class=\"elementor-widget-container\">\n\t\t\t\t\t<h2 class=\"elementor-heading-title elementor-size-default\">Lu\u0161tica-Bucht - Luxus-Immobilien FAQ<\/h2>\t\t\t\t<\/div>\n\t\t\t\t<\/div>\n\t\t<div class=\"elementor-element elementor-element-344dd47 e-con-full e-flex e-con e-child\" data-id=\"344dd47\" data-element_type=\"container\" data-e-type=\"container\">\n\t\t<div class=\"elementor-element elementor-element-42dcdec e-con-full e-flex e-con e-child\" data-id=\"42dcdec\" data-element_type=\"container\" data-e-type=\"container\">\n\t\t\t\t<div class=\"elementor-element elementor-element-90a2bf8 elementor-widget elementor-widget-n-accordion\" data-id=\"90a2bf8\" data-element_type=\"widget\" data-e-type=\"widget\" data-settings=\"{&quot;default_state&quot;:&quot;expanded&quot;,&quot;max_items_expended&quot;:&quot;one&quot;,&quot;n_accordion_animation_duration&quot;:{&quot;unit&quot;:&quot;ms&quot;,&quot;size&quot;:400,&quot;sizes&quot;:[]}}\" data-widget_type=\"nested-accordion.default\">\n\t\t\t\t<div class=\"elementor-widget-container\">\n\t\t\t\t\t\t\t<div class=\"e-n-accordion\" aria-label=\"Akkordeon. \u00d6ffnen Sie Links mit Enter oder Space, schlie\u00dfen Sie sie mit Escape und navigieren Sie mit den Pfeiltasten.\">\n\t\t\t\t\t\t<details id=\"e-n-accordion-item-1510\" class=\"e-n-accordion-item\" open>\n\t\t\t\t<summary class=\"e-n-accordion-item-title\" data-accordion-index=\"1\" tabindex=\"0\" aria-expanded=\"true\" aria-controls=\"e-n-accordion-item-1510\" >\n\t\t\t\t\t<span class='e-n-accordion-item-title-header'><div class=\"e-n-accordion-item-title-text\"> Warum ist die Lu\u0161tica-Bucht f\u00fcr den Kauf von Immobilien besonders geeignet? <\/div><\/span>\n\t\t\t\t\t\t\t<span class='e-n-accordion-item-title-icon'>\n\t\t\t<span class='e-opened' ><svg aria-hidden=\"true\" class=\"e-font-icon-svg e-fas-minus\" viewbox=\"0 0 448 512\" xmlns=\"http:\/\/www.w3.org\/2000\/svg\"><path d=\"M416 208H32c-17.67 0-32 14.33-32 32v32c0 17.67 14.33 32 32 32h384c17.67 0 32-14.33 32-32v-32c0-17.67-14.33-32-32-32z\"><\/path><\/svg><\/span>\n\t\t\t<span class='e-closed'><svg aria-hidden=\"true\" class=\"e-font-icon-svg e-fas-plus\" viewbox=\"0 0 448 512\" xmlns=\"http:\/\/www.w3.org\/2000\/svg\"><path d=\"M416 208H272V64c0-17.67-14.33-32-32-32h-32c-17.67 0-32 14.33-32 32v144H32c-17.67 0-32 14.33-32 32v32c0 17.67 14.33 32 32 32h144v144c0 17.67 14.33 32 32 32h32c17.67 0 32-14.33 32-32V304h144c17.67 0 32-14.33 32-32v-32c0-17.67-14.33-32-32-32z\"><\/path><\/svg><\/span>\n\t\t<\/span>\n\n\t\t\t\t\t\t<\/summary>\n\t\t\t\t<div role=\"region\" aria-labelledby=\"e-n-accordion-item-1510\" class=\"elementor-element elementor-element-0b589bb e-con-full e-flex e-con e-child\" data-id=\"0b589bb\" data-element_type=\"container\" data-e-type=\"container\">\n\t\t\t\t<div class=\"elementor-element elementor-element-c3ae1cb elementor-widget elementor-widget-text-editor\" data-id=\"c3ae1cb\" data-element_type=\"widget\" data-e-type=\"widget\" data-widget_type=\"text-editor.default\">\n\t\t\t\t<div class=\"elementor-widget-container\">\n\t\t\t\t\t\t\t\t\t<p>Lu\u0161tica Bay ist eine moderne, geplante K\u00fcstengemeinde in Montenegro, die einen Jachthafen, Str\u00e4nde, Gesch\u00e4fte, Restaurants und Gr\u00fcnfl\u00e4chen vereint. Ihr Design bietet einen hochwertigen, bequemen Lebensstil, der sie zu einem attraktiven Ziel f\u00fcr Vollzeitbewohner, Zweitwohnungsk\u00e4ufer und Investoren macht, die einen sicheren, langfristigen Wert suchen.<\/p>\t\t\t\t\t\t\t\t<\/div>\n\t\t\t\t<\/div>\n\t\t\t\t<\/div>\n\t\t\t\t\t<\/details>\n\t\t\t\t\t\t<details id=\"e-n-accordion-item-1511\" class=\"e-n-accordion-item\" >\n\t\t\t\t<summary class=\"e-n-accordion-item-title\" data-accordion-index=\"2\" tabindex=\"-1\" aria-expanded=\"false\" aria-controls=\"e-n-accordion-item-1511\" >\n\t\t\t\t\t<span class='e-n-accordion-item-title-header'><div class=\"e-n-accordion-item-title-text\"> Welche Arten von Immobilien gibt es in der Lu\u0161tica-Bucht? <\/div><\/span>\n\t\t\t\t\t\t\t<span class='e-n-accordion-item-title-icon'>\n\t\t\t<span class='e-opened' ><svg aria-hidden=\"true\" class=\"e-font-icon-svg e-fas-minus\" viewbox=\"0 0 448 512\" xmlns=\"http:\/\/www.w3.org\/2000\/svg\"><path d=\"M416 208H32c-17.67 0-32 14.33-32 32v32c0 17.67 14.33 32 32 32h384c17.67 0 32-14.33 32-32v-32c0-17.67-14.33-32-32-32z\"><\/path><\/svg><\/span>\n\t\t\t<span class='e-closed'><svg aria-hidden=\"true\" class=\"e-font-icon-svg e-fas-plus\" viewbox=\"0 0 448 512\" xmlns=\"http:\/\/www.w3.org\/2000\/svg\"><path d=\"M416 208H272V64c0-17.67-14.33-32-32-32h-32c-17.67 0-32 14.33-32 32v144H32c-17.67 0-32 14.33-32 32v32c0 17.67 14.33 32 32 32h144v144c0 17.67 14.33 32 32 32h32c17.67 0 32-14.33 32-32V304h144c17.67 0 32-14.33 32-32v-32c0-17.67-14.33-32-32-32z\"><\/path><\/svg><\/span>\n\t\t<\/span>\n\n\t\t\t\t\t\t<\/summary>\n\t\t\t\t<div role=\"region\" aria-labelledby=\"e-n-accordion-item-1511\" class=\"elementor-element elementor-element-bb3d8d4 e-con-full e-flex e-con e-child\" data-id=\"bb3d8d4\" data-element_type=\"container\" data-e-type=\"container\">\n\t\t\t\t<div class=\"elementor-element elementor-element-4049cb9 elementor-widget elementor-widget-text-editor\" data-id=\"4049cb9\" data-element_type=\"widget\" data-e-type=\"widget\" data-widget_type=\"text-editor.default\">\n\t\t\t\t<div class=\"elementor-widget-container\">\n\t\t\t\t\t\t\t\t\t<p>Die Bucht von Lu\u0161tica bietet eine breite Palette an hochwertigen Wohnungen, darunter:<br \/>- Moderne Wohnungen und Stadth\u00e4user in den Zonen Marina Village und Centrale<br \/>- Exklusive H\u00e4user am Wasser<br \/>- Luxusvillen in The Peaks, dem ersten 18-Loch-Golfplatz in Montenegro<br \/>Viele Immobilien sind hochwertig ausgestattet, verf\u00fcgen \u00fcber Terrassen mit Meerblick und liegen in der N\u00e4he des Jachthafens und der Gemeinschaftseinrichtungen.<\/p>\t\t\t\t\t\t\t\t<\/div>\n\t\t\t\t<\/div>\n\t\t\t\t<\/div>\n\t\t\t\t\t<\/details>\n\t\t\t\t\t\t<details id=\"e-n-accordion-item-1512\" class=\"e-n-accordion-item\" >\n\t\t\t\t<summary class=\"e-n-accordion-item-title\" data-accordion-index=\"3\" tabindex=\"-1\" aria-expanded=\"false\" aria-controls=\"e-n-accordion-item-1512\" >\n\t\t\t\t\t<span class='e-n-accordion-item-title-header'><div class=\"e-n-accordion-item-title-text\"> Ist die Lu\u0161tica-Bucht ein guter Investitionsstandort? <\/div><\/span>\n\t\t\t\t\t\t\t<span class='e-n-accordion-item-title-icon'>\n\t\t\t<span class='e-opened' ><svg aria-hidden=\"true\" class=\"e-font-icon-svg e-fas-minus\" viewbox=\"0 0 448 512\" xmlns=\"http:\/\/www.w3.org\/2000\/svg\"><path d=\"M416 208H32c-17.67 0-32 14.33-32 32v32c0 17.67 14.33 32 32 32h384c17.67 0 32-14.33 32-32v-32c0-17.67-14.33-32-32-32z\"><\/path><\/svg><\/span>\n\t\t\t<span class='e-closed'><svg aria-hidden=\"true\" class=\"e-font-icon-svg e-fas-plus\" viewbox=\"0 0 448 512\" xmlns=\"http:\/\/www.w3.org\/2000\/svg\"><path d=\"M416 208H272V64c0-17.67-14.33-32-32-32h-32c-17.67 0-32 14.33-32 32v144H32c-17.67 0-32 14.33-32 32v32c0 17.67 14.33 32 32 32h144v144c0 17.67 14.33 32 32 32h32c17.67 0 32-14.33 32-32V304h144c17.67 0 32-14.33 32-32v-32c0-17.67-14.33-32-32-32z\"><\/path><\/svg><\/span>\n\t\t<\/span>\n\n\t\t\t\t\t\t<\/summary>\n\t\t\t\t<div role=\"region\" aria-labelledby=\"e-n-accordion-item-1512\" class=\"elementor-element elementor-element-4228617 e-con-full e-flex e-con e-child\" data-id=\"4228617\" data-element_type=\"container\" data-e-type=\"container\">\n\t\t\t\t<div class=\"elementor-element elementor-element-9226cbd elementor-widget elementor-widget-text-editor\" data-id=\"9226cbd\" data-element_type=\"widget\" data-e-type=\"widget\" data-widget_type=\"text-editor.default\">\n\t\t\t\t<div class=\"elementor-widget-container\">\n\t\t\t\t\t\t\t\t\t<p>Ja. Die Kombination aus einer erstklassigen Lage an der Adria, einer sorgf\u00e4ltig geplanten Gemeinde und einem begrenzten Angebot an Luxusimmobilien macht die Lu\u0161tica-Bucht sowohl f\u00fcr den pers\u00f6nlichen Gebrauch als auch f\u00fcr langfristige Investitionen attraktiv. Die wachsende internationale Anziehungskraft und die gut verwaltete Infrastruktur bieten ein gro\u00dfes Potenzial f\u00fcr Wertsteigerungen.<\/p>\t\t\t\t\t\t\t\t<\/div>\n\t\t\t\t<\/div>\n\t\t\t\t<\/div>\n\t\t\t\t\t<\/details>\n\t\t\t\t\t\t<details id=\"e-n-accordion-item-1513\" class=\"e-n-accordion-item\" >\n\t\t\t\t<summary class=\"e-n-accordion-item-title\" data-accordion-index=\"4\" tabindex=\"-1\" aria-expanded=\"false\" aria-controls=\"e-n-accordion-item-1513\" >\n\t\t\t\t\t<span class='e-n-accordion-item-title-header'><div class=\"e-n-accordion-item-title-text\"> Welche Annehmlichkeiten gibt es in der Gemeinde? <\/div><\/span>\n\t\t\t\t\t\t\t<span class='e-n-accordion-item-title-icon'>\n\t\t\t<span class='e-opened' ><svg aria-hidden=\"true\" class=\"e-font-icon-svg e-fas-minus\" viewbox=\"0 0 448 512\" xmlns=\"http:\/\/www.w3.org\/2000\/svg\"><path d=\"M416 208H32c-17.67 0-32 14.33-32 32v32c0 17.67 14.33 32 32 32h384c17.67 0 32-14.33 32-32v-32c0-17.67-14.33-32-32-32z\"><\/path><\/svg><\/span>\n\t\t\t<span class='e-closed'><svg aria-hidden=\"true\" class=\"e-font-icon-svg e-fas-plus\" viewbox=\"0 0 448 512\" xmlns=\"http:\/\/www.w3.org\/2000\/svg\"><path d=\"M416 208H272V64c0-17.67-14.33-32-32-32h-32c-17.67 0-32 14.33-32 32v144H32c-17.67 0-32 14.33-32 32v32c0 17.67 14.33 32 32 32h144v144c0 17.67 14.33 32 32 32h32c17.67 0 32-14.33 32-32V304h144c17.67 0 32-14.33 32-32v-32c0-17.67-14.33-32-32-32z\"><\/path><\/svg><\/span>\n\t\t<\/span>\n\n\t\t\t\t\t\t<\/summary>\n\t\t\t\t<div role=\"region\" aria-labelledby=\"e-n-accordion-item-1513\" class=\"elementor-element elementor-element-3bc03fd e-con-full e-flex e-con e-child\" data-id=\"3bc03fd\" data-element_type=\"container\" data-e-type=\"container\">\n\t\t\t\t<div class=\"elementor-element elementor-element-7a784bf elementor-widget elementor-widget-text-editor\" data-id=\"7a784bf\" data-element_type=\"widget\" data-e-type=\"widget\" data-widget_type=\"text-editor.default\">\n\t\t\t\t<div class=\"elementor-widget-container\">\n\t\t\t\t\t\t\t\t\t<p>Die Bucht von Lu\u0161tica bietet eine ganze Reihe von Lifestyle-Annehmlichkeiten, darunter:<br \/>- Bereiche Marina Village und Centrale<br \/>- The Chedi Hotel &amp; Residenzen<br \/>- Gesch\u00e4fte, Caf\u00e9s und Restaurants<br \/>- Schulen und Gesundheitseinrichtungen<br \/>- Sport-, Freizeit- und Outdoor-Aktivit\u00e4ten<\/p><p>Diese Annehmlichkeiten unterst\u00fctzen ein bequemes, modernes und familienfreundliches Lebensumfeld.<\/p>\t\t\t\t\t\t\t\t<\/div>\n\t\t\t\t<\/div>\n\t\t\t\t<\/div>\n\t\t\t\t\t<\/details>\n\t\t\t\t\t\t<details id=\"e-n-accordion-item-1514\" class=\"e-n-accordion-item\" >\n\t\t\t\t<summary class=\"e-n-accordion-item-title\" data-accordion-index=\"5\" tabindex=\"-1\" aria-expanded=\"false\" aria-controls=\"e-n-accordion-item-1514\" >\n\t\t\t\t\t<span class='e-n-accordion-item-title-header'><div class=\"e-n-accordion-item-title-text\"> Kann ich das ganze Jahr \u00fcber in der Lu\u0161tica-Bucht wohnen? <\/div><\/span>\n\t\t\t\t\t\t\t<span class='e-n-accordion-item-title-icon'>\n\t\t\t<span class='e-opened' ><svg aria-hidden=\"true\" class=\"e-font-icon-svg e-fas-minus\" viewbox=\"0 0 448 512\" xmlns=\"http:\/\/www.w3.org\/2000\/svg\"><path d=\"M416 208H32c-17.67 0-32 14.33-32 32v32c0 17.67 14.33 32 32 32h384c17.67 0 32-14.33 32-32v-32c0-17.67-14.33-32-32-32z\"><\/path><\/svg><\/span>\n\t\t\t<span class='e-closed'><svg aria-hidden=\"true\" class=\"e-font-icon-svg e-fas-plus\" viewbox=\"0 0 448 512\" xmlns=\"http:\/\/www.w3.org\/2000\/svg\"><path d=\"M416 208H272V64c0-17.67-14.33-32-32-32h-32c-17.67 0-32 14.33-32 32v144H32c-17.67 0-32 14.33-32 32v32c0 17.67 14.33 32 32 32h144v144c0 17.67 14.33 32 32 32h32c17.67 0 32-14.33 32-32V304h144c17.67 0 32-14.33 32-32v-32c0-17.67-14.33-32-32-32z\"><\/path><\/svg><\/span>\n\t\t<\/span>\n\n\t\t\t\t\t\t<\/summary>\n\t\t\t\t<div role=\"region\" aria-labelledby=\"e-n-accordion-item-1514\" class=\"elementor-element elementor-element-f38278e e-con-full e-flex e-con e-child\" data-id=\"f38278e\" data-element_type=\"container\" data-e-type=\"container\">\n\t\t\t\t<div class=\"elementor-element elementor-element-703e378 elementor-widget elementor-widget-text-editor\" data-id=\"703e378\" data-element_type=\"widget\" data-e-type=\"widget\" data-widget_type=\"text-editor.default\">\n\t\t\t\t<div class=\"elementor-widget-container\">\n\t\t\t\t\t\t\t\t\t<p>Auf jeden Fall. Lu\u0161tica Bay ist vollst\u00e4ndig f\u00fcr das ganzj\u00e4hrige Leben ausgestattet und bietet Schulen, medizinische Versorgung, Einkaufsm\u00f6glichkeiten, Restaurants, Sporteinrichtungen und einen einfachen Zugang zu den Str\u00e4nden. Die Gemeinde ist so konzipiert, dass sie sowohl den Vollzeitbewohnern als auch den saisonalen Hausbesitzern Komfort und Bequemlichkeit bietet.<\/p>\t\t\t\t\t\t\t\t<\/div>\n\t\t\t\t<\/div>\n\t\t\t\t<\/div>\n\t\t\t\t\t<\/details>\n\t\t\t\t\t<\/div>\n\t\t\t\t\t\t<\/div>\n\t\t\t\t<\/div>\n\t\t\t\t<\/div>\n\t\t\t\t<\/div>\n\t\t\t\t<div class=\"elementor-element elementor-element-69a91a3 elementor-widget elementor-widget-google_maps\" data-id=\"69a91a3\" data-element_type=\"widget\" data-e-type=\"widget\" data-widget_type=\"google_maps.default\">\n\t\t\t\t<div class=\"elementor-widget-container\">\n\t\t\t\t\t\t\t<div class=\"elementor-custom-embed\">\n\t\t\t<iframe loading=\"lazy\"\n\t\t\t\t\tsrc=\"https:\/\/maps.google.com\/maps?q=Lu%C5%A1tica%20Bay%2C%20Montenegro&#038;t=m&#038;z=15&#038;output=embed&#038;iwloc=near\"\n\t\t\t\t\ttitle=\"Lu\u0161tica-Bucht, Montenegro\"\n\t\t\t\t\taria-label=\"Lu\u0161tica-Bucht, Montenegro\"\n\t\t\t><\/iframe>\n\t\t<\/div>\n\t\t\t\t\t\t<\/div>\n\t\t\t\t<\/div>\n\t\t\t\t<div class=\"elementor-element elementor-element-6f3b21a elementor-cta--skin-classic elementor-animated-content elementor-bg-transform elementor-bg-transform-zoom-in elementor-widget elementor-widget-call-to-action\" data-id=\"6f3b21a\" data-element_type=\"widget\" data-e-type=\"widget\" data-widget_type=\"call-to-action.default\">\n\t\t\t\t<div class=\"elementor-widget-container\">\n\t\t\t\t\t\t\t<div class=\"elementor-cta\">\n\t\t\t\t\t\t\t<div class=\"elementor-cta__content\">\n\t\t\t\t\n\t\t\t\t\t\t\t\t\t<h2 class=\"elementor-cta__title elementor-cta__content-item elementor-content-item\">\n\t\t\t\t\t\tM\u00f6chten Sie in der Bucht von Lu\u0161tica kaufen?\t\t\t\t\t<\/h2>\n\t\t\t\t\n\t\t\t\t\t\t\t\t\t<div class=\"elementor-cta__description elementor-cta__content-item elementor-content-item\">\n\t\t\t\t\t\tKontaktieren Sie uns, um exklusive Verf\u00fcgbarkeit, vertrauensw\u00fcrdige Beratung und eine private Auswahl der besten Immobilien in der Lu\u0161tica-Bucht f\u00fcr Ihren Lebensstil und Ihre Investitionsziele zu erhalten.\t\t\t\t\t<\/div>\n\t\t\t\t\n\t\t\t\t\t\t\t\t\t<div class=\"elementor-cta__button-wrapper elementor-cta__content-item elementor-content-item\">\n\t\t\t\t\t<a class=\"elementor-cta__button elementor-button elementor-size-\" href=\"https:\/\/sothebysrealty.me\/de\/kontakt\/\">\n\t\t\t\t\t\tKlicken Sie hier\t\t\t\t\t<\/a>\n\t\t\t\t\t<\/div>\n\t\t\t\t\t\t\t<\/div>\n\t\t\t\t\t\t<\/div>\n\t\t\t\t\t\t<\/div>\n\t\t\t\t<\/div>\n\t\t\t\t\t<\/div>\n\t\t\t\t<\/div>\n\t\t\t\t<\/div>","protected":false},"excerpt":{"rendered":"<p>Discover luxury real estate in Lu\u0161tica Bay, Montenegro. The modern coastal community offers apartments, townhouses, villas, and waterfront homes, with easy access to beaches, marina, [&hellip;]<\/p>\n","protected":false},"author":9,"featured_media":74568,"parent":0,"menu_order":0,"comment_status":"closed","ping_status":"closed","template":"template-lustica-bay.php","meta":{"_acf_changed":false,"_joinchat":[],"footnotes":""},"class_list":["post-66719","page","type-page","status-publish","has-post-thumbnail","hentry"],"acf":[],"_links":{"self":[{"href":"https:\/\/sothebysrealty.me\/de\/wp-json\/wp\/v2\/pages\/66719","targetHints":{"allow":["GET"]}}],"collection":[{"href":"https:\/\/sothebysrealty.me\/de\/wp-json\/wp\/v2\/pages"}],"about":[{"href":"https:\/\/sothebysrealty.me\/de\/wp-json\/wp\/v2\/types\/page"}],"author":[{"embeddable":true,"href":"https:\/\/sothebysrealty.me\/de\/wp-json\/wp\/v2\/users\/9"}],"replies":[{"embeddable":true,"href":"https:\/\/sothebysrealty.me\/de\/wp-json\/wp\/v2\/comments?post=66719"}],"version-history":[{"count":5,"href":"https:\/\/sothebysrealty.me\/de\/wp-json\/wp\/v2\/pages\/66719\/revisions"}],"predecessor-version":[{"id":79332,"href":"https:\/\/sothebysrealty.me\/de\/wp-json\/wp\/v2\/pages\/66719\/revisions\/79332"}],"wp:featuredmedia":[{"embeddable":true,"href":"https:\/\/sothebysrealty.me\/de\/wp-json\/wp\/v2\/media\/74568"}],"wp:attachment":[{"href":"https:\/\/sothebysrealty.me\/de\/wp-json\/wp\/v2\/media?parent=66719"}],"curies":[{"name":"wp","href":"https:\/\/api.w.org\/{rel}","templated":true}]}}