{"id":645,"date":"2020-06-22T14:01:51","date_gmt":"2020-06-22T14:01:51","guid":{"rendered":"https:\/\/sothebys.wp1.smartweb.rs\/?page_id=645"},"modified":"2026-04-13T11:10:28","modified_gmt":"2026-04-13T11:10:28","slug":"bay-of-kotor","status":"publish","type":"page","link":"https:\/\/sothebysrealty.me\/de\/bucht-von-kotor\/","title":{"rendered":"Luxus-Immobilien in der Bucht von Kotor"},"content":{"rendered":"<div data-elementor-type=\"wp-page\" data-elementor-id=\"645\" class=\"elementor elementor-645\" data-elementor-post-type=\"page\">\n\t\t\t\t<div class=\"elementor-element elementor-element-8e6919d e-flex e-con-boxed e-con e-parent\" data-id=\"8e6919d\" data-element_type=\"container\" data-e-type=\"container\">\n\t\t\t\t\t<div class=\"e-con-inner\">\n\t\t\t\t<div class=\"elementor-element elementor-element-5db38a1 elementor-widget elementor-widget-text-editor\" data-id=\"5db38a1\" data-element_type=\"widget\" data-e-type=\"widget\" data-widget_type=\"text-editor.default\">\n\t\t\t\t<div class=\"elementor-widget-container\">\n\t\t\t\t\t\t\t\t\t<p>Die Bucht von Kotor bietet eine gro\u00dfe Auswahl an Qualit\u00e4tsimmobilien, darunter Apartments, Villen und Anwesen am Wasser. Die Gegend ist ideal f\u00fcr ganzj\u00e4hriges Wohnen, Ferienh\u00e4user oder Investitionen und kombiniert malerische K\u00fcstenansichten mit bequemem Zugang zu lokalen Annehmlichkeiten.<\/p>\t\t\t\t\t\t\t\t<\/div>\n\t\t\t\t<\/div>\n\t\t\t\t\t<\/div>\n\t\t\t\t<\/div>\n\t\t<div class=\"elementor-element elementor-element-433a1067 e-flex e-con-boxed e-con e-parent\" data-id=\"433a1067\" data-element_type=\"container\" data-e-type=\"container\">\n\t\t\t\t\t<div class=\"e-con-inner\">\n\t\t\t\t<div class=\"elementor-element elementor-element-5b252da elementor-widget elementor-widget-text-editor\" data-id=\"5b252da\" data-element_type=\"widget\" data-e-type=\"widget\" data-widget_type=\"text-editor.default\">\n\t\t\t\t<div class=\"elementor-widget-container\">\n\t\t\t\t\t\t\t\t\t<h2 data-start=\"172\" data-end=\"238\">Entdecken Sie Luxusimmobilien in der Bucht von Kotor mit Sotheby's Realty<\/h2><p data-start=\"240\" data-end=\"522\">Die Bucht von Kotor ist einer der sch\u00f6nsten Orte in Montenegro. Sie bietet atemberaubende Aussichten, historischen Charme und ruhige Gew\u00e4sser. Unter <a href=\"https:\/\/share.google\/K8FnGs0asydxZY3ha\" target=\"_blank\" rel=\"noopener\">Sotheby's Realty<\/a>, Wir sind spezialisiert auf <strong data-start=\"408\" data-end=\"443\">Luxus-Immobilien in der Bucht von Kotor<\/strong>. Unser Team kennt den Markt gut und hilft seinen Kunden, au\u00dfergew\u00f6hnliche Immobilien zu finden.<\/p><p data-start=\"524\" data-end=\"756\">Ganz gleich, ob Sie eine moderne Villa oder ein klassisches Haus am Wasser suchen, wir bieten Ihnen fachkundige Beratung. Jede Immobilie in der Bucht von Kotor hat einzigartige Eigenschaften und eine bemerkenswerte Sch\u00f6nheit. Die K\u00e4ufer sch\u00e4tzen die Kombination aus Natur, Kultur und Luxus.<\/p><p data-start=\"758\" data-end=\"996\">Unser Fachwissen in <a href=\"https:\/\/sothebysrealty.me\/de\/budva-riviera\/budva-skocidevojka\/\"><strong data-start=\"775\" data-end=\"810\">Luxus-Immobilien in der Bucht von Kotor<\/strong> <\/a>erm\u00f6glicht es uns, K\u00e4ufer mit idealen Immobilien zusammenzubringen. Wir bieten einen pers\u00f6nlichen Service, der auf Ihre Pr\u00e4ferenzen und Investitionsziele zugeschnitten ist. Unser Team sorgt f\u00fcr einen reibungslosen Ablauf von Anfang bis Ende.<\/p><hr \/><h3><strong>Luxuri\u00f6ses Wohnen in der Bucht von Kotor<\/strong><\/h3><p>Die Bucht von Kotor - oft auch Boka-Bucht genannt - ist eines der faszinierendsten Reiseziele in Montenegro. Als nat\u00fcrlicher Fjord, der in die Adriak\u00fcste eingeschnitten ist, vereint sie atemberaubende Landschaften, historischen Charme und ruhige Gew\u00e4sser wie nur wenige Orte auf der Welt. Die Berge erheben sich dramatisch \u00fcber die Bucht, mittelalterliche St\u00e4dte liegen entlang der K\u00fcste, und die gesamte Region ist von einer zeitlosen Ruhe gepr\u00e4gt. Es ist kein Wunder, dass dieses Gebiet zu einem der begehrtesten Ziele f\u00fcr Luxusimmobilien in Europa geworden ist.<\/p><p>Bei Sotheby's International Realty Montenegro sind wir darauf spezialisiert, anspruchsvolle K\u00e4ufer mit au\u00dfergew\u00f6hnlichen Immobilien in der Bucht von Kotor zusammenzubringen. Mit un\u00fcbertroffenen lokalen Kenntnissen und einer globalen Perspektive stellt unser Team sicher, dass jeder Kunde nicht nur einen Wohnsitz, sondern auch einen Lebensstil entdeckt, der von Eleganz, Erbe und Exklusivit\u00e4t gepr\u00e4gt ist.<\/p><h3>Ein Markt, der von Charakter und Prestige gepr\u00e4gt ist: Immobilien in der Bucht von Kotor<\/h3><p>Der Immobilienmarkt in der Bucht von Kotor ist mit keinem anderen vergleichbar. Hier stehen traditionelle Steinpal\u00e4ste aus der venezianischen \u00c4ra neben modernen Villen mit klaren Linien, Infinity-Pools und Panoramaterrassen. Die H\u00e4user am Wasser bieten einen direkten Zugang zum kristallklaren Wasser der Bucht, w\u00e4hrend die H\u00e4user in Hanglage einen weiten Blick \u00fcber das Stadtbild und die darunter liegenden Inseln bieten. Jedes Haus hat seinen eigenen Charakter und verbindet nat\u00fcrliche Sch\u00f6nheit mit architektonischen Besonderheiten.<\/p><p>F\u00fcr K\u00e4ufer, die eine klassische mediterrane Atmosph\u00e4re suchen, sind historische St\u00e4dte wie Perast und Kotor un\u00fcbertroffen. Ihre engen Steingassen, jahrhundertealten Kirchen und Barockfassaden bieten eine reiche kulturelle Kulisse f\u00fcr elegantes Wohnen. Im Gegensatz dazu verbinden Gebiete wie Tivat und Porto Montenegro den Charme der Adria mit einem modernen, kosmopolitischen Lebensstil, komplett mit luxuri\u00f6sen Yachth\u00e4fen, feiner Gastronomie und internationalen Dienstleistungen. Ganz gleich, ob Sie sich einen ruhigen R\u00fcckzugsort oder ein pulsierendes soziales Zentrum vorstellen, die Bucht von Kotor bietet Ihnen eine Vielzahl von M\u00f6glichkeiten.<\/p><h3>Fachkundige Beratung und ma\u00dfgeschneiderter Immobilienservice<\/h3><p>Der Erwerb einer Immobilie in Montenegro erfordert eine fachkundige Orientierung sowohl auf dem Markt als auch im rechtlichen Rahmen. Unser Team ber\u00e4t Sie umfassend in jeder Phase des Prozesses - von der ersten Beratung \u00fcber die Besichtigung der Immobilie bis hin zu den Verhandlungen und dem Abschluss. Wir passen unseren Ansatz an Ihre spezifischen Ziele an, egal ob Sie einen Familienwohnsitz am Wasser erwerben, in ein Ferienhaus investieren oder sich eine langfristige Investitionsm\u00f6glichkeit sichern m\u00f6chten.<\/p><p>\u00dcber die eigentliche Transaktion hinaus bieten wir Unterst\u00fctzung bei der Immobilienverwaltung, bei Vermietungsstrategien und bei lokalen Verbindungen. Viele unserer Kunden sch\u00e4tzen die M\u00f6glichkeit, Mieteinnahmen zu erzielen, wenn ihre Immobilie nicht privat genutzt wird, und unser Fachwissen sorgt f\u00fcr eine nahtlose Erfahrung. Sotheby's Realty geht weit \u00fcber den Verkauf hinaus; wir bieten eine dauerhafte Partnerschaft, die darauf ausgerichtet ist, Ihre Investition zu sch\u00fctzen und zu verbessern.<\/p><h3>Lebendige Geschichte in Kotor und Perast<\/h3><p>Die St\u00e4dte Kotor und Perast verk\u00f6rpern den gr\u00f6\u00dften historischen Reiz der Bucht. Kotor, das von der UNESCO zum Weltkulturerbe erkl\u00e4rt wurde, ist von alten venezianischen Mauern umgeben und belebt mit kulturellen Veranstaltungen, Musikfestivals und Kunsthandwerksl\u00e4den. Bei den Immobilien in Kotor handelt es sich h\u00e4ufig um restaurierte Pal\u00e4ste oder traditionelle Stadth\u00e4user, die ihr urspr\u00fcngliches Mauerwerk und ihren Charakter bewahrt haben. Ein Haus in Kotor zu besitzen, bedeutet, Teil einer jahrhundertealten Geschichte von Handel, Kultur und maritimem Erbe zu werden.<\/p><p>Perast hingegen bietet eine ruhigere Eleganz. Dieses barocke Juwel mit nur einer einzigen Stra\u00dfe entlang der Uferpromenade ist von Pal\u00e4sten ges\u00e4umt, die einst im Besitz von Seefahrerfamilien waren. Von ihren Terrassen aus blickt man auf die ikonischen Inseln Our Lady of the Rocks und St. George. Die Residenzen hier sind selten und sehr begehrt und bieten ein Gef\u00fchl von Intimit\u00e4t und Exklusivit\u00e4t, das nur wenige andere Reiseziele bieten k\u00f6nnen.<\/p><h3>Moderner Lebensstil in Tivat und Porto Montenegro<\/h3><p>F\u00fcr K\u00e4ufer, die modernen Komfort mit internationalem Flair suchen, sind Tivat und Porto Montenegro ideal. Porto Montenegro, der Yachthafen von Weltklasse, hat diese K\u00fcstenstadt in ein Zentrum des Luxuslebens verwandelt. Designer-Boutiquen, Gourmet-Restaurants und eine lebendige soziale Szene ziehen eine internationale Gemeinschaft von Yachteigent\u00fcmern und Investoren an. Die Apartments und Wohnungen bieten modernes Design, modernste Annehmlichkeiten und direkten Zugang zum Yachthafenleben.<\/p><p>In der weiteren Umgebung von Tivat gibt es auch M\u00f6glichkeiten f\u00fcr private Villen und R\u00fcckzugsorte in den Bergen, die Komfort mit einem atemberaubenden Blick auf die Bucht verbinden. Dieser Teil der Boka-Bucht bietet ein dynamisches Gleichgewicht zwischen Erbe und Moderne und spricht K\u00e4ufer an, die sowohl Authentizit\u00e4t als auch kosmopolitischen Komfort suchen.<\/p><h3>Investieren Sie in einen eleganten und ruhigen Lebensstil<\/h3><p>Die Entscheidung, in Immobilien in der Bucht von Kotor zu investieren, bedeutet, sich auf einen Lebensstil einzulassen, bei dem die Sch\u00f6nheit der Natur und die kulturelle Tiefe Teil des t\u00e4glichen Lebens sind. Das mediterrane Klima mit warmen Sommern und milden Wintern macht die Region zu einem ganzj\u00e4hrigen Reiseziel. Segeln, Wandern und Essen am Wasser sind ein t\u00e4gliches Vergn\u00fcgen, w\u00e4hrend die N\u00e4he zu den internationalen Flugh\u00e4fen eine einfache Anbindung an den Rest Europas gew\u00e4hrleistet.<\/p><p>F\u00fcr viele unserer Kunden ist der Besitz einer Immobilie hier mehr als eine finanzielle Investition - es ist eine emotionale Investition. Es bedeutet, einen R\u00fcckzugsort zu haben, an dem Familienerinnerungen geschaffen werden, an dem man von Geschichte umgeben ist und an dem sich das Leben verlangsamt, um sich dem sanften Rhythmus der Bucht anzupassen.<\/p><h3>Sotheby's Realty: Ihr zuverl\u00e4ssiger Partner im Bereich Luxusimmobilien<\/h3><p>Sotheby's International Realty steht f\u00fcr Diskretion, Qualit\u00e4t und globale Reichweite. Unser Team in Montenegro bringt diese Tradition der Exzellenz in die Bucht von Kotor und stellt sicher, dass jeder Kunde pers\u00f6nlichen Service und absolutes Vertrauen in seinen Kauf erh\u00e4lt. Ganz gleich, ob Sie sich einen restaurierten venezianischen Palast, eine moderne Villa mit Infinity-Blick oder eine schicke Residenz in Porto Montenegro w\u00fcnschen, wir stehen Ihnen mit Integrit\u00e4t und Fachwissen zur Seite.<\/p><h3>Entdecken Sie den Immobilienmarkt der Bucht von Kotor mit uns<\/h3><p>Die Bucht von Kotor ist nicht nur ein Ort zum Leben, sondern auch ein Ort der Zugeh\u00f6rigkeit. Hier treffen Eleganz, Erbe und nat\u00fcrliche Pracht aufeinander und bieten einen unvergleichlichen Lebensstil. Wir von Sotheby's Realty Montenegro laden Sie ein, diesen exklusiven Markt mit uns zu erkunden und ein Haus zu entdecken, das nicht nur Ihren Geschmack, sondern auch Ihre W\u00fcnsche widerspiegelt.<\/p><p>Lassen Sie uns Ihnen helfen, Ihre Traumimmobilie in der Bucht von Kotor zu finden und Ihre Reise in eines der au\u00dfergew\u00f6hnlichsten Reiseziele des Mittelmeers zu beginnen.<\/p>\t\t\t\t\t\t\t\t<\/div>\n\t\t\t\t<\/div>\n\t\t\t\t\t<\/div>\n\t\t\t\t<\/div>\n\t\t<div class=\"elementor-element elementor-element-b0cad8d e-flex e-con-boxed e-con e-parent\" data-id=\"b0cad8d\" data-element_type=\"container\" data-e-type=\"container\">\n\t\t\t\t\t<div class=\"e-con-inner\">\n\t\t\t\t<div class=\"elementor-element elementor-element-6aeef6a elementor-widget elementor-widget-heading\" data-id=\"6aeef6a\" data-element_type=\"widget\" data-e-type=\"widget\" data-widget_type=\"heading.default\">\n\t\t\t\t<div class=\"elementor-widget-container\">\n\t\t\t\t\t<h2 class=\"elementor-heading-title elementor-size-default\">FAQS<\/h2>\t\t\t\t<\/div>\n\t\t\t\t<\/div>\n\t\t\t\t<div class=\"elementor-element elementor-element-da9a9f4 elementor-widget elementor-widget-n-accordion\" data-id=\"da9a9f4\" data-element_type=\"widget\" data-e-type=\"widget\" data-settings=\"{&quot;default_state&quot;:&quot;expanded&quot;,&quot;max_items_expended&quot;:&quot;one&quot;,&quot;n_accordion_animation_duration&quot;:{&quot;unit&quot;:&quot;ms&quot;,&quot;size&quot;:400,&quot;sizes&quot;:[]}}\" data-widget_type=\"nested-accordion.default\">\n\t\t\t\t<div class=\"elementor-widget-container\">\n\t\t\t\t\t\t\t<div class=\"e-n-accordion\" aria-label=\"Akkordeon. \u00d6ffnen Sie Links mit Enter oder Space, schlie\u00dfen Sie sie mit Escape und navigieren Sie mit den Pfeiltasten.\">\n\t\t\t\t\t\t<details id=\"e-n-accordion-item-2290\" class=\"e-n-accordion-item\" open>\n\t\t\t\t<summary class=\"e-n-accordion-item-title\" data-accordion-index=\"1\" tabindex=\"0\" aria-expanded=\"true\" aria-controls=\"e-n-accordion-item-2290\" >\n\t\t\t\t\t<span class='e-n-accordion-item-title-header'><div class=\"e-n-accordion-item-title-text\"> Was macht die Bucht von Kotor f\u00fcr Luxusimmobilien so besonders? <\/div><\/span>\n\t\t\t\t\t\t\t<span class='e-n-accordion-item-title-icon'>\n\t\t\t<span class='e-opened' ><svg aria-hidden=\"true\" class=\"e-font-icon-svg e-fas-minus\" viewbox=\"0 0 448 512\" xmlns=\"http:\/\/www.w3.org\/2000\/svg\"><path d=\"M416 208H32c-17.67 0-32 14.33-32 32v32c0 17.67 14.33 32 32 32h384c17.67 0 32-14.33 32-32v-32c0-17.67-14.33-32-32-32z\"><\/path><\/svg><\/span>\n\t\t\t<span class='e-closed'><svg aria-hidden=\"true\" class=\"e-font-icon-svg e-fas-plus\" viewbox=\"0 0 448 512\" xmlns=\"http:\/\/www.w3.org\/2000\/svg\"><path d=\"M416 208H272V64c0-17.67-14.33-32-32-32h-32c-17.67 0-32 14.33-32 32v144H32c-17.67 0-32 14.33-32 32v32c0 17.67 14.33 32 32 32h144v144c0 17.67 14.33 32 32 32h32c17.67 0 32-14.33 32-32V304h144c17.67 0 32-14.33 32-32v-32c0-17.67-14.33-32-32-32z\"><\/path><\/svg><\/span>\n\t\t<\/span>\n\n\t\t\t\t\t\t<\/summary>\n\t\t\t\t<div role=\"region\" aria-labelledby=\"e-n-accordion-item-2290\" class=\"elementor-element elementor-element-a5011d9 e-con-full e-flex e-con e-child\" data-id=\"a5011d9\" data-element_type=\"container\" data-e-type=\"container\">\n\t\t\t\t<div class=\"elementor-element elementor-element-b95a96b elementor-widget elementor-widget-text-editor\" data-id=\"b95a96b\" data-element_type=\"widget\" data-e-type=\"widget\" data-widget_type=\"text-editor.default\">\n\t\t\t\t<div class=\"elementor-widget-container\">\n\t\t\t\t\t\t\t\t\t<p>Die Bucht von Kotor ist eine der exklusivsten Luxusimmobilien in Montenegro, die historische mittelalterliche St\u00e4dte, eine atemberaubende Adriak\u00fcste und erstklassige Immobilien am Wasser miteinander verbindet. Die einzigartige Mischung aus kulturellem Erbe, malerischen Landschaften und gehobenen Lifestyle-Annehmlichkeiten macht sie ideal f\u00fcr Zweitwohnsitze, Investitionsobjekte und ganzj\u00e4hriges Wohnen f\u00fcr internationale K\u00e4ufer.<\/p>\t\t\t\t\t\t\t\t<\/div>\n\t\t\t\t<\/div>\n\t\t\t\t<\/div>\n\t\t\t\t\t<\/details>\n\t\t\t\t\t\t<details id=\"e-n-accordion-item-2291\" class=\"e-n-accordion-item\" >\n\t\t\t\t<summary class=\"e-n-accordion-item-title\" data-accordion-index=\"2\" tabindex=\"-1\" aria-expanded=\"false\" aria-controls=\"e-n-accordion-item-2291\" >\n\t\t\t\t\t<span class='e-n-accordion-item-title-header'><div class=\"e-n-accordion-item-title-text\"> Welche Arten von Immobilien gibt es in der Bucht von Kotor? <\/div><\/span>\n\t\t\t\t\t\t\t<span class='e-n-accordion-item-title-icon'>\n\t\t\t<span class='e-opened' ><svg aria-hidden=\"true\" class=\"e-font-icon-svg e-fas-minus\" viewbox=\"0 0 448 512\" xmlns=\"http:\/\/www.w3.org\/2000\/svg\"><path d=\"M416 208H32c-17.67 0-32 14.33-32 32v32c0 17.67 14.33 32 32 32h384c17.67 0 32-14.33 32-32v-32c0-17.67-14.33-32-32-32z\"><\/path><\/svg><\/span>\n\t\t\t<span class='e-closed'><svg aria-hidden=\"true\" class=\"e-font-icon-svg e-fas-plus\" viewbox=\"0 0 448 512\" xmlns=\"http:\/\/www.w3.org\/2000\/svg\"><path d=\"M416 208H272V64c0-17.67-14.33-32-32-32h-32c-17.67 0-32 14.33-32 32v144H32c-17.67 0-32 14.33-32 32v32c0 17.67 14.33 32 32 32h144v144c0 17.67 14.33 32 32 32h32c17.67 0 32-14.33 32-32V304h144c17.67 0 32-14.33 32-32v-32c0-17.67-14.33-32-32-32z\"><\/path><\/svg><\/span>\n\t\t<\/span>\n\n\t\t\t\t\t\t<\/summary>\n\t\t\t\t<div role=\"region\" aria-labelledby=\"e-n-accordion-item-2291\" class=\"elementor-element elementor-element-3a1c4af e-con-full e-flex e-con e-child\" data-id=\"3a1c4af\" data-element_type=\"container\" data-e-type=\"container\">\n\t\t\t\t<div class=\"elementor-element elementor-element-ed44f66 elementor-widget elementor-widget-text-editor\" data-id=\"ed44f66\" data-element_type=\"widget\" data-e-type=\"widget\" data-widget_type=\"text-editor.default\">\n\t\t\t\t<div class=\"elementor-widget-container\">\n\t\t\t\t\t\t\t\t\t<p>Die Bucht von Kotor bietet eine breite Palette an Luxusimmobilien, darunter historische Steinpal\u00e4ste, moderne Villen mit Panoramablick auf das Meer, moderne Apartments und exklusive Anwesen direkt am Wasser. Viele Immobilien verf\u00fcgen \u00fcber eine hochwertige Ausstattung, private Pools, Terrassen mit Blick auf die Bucht und einen einfachen Zugang zu Jachth\u00e4fen, Str\u00e4nden und lokalen Annehmlichkeiten.<\/p>\t\t\t\t\t\t\t\t<\/div>\n\t\t\t\t<\/div>\n\t\t\t\t<\/div>\n\t\t\t\t\t<\/details>\n\t\t\t\t\t\t<details id=\"e-n-accordion-item-2292\" class=\"e-n-accordion-item\" >\n\t\t\t\t<summary class=\"e-n-accordion-item-title\" data-accordion-index=\"3\" tabindex=\"-1\" aria-expanded=\"false\" aria-controls=\"e-n-accordion-item-2292\" >\n\t\t\t\t\t<span class='e-n-accordion-item-title-header'><div class=\"e-n-accordion-item-title-text\"> Ist die Bucht von Kotor ein guter Investitionsstandort? <\/div><\/span>\n\t\t\t\t\t\t\t<span class='e-n-accordion-item-title-icon'>\n\t\t\t<span class='e-opened' ><svg aria-hidden=\"true\" class=\"e-font-icon-svg e-fas-minus\" viewbox=\"0 0 448 512\" xmlns=\"http:\/\/www.w3.org\/2000\/svg\"><path d=\"M416 208H32c-17.67 0-32 14.33-32 32v32c0 17.67 14.33 32 32 32h384c17.67 0 32-14.33 32-32v-32c0-17.67-14.33-32-32-32z\"><\/path><\/svg><\/span>\n\t\t\t<span class='e-closed'><svg aria-hidden=\"true\" class=\"e-font-icon-svg e-fas-plus\" viewbox=\"0 0 448 512\" xmlns=\"http:\/\/www.w3.org\/2000\/svg\"><path d=\"M416 208H272V64c0-17.67-14.33-32-32-32h-32c-17.67 0-32 14.33-32 32v144H32c-17.67 0-32 14.33-32 32v32c0 17.67 14.33 32 32 32h144v144c0 17.67 14.33 32 32 32h32c17.67 0 32-14.33 32-32V304h144c17.67 0 32-14.33 32-32v-32c0-17.67-14.33-32-32-32z\"><\/path><\/svg><\/span>\n\t\t<\/span>\n\n\t\t\t\t\t\t<\/summary>\n\t\t\t\t<div role=\"region\" aria-labelledby=\"e-n-accordion-item-2292\" class=\"elementor-element elementor-element-e4a92a2 e-con-full e-flex e-con e-child\" data-id=\"e4a92a2\" data-element_type=\"container\" data-e-type=\"container\">\n\t\t\t\t<div class=\"elementor-element elementor-element-1de0bcc elementor-widget elementor-widget-text-editor\" data-id=\"1de0bcc\" data-element_type=\"widget\" data-e-type=\"widget\" data-widget_type=\"text-editor.default\">\n\t\t\t\t<div class=\"elementor-widget-container\">\n\t\t\t\t\t\t\t\t\t<p>Die Bucht von Kotor ist sowohl f\u00fcr den Lebensstil als auch f\u00fcr Investitionszwecke \u00e4u\u00dferst attraktiv. Die hohe Nachfrage nach Luxusimmobilien, das begrenzte Angebot an erstklassigen Immobilien am Wasser und der wachsende Tourismus in der Region tragen zu einem starken Mietpotenzial und langfristigem Kapitalzuwachs bei.<\/p>\t\t\t\t\t\t\t\t<\/div>\n\t\t\t\t<\/div>\n\t\t\t\t<\/div>\n\t\t\t\t\t<\/details>\n\t\t\t\t\t\t<details id=\"e-n-accordion-item-2293\" class=\"e-n-accordion-item\" >\n\t\t\t\t<summary class=\"e-n-accordion-item-title\" data-accordion-index=\"4\" tabindex=\"-1\" aria-expanded=\"false\" aria-controls=\"e-n-accordion-item-2293\" >\n\t\t\t\t\t<span class='e-n-accordion-item-title-header'><div class=\"e-n-accordion-item-title-text\"> Kann ich meine Immobilie in der Bucht von Kotor vermieten? <\/div><\/span>\n\t\t\t\t\t\t\t<span class='e-n-accordion-item-title-icon'>\n\t\t\t<span class='e-opened' ><svg aria-hidden=\"true\" class=\"e-font-icon-svg e-fas-minus\" viewbox=\"0 0 448 512\" xmlns=\"http:\/\/www.w3.org\/2000\/svg\"><path d=\"M416 208H32c-17.67 0-32 14.33-32 32v32c0 17.67 14.33 32 32 32h384c17.67 0 32-14.33 32-32v-32c0-17.67-14.33-32-32-32z\"><\/path><\/svg><\/span>\n\t\t\t<span class='e-closed'><svg aria-hidden=\"true\" class=\"e-font-icon-svg e-fas-plus\" viewbox=\"0 0 448 512\" xmlns=\"http:\/\/www.w3.org\/2000\/svg\"><path d=\"M416 208H272V64c0-17.67-14.33-32-32-32h-32c-17.67 0-32 14.33-32 32v144H32c-17.67 0-32 14.33-32 32v32c0 17.67 14.33 32 32 32h144v144c0 17.67 14.33 32 32 32h32c17.67 0 32-14.33 32-32V304h144c17.67 0 32-14.33 32-32v-32c0-17.67-14.33-32-32-32z\"><\/path><\/svg><\/span>\n\t\t<\/span>\n\n\t\t\t\t\t\t<\/summary>\n\t\t\t\t<div role=\"region\" aria-labelledby=\"e-n-accordion-item-2293\" class=\"elementor-element elementor-element-22d9b39 e-con-full e-flex e-con e-child\" data-id=\"22d9b39\" data-element_type=\"container\" data-e-type=\"container\">\n\t\t\t\t<div class=\"elementor-element elementor-element-5cacdd3 elementor-widget elementor-widget-text-editor\" data-id=\"5cacdd3\" data-element_type=\"widget\" data-e-type=\"widget\" data-widget_type=\"text-editor.default\">\n\t\t\t\t<div class=\"elementor-widget-container\">\n\t\t\t\t\t\t\t\t\t<p>Auf jeden Fall. In der Bucht von Kotor gibt es eine starke Nachfrage nach Mietobjekten, sowohl f\u00fcr kurzfristige Ferienaufenthalte als auch f\u00fcr Langzeitvermietungen. Wir unterst\u00fctzen Immobilieneigent\u00fcmer bei der Suche nach Mietern, beim Verst\u00e4ndnis der \u00f6rtlichen Mietvorschriften und bei der Verwaltung des Prozesses, um eine reibungslose und vorschriftsm\u00e4\u00dfige Vermietung zu gew\u00e4hrleisten.<\/p>\t\t\t\t\t\t\t\t<\/div>\n\t\t\t\t<\/div>\n\t\t\t\t<\/div>\n\t\t\t\t\t<\/details>\n\t\t\t\t\t\t<details id=\"e-n-accordion-item-2294\" class=\"e-n-accordion-item\" >\n\t\t\t\t<summary class=\"e-n-accordion-item-title\" data-accordion-index=\"5\" tabindex=\"-1\" aria-expanded=\"false\" aria-controls=\"e-n-accordion-item-2294\" >\n\t\t\t\t\t<span class='e-n-accordion-item-title-header'><div class=\"e-n-accordion-item-title-text\"> Wie beginne ich mit der Besichtigung einer Immobilie oder der Erstellung eines Angebots? <\/div><\/span>\n\t\t\t\t\t\t\t<span class='e-n-accordion-item-title-icon'>\n\t\t\t<span class='e-opened' ><svg aria-hidden=\"true\" class=\"e-font-icon-svg e-fas-minus\" viewbox=\"0 0 448 512\" xmlns=\"http:\/\/www.w3.org\/2000\/svg\"><path d=\"M416 208H32c-17.67 0-32 14.33-32 32v32c0 17.67 14.33 32 32 32h384c17.67 0 32-14.33 32-32v-32c0-17.67-14.33-32-32-32z\"><\/path><\/svg><\/span>\n\t\t\t<span class='e-closed'><svg aria-hidden=\"true\" class=\"e-font-icon-svg e-fas-plus\" viewbox=\"0 0 448 512\" xmlns=\"http:\/\/www.w3.org\/2000\/svg\"><path d=\"M416 208H272V64c0-17.67-14.33-32-32-32h-32c-17.67 0-32 14.33-32 32v144H32c-17.67 0-32 14.33-32 32v32c0 17.67 14.33 32 32 32h144v144c0 17.67 14.33 32 32 32h32c17.67 0 32-14.33 32-32V304h144c17.67 0 32-14.33 32-32v-32c0-17.67-14.33-32-32-32z\"><\/path><\/svg><\/span>\n\t\t<\/span>\n\n\t\t\t\t\t\t<\/summary>\n\t\t\t\t<div role=\"region\" aria-labelledby=\"e-n-accordion-item-2294\" class=\"elementor-element elementor-element-513e2dd e-con-full e-flex e-con e-child\" data-id=\"513e2dd\" data-element_type=\"container\" data-e-type=\"container\">\n\t\t\t\t<div class=\"elementor-element elementor-element-04e1192 elementor-widget elementor-widget-text-editor\" data-id=\"04e1192\" data-element_type=\"widget\" data-e-type=\"widget\" data-widget_type=\"text-editor.default\">\n\t\t\t\t<div class=\"elementor-widget-container\">\n\t\t\t\t\t\t\t\t\t<p>Setzen Sie sich mit unserem B\u00fcro in Verbindung, um eine virtuelle oder pers\u00f6nliche Besichtigung der Immobilie zu vereinbaren. Unsere Experten begleiten internationale und einheimische K\u00e4ufer bei der Auswahl der Immobilie, den Verhandlungen und dem gesamten Kaufprozess, um eine nahtlose und transparente Erfahrung zu gew\u00e4hrleisten<strong>.<\/strong><\/p>\t\t\t\t\t\t\t\t<\/div>\n\t\t\t\t<\/div>\n\t\t\t\t<\/div>\n\t\t\t\t\t<\/details>\n\t\t\t\t\t<\/div>\n\t\t\t\t\t\t<\/div>\n\t\t\t\t<\/div>\n\t\t\t\t\t<\/div>\n\t\t\t\t<\/div>\n\t\t\t\t<\/div>","protected":false},"excerpt":{"rendered":"<p>The Bay of Kotor offers a wide selection of quality real estate, including apartments, villas, and waterfront estates. Ideal for year-round living, vacation homes, or [&hellip;]<\/p>\n","protected":false},"author":2,"featured_media":74552,"parent":0,"menu_order":0,"comment_status":"closed","ping_status":"closed","template":"template-bay-of-kotor.php","meta":{"_acf_changed":false,"_joinchat":[],"footnotes":""},"class_list":["post-645","page","type-page","status-publish","has-post-thumbnail","hentry"],"acf":[],"_links":{"self":[{"href":"https:\/\/sothebysrealty.me\/de\/wp-json\/wp\/v2\/pages\/645","targetHints":{"allow":["GET"]}}],"collection":[{"href":"https:\/\/sothebysrealty.me\/de\/wp-json\/wp\/v2\/pages"}],"about":[{"href":"https:\/\/sothebysrealty.me\/de\/wp-json\/wp\/v2\/types\/page"}],"author":[{"embeddable":true,"href":"https:\/\/sothebysrealty.me\/de\/wp-json\/wp\/v2\/users\/2"}],"replies":[{"embeddable":true,"href":"https:\/\/sothebysrealty.me\/de\/wp-json\/wp\/v2\/comments?post=645"}],"version-history":[{"count":5,"href":"https:\/\/sothebysrealty.me\/de\/wp-json\/wp\/v2\/pages\/645\/revisions"}],"predecessor-version":[{"id":79673,"href":"https:\/\/sothebysrealty.me\/de\/wp-json\/wp\/v2\/pages\/645\/revisions\/79673"}],"wp:featuredmedia":[{"embeddable":true,"href":"https:\/\/sothebysrealty.me\/de\/wp-json\/wp\/v2\/media\/74552"}],"wp:attachment":[{"href":"https:\/\/sothebysrealty.me\/de\/wp-json\/wp\/v2\/media?parent=645"}],"curies":[{"name":"wp","href":"https:\/\/api.w.org\/{rel}","templated":true}]}}