{"id":637,"date":"2020-06-22T13:29:49","date_gmt":"2020-06-22T13:29:49","guid":{"rendered":"https:\/\/sothebys.wp1.smartweb.rs\/?page_id=637"},"modified":"2026-04-13T11:11:26","modified_gmt":"2026-04-13T11:11:26","slug":"porto-montenegro","status":"publish","type":"page","link":"https:\/\/sothebysrealty.me\/de\/porto-montenegro\/","title":{"rendered":"Porto Montenegro Luxus-Immobilien"},"content":{"rendered":"<div data-elementor-type=\"wp-page\" data-elementor-id=\"637\" class=\"elementor elementor-637\" data-elementor-post-type=\"page\">\n\t\t\t\t<div class=\"elementor-element elementor-element-d435c6b e-flex e-con-boxed e-con e-parent\" data-id=\"d435c6b\" data-element_type=\"container\" data-e-type=\"container\">\n\t\t\t\t\t<div class=\"e-con-inner\">\n\t\t\t\t<div class=\"elementor-element elementor-element-86f7710 elementor-widget elementor-widget-text-editor\" data-id=\"86f7710\" data-element_type=\"widget\" data-e-type=\"widget\" data-widget_type=\"text-editor.default\">\n\t\t\t\t<div class=\"elementor-widget-container\">\n\t\t\t\t\t\t\t\t\t<p>Porto Montenegro gilt als eines der <strong>die st\u00e4rksten Standorte f\u00fcr Luxusimmobilieninvestitionen in der Region<\/strong>. Mehrere Schl\u00fcsselfaktoren tragen zu seiner langfristigen Investitionsattraktivit\u00e4t bei, darunter ein <strong>Weltklasse-Yachthafen<\/strong>, Eine hohe internationale Nachfrage, ein begrenztes Angebot an erstklassigen Grundst\u00fccken am Wasser und eine sorgf\u00e4ltig zusammengestellte Auswahl an Luxusmarken im Einzelhandel und in der Gastronomie.<\/p>\t\t\t\t\t\t\t\t<\/div>\n\t\t\t\t<\/div>\n\t\t\t\t\t<\/div>\n\t\t\t\t<\/div>\n\t\t<div class=\"elementor-element elementor-element-1c017ac1 e-flex e-con-boxed e-con e-parent\" data-id=\"1c017ac1\" data-element_type=\"container\" data-e-type=\"container\">\n\t\t\t\t\t<div class=\"e-con-inner\">\n\t\t\t\t<div class=\"elementor-element elementor-element-6bcab933 elementor-widget elementor-widget-text-editor\" data-id=\"6bcab933\" data-element_type=\"widget\" data-e-type=\"widget\" data-widget_type=\"text-editor.default\">\n\t\t\t\t<div class=\"elementor-widget-container\">\n\t\t\t\t\t\t\t\t\t<p>Porto Montenegro ist Montenegros prestigetr\u00e4chtigstes Yachthafen-Lifestyle-Ziel, das Weltklasse <a href=\"https:\/\/sothebysrealty.me\/de\/wassergrundstucke\/\">Wasserfront<\/a> Leben mit luxuri\u00f6sen Residenzen, feinen Restaurants und ganzj\u00e4hrig internationaler Anziehungskraft. Die Stadt Tivat an der Bucht von Kotor ist einer der st\u00e4rksten Immobilienm\u00e4rkte des Landes f\u00fcr K\u00e4ufer, die Premiumqualit\u00e4t, moderne Infrastruktur und hohe Liquidit\u00e4t suchen.<\/p><p>Ob Sie nun ein Apartment mit Service, eine Residenz direkt am Meer oder eine sichere Anlageimmobilie mit starker Mietnachfrage suchen, Porto Montenegro bietet eine seltene Kombination aus Lebensstil und langfristigem Wert.<\/p><p>Durchst\u00f6bern Sie unsere Auswahl an Immobilien in Porto Montenegro, die zum Verkauf stehen, und finden Sie das richtige Haus f\u00fcr Ihre Ziele - zur Eigennutzung, f\u00fcr Mieteinnahmen oder beides.<\/p><h2>Warum w\u00e4hlen K\u00e4ufer Porto Montenegro?<\/h2><p>Porto Montenegro zeichnet sich dadurch aus, dass es mehr als nur eine sch\u00f6ne Umgebung bietet - es bietet ein komplettes Umfeld, das f\u00fcr ein komfortables, hochwertiges Leben ausgelegt ist.<\/p><p>Zu den wichtigsten Gr\u00fcnden, warum sich K\u00e4ufer f\u00fcr Porto Montenegro entscheiden, geh\u00f6ren:<\/p><p>- Luxuri\u00f6ser Yachthafen-Lifestyle mit Einrichtungen nach Weltstandard<br \/>- Starke internationale Nachfrage und nachgewiesenes K\u00e4uferinteresse<br \/>- Hohe Vermietungsattraktivit\u00e4t in der Hochsaison und dar\u00fcber hinaus<br \/>- Sichere, gut verwaltete Gemeinden mit erstklassigen Dienstleistungen<br \/>- Hervorragende Erreichbarkeit \u00fcber den Flughafen Tivat und das Stra\u00dfenverkehrsnetz an der K\u00fcste<br \/>- Moderne Bauqualit\u00e4t im Vergleich zu einem Gro\u00dfteil des \u00e4lteren K\u00fcstenbestandes<\/p><p>F\u00fcr viele internationale K\u00e4ufer ist Montenegro auch eine \u201csichere Wahl\u201d: hochwertige Entwicklungen, klare Positionierung und ein etablierter Luxusmarkt.<\/p><h2>Verf\u00fcgbare Immobilientypen in Porto Montenegro<\/h2><p>Immobilien in Porto Montenegro ziehen unterschiedliche K\u00e4uferprofile an - einige wollen schl\u00fcsselfertigen Komfort, andere eine hohe Mietrendite, und viele wollen einen luxuri\u00f6sen Zweitwohnsitz mit Zugang zum Yachthafen.<\/p><h3>Luxus-Wohnungen &amp; Yachthafen-Residenzen<\/h3><p>Wohnungen sind in Porto Montenegro das am meisten nachgefragte Segment. K\u00e4ufer suchen typischerweise nach:<\/p><p>- Wohnungen mit 1-2 Schlafzimmern f\u00fcr einen flexiblen Lebensstil und eine flexible Vermietung<br \/>- Penth\u00e4user mit Panoramablick und gro\u00dfen Terrassen<br \/>- Wohnungen in der N\u00e4he des Yachthafens, der Restaurants und der Annehmlichkeiten<br \/>- Neuere Einheiten mit Parkpl\u00e4tzen, Aufz\u00fcgen und modernen Grundrissen<\/p><p>Diese Immobilien sind beliebt, weil sie relativ pflegeleicht sind und sich im Vergleich zu freistehenden H\u00e4usern gut vermieten lassen.<\/p><h3>Serviced Apartments (schl\u00fcsselfertiges Eigentum)<\/h3><p>Serviced Residences sind ideal f\u00fcr K\u00e4ufer, die dies w\u00fcnschen:<\/p><p>- Ein Haus, das man einschlie\u00dft und verl\u00e4sst<br \/>- Professionelle Immobilienverwaltung<br \/>- Vermietungspotenzial ohne gro\u00dfes Engagement des Eigent\u00fcmers<\/p><p>Dies ist oft die beste Option f\u00fcr internationale Kunden, die nicht das ganze Jahr \u00fcber in Montenegro leben.<\/p><h3>Boka Place (Neues Lifestyle-Viertel)<\/h3><p>Boka Place ist eines der neuesten und meistbesprochenen Gebiete in Porto Montenegro. Es ist als moderne, energiegeladene Gemeinschaft mit Wohneinheiten, Einzelhandel und Lifestyle-Infrastruktur konzipiert, die sowohl f\u00fcr Endnutzer als auch f\u00fcr Investoren attraktiv ist.<\/p><p>Wenn Sie ein modernes Haus in Montenegro mit hoher Liquidit\u00e4t und langfristiger Nachfrage suchen, ist dies ein wichtiges Segment, das Sie ber\u00fccksichtigen sollten.<\/p><h2>Ist Porto Montenegro eine gute Investition?<\/h2><p>F\u00fcr viele K\u00e4ufer ist Porto Montenegro sowohl ein Lebensstil-Kauf als auch eine kluge langfristige Entscheidung.<\/p><p>Es wird oft als einer der st\u00e4rksten Investitionsm\u00e4rkte in Montenegro angesehen, weil:<\/p><p>- Die Nachfrage im Luxussegment ist konstant<br \/>- Erstklassige Wohngebiete behalten ihren Wert besser als nicht erstklassige Gebiete<br \/>- Nach wie vor hohes Mietinteresse, insbesondere f\u00fcr neuere Einheiten<br \/>- Internationale Sichtbarkeit von Porto Montenegro unterst\u00fctzt den Wiederverkauf<\/p><p>Zu den Anlageformen mit der besten Wertentwicklung geh\u00f6ren in der Regel:<\/p><p>- Kleinere Wohnungen (Studio \/ 1-Schlafzimmer \/ kompakte 2-Schlafzimmer)<br \/>- Hochwertige, gut gelegene Einheiten mit Blick oder N\u00e4he zum Yachthafen<br \/>- Schl\u00fcsselfertige Wohnungen f\u00fcr Premium-Mietklientel<\/p><p>Wenn Ihr Ziel Mieteinnahmen sind, ist es wichtig, die richtige Art von Einheit, den richtigen Grundriss und die richtige Verwaltungsstrategie zu w\u00e4hlen - nicht nur den Standort.<\/p><h2>Porto Montenegro vs. Tivat (Was ist der Unterschied?)<\/h2><p>Porto Montenegro liegt innerhalb von Tivat, bietet aber einen anderen Lebensstil und eine andere Marktposition.<\/p><p>Porto Montenegro ist ideal, wenn Sie Folgendes w\u00fcnschen:<\/p><p>- Vollst\u00e4ndige Luxusinfrastruktur und Wohnen im Concierge-Stil<br \/>- Eine erstklassige Adresse mit internationaler Nachfrage<br \/>- Begehbarkeit, Restaurants, Yachthafen-Dienstleistungen und soziale Szene<\/p><p>Das breitere Tivat k\u00f6nnte f\u00fcr K\u00e4ufer geeignet sein, die dies w\u00fcnschen:<\/p><p>- Mehr Platz f\u00fcr den Preis<br \/>- Ein ruhigeres Wohngef\u00fchl<br \/>- Gr\u00f6\u00dfere Auswahl an Immobilienarten<\/p><p>Viele unserer Kunden pr\u00fcfen beides und entscheiden sich dann je nach Lebensstil und Investitionszielen.<\/p><h2>Worauf sollten Sie vor dem Kauf achten?<\/h2><p>Der Kauf von Immobilien in Porto Montenegro ist mit der richtigen Beratung unkompliziert, aber Luxusk\u00e4ufer sollten dennoch wichtige Details pr\u00fcfen, bevor sie sich festlegen:<\/p><p>- Genaues Geb\u00e4ude\/Phase und welche Einrichtungen es umfasst<br \/>- Verf\u00fcgbarkeit von Parkpl\u00e4tzen (sehr wichtig beim Wiederverkauf von Luxusg\u00fctern)<br \/>- Sichtschutz und zuk\u00fcnftige Bebauung in der N\u00e4he<br \/>- Mietbeschr\u00e4nkungen oder Verwaltungsoptionen (falls Sie beabsichtigen zu mieten)<br \/>- ob die Immobilie vollst\u00e4ndig m\u00f6bliert ist und was darin enthalten ist<br \/>- Eigentumsstruktur und saubere Dokumentation<\/p><p>Bei einem guten Kauf geht es nicht nur darum, eine sch\u00f6ne Wohnung zu finden, sondern auch darum, eine Immobilie zu w\u00e4hlen, die auch in 5-10 Jahren noch begehrenswert ist.<\/p><h2>Entdecken Sie Porto Montenegro Inserate<\/h2><p>Durchsuchen Sie unsere aktuelle Auswahl an Immobilien zum Verkauf in Porto Montenegro und der Umgebung von Tivat.<\/p><p>Wenn Sie schnell die besten Optionen haben wollen, sagen Sie es uns:<\/p><p>- Ihr idealer Budgetrahmen<br \/>- Schlafzimmer und \"Must-haves\" (Aussicht, Terrasse, Parkplatz, N\u00e4he zum Yachthafen)<br \/>- ob zum Wohnen, f\u00fcr Investitionen oder zur gemischten Nutzung<\/p><p>Wir erstellen eine Auswahlliste der am besten geeigneten Optionen und arrangieren Besichtigungstermine auf effiziente Weise.<\/p><p>Exklusive Immobilien in Porto Montenegro freischalten - <a href=\"https:\/\/share.google\/S6Lubp1nMhsvVWnRK\" target=\"_blank\" rel=\"noopener\">Kontaktieren Sie das Sotheby\u2019s Porto Montenegro B\u00fcro<\/a><\/p><h2>\u00a0<\/h2>\t\t\t\t\t\t\t\t<\/div>\n\t\t\t\t<\/div>\n\t\t\t\t<div class=\"elementor-element elementor-element-6690a65 elementor-widget elementor-widget-heading\" data-id=\"6690a65\" data-element_type=\"widget\" data-e-type=\"widget\" data-widget_type=\"heading.default\">\n\t\t\t\t<div class=\"elementor-widget-container\">\n\t\t\t\t\t<h2 class=\"elementor-heading-title elementor-size-default\">Porto Montenegro - Luxus-Immobilien FAQ<\/h2>\t\t\t\t<\/div>\n\t\t\t\t<\/div>\n\t\t\t\t<div class=\"elementor-element elementor-element-31801d9 elementor-widget elementor-widget-n-accordion\" data-id=\"31801d9\" data-element_type=\"widget\" data-e-type=\"widget\" data-settings=\"{&quot;default_state&quot;:&quot;expanded&quot;,&quot;max_items_expended&quot;:&quot;one&quot;,&quot;n_accordion_animation_duration&quot;:{&quot;unit&quot;:&quot;ms&quot;,&quot;size&quot;:400,&quot;sizes&quot;:[]}}\" data-widget_type=\"nested-accordion.default\">\n\t\t\t\t<div class=\"elementor-widget-container\">\n\t\t\t\t\t\t\t<div class=\"e-n-accordion\" aria-label=\"Akkordeon. \u00d6ffnen Sie Links mit Enter oder Space, schlie\u00dfen Sie sie mit Escape und navigieren Sie mit den Pfeiltasten.\">\n\t\t\t\t\t\t<details id=\"e-n-accordion-item-5190\" class=\"e-n-accordion-item\" open>\n\t\t\t\t<summary class=\"e-n-accordion-item-title\" data-accordion-index=\"1\" tabindex=\"0\" aria-expanded=\"true\" aria-controls=\"e-n-accordion-item-5190\" >\n\t\t\t\t\t<span class='e-n-accordion-item-title-header'><div class=\"e-n-accordion-item-title-text\"> Was macht Porto Montenegro zu einem einzigartigen Ort f\u00fcr den Kauf von Luxusimmobilien? <\/div><\/span>\n\t\t\t\t\t\t\t<span class='e-n-accordion-item-title-icon'>\n\t\t\t<span class='e-opened' ><svg aria-hidden=\"true\" class=\"e-font-icon-svg e-fas-minus\" viewbox=\"0 0 448 512\" xmlns=\"http:\/\/www.w3.org\/2000\/svg\"><path d=\"M416 208H32c-17.67 0-32 14.33-32 32v32c0 17.67 14.33 32 32 32h384c17.67 0 32-14.33 32-32v-32c0-17.67-14.33-32-32-32z\"><\/path><\/svg><\/span>\n\t\t\t<span class='e-closed'><svg aria-hidden=\"true\" class=\"e-font-icon-svg e-fas-plus\" viewbox=\"0 0 448 512\" xmlns=\"http:\/\/www.w3.org\/2000\/svg\"><path d=\"M416 208H272V64c0-17.67-14.33-32-32-32h-32c-17.67 0-32 14.33-32 32v144H32c-17.67 0-32 14.33-32 32v32c0 17.67 14.33 32 32 32h144v144c0 17.67 14.33 32 32 32h32c17.67 0 32-14.33 32-32V304h144c17.67 0 32-14.33 32-32v-32c0-17.67-14.33-32-32-32z\"><\/path><\/svg><\/span>\n\t\t<\/span>\n\n\t\t\t\t\t\t<\/summary>\n\t\t\t\t<div role=\"region\" aria-labelledby=\"e-n-accordion-item-5190\" class=\"elementor-element elementor-element-736b1cd e-con-full e-flex e-con e-child\" data-id=\"736b1cd\" data-element_type=\"container\" data-e-type=\"container\">\n\t\t\t\t<div class=\"elementor-element elementor-element-6ddf966 elementor-widget elementor-widget-text-editor\" data-id=\"6ddf966\" data-element_type=\"widget\" data-e-type=\"widget\" data-widget_type=\"text-editor.default\">\n\t\t\t\t<div class=\"elementor-widget-container\">\n\t\t\t\t\t\t\t\t\t<p>Porto Montenegro ist eine der exklusivsten Luxus-Wohnanlagen im Mittelmeerraum und bietet einen Yachthafen von Weltklasse, erstklassige Wohnanlagen, Markengesch\u00e4fte und Restaurants sowie einen Lebensstil am Wasser, der internationale K\u00e4ufer und Yachteigent\u00fcmer anlockt.<\/p>\t\t\t\t\t\t\t\t<\/div>\n\t\t\t\t<\/div>\n\t\t\t\t<\/div>\n\t\t\t\t\t<\/details>\n\t\t\t\t\t\t<details id=\"e-n-accordion-item-5191\" class=\"e-n-accordion-item\" >\n\t\t\t\t<summary class=\"e-n-accordion-item-title\" data-accordion-index=\"2\" tabindex=\"-1\" aria-expanded=\"false\" aria-controls=\"e-n-accordion-item-5191\" >\n\t\t\t\t\t<span class='e-n-accordion-item-title-header'><div class=\"e-n-accordion-item-title-text\"> Welche Arten von Immobilien gibt es in Porto Montenegro? <\/div><\/span>\n\t\t\t\t\t\t\t<span class='e-n-accordion-item-title-icon'>\n\t\t\t<span class='e-opened' ><svg aria-hidden=\"true\" class=\"e-font-icon-svg e-fas-minus\" viewbox=\"0 0 448 512\" xmlns=\"http:\/\/www.w3.org\/2000\/svg\"><path d=\"M416 208H32c-17.67 0-32 14.33-32 32v32c0 17.67 14.33 32 32 32h384c17.67 0 32-14.33 32-32v-32c0-17.67-14.33-32-32-32z\"><\/path><\/svg><\/span>\n\t\t\t<span class='e-closed'><svg aria-hidden=\"true\" class=\"e-font-icon-svg e-fas-plus\" viewbox=\"0 0 448 512\" xmlns=\"http:\/\/www.w3.org\/2000\/svg\"><path d=\"M416 208H272V64c0-17.67-14.33-32-32-32h-32c-17.67 0-32 14.33-32 32v144H32c-17.67 0-32 14.33-32 32v32c0 17.67 14.33 32 32 32h144v144c0 17.67 14.33 32 32 32h32c17.67 0 32-14.33 32-32V304h144c17.67 0 32-14.33 32-32v-32c0-17.67-14.33-32-32-32z\"><\/path><\/svg><\/span>\n\t\t<\/span>\n\n\t\t\t\t\t\t<\/summary>\n\t\t\t\t<div role=\"region\" aria-labelledby=\"e-n-accordion-item-5191\" class=\"elementor-element elementor-element-c5d0458 e-con-full e-flex e-con e-child\" data-id=\"c5d0458\" data-element_type=\"container\" data-e-type=\"container\">\n\t\t\t\t<div class=\"elementor-element elementor-element-fdeee33 elementor-widget elementor-widget-text-editor\" data-id=\"fdeee33\" data-element_type=\"widget\" data-e-type=\"widget\" data-widget_type=\"text-editor.default\">\n\t\t\t\t<div class=\"elementor-widget-container\">\n\t\t\t\t\t\t\t\t\t<p>Der Markt bietet eine Vielzahl von hochwertigen Optionen wie moderne Wohnungen mit Blick auf das Meer oder den Yachthafen, Penth\u00e4user, Residenzen am Wasser und Einheiten mit Hotelservice - ideal f\u00fcr internationale K\u00e4ufer und Investoren. Jedes Geb\u00e4ude verf\u00fcgt \u00fcber einen Swimmingpool, einen Fitnessraum, eine Rezeption und einen 24\/7-Sicherheitsdienst.<\/p>\t\t\t\t\t\t\t\t<\/div>\n\t\t\t\t<\/div>\n\t\t\t\t<\/div>\n\t\t\t\t\t<\/details>\n\t\t\t\t\t\t<details id=\"e-n-accordion-item-5192\" class=\"e-n-accordion-item\" >\n\t\t\t\t<summary class=\"e-n-accordion-item-title\" data-accordion-index=\"3\" tabindex=\"-1\" aria-expanded=\"false\" aria-controls=\"e-n-accordion-item-5192\" >\n\t\t\t\t\t<span class='e-n-accordion-item-title-header'><div class=\"e-n-accordion-item-title-text\"> Ist Porto Montenegro ein guter Investitionsstandort? <\/div><\/span>\n\t\t\t\t\t\t\t<span class='e-n-accordion-item-title-icon'>\n\t\t\t<span class='e-opened' ><svg aria-hidden=\"true\" class=\"e-font-icon-svg e-fas-minus\" viewbox=\"0 0 448 512\" xmlns=\"http:\/\/www.w3.org\/2000\/svg\"><path d=\"M416 208H32c-17.67 0-32 14.33-32 32v32c0 17.67 14.33 32 32 32h384c17.67 0 32-14.33 32-32v-32c0-17.67-14.33-32-32-32z\"><\/path><\/svg><\/span>\n\t\t\t<span class='e-closed'><svg aria-hidden=\"true\" class=\"e-font-icon-svg e-fas-plus\" viewbox=\"0 0 448 512\" xmlns=\"http:\/\/www.w3.org\/2000\/svg\"><path d=\"M416 208H272V64c0-17.67-14.33-32-32-32h-32c-17.67 0-32 14.33-32 32v144H32c-17.67 0-32 14.33-32 32v32c0 17.67 14.33 32 32 32h144v144c0 17.67 14.33 32 32 32h32c17.67 0 32-14.33 32-32V304h144c17.67 0 32-14.33 32-32v-32c0-17.67-14.33-32-32-32z\"><\/path><\/svg><\/span>\n\t\t<\/span>\n\n\t\t\t\t\t\t<\/summary>\n\t\t\t\t<div role=\"region\" aria-labelledby=\"e-n-accordion-item-5192\" class=\"elementor-element elementor-element-3020f3b e-con-full e-flex e-con e-child\" data-id=\"3020f3b\" data-element_type=\"container\" data-e-type=\"container\">\n\t\t\t\t<div class=\"elementor-element elementor-element-c590029 elementor-widget elementor-widget-text-editor\" data-id=\"c590029\" data-element_type=\"widget\" data-e-type=\"widget\" data-widget_type=\"text-editor.default\">\n\t\t\t\t<div class=\"elementor-widget-container\">\n\t\t\t\t\t\t\t\t\t<p>Ja. Ein Jachthafen von Weltklasse, eine hohe internationale Nachfrage, zwei exklusive Hotels und eine starke Einzelhandelsmarke, ein begrenztes Angebot an Luxusimmobilien und eine hohe Attraktivit\u00e4t f\u00fcr den Lebensstil tragen zu stabilen langfristigen Kapitalaussichten bei.<\/p>\t\t\t\t\t\t\t\t<\/div>\n\t\t\t\t<\/div>\n\t\t\t\t<\/div>\n\t\t\t\t\t<\/details>\n\t\t\t\t\t\t<details id=\"e-n-accordion-item-5193\" class=\"e-n-accordion-item\" >\n\t\t\t\t<summary class=\"e-n-accordion-item-title\" data-accordion-index=\"4\" tabindex=\"-1\" aria-expanded=\"false\" aria-controls=\"e-n-accordion-item-5193\" >\n\t\t\t\t\t<span class='e-n-accordion-item-title-header'><div class=\"e-n-accordion-item-title-text\"> Kann ich meine Immobilie in Porto Montenegro vermieten? <\/div><\/span>\n\t\t\t\t\t\t\t<span class='e-n-accordion-item-title-icon'>\n\t\t\t<span class='e-opened' ><svg aria-hidden=\"true\" class=\"e-font-icon-svg e-fas-minus\" viewbox=\"0 0 448 512\" xmlns=\"http:\/\/www.w3.org\/2000\/svg\"><path d=\"M416 208H32c-17.67 0-32 14.33-32 32v32c0 17.67 14.33 32 32 32h384c17.67 0 32-14.33 32-32v-32c0-17.67-14.33-32-32-32z\"><\/path><\/svg><\/span>\n\t\t\t<span class='e-closed'><svg aria-hidden=\"true\" class=\"e-font-icon-svg e-fas-plus\" viewbox=\"0 0 448 512\" xmlns=\"http:\/\/www.w3.org\/2000\/svg\"><path d=\"M416 208H272V64c0-17.67-14.33-32-32-32h-32c-17.67 0-32 14.33-32 32v144H32c-17.67 0-32 14.33-32 32v32c0 17.67 14.33 32 32 32h144v144c0 17.67 14.33 32 32 32h32c17.67 0 32-14.33 32-32V304h144c17.67 0 32-14.33 32-32v-32c0-17.67-14.33-32-32-32z\"><\/path><\/svg><\/span>\n\t\t<\/span>\n\n\t\t\t\t\t\t<\/summary>\n\t\t\t\t<div role=\"region\" aria-labelledby=\"e-n-accordion-item-5193\" class=\"elementor-element elementor-element-58de426 e-con-full e-flex e-con e-child\" data-id=\"58de426\" data-element_type=\"container\" data-e-type=\"container\">\n\t\t\t\t<div class=\"elementor-element elementor-element-01b8ec6 elementor-widget elementor-widget-text-editor\" data-id=\"01b8ec6\" data-element_type=\"widget\" data-e-type=\"widget\" data-widget_type=\"text-editor.default\">\n\t\t\t\t<div class=\"elementor-widget-container\">\n\t\t\t\t\t\t\t\t\t<p>Ja. Porto Montenegro erfreut sich eines gro\u00dfen Interesses an der Vermietung, insbesondere von Touristen, Yachteigent\u00fcmern und saisonalen Besuchern. Wir k\u00f6nnen bei der Suche nach Mietern behilflich sein und internationale Eigent\u00fcmer \u00fcber Vermietungsverfahren und \u00dcberlegungen beraten.<\/p>\t\t\t\t\t\t\t\t<\/div>\n\t\t\t\t<\/div>\n\t\t\t\t<\/div>\n\t\t\t\t\t<\/details>\n\t\t\t\t\t\t<details id=\"e-n-accordion-item-5194\" class=\"e-n-accordion-item\" >\n\t\t\t\t<summary class=\"e-n-accordion-item-title\" data-accordion-index=\"5\" tabindex=\"-1\" aria-expanded=\"false\" aria-controls=\"e-n-accordion-item-5194\" >\n\t\t\t\t\t<span class='e-n-accordion-item-title-header'><div class=\"e-n-accordion-item-title-text\"> Ist Porto Montenegro f\u00fcr ein ganzj\u00e4hriges Leben geeignet? <\/div><\/span>\n\t\t\t\t\t\t\t<span class='e-n-accordion-item-title-icon'>\n\t\t\t<span class='e-opened' ><svg aria-hidden=\"true\" class=\"e-font-icon-svg e-fas-minus\" viewbox=\"0 0 448 512\" xmlns=\"http:\/\/www.w3.org\/2000\/svg\"><path d=\"M416 208H32c-17.67 0-32 14.33-32 32v32c0 17.67 14.33 32 32 32h384c17.67 0 32-14.33 32-32v-32c0-17.67-14.33-32-32-32z\"><\/path><\/svg><\/span>\n\t\t\t<span class='e-closed'><svg aria-hidden=\"true\" class=\"e-font-icon-svg e-fas-plus\" viewbox=\"0 0 448 512\" xmlns=\"http:\/\/www.w3.org\/2000\/svg\"><path d=\"M416 208H272V64c0-17.67-14.33-32-32-32h-32c-17.67 0-32 14.33-32 32v144H32c-17.67 0-32 14.33-32 32v32c0 17.67 14.33 32 32 32h144v144c0 17.67 14.33 32 32 32h32c17.67 0 32-14.33 32-32V304h144c17.67 0 32-14.33 32-32v-32c0-17.67-14.33-32-32-32z\"><\/path><\/svg><\/span>\n\t\t<\/span>\n\n\t\t\t\t\t\t<\/summary>\n\t\t\t\t<div role=\"region\" aria-labelledby=\"e-n-accordion-item-5194\" class=\"elementor-element elementor-element-4f95a35 e-con-full e-flex e-con e-child\" data-id=\"4f95a35\" data-element_type=\"container\" data-e-type=\"container\">\n\t\t\t\t<div class=\"elementor-element elementor-element-b5c7d41 elementor-widget elementor-widget-text-editor\" data-id=\"b5c7d41\" data-element_type=\"widget\" data-e-type=\"widget\" data-widget_type=\"text-editor.default\">\n\t\t\t\t<div class=\"elementor-widget-container\">\n\t\t\t\t\t\t\t\t\t<p>Ja. Porto Montenegro bietet alle Annehmlichkeiten f\u00fcr Vollzeitbewohner, einschlie\u00dflich einer internationalen Schule, eines Kindergartens, einer privaten Arztpraxis, Gesch\u00e4ften und Restaurants, so dass es sowohl f\u00fcr Familien als auch f\u00fcr einheimische und internationale Bewohner bequem und komfortabel ist.<\/p>\t\t\t\t\t\t\t\t<\/div>\n\t\t\t\t<\/div>\n\t\t\t\t<\/div>\n\t\t\t\t\t<\/details>\n\t\t\t\t\t<\/div>\n\t\t\t\t\t\t<\/div>\n\t\t\t\t<\/div>\n\t\t\t\t<div class=\"elementor-element elementor-element-0be38a8 elementor-widget elementor-widget-google_maps\" data-id=\"0be38a8\" data-element_type=\"widget\" data-e-type=\"widget\" data-widget_type=\"google_maps.default\">\n\t\t\t\t<div class=\"elementor-widget-container\">\n\t\t\t\t\t\t\t<div class=\"elementor-custom-embed\">\n\t\t\t<iframe loading=\"lazy\"\n\t\t\t\t\tsrc=\"https:\/\/maps.google.com\/maps?q=Porto%20Montenegro%2C%20Montenegro&#038;t=m&#038;z=15&#038;output=embed&#038;iwloc=near\"\n\t\t\t\t\ttitle=\"Porto Montenegro, Montenegro\"\n\t\t\t\t\taria-label=\"Porto Montenegro, Montenegro\"\n\t\t\t><\/iframe>\n\t\t<\/div>\n\t\t\t\t\t\t<\/div>\n\t\t\t\t<\/div>\n\t\t\t\t\t<\/div>\n\t\t\t\t<\/div>\n\t\t<div class=\"elementor-element elementor-element-d18c09f e-flex e-con-boxed e-con e-parent\" data-id=\"d18c09f\" data-element_type=\"container\" data-e-type=\"container\">\n\t\t\t\t\t<div class=\"e-con-inner\">\n\t\t\t\t<div class=\"elementor-element elementor-element-1cabe10 elementor-cta--skin-classic elementor-animated-content elementor-bg-transform elementor-bg-transform-zoom-in elementor-widget elementor-widget-call-to-action\" data-id=\"1cabe10\" data-element_type=\"widget\" data-e-type=\"widget\" data-widget_type=\"call-to-action.default\">\n\t\t\t\t<div class=\"elementor-widget-container\">\n\t\t\t\t\t\t\t<div class=\"elementor-cta\">\n\t\t\t\t\t\t\t<div class=\"elementor-cta__content\">\n\t\t\t\t\n\t\t\t\t\t\t\t\t\t<h2 class=\"elementor-cta__title elementor-cta__content-item elementor-content-item\">\n\t\t\t\t\t\tSie suchen die beste Immobilie in Porto Montenegro?\t\t\t\t\t<\/h2>\n\t\t\t\t\n\t\t\t\t\t\t\t\t\t<div class=\"elementor-cta__description elementor-cta__content-item elementor-content-item\">\n\t\t\t\t\t\tWenden Sie sich an unser Team, um eine private Auswahl an Luxuswohnungen, Yachthafenresidenzen und schl\u00fcsselfertigen Investitionsm\u00f6glichkeiten zu erhalten.\t\t\t\t\t<\/div>\n\t\t\t\t\n\t\t\t\t\t\t\t\t\t<div class=\"elementor-cta__button-wrapper elementor-cta__content-item elementor-content-item\">\n\t\t\t\t\t<a class=\"elementor-cta__button elementor-button elementor-size-\" href=\"https:\/\/sothebysrealty.me\/de\/kontakt\/\">\n\t\t\t\t\t\tKlicken Sie hier\t\t\t\t\t<\/a>\n\t\t\t\t\t<\/div>\n\t\t\t\t\t\t\t<\/div>\n\t\t\t\t\t\t<\/div>\n\t\t\t\t\t\t<\/div>\n\t\t\t\t<\/div>\n\t\t\t\t\t<\/div>\n\t\t\t\t<\/div>\n\t\t\t\t<\/div>","protected":false},"excerpt":{"rendered":"<p>Porto Montenegro is considered one of the strongest luxury real estate investment locations in the region. Several key factors contribute to its long-term investment appeal, [&hellip;]<\/p>\n","protected":false},"author":2,"featured_media":74573,"parent":0,"menu_order":0,"comment_status":"closed","ping_status":"closed","template":"template-porto-montenegro.php","meta":{"_acf_changed":false,"_joinchat":[],"footnotes":""},"class_list":["post-637","page","type-page","status-publish","has-post-thumbnail","hentry"],"acf":[],"_links":{"self":[{"href":"https:\/\/sothebysrealty.me\/de\/wp-json\/wp\/v2\/pages\/637","targetHints":{"allow":["GET"]}}],"collection":[{"href":"https:\/\/sothebysrealty.me\/de\/wp-json\/wp\/v2\/pages"}],"about":[{"href":"https:\/\/sothebysrealty.me\/de\/wp-json\/wp\/v2\/types\/page"}],"author":[{"embeddable":true,"href":"https:\/\/sothebysrealty.me\/de\/wp-json\/wp\/v2\/users\/2"}],"replies":[{"embeddable":true,"href":"https:\/\/sothebysrealty.me\/de\/wp-json\/wp\/v2\/comments?post=637"}],"version-history":[{"count":5,"href":"https:\/\/sothebysrealty.me\/de\/wp-json\/wp\/v2\/pages\/637\/revisions"}],"predecessor-version":[{"id":79674,"href":"https:\/\/sothebysrealty.me\/de\/wp-json\/wp\/v2\/pages\/637\/revisions\/79674"}],"wp:featuredmedia":[{"embeddable":true,"href":"https:\/\/sothebysrealty.me\/de\/wp-json\/wp\/v2\/media\/74573"}],"wp:attachment":[{"href":"https:\/\/sothebysrealty.me\/de\/wp-json\/wp\/v2\/media?parent=637"}],"curies":[{"name":"wp","href":"https:\/\/api.w.org\/{rel}","templated":true}]}}