{"id":57528,"date":"2024-06-07T11:46:05","date_gmt":"2024-06-07T11:46:05","guid":{"rendered":"https:\/\/sothebysrealty.me\/?page_id=57528"},"modified":"2025-06-03T07:51:11","modified_gmt":"2025-06-03T07:51:11","slug":"thank-you","status":"publish","type":"page","link":"https:\/\/sothebysrealty.me\/de\/dankeschon\/","title":{"rendered":"Dankesch\u00f6n"},"content":{"rendered":"<h3 data-start=\"297\" data-end=\"351\">Danke, dass Sie sich f\u00fcr Sotheby's Realty Montenegro entschieden haben<\/h3>\n<p data-start=\"353\" data-end=\"601\">Vielen Dank vom Sotheby's Team. Wir freuen uns \u00fcber Ihr Interesse an unseren exklusiven Angeboten und pers\u00f6nlichen Immobiliendienstleistungen. Ihre Anfrage ist uns wichtig, und einer unserer engagierten Mitarbeiter wird sich in K\u00fcrze bei Ihnen melden.<\/p>\n<p data-start=\"603\" data-end=\"970\">Wir von Sotheby's Realty sind stolz darauf, unseren Kunden bei der Suche nach ihrem Traumhaus in Montenegro zu helfen. Egal, ob Sie auf der Suche nach einem <a href=\"https:\/\/en.wikipedia.org\/wiki\/Villa\" target=\"_blank\" rel=\"noopener\">Luxusvilla<\/a>, eine gem\u00fctliche Wohnung oder eine erstklassige <a href=\"https:\/\/sothebysrealty.me\/de\/villen\/\">Wassergrundst\u00fcck<\/a>, Unser Team ist bereit, Sie bei jedem Schritt des Weges zu begleiten. Immobilien in Montenegro bieten eine einzigartige Mischung aus atemberaubender nat\u00fcrlicher Sch\u00f6nheit, modernen Annehmlichkeiten und hervorragendem Investitionspotenzial.<\/p>\n<p data-start=\"972\" data-end=\"1307\">Wir wissen, dass der Kauf einer Immobilie sehr komplex sein kann. Deshalb sind wir hier, um den Prozess zu vereinfachen. Von der Besichtigung der Immobilie bis hin zu Verhandlungen und rechtlicher Unterst\u00fctzung sorgen unsere Experten f\u00fcr einen reibungslosen Ablauf. Wir glauben an den Aufbau einer dauerhaften Beziehung zu unseren Kunden, indem wir einen au\u00dfergew\u00f6hnlichen Service und eine transparente Kommunikation bieten.<\/p>\n<p data-start=\"1309\" data-end=\"1574\">Wenn Sie Fragen haben oder zus\u00e4tzliche Informationen ben\u00f6tigen, z\u00f6gern Sie bitte nicht, uns zu kontaktieren. Unser Team steht Ihnen zur Verf\u00fcgung, um Sie individuell zu beraten und Ihnen dabei zu helfen, alle M\u00f6glichkeiten f\u00fcr Immobilien in Montenegro zu erkunden. Ihre Zufriedenheit und Ihr Vertrauen sind unsere oberste Priorit\u00e4t.<\/p>\n<p data-start=\"1576\" data-end=\"1738\">Nochmals vielen Dank vom Sotheby's Realty Team. Wir freuen uns darauf, Ihnen dabei zu helfen, die perfekte Immobilie zu finden und Ihre Immobilienreise zu einem Erfolg zu machen.<\/p>","protected":false},"excerpt":{"rendered":"<p>Thank You for Choosing Sotheby\u2019s Realty Montenegro Thank You from Sotheby\u2019s Team. We appreciate your interest in our exclusive listings and personalized real estate services. [&hellip;]<\/p>\n","protected":false},"author":2,"featured_media":0,"parent":0,"menu_order":0,"comment_status":"closed","ping_status":"closed","template":"","meta":{"_acf_changed":false,"_joinchat":[],"footnotes":""},"class_list":["post-57528","page","type-page","status-publish","hentry"],"acf":[],"_links":{"self":[{"href":"https:\/\/sothebysrealty.me\/de\/wp-json\/wp\/v2\/pages\/57528","targetHints":{"allow":["GET"]}}],"collection":[{"href":"https:\/\/sothebysrealty.me\/de\/wp-json\/wp\/v2\/pages"}],"about":[{"href":"https:\/\/sothebysrealty.me\/de\/wp-json\/wp\/v2\/types\/page"}],"author":[{"embeddable":true,"href":"https:\/\/sothebysrealty.me\/de\/wp-json\/wp\/v2\/users\/2"}],"replies":[{"embeddable":true,"href":"https:\/\/sothebysrealty.me\/de\/wp-json\/wp\/v2\/comments?post=57528"}],"version-history":[{"count":0,"href":"https:\/\/sothebysrealty.me\/de\/wp-json\/wp\/v2\/pages\/57528\/revisions"}],"wp:attachment":[{"href":"https:\/\/sothebysrealty.me\/de\/wp-json\/wp\/v2\/media?parent=57528"}],"curies":[{"name":"wp","href":"https:\/\/api.w.org\/{rel}","templated":true}]}}