{"id":53029,"date":"2023-12-06T16:35:11","date_gmt":"2023-12-06T16:35:11","guid":{"rendered":"https:\/\/sothebysrealty.me\/?page_id=53029"},"modified":"2025-06-12T10:31:08","modified_gmt":"2025-06-12T10:31:08","slug":"privacy-policy","status":"publish","type":"page","link":"https:\/\/sothebysrealty.me\/de\/datenschutzbestimmungen\/","title":{"rendered":"Datenschutzbestimmungen"},"content":{"rendered":"<ol>\n<li style=\"list-style-type: none;\">\n<ol>\n<li><b><b>Was sind pers\u00f6nliche Informationen?<\/b><\/b>Bei Sotheby's Montenegro (\u2018Website\u2019) sind personenbezogene Daten alle von uns online gesammelten Informationen, die die Person identifizieren, auf die sich diese Informationen beziehen, einschlie\u00dflich und ohne Einschr\u00e4nkung Name, Adresse, Telefonnummer und E-Mail. Die hierin enthaltenen Richtlinien gelten f\u00fcr Ihre Besuche auf der von Sotheby's Montenegro betriebenen Website.<\/li>\n<\/ol>\n<\/li>\n<\/ol>\n<p>&nbsp;<\/p>\n<ol>\n<li style=\"list-style-type: none;\">\n<ol>\n<li><b><\/b><span class=\"s1\"><span class=\"s1\"><b>Erfassung und Verwendung Ihrer pers\u00f6nlichen Daten<\/b><\/span><\/span><b><b>2 ( a ) Pers\u00f6nliche Informationen<\/b><\/b>Wir sammeln Ihre pers\u00f6nlichen Daten auf der Website, um die Dienstleistungen, die wir Ihnen anbieten, zu verbessern. Wir erheben personenbezogene Daten nur dann, wenn Sie diese freiwillig angeben, um bestimmte Dienstleistungen oder Informationen zu erhalten, einschlie\u00dflich ( A ) der Registrierung f\u00fcr spezielle Mitteilungen, wie z. B. das Speichern Ihrer Suche und - nur auf Ihren Wunsch hin - die Zusendung neuer Angebote, die dem Profil Ihrer gespeicherten Suche entsprechen; ( B ) Anfragen, um eine Immobilie zu finden, Ihre Immobilie aufzulisten und einen Vertriebsmitarbeiter zu finden; ( C ) Anfragen, um mit uns in Kontakt zu treten; ( D ) Anfragen, um regelm\u00e4\u00dfige Branchen-Updates zu erhalten; ( E ) Anfragen, um ein Angebot per E-Mail an einen Freund zu senden; und ( F ) Anfragen zu Franchising-M\u00f6glichkeiten. Wir k\u00f6nnen die pers\u00f6nlichen Daten auch verwenden, um Sie \u00fcber andere Dienstleistungen und Produkte zu informieren, die \u00fcber unsere Kan\u00e4le oder Familienunternehmen, unsere Franchisenehmer und\/oder Unternehmen, mit denen wir Marketingbeziehungen unterhalten, verf\u00fcgbar sind, und um eine Kundenumfrage durchzuf\u00fchren, um Ihre Zufriedenheit mit unseren Dienstleistungen und Produkten zu bewerten.<b>Anfragen zur Suche oder Auflistung einer Immobilie und zur Suche eines Vertriebsmitarbeiters<\/b>\n<p>Wenn Sie \u00fcber die Website von Sotheby's Montenegro eine Anfrage stellen, um eine Immobilie zu finden oder aufzulisten oder um einen Vertriebsmitarbeiter zu finden, werden Sie aufgefordert, pers\u00f6nliche Daten anzugeben, und wir leiten diese Informationen an Franchisenehmer oder Vertriebsmitarbeiter weiter, um Ihre Anfrage zu beantworten.<\/p>\n<p><b>Kontaktieren Sie uns<\/b><\/p>\n<p>Wenn Sie mit uns Kontakt aufnehmen, erfassen wir personenbezogene Daten, die je nach Art Ihrer Anfrage gespeichert oder an einen unabh\u00e4ngigen Franchisenehmer oder Vertriebsmitarbeiter weitergeleitet werden. Wenn Sie eine Immobilie oder einen Vertriebsmitarbeiter suchen, wird Ihre Anfrage an einen Franchisenehmer oder Vertriebsmitarbeiter weitergeleitet; wenn Ihre Anfrage oder Beschwerde eine Antwort von uns erfordert, wird sie an die entsprechende Abteilung weitergeleitet, die sie untersucht und zeitnah beantwortet.<\/p>\n<p><b>Empfehlen Sie ein Inserat an einen Freund<\/b><\/p>\n<p>Wenn Sie ein Angebot an einen Freund senden m\u00f6chten, werden Sie aufgefordert, den Namen und die E-Mail-Adresse des Freundes anzugeben, um die E-Mail zu personalisieren und das Angebot zu versenden.<b><\/b><\/p>\n<p><b>2 ( b ) Nicht-personenbezogene Informationen<\/b><\/p>\n<p>Wenn Sie uns keine pers\u00f6nlichen Daten zur Verf\u00fcgung stellen, sammeln wir dennoch Informationen dar\u00fcber, wie Sie unsere Website nutzen (\u2018nicht-pers\u00f6nliche Daten\u2019). Diese Informationen k\u00f6nnen nicht verwendet werden, um Sie pers\u00f6nlich zu identifizieren und werden im Folgenden n\u00e4her erl\u00e4utert.<\/p>\n<p>Verwendung nicht-personenbezogener Informationen<\/p>\n<p>Wir verwenden nicht-personenbezogene Daten, um die Werbung und die Inhalte, die Sie sehen, anzupassen, unsere Dienstleistungen zu verbessern, Forschung zu betreiben und anonyme, zusammengefasste Berichte f\u00fcr interne Pr\u00fcfungen und Dritte zu erstellen.<\/p>\n<p><b>Cookies<\/b><\/p>\n<p>Ein Cookie ist eine kleine Datendatei, die h\u00e4ufig eine anonyme eindeutige Kennung enth\u00e4lt und von der Festplatte eines Website-Computers gesendet wird. Die Verwendung von Cookies ist im Internet weit verbreitet. Eine Website kann ihren eigenen Cookie an Ihren Browser senden, wenn die Einstellungen Ihres Browsers dies zulassen, aber (zum Schutz Ihrer Privatsph\u00e4re) erlaubt Ihr Browser einer Website nur den Zugriff auf die bereits an Sie gesendeten Cookies und nicht auf die Cookies, die Ihnen von anderen Websites gesendet wurden. Sie k\u00f6nnen Ihren Browser so einstellen, dass er alle Cookies akzeptiert, alle Cookies ablehnt oder Sie benachrichtigt, wenn ein Cookie gesendet wird.<\/li>\n<\/ol>\n<\/li>\n<\/ol>\n<p>&nbsp;<\/p>\n<ol>\n<li style=\"list-style-type: none;\">\n<ol>\n<li><b><\/b><span class=\"s1\"><span class=\"s1\"><b>Sicherheit<\/b><\/span><\/span><br \/>\nUnser Hosting-Dienst unterh\u00e4lt seine Systeme in \u00dcbereinstimmung mit angemessenen Industriestandards, um die Informationen seiner Kunden gegen unbefugten Zugriff, versehentliche oder absichtliche Manipulation und Verlust zu sch\u00fctzen. Es kann jedoch nicht garantiert werden, dass die Daten\u00fcbertragung \u00fcber das Internet 100% sicher ist, und Sie nutzen die Website auf eigenes Risiko.<\/li>\n<\/ol>\n<\/li>\n<\/ol>\n<p>&nbsp;<\/p>\n<ol>\n<li><span class=\"s1\"><span class=\"s1\"><b>Kinder<\/b><\/span><\/span>Die Website richtet sich nicht an Kinder unter 13 Jahren (\u2018Kinder\u2019), und wir sammeln wissentlich keine Informationen, einschlie\u00dflich pers\u00f6nlicher Daten, von Kindern.<\/li>\n<\/ol>","protected":false},"excerpt":{"rendered":"<p>What is Personal Information?At Sotheby\u2019s Montenegro ( \u2018\u2019 Website \u2018\u2019 ), personal information is all the information collected online by us that identifies the person [&hellip;]<\/p>\n","protected":false},"author":2,"featured_media":0,"parent":0,"menu_order":0,"comment_status":"closed","ping_status":"closed","template":"template-policy.php","meta":{"_acf_changed":false,"_joinchat":[],"footnotes":""},"class_list":["post-53029","page","type-page","status-publish","hentry"],"acf":[],"_links":{"self":[{"href":"https:\/\/sothebysrealty.me\/de\/wp-json\/wp\/v2\/pages\/53029","targetHints":{"allow":["GET"]}}],"collection":[{"href":"https:\/\/sothebysrealty.me\/de\/wp-json\/wp\/v2\/pages"}],"about":[{"href":"https:\/\/sothebysrealty.me\/de\/wp-json\/wp\/v2\/types\/page"}],"author":[{"embeddable":true,"href":"https:\/\/sothebysrealty.me\/de\/wp-json\/wp\/v2\/users\/2"}],"replies":[{"embeddable":true,"href":"https:\/\/sothebysrealty.me\/de\/wp-json\/wp\/v2\/comments?post=53029"}],"version-history":[{"count":0,"href":"https:\/\/sothebysrealty.me\/de\/wp-json\/wp\/v2\/pages\/53029\/revisions"}],"wp:attachment":[{"href":"https:\/\/sothebysrealty.me\/de\/wp-json\/wp\/v2\/media?parent=53029"}],"curies":[{"name":"wp","href":"https:\/\/api.w.org\/{rel}","templated":true}]}}